{"id":8698,"date":"2022-01-31T14:17:23","date_gmt":"2022-01-31T13:17:23","guid":{"rendered":"https:\/\/backup.altanalaw.com\/?page_id=8698"},"modified":"2022-03-16T12:49:07","modified_gmt":"2022-03-16T11:49:07","slug":"energies-renouvelables","status":"publish","type":"page","link":"https:\/\/backup.altanalaw.com\/ja\/competences\/energies-renouvelables","title":{"rendered":"Energies Renouvelables"},"content":{"rendered":"<p class=\"qtranxs-available-languages-message qtranxs-available-languages-message-ja\">\u7533\u3057\u8a33\u3042\u308a\u307e\u305b\u3093\u3001\u3053\u306e\u30b3\u30f3\u30c6\u30f3\u30c4\u306f\u305f\u3060\u4eca\u3000<a href=\"https:\/\/backup.altanalaw.com\/fr\/wp-json\/wp\/v2\/pages\/8698\" class=\"qtranxs-available-language-link qtranxs-available-language-link-fr\" title=\"Fran\u00e7ais\">Fran\u00e7ais<\/a>\u3068 <a href=\"https:\/\/backup.altanalaw.com\/en\/wp-json\/wp\/v2\/pages\/8698\" class=\"qtranxs-available-language-link qtranxs-available-language-link-en\" title=\"English\">English<\/a>\u3000\u306e\u307f\u3067\u3059\u3002 For the sake of viewer convenience, the content is shown below in this site default language. You may click one of the links to switch the site language to another available language.<\/p><p><\/p>\n<h3>NOTRE ACCOMPAGNEMENT<br \/>\n(Brown &amp; Green Field)<\/h3>\n<h4>1. PHASE D\u2019\u00c9TUDE ET DE D\u00c9VELOPPEMENT DU PROJET<\/h4>\n<ul>\n<li><strong>Ma\u00eetrise fonci\u00e8re<\/strong> (baux, terrains)<\/li>\n<li><strong>Permitting<\/strong><\/li>\n<li><strong>Environnement<\/strong><\/li>\n<li><strong>Construction<\/strong><\/li>\n<\/ul>\n<p>&#8211; Elaboration des march\u00e9s de travaux (contrats EPC\/EPCM)<br \/>\n&#8211; Accompagnement lors de la phase travaux<\/p>\n<ul>\n<li><strong>Subventions<\/strong> (aides d\u2019\u00e9tat)<\/li>\n<li><strong>Raccordement<\/strong> au R\u00e9seau Public de Distribution\/ Contrat de revente d\u2019\u00e9lectricit\u00e9<\/li>\n<\/ul>\n<p>&nbsp;<\/p>\n<h4>2. PHASE D\u2019EXPLOITATION<\/h4>\n<ul>\n<li><strong>Contentieux construction<\/strong><\/li>\n<li><strong>Troubles anormaux de voisinage<\/strong><\/li>\n<li><strong>Contentieux g\u00e9n\u00e9raux <\/strong>(produits d\u00e9fectueux, contentieux entre actionnaires, etc.)<\/li>\n<li><strong>Pr\u00e9vention des risques <\/strong>(Responsabilit\u00e9 des dirigeants, Hygi\u00e8ne et s\u00e9curit\u00e9)<\/li>\n<\/ul>\n<p>&nbsp;<\/p>\n<h4>3. PHASE D\u2019OUVERTURE DU CAPITAL\/ CESSION\/ CO-D\u00c9VELOPPEMENT<\/h4>\n<ul>\n<li><strong>Ouverture de capital<\/strong> \/ Partenariats strat\u00e9giques<\/li>\n<li><strong>Cessions<\/strong><\/li>\n<li><strong>Droit de la concurrence<\/strong> \/ ADLC<\/li>\n<\/ul>\n<p>&nbsp;<\/p>\n<p><strong>T\u00e9l\u00e9charger notre brochure officielle :<\/strong> <a href=\"https:\/\/backup.altanalaw.com\/wp-content\/uploads\/2022\/03\/ADVANT-Altana-Pratique-Energies-Renouvelables.pdf\">ici<\/a><\/p>","protected":false},"excerpt":{"rendered":"<p>\u7533\u3057\u8a33\u3042\u308a\u307e\u305b\u3093\u3001\u3053\u306e\u30b3\u30f3\u30c6\u30f3\u30c4\u306f\u305f\u3060\u4eca\u3000Fran\u00e7ais\u3068 English\u3000\u306e\u307f\u3067\u3059\u3002 For the sake of viewer convenience, the content is shown below in [&hellip;]<\/p>\n","protected":false},"author":17,"featured_media":0,"parent":33,"menu_order":22,"comment_status":"closed","ping_status":"closed","template":"tpl-expertise.php","meta":{"footnotes":""},"class_list":["post-8698","page","type-page","status-publish","hentry"],"yoast_head":"<!-- This site is optimized with the Yoast SEO plugin v22.2 - https:\/\/yoast.com\/wordpress\/plugins\/seo\/ -->\n<title><\/title>\n<meta name=\"robots\" content=\"noindex, follow, max-snippet:-1, max-image-preview:large, max-video-preview:-1\" \/>\n<meta property=\"og:locale\" content=\"ja_JP\" \/>\n<meta property=\"og:type\" content=\"article\" \/>\n<meta property=\"og:title\" content=\"[:fr]Energies Renouvelables[:en]Renewable Energy[:] - Altana\" \/>\n<meta property=\"og:description\" content=\"\u7533\u3057\u8a33\u3042\u308a\u307e\u305b\u3093\u3001\u3053\u306e\u30b3\u30f3\u30c6\u30f3\u30c4\u306f\u305f\u3060\u4eca\u3000Fran\u00e7ais\u3068 English\u3000\u306e\u307f\u3067\u3059\u3002 For the sake of viewer convenience, the content is shown below in [&hellip;]\" \/>\n<meta property=\"og:url\" content=\"https:\/\/backup.altanalaw.com\/competences\/energies-renouvelables\" \/>\n<meta property=\"og:site_name\" content=\"Altana\" \/>\n<meta property=\"article:modified_time\" content=\"2022-03-16T11:49:07+00:00\" \/>\n<meta name=\"twitter:card\" content=\"summary_large_image\" \/>\n<meta name=\"twitter:label1\" content=\"\u63a8\u5b9a\u8aad\u307f\u53d6\u308a\u6642\u9593\" \/>\n\t<meta name=\"twitter:data1\" content=\"1\u5206\" \/>\n<script type=\"application\/ld+json\" class=\"yoast-schema-graph\">{\"@context\":\"https:\/\/schema.org\",\"@graph\":[{\"@type\":\"WebPage\",\"@id\":\"https:\/\/backup.altanalaw.com\/competences\/energies-renouvelables\",\"url\":\"https:\/\/backup.altanalaw.com\/competences\/energies-renouvelables\",\"name\":\"[:fr]Energies Renouvelables[:en]Renewable Energy[:] - Altana\",\"isPartOf\":{\"@id\":\"https:\/\/backup.altanalaw.com\/#website\"},\"datePublished\":\"2022-01-31T13:17:23+00:00\",\"dateModified\":\"2022-03-16T11:49:07+00:00\",\"breadcrumb\":{\"@id\":\"https:\/\/backup.altanalaw.com\/competences\/energies-renouvelables#breadcrumb\"},\"inLanguage\":\"ja\",\"potentialAction\":[{\"@type\":\"ReadAction\",\"target\":[\"https:\/\/backup.altanalaw.com\/competences\/energies-renouvelables\"]}]},{\"@type\":\"BreadcrumbList\",\"@id\":\"https:\/\/backup.altanalaw.com\/competences\/energies-renouvelables#breadcrumb\",\"itemListElement\":[{\"@type\":\"ListItem\",\"position\":1,\"name\":\"Nos Comp\u00e9tences\",\"item\":\"https:\/\/backup.altanalaw.com\/competences\"},{\"@type\":\"ListItem\",\"position\":2,\"name\":\"Energies Renouvelables\"}]},{\"@type\":\"WebSite\",\"@id\":\"https:\/\/backup.altanalaw.com\/#website\",\"url\":\"https:\/\/backup.altanalaw.com\/\",\"name\":\"Altana\",\"description\":\"Soci\u00e9t\u00e9 d&#039;avocats \u00e0 la Cour de Paris\",\"potentialAction\":[{\"@type\":\"SearchAction\",\"target\":{\"@type\":\"EntryPoint\",\"urlTemplate\":\"https:\/\/backup.altanalaw.com\/?s={search_term_string}\"},\"query-input\":\"required name=search_term_string\"}],\"inLanguage\":\"ja\"}]}<\/script>\n<!-- \/ Yoast SEO plugin. -->","yoast_head_json":{"title":"[:fr]Energies Renouvelables[:en]Renewable Energy[:] - Altana","robots":{"index":"noindex","follow":"follow","max-snippet":"max-snippet:-1","max-image-preview":"max-image-preview:large","max-video-preview":"max-video-preview:-1"},"og_locale":"ja_JP","og_type":"article","og_title":"[:fr]Energies Renouvelables[:en]Renewable Energy[:] - Altana","og_description":"\u7533\u3057\u8a33\u3042\u308a\u307e\u305b\u3093\u3001\u3053\u306e\u30b3\u30f3\u30c6\u30f3\u30c4\u306f\u305f\u3060\u4eca\u3000Fran\u00e7ais\u3068 English\u3000\u306e\u307f\u3067\u3059\u3002 For the sake of viewer convenience, the content is shown below in [&hellip;]","og_url":"https:\/\/backup.altanalaw.com\/competences\/energies-renouvelables","og_site_name":"Altana","article_modified_time":"2022-03-16T11:49:07+00:00","twitter_card":"summary_large_image","twitter_misc":{"\u63a8\u5b9a\u8aad\u307f\u53d6\u308a\u6642\u9593":"1\u5206"},"schema":{"@context":"https:\/\/schema.org","@graph":[{"@type":"WebPage","@id":"https:\/\/backup.altanalaw.com\/competences\/energies-renouvelables","url":"https:\/\/backup.altanalaw.com\/competences\/energies-renouvelables","name":"[:fr]Energies Renouvelables[:en]Renewable Energy[:] - Altana","isPartOf":{"@id":"https:\/\/backup.altanalaw.com\/#website"},"datePublished":"2022-01-31T13:17:23+00:00","dateModified":"2022-03-16T11:49:07+00:00","breadcrumb":{"@id":"https:\/\/backup.altanalaw.com\/competences\/energies-renouvelables#breadcrumb"},"inLanguage":"ja","potentialAction":[{"@type":"ReadAction","target":["https:\/\/backup.altanalaw.com\/competences\/energies-renouvelables"]}]},{"@type":"BreadcrumbList","@id":"https:\/\/backup.altanalaw.com\/competences\/energies-renouvelables#breadcrumb","itemListElement":[{"@type":"ListItem","position":1,"name":"Nos Comp\u00e9tences","item":"https:\/\/backup.altanalaw.com\/competences"},{"@type":"ListItem","position":2,"name":"Energies Renouvelables"}]},{"@type":"WebSite","@id":"https:\/\/backup.altanalaw.com\/#website","url":"https:\/\/backup.altanalaw.com\/","name":"Altana","description":"Soci\u00e9t\u00e9 d&#039;avocats \u00e0 la Cour de Paris","potentialAction":[{"@type":"SearchAction","target":{"@type":"EntryPoint","urlTemplate":"https:\/\/backup.altanalaw.com\/?s={search_term_string}"},"query-input":"required name=search_term_string"}],"inLanguage":"ja"}]}},"_links":{"self":[{"href":"https:\/\/backup.altanalaw.com\/ja\/wp-json\/wp\/v2\/pages\/8698"}],"collection":[{"href":"https:\/\/backup.altanalaw.com\/ja\/wp-json\/wp\/v2\/pages"}],"about":[{"href":"https:\/\/backup.altanalaw.com\/ja\/wp-json\/wp\/v2\/types\/page"}],"author":[{"embeddable":true,"href":"https:\/\/backup.altanalaw.com\/ja\/wp-json\/wp\/v2\/users\/17"}],"replies":[{"embeddable":true,"href":"https:\/\/backup.altanalaw.com\/ja\/wp-json\/wp\/v2\/comments?post=8698"}],"version-history":[{"count":9,"href":"https:\/\/backup.altanalaw.com\/ja\/wp-json\/wp\/v2\/pages\/8698\/revisions"}],"predecessor-version":[{"id":8795,"href":"https:\/\/backup.altanalaw.com\/ja\/wp-json\/wp\/v2\/pages\/8698\/revisions\/8795"}],"up":[{"embeddable":true,"href":"https:\/\/backup.altanalaw.com\/ja\/wp-json\/wp\/v2\/pages\/33"}],"wp:attachment":[{"href":"https:\/\/backup.altanalaw.com\/ja\/wp-json\/wp\/v2\/media?parent=8698"}],"curies":[{"name":"wp","href":"https:\/\/api.w.org\/{rel}","templated":true}]}}