{"id":8155,"date":"2021-09-09T09:25:24","date_gmt":"2021-09-09T08:25:24","guid":{"rendered":"https:\/\/backup.altanalaw.com\/?page_id=8155"},"modified":"2023-10-17T09:09:50","modified_gmt":"2023-10-17T08:09:50","slug":"advant","status":"publish","type":"page","link":"https:\/\/backup.altanalaw.com\/ja\/advant","title":{"rendered":"ADVANT"},"content":{"rendered":"<p class=\"qtranxs-available-languages-message qtranxs-available-languages-message-ja\">\u7533\u3057\u8a33\u3042\u308a\u307e\u305b\u3093\u3001\u3053\u306e\u30b3\u30f3\u30c6\u30f3\u30c4\u306f\u305f\u3060\u4eca\u3000<a href=\"https:\/\/backup.altanalaw.com\/fr\/wp-json\/wp\/v2\/pages\/8155\" class=\"qtranxs-available-language-link qtranxs-available-language-link-fr\" title=\"Fran\u00e7ais\">Fran\u00e7ais<\/a>\u3068 <a href=\"https:\/\/backup.altanalaw.com\/en\/wp-json\/wp\/v2\/pages\/8155\" class=\"qtranxs-available-language-link qtranxs-available-language-link-en\" title=\"English\">English<\/a>\u3000\u306e\u307f\u3067\u3059\u3002 For the sake of viewer convenience, the content is shown below in this site default language. You may click one of the links to switch the site language to another available language.<\/p><p><center>\u00a0<\/center><div class=\"arve\" data-mode=\"normal\" data-provider=\"html5\" id=\"arve-html5-69e5bc5f0e43a165849444\" style=\"max-width:900px;\">\n<span class=\"arve-inner\">\n<span class=\"arve-embed\">\n<video controls controlslist preload=\"metadata\" data-arve=\"arve-html5-69e5bc5f0e43a165849444\" class=\"arve-video fitvidsignore\">\n<source type=\"video\/mp4\" src=\"https:\/\/backup.altanalaw.com\/wp-content\/uploads\/2022\/01\/Introducing-ADVANT-2.mp4\">\n<\/video>\n\n<\/span>\n\n<\/span>\n<script type=\"application\/ld+json\">{\"@context\":\"http:\\\/\\\/schema.org\\\/\",\"@id\":\"https:\\\/\\\/backup.altanalaw.com\\\/ja\\\/advant#arve-html5-69e5bc5f0e43a165849444\",\"type\":\"VideoObject\",\"contentURL\":\"https:\\\/\\\/backup.altanalaw.com\\\/wp-content\\\/uploads\\\/2022\\\/01\\\/Introducing-ADVANT-2.mp4\"}<\/script>\n<\/div>\n<\/p>\n<div class=\"arve\" data-mode=\"normal\" data-provider=\"html5\" id=\"arve-html5-69e5bc5f0e979159288240\" style=\"max-width:900px;\">\n<span class=\"arve-inner\">\n<span class=\"arve-embed\">\n<video controls controlslist preload=\"metadata\" data-arve=\"arve-html5-69e5bc5f0e979159288240\" class=\"arve-video fitvidsignore\">\n<source type=\"video\/mp4\" src=\"https:\/\/backup.altanalaw.com\/wp-content\/uploads\/2023\/05\/ADVANT-external-film-2023-final-cut.mp4\">\n<\/video>\n\n<\/span>\n\n<\/span>\n<script type=\"application\/ld+json\">{\"@context\":\"http:\\\/\\\/schema.org\\\/\",\"@id\":\"https:\\\/\\\/backup.altanalaw.com\\\/ja\\\/advant#arve-html5-69e5bc5f0e979159288240\",\"type\":\"VideoObject\",\"contentURL\":\"https:\\\/\\\/backup.altanalaw.com\\\/wp-content\\\/uploads\\\/2023\\\/05\\\/ADVANT-external-film-2023-final-cut.mp4\"}<\/script>\n<\/div>\n\n<p>&nbsp;<\/p>\n<p><b>ADVANT<\/b> est une association europ\u00e9enne de cabinets d\u2019avocats.<\/p>\n<p>Gr\u00e2ce \u00e0 un ancrage local historique conjugu\u00e9 \u00e0 une vaste ouverture internationale, nous sommes id\u00e9alement positionn\u00e9s pour vous aider \u00e0 appr\u00e9hender la complexit\u00e9 et les nuances du paysage juridique et des affaires europ\u00e9en.<\/p>\n<p>Nous accompagnons nos clients tant en Europe qu\u2019\u00e0 l\u2019international. Par l\u2019engagement, l\u2019esprit collaboratif et l\u2019excellence technique de nos \u00e9quipes, nous appliquons les plus hauts standards de qualit\u00e9 \u00e0 nos services, au meilleur co\u00fbt.<\/p>\n<p>Cet ancrage europ\u00e9en se refl\u00e8te dans notre r\u00e9seau relationnel \u00e9tabli et notre vision partag\u00e9e de l\u2019avenir.<\/p>\n<p><strong>ADVANT<\/strong> <strong>est votre atout europ\u00e9en.<\/strong><\/p>\n<p>L\u2019association a \u00e9t\u00e9 cr\u00e9\u00e9e en 2021 par trois cabinets membres fondateurs :<\/p>\n<p>. <a href=\"http:\/\/backup.altanalaw.com\">ADVANT Altana en France<\/a><\/p>\n<p><a href=\"http:\/\/www.advant-beiten.com\/\">. ADVANT Beiten en Allemagne<\/a><\/p>\n<p><a href=\"http:\/\/www.advant-nctm.com\/\">. ADVANT Nctm en Italie<\/a><\/p>\n<p>Les cabinets membres d\u2019<strong>ADVANT<\/strong> offrent une expertise reconnue en mati\u00e8re juridique et fiscale dans leurs juridictions respectives. Notre \u00e9quipe combin\u00e9e est compos\u00e9e de plus de 600 professionnels, dont plus de 145 associ\u00e9s en capital, r\u00e9partis sur 15 sites en Europe (Berlin, Bruxelles, D\u00fcsseldorf, Francfort, Fribourg, G\u00eanes, Hambourg, Londres, Milan, Munich, Paris, Rome) et \u00e0 l\u2019international (P\u00e9kin, Moscou, Shanghai).<\/p>\n<p>Tant au niveau national qu&#8217;international, chaque cabinet membre d&#8217;<strong>ADVANT<\/strong> a pour clients de nombreuses organisations et entreprises leaders de leurs march\u00e9s respectifs. Cela inclut de nombreux acteurs de premier plan dans les secteurs de la technologie et des t\u00e9l\u00e9communications, de l&#8217;automobile et du transport, des produits de consommation, des sciences de la vie, des m\u00e9dias et des services financiers.<\/p>\n<p><strong>NOS VALEURS: <\/strong><\/p>\n<p><strong>CONFIANCE<\/strong><\/p>\n<ul>\n<li>Tenir nos promesses<\/li>\n<li>Nous concentrer sans rel\u00e2che sur les besoins de nos clients<\/li>\n<li>Promouvoir une culture d&#8217;int\u00e9grit\u00e9, de r\u00e9activit\u00e9 et de collaboration, ainsi qu&#8217;un environnement dans lequel nos collaborateurs se sentent valoris\u00e9s, soutenus et stimul\u00e9s.<\/li>\n<li>Nous efforcer de construire au quotidien une relation de confiance avec nos clients sur leurs sujets strat\u00e9giques \u00e0 long terme<\/li>\n<li>Adopter une vision \u00e0 long terme, notamment pour aider nos clients \u00e0 passer \u00e0 une \u00e9conomie durable.<\/li>\n<\/ul>\n<p><strong>EXCELLENCE<\/strong><\/p>\n<ul>\n<li>Faire partie des meilleurs cabinets d\u2019avocats dans nos pays d\u2019origine<\/li>\n<li>Fournir un service de haut niveau correspondant aux normes internationales les plus exigeantes<\/li>\n<li>Offrir un savoir-faire et des connaissances sectorielles approfondis<\/li>\n<li>Fournir des conseils pragmatiques et adapt\u00e9s au monde des affaires<\/li>\n<li>R\u00e9duire l&#8217;impact de nos cabinets membres sur l&#8217;environnement<\/li>\n<li>Combiner un succ\u00e8s \u00e9conomique, environnemental et social<\/li>\n<\/ul>\n<p><strong>EFFICACIT\u00c9<\/strong><\/p>\n<ul>\n<li>Fournir des services homog\u00e8nes dans toutes les juridictions<\/li>\n<li>Travailler intelligemment pour optimiser les d\u00e9penses juridiques de nos clients<\/li>\n<li>Offrir des structures flexibles permettant de proposer des honoraires attractifs<\/li>\n<li>Mettre la technologie et l\u2019innovation au service du succ\u00e8s de nos clients<\/li>\n<li>Nous concentrer sur des solutions durables \u00e0 long terme<\/li>\n<\/ul>\n<p>Nos avocats sont r\u00e9compens\u00e9s par de nombreux prix et mentionn\u00e9s dans des publications de premier plan, notamment : Chambers, Legal 500, Best Lawyers, JUVE, The Lawyer, and Who&#8217;s Who Legal.<\/p>\n<p>Pour plus d\u2019informations, veuillez consulter le site : <a href=\"http:\/\/www.advantlaw.com\">www.advantlaw.com<\/a><\/p>\n<p>Veuillez trouver la brochure de pr\u00e9sentation d&#8217;<strong>ADVANT<\/strong> : <a href=\"https:\/\/backup.altanalaw.com\/wp-content\/uploads\/2023\/10\/IG-ADVANT-Brochure_04.10.2023-Digital.pdf\">ici<\/a><\/p>\n<p><strong>ADVANT<\/strong> a \u00e9t\u00e9 reconnu &#8220;<strong>International Firm of the Year<\/strong>&#8221; lors de la 25\u00e8me \u00e9dition des<strong> Legal Business Awards\u00a0 2022<\/strong> (Legal 500)<\/p>\n<p><a href=\"https:\/\/www.linkedin.com\/company\/advantlaw\">Suivez ADVANT sur Linkedin<\/a><\/p>\n<p><a href=\"http:\/\/www.twitter.com\/advantlaw\">Suivez ADVANT sur Twitter<\/a><\/p>\n<p><a href=\"https:\/\/www.youtube.com\/channel\/UCR6LU3ktlM4XdJN08MTL6dA\">Suivez ADVANT sur Youtube<\/a><\/p>\n<p><a href=\"https:\/\/www.instagram.com\/advantlaw\/\">Suivez ADVANT sur Instagram<\/a><\/p>","protected":false},"excerpt":{"rendered":"<p>\u7533\u3057\u8a33\u3042\u308a\u307e\u305b\u3093\u3001\u3053\u306e\u30b3\u30f3\u30c6\u30f3\u30c4\u306f\u305f\u3060\u4eca\u3000Fran\u00e7ais\u3068 English\u3000\u306e\u307f\u3067\u3059\u3002 For the sake of viewer convenience, the content is shown below in [&hellip;]<\/p>\n","protected":false},"author":13,"featured_media":0,"parent":0,"menu_order":1,"comment_status":"closed","ping_status":"closed","template":"","meta":{"footnotes":""},"class_list":["post-8155","page","type-page","status-publish","hentry"],"yoast_head":"<!-- This site is optimized with the Yoast SEO plugin v22.2 - https:\/\/yoast.com\/wordpress\/plugins\/seo\/ -->\n<title><\/title>\n<meta name=\"robots\" content=\"noindex, follow, max-snippet:-1, max-image-preview:large, max-video-preview:-1\" \/>\n<meta property=\"og:locale\" content=\"ja_JP\" \/>\n<meta property=\"og:type\" content=\"article\" \/>\n<meta property=\"og:title\" content=\"[:fr]ADVANT[:en]ADVANT[:] - Altana\" \/>\n<meta property=\"og:description\" content=\"\u7533\u3057\u8a33\u3042\u308a\u307e\u305b\u3093\u3001\u3053\u306e\u30b3\u30f3\u30c6\u30f3\u30c4\u306f\u305f\u3060\u4eca\u3000Fran\u00e7ais\u3068 English\u3000\u306e\u307f\u3067\u3059\u3002 For the sake of viewer convenience, the content is shown below in [&hellip;]\" \/>\n<meta property=\"og:url\" content=\"https:\/\/backup.altanalaw.com\/advant\" \/>\n<meta property=\"og:site_name\" content=\"Altana\" \/>\n<meta property=\"article:modified_time\" content=\"2023-10-17T08:09:50+00:00\" \/>\n<meta name=\"twitter:card\" content=\"summary_large_image\" \/>\n<meta name=\"twitter:label1\" content=\"\u63a8\u5b9a\u8aad\u307f\u53d6\u308a\u6642\u9593\" \/>\n\t<meta name=\"twitter:data1\" content=\"3\u5206\" \/>\n<script type=\"application\/ld+json\" class=\"yoast-schema-graph\">{\"@context\":\"https:\/\/schema.org\",\"@graph\":[{\"@type\":\"WebPage\",\"@id\":\"https:\/\/backup.altanalaw.com\/advant\",\"url\":\"https:\/\/backup.altanalaw.com\/advant\",\"name\":\"[:fr]ADVANT[:en]ADVANT[:] - Altana\",\"isPartOf\":{\"@id\":\"https:\/\/backup.altanalaw.com\/#website\"},\"datePublished\":\"2021-09-09T08:25:24+00:00\",\"dateModified\":\"2023-10-17T08:09:50+00:00\",\"inLanguage\":\"ja\",\"potentialAction\":[{\"@type\":\"ReadAction\",\"target\":[\"https:\/\/backup.altanalaw.com\/advant\"]}]},{\"@type\":\"WebSite\",\"@id\":\"https:\/\/backup.altanalaw.com\/#website\",\"url\":\"https:\/\/backup.altanalaw.com\/\",\"name\":\"Altana\",\"description\":\"Soci\u00e9t\u00e9 d&#039;avocats \u00e0 la Cour de Paris\",\"potentialAction\":[{\"@type\":\"SearchAction\",\"target\":{\"@type\":\"EntryPoint\",\"urlTemplate\":\"https:\/\/backup.altanalaw.com\/?s={search_term_string}\"},\"query-input\":\"required name=search_term_string\"}],\"inLanguage\":\"ja\"}]}<\/script>\n<!-- \/ Yoast SEO plugin. -->","yoast_head_json":{"title":"[:fr]ADVANT[:en]ADVANT[:] - Altana","robots":{"index":"noindex","follow":"follow","max-snippet":"max-snippet:-1","max-image-preview":"max-image-preview:large","max-video-preview":"max-video-preview:-1"},"og_locale":"ja_JP","og_type":"article","og_title":"[:fr]ADVANT[:en]ADVANT[:] - Altana","og_description":"\u7533\u3057\u8a33\u3042\u308a\u307e\u305b\u3093\u3001\u3053\u306e\u30b3\u30f3\u30c6\u30f3\u30c4\u306f\u305f\u3060\u4eca\u3000Fran\u00e7ais\u3068 English\u3000\u306e\u307f\u3067\u3059\u3002 For the sake of viewer convenience, the content is shown below in [&hellip;]","og_url":"https:\/\/backup.altanalaw.com\/advant","og_site_name":"Altana","article_modified_time":"2023-10-17T08:09:50+00:00","twitter_card":"summary_large_image","twitter_misc":{"\u63a8\u5b9a\u8aad\u307f\u53d6\u308a\u6642\u9593":"3\u5206"},"schema":{"@context":"https:\/\/schema.org","@graph":[{"@type":"WebPage","@id":"https:\/\/backup.altanalaw.com\/advant","url":"https:\/\/backup.altanalaw.com\/advant","name":"[:fr]ADVANT[:en]ADVANT[:] - Altana","isPartOf":{"@id":"https:\/\/backup.altanalaw.com\/#website"},"datePublished":"2021-09-09T08:25:24+00:00","dateModified":"2023-10-17T08:09:50+00:00","inLanguage":"ja","potentialAction":[{"@type":"ReadAction","target":["https:\/\/backup.altanalaw.com\/advant"]}]},{"@type":"WebSite","@id":"https:\/\/backup.altanalaw.com\/#website","url":"https:\/\/backup.altanalaw.com\/","name":"Altana","description":"Soci\u00e9t\u00e9 d&#039;avocats \u00e0 la Cour de Paris","potentialAction":[{"@type":"SearchAction","target":{"@type":"EntryPoint","urlTemplate":"https:\/\/backup.altanalaw.com\/?s={search_term_string}"},"query-input":"required name=search_term_string"}],"inLanguage":"ja"}]}},"_links":{"self":[{"href":"https:\/\/backup.altanalaw.com\/ja\/wp-json\/wp\/v2\/pages\/8155"}],"collection":[{"href":"https:\/\/backup.altanalaw.com\/ja\/wp-json\/wp\/v2\/pages"}],"about":[{"href":"https:\/\/backup.altanalaw.com\/ja\/wp-json\/wp\/v2\/types\/page"}],"author":[{"embeddable":true,"href":"https:\/\/backup.altanalaw.com\/ja\/wp-json\/wp\/v2\/users\/13"}],"replies":[{"embeddable":true,"href":"https:\/\/backup.altanalaw.com\/ja\/wp-json\/wp\/v2\/comments?post=8155"}],"version-history":[{"count":48,"href":"https:\/\/backup.altanalaw.com\/ja\/wp-json\/wp\/v2\/pages\/8155\/revisions"}],"predecessor-version":[{"id":9635,"href":"https:\/\/backup.altanalaw.com\/ja\/wp-json\/wp\/v2\/pages\/8155\/revisions\/9635"}],"wp:attachment":[{"href":"https:\/\/backup.altanalaw.com\/ja\/wp-json\/wp\/v2\/media?parent=8155"}],"curies":[{"name":"wp","href":"https:\/\/api.w.org\/{rel}","templated":true}]}}