{"id":8104,"date":"2021-07-12T11:15:55","date_gmt":"2021-07-12T10:15:55","guid":{"rendered":"https:\/\/backup.altanalaw.com\/?page_id=8104"},"modified":"2022-04-19T08:31:08","modified_gmt":"2022-04-19T07:31:08","slug":"assurance","status":"publish","type":"page","link":"https:\/\/backup.altanalaw.com\/ja\/competences\/assurance","title":{"rendered":"Assurances"},"content":{"rendered":"<p class=\"qtranxs-available-languages-message qtranxs-available-languages-message-ja\">\u7533\u3057\u8a33\u3042\u308a\u307e\u305b\u3093\u3001\u3053\u306e\u30b3\u30f3\u30c6\u30f3\u30c4\u306f\u305f\u3060\u4eca\u3000<a href=\"https:\/\/backup.altanalaw.com\/fr\/wp-json\/wp\/v2\/pages\/8104\" class=\"qtranxs-available-language-link qtranxs-available-language-link-fr\" title=\"Fran\u00e7ais\">Fran\u00e7ais<\/a>\u3068 <a href=\"https:\/\/backup.altanalaw.com\/en\/wp-json\/wp\/v2\/pages\/8104\" class=\"qtranxs-available-language-link qtranxs-available-language-link-en\" title=\"English\">English<\/a>\u3000\u306e\u307f\u3067\u3059\u3002 For the sake of viewer convenience, the content is shown below in this site default language. You may click one of the links to switch the site language to another available language.<\/p><p>La pratique \u201cAssurances\u201d d\u2019<b>ADVANT <\/b><b>Altana<\/b> est reconnue pour la capacit\u00e9 de ses avocats \u00e0 accompagner ses clients, tant en conseil qu\u2019en contentieux,\u00a0 sur leurs sujets strat\u00e9giques tant pour leurs op\u00e9rations domestiques qu\u2019internationales gr\u00e2ce \u00e0 une excellente connaissance du secteur d\u2019o\u00f9 une r\u00e9elle valeur ajout\u00e9e dans ce secteur particuli\u00e8rement r\u00e9glement\u00e9.<\/p>\n<p>Nous comptons parmi nos clients les principaux assureurs en France et en Europe (entreprises, mutuelles et institutions de pr\u00e9voyance), ainsi que les r\u00e9assureurs, les interm\u00e9diaires et toutes entreprises traitant des questions d\u2019assurance et leurs clients industriels, ainsi que les organismes de r\u00e9gulation.<\/p>\n<p>Nous couvrons pour nos clients du secteur de l&#8217;assurance le plus large \u00e9ventail de litiges et de questions de conseil\/transaction, allant de :<\/p>\n<ul style=\"list-style-type: disc;\">\n<li>Corporate &#8211; UE &#8211; Antitrust &#8211; M&amp;A &#8211; R\u00e9glementaire (y compris la structuration de groupes avec la cr\u00e9ation de v\u00e9hicules sp\u00e9ciaux agissant en tant qu&#8217;entit\u00e9s de holding ou de coop\u00e9ration pour des groupes sans capital, les licences et les agr\u00e9ments de soci\u00e9t\u00e9s, le r\u00e9gime de libre prestation de services, toute forme de groupements, de joint-ventures et de partenariats, les transactions de portefeuille, etc<\/li>\n<li>Produits (responsabilit\u00e9 civile, dommages etc.), y compris la validation du concept et de la conformit\u00e9, la r\u00e9daction de la documentation contractuelle et l&#8217;organisation des processus,<\/li>\n<li>Distribution et interm\u00e9diation,<\/li>\n<li>R\u00e9assurance,<\/li>\n<li>Litiges, arbitrage et m\u00e9diation avec un accent sur la responsabilit\u00e9 du directeur g\u00e9n\u00e9ral, la responsabilit\u00e9 professionnelle, les cyber-risques et les pratiques commerciales d\u00e9loyales,<\/li>\n<li>Protection des donn\u00e9es personnelles et de la vie priv\u00e9e,<\/li>\n<li>Assurance-banque<\/li>\n<li>Fin-techs &#8211; Insure-techs<\/li>\n<\/ul>\n<p>&nbsp;<\/p>","protected":false},"excerpt":{"rendered":"<p>\u7533\u3057\u8a33\u3042\u308a\u307e\u305b\u3093\u3001\u3053\u306e\u30b3\u30f3\u30c6\u30f3\u30c4\u306f\u305f\u3060\u4eca\u3000Fran\u00e7ais\u3068 English\u3000\u306e\u307f\u3067\u3059\u3002 For the sake of viewer convenience, the content is shown below in [&hellip;]<\/p>\n","protected":false},"author":17,"featured_media":0,"parent":33,"menu_order":10,"comment_status":"closed","ping_status":"closed","template":"tpl-expertise.php","meta":{"footnotes":""},"class_list":["post-8104","page","type-page","status-publish","hentry"],"yoast_head":"<!-- This site is optimized with the Yoast SEO plugin v22.2 - https:\/\/yoast.com\/wordpress\/plugins\/seo\/ -->\n<title><\/title>\n<meta name=\"robots\" content=\"noindex, follow, max-snippet:-1, max-image-preview:large, max-video-preview:-1\" \/>\n<meta property=\"og:locale\" content=\"ja_JP\" \/>\n<meta property=\"og:type\" content=\"article\" \/>\n<meta property=\"og:title\" content=\"[:fr]Assurances[:en]Insurance[:] - Altana\" \/>\n<meta property=\"og:description\" content=\"\u7533\u3057\u8a33\u3042\u308a\u307e\u305b\u3093\u3001\u3053\u306e\u30b3\u30f3\u30c6\u30f3\u30c4\u306f\u305f\u3060\u4eca\u3000Fran\u00e7ais\u3068 English\u3000\u306e\u307f\u3067\u3059\u3002 For the sake of viewer convenience, the content is shown below in [&hellip;]\" \/>\n<meta property=\"og:url\" content=\"https:\/\/backup.altanalaw.com\/competences\/assurance\" \/>\n<meta property=\"og:site_name\" content=\"Altana\" \/>\n<meta property=\"article:modified_time\" content=\"2022-04-19T07:31:08+00:00\" \/>\n<meta name=\"twitter:card\" content=\"summary_large_image\" \/>\n<meta name=\"twitter:label1\" content=\"\u63a8\u5b9a\u8aad\u307f\u53d6\u308a\u6642\u9593\" \/>\n\t<meta name=\"twitter:data1\" content=\"2\u5206\" \/>\n<script type=\"application\/ld+json\" class=\"yoast-schema-graph\">{\"@context\":\"https:\/\/schema.org\",\"@graph\":[{\"@type\":\"WebPage\",\"@id\":\"https:\/\/backup.altanalaw.com\/competences\/assurance\",\"url\":\"https:\/\/backup.altanalaw.com\/competences\/assurance\",\"name\":\"[:fr]Assurances[:en]Insurance[:] - Altana\",\"isPartOf\":{\"@id\":\"https:\/\/backup.altanalaw.com\/#website\"},\"datePublished\":\"2021-07-12T10:15:55+00:00\",\"dateModified\":\"2022-04-19T07:31:08+00:00\",\"breadcrumb\":{\"@id\":\"https:\/\/backup.altanalaw.com\/competences\/assurance#breadcrumb\"},\"inLanguage\":\"ja\",\"potentialAction\":[{\"@type\":\"ReadAction\",\"target\":[\"https:\/\/backup.altanalaw.com\/competences\/assurance\"]}]},{\"@type\":\"BreadcrumbList\",\"@id\":\"https:\/\/backup.altanalaw.com\/competences\/assurance#breadcrumb\",\"itemListElement\":[{\"@type\":\"ListItem\",\"position\":1,\"name\":\"Nos Comp\u00e9tences\",\"item\":\"https:\/\/backup.altanalaw.com\/competences\"},{\"@type\":\"ListItem\",\"position\":2,\"name\":\"Assurances\"}]},{\"@type\":\"WebSite\",\"@id\":\"https:\/\/backup.altanalaw.com\/#website\",\"url\":\"https:\/\/backup.altanalaw.com\/\",\"name\":\"Altana\",\"description\":\"Soci\u00e9t\u00e9 d&#039;avocats \u00e0 la Cour de Paris\",\"potentialAction\":[{\"@type\":\"SearchAction\",\"target\":{\"@type\":\"EntryPoint\",\"urlTemplate\":\"https:\/\/backup.altanalaw.com\/?s={search_term_string}\"},\"query-input\":\"required name=search_term_string\"}],\"inLanguage\":\"ja\"}]}<\/script>\n<!-- \/ Yoast SEO plugin. -->","yoast_head_json":{"title":"[:fr]Assurances[:en]Insurance[:] - Altana","robots":{"index":"noindex","follow":"follow","max-snippet":"max-snippet:-1","max-image-preview":"max-image-preview:large","max-video-preview":"max-video-preview:-1"},"og_locale":"ja_JP","og_type":"article","og_title":"[:fr]Assurances[:en]Insurance[:] - Altana","og_description":"\u7533\u3057\u8a33\u3042\u308a\u307e\u305b\u3093\u3001\u3053\u306e\u30b3\u30f3\u30c6\u30f3\u30c4\u306f\u305f\u3060\u4eca\u3000Fran\u00e7ais\u3068 English\u3000\u306e\u307f\u3067\u3059\u3002 For the sake of viewer convenience, the content is shown below in [&hellip;]","og_url":"https:\/\/backup.altanalaw.com\/competences\/assurance","og_site_name":"Altana","article_modified_time":"2022-04-19T07:31:08+00:00","twitter_card":"summary_large_image","twitter_misc":{"\u63a8\u5b9a\u8aad\u307f\u53d6\u308a\u6642\u9593":"2\u5206"},"schema":{"@context":"https:\/\/schema.org","@graph":[{"@type":"WebPage","@id":"https:\/\/backup.altanalaw.com\/competences\/assurance","url":"https:\/\/backup.altanalaw.com\/competences\/assurance","name":"[:fr]Assurances[:en]Insurance[:] - Altana","isPartOf":{"@id":"https:\/\/backup.altanalaw.com\/#website"},"datePublished":"2021-07-12T10:15:55+00:00","dateModified":"2022-04-19T07:31:08+00:00","breadcrumb":{"@id":"https:\/\/backup.altanalaw.com\/competences\/assurance#breadcrumb"},"inLanguage":"ja","potentialAction":[{"@type":"ReadAction","target":["https:\/\/backup.altanalaw.com\/competences\/assurance"]}]},{"@type":"BreadcrumbList","@id":"https:\/\/backup.altanalaw.com\/competences\/assurance#breadcrumb","itemListElement":[{"@type":"ListItem","position":1,"name":"Nos Comp\u00e9tences","item":"https:\/\/backup.altanalaw.com\/competences"},{"@type":"ListItem","position":2,"name":"Assurances"}]},{"@type":"WebSite","@id":"https:\/\/backup.altanalaw.com\/#website","url":"https:\/\/backup.altanalaw.com\/","name":"Altana","description":"Soci\u00e9t\u00e9 d&#039;avocats \u00e0 la Cour de Paris","potentialAction":[{"@type":"SearchAction","target":{"@type":"EntryPoint","urlTemplate":"https:\/\/backup.altanalaw.com\/?s={search_term_string}"},"query-input":"required name=search_term_string"}],"inLanguage":"ja"}]}},"_links":{"self":[{"href":"https:\/\/backup.altanalaw.com\/ja\/wp-json\/wp\/v2\/pages\/8104"}],"collection":[{"href":"https:\/\/backup.altanalaw.com\/ja\/wp-json\/wp\/v2\/pages"}],"about":[{"href":"https:\/\/backup.altanalaw.com\/ja\/wp-json\/wp\/v2\/types\/page"}],"author":[{"embeddable":true,"href":"https:\/\/backup.altanalaw.com\/ja\/wp-json\/wp\/v2\/users\/17"}],"replies":[{"embeddable":true,"href":"https:\/\/backup.altanalaw.com\/ja\/wp-json\/wp\/v2\/comments?post=8104"}],"version-history":[{"count":10,"href":"https:\/\/backup.altanalaw.com\/ja\/wp-json\/wp\/v2\/pages\/8104\/revisions"}],"predecessor-version":[{"id":8919,"href":"https:\/\/backup.altanalaw.com\/ja\/wp-json\/wp\/v2\/pages\/8104\/revisions\/8919"}],"up":[{"embeddable":true,"href":"https:\/\/backup.altanalaw.com\/ja\/wp-json\/wp\/v2\/pages\/33"}],"wp:attachment":[{"href":"https:\/\/backup.altanalaw.com\/ja\/wp-json\/wp\/v2\/media?parent=8104"}],"curies":[{"name":"wp","href":"https:\/\/api.w.org\/{rel}","templated":true}]}}