{"id":8076,"date":"2021-06-30T16:53:44","date_gmt":"2021-06-30T15:53:44","guid":{"rendered":"https:\/\/backup.altanalaw.com\/?page_id=8076"},"modified":"2022-03-22T16:33:19","modified_gmt":"2022-03-22T15:33:19","slug":"droit-fiscal","status":"publish","type":"page","link":"https:\/\/backup.altanalaw.com\/ja\/competences\/droit-fiscal","title":{"rendered":"Copie de"},"content":{"rendered":"<p class=\"qtranxs-available-languages-message qtranxs-available-languages-message-ja\">\u7533\u3057\u8a33\u3042\u308a\u307e\u305b\u3093\u3001\u3053\u306e\u30b3\u30f3\u30c6\u30f3\u30c4\u306f\u305f\u3060\u4eca\u3000<a href=\"https:\/\/backup.altanalaw.com\/fr\/wp-json\/wp\/v2\/pages\/8076\" class=\"qtranxs-available-language-link qtranxs-available-language-link-fr\" title=\"Fran\u00e7ais\">Fran\u00e7ais<\/a>\u3068 <a href=\"https:\/\/backup.altanalaw.com\/en\/wp-json\/wp\/v2\/pages\/8076\" class=\"qtranxs-available-language-link qtranxs-available-language-link-en\" title=\"English\">English<\/a>\u3000\u306e\u307f\u3067\u3059\u3002 For the sake of viewer convenience, the content is shown below in this site default language. You may click one of the links to switch the site language to another available language.<\/p><p>Impliqu\u00e9e dans une grande vari\u00e9t\u00e9 de probl\u00e9matiques, l&#8217;\u00e9quipe fiscale d&#8217;ADVANT Altana accompagne ses clients dans leurs choix strat\u00e9giques tant en mati\u00e8re de fiscalit\u00e9 nationale qu&#8217;internationale, en leur proposant des solutions innovantes d&#8217;optimisation fiscale. L&#8217;\u00e9quipe travaille \u00e9galement main dans la main avec ses coll\u00e8gues du d\u00e9partement M&amp;A dans la structuration des transactions commerciales et financi\u00e8res.<\/p>\n<p>Le groupe fiscal est actif dans les domaines suivants :<\/p>\n<ul>\n<li><span style=\"text-decoration: underline;\">Assistance fiscale g\u00e9n\u00e9rale aux soci\u00e9t\u00e9s :<\/span> En tant qu&#8217;activit\u00e9 principale, nous conseillons les entreprises sur un large \u00e9ventail de questions fran\u00e7aises nationales et internationales qui couvrent l&#8217;imp\u00f4t sur les soci\u00e9t\u00e9s, la taxe professionnelle, la TVA, les droits d&#8217;enregistrement, les droits de douane, etc.<\/li>\n<\/ul>\n<p>&nbsp;<\/p>\n<ul>\n<li><span style=\"text-decoration: underline;\">Fiscalit\u00e9 internationale :<\/span> Nous avons une grande exp\u00e9rience dans le traitement des questions de fiscalit\u00e9 internationale de tous types, y compris la planification fiscale pour les soci\u00e9t\u00e9s ou groupes bas\u00e9s en France ou \u00e0 l&#8217;\u00e9tranger, la structuration des investissements commerciaux et immobiliers entrants et sortants, la pr\u00e9paration de la documentation de transfert de prix.<\/li>\n<\/ul>\n<p>&nbsp;<\/p>\n<ul>\n<li><span style=\"text-decoration: underline;\">Fiscalit\u00e9 transactionnelle :<\/span> Nous assistons r\u00e9guli\u00e8rement nos coll\u00e8gues du d\u00e9partement M&amp;A sur les aspects fiscaux des fusions et acquisitions fran\u00e7aises nationales et transfrontali\u00e8res, des investissements en capital-investissement et des op\u00e9rations connexes telles que les montages LBO. Nous fournissons des services de due diligence et intervenons dans la r\u00e9daction et la n\u00e9gociation des dispositions fiscales dans les accords de transaction.<\/li>\n<\/ul>\n<p>&nbsp;<\/p>\n<ul>\n<li><span style=\"text-decoration: underline;\">Conseil fiscal contentieux :<\/span> Nous conseillons \u00e9galement r\u00e9guli\u00e8rement des contribuables fran\u00e7ais et \u00e9trangers, entreprises et particuliers, qui anticipent ou sont impliqu\u00e9s dans des proc\u00e9dures fiscales avec les autorit\u00e9s fiscales ou douani\u00e8res fran\u00e7aises et devant les tribunaux fran\u00e7ais si n\u00e9cessaire.<\/li>\n<\/ul>\n<p>&nbsp;<\/p>","protected":false},"excerpt":{"rendered":"<p>\u7533\u3057\u8a33\u3042\u308a\u307e\u305b\u3093\u3001\u3053\u306e\u30b3\u30f3\u30c6\u30f3\u30c4\u306f\u305f\u3060\u4eca\u3000Fran\u00e7ais\u3068 English\u3000\u306e\u307f\u3067\u3059\u3002 For the sake of viewer convenience, the content is shown below in [&hellip;]<\/p>\n","protected":false},"author":17,"featured_media":0,"parent":33,"menu_order":17,"comment_status":"closed","ping_status":"closed","template":"tpl-expertise.php","meta":{"footnotes":""},"class_list":["post-8076","page","type-page","status-publish","hentry"],"yoast_head":"<!-- This site is optimized with the Yoast SEO plugin v22.2 - https:\/\/yoast.com\/wordpress\/plugins\/seo\/ -->\n<title>Copie de  - Altana<\/title>\n<meta name=\"robots\" content=\"noindex, follow, max-snippet:-1, max-image-preview:large, max-video-preview:-1\" \/>\n<meta property=\"og:locale\" content=\"ja_JP\" \/>\n<meta property=\"og:type\" content=\"article\" \/>\n<meta property=\"og:title\" content=\"[:fr]Droit Fiscal[:en]Tax Law[:ja]Copie de [:] - Altana\" \/>\n<meta property=\"og:description\" content=\"\u7533\u3057\u8a33\u3042\u308a\u307e\u305b\u3093\u3001\u3053\u306e\u30b3\u30f3\u30c6\u30f3\u30c4\u306f\u305f\u3060\u4eca\u3000Fran\u00e7ais\u3068 English\u3000\u306e\u307f\u3067\u3059\u3002 For the sake of viewer convenience, the content is shown below in [&hellip;]\" \/>\n<meta property=\"og:url\" content=\"https:\/\/backup.altanalaw.com\/competences\/droit-fiscal\" \/>\n<meta property=\"og:site_name\" content=\"Altana\" \/>\n<meta property=\"article:modified_time\" content=\"2022-03-22T15:33:19+00:00\" \/>\n<meta name=\"twitter:card\" content=\"summary_large_image\" \/>\n<meta name=\"twitter:label1\" content=\"\u63a8\u5b9a\u8aad\u307f\u53d6\u308a\u6642\u9593\" \/>\n\t<meta name=\"twitter:data1\" content=\"2\u5206\" \/>\n<script type=\"application\/ld+json\" class=\"yoast-schema-graph\">{\"@context\":\"https:\/\/schema.org\",\"@graph\":[{\"@type\":\"WebPage\",\"@id\":\"https:\/\/backup.altanalaw.com\/competences\/droit-fiscal\",\"url\":\"https:\/\/backup.altanalaw.com\/competences\/droit-fiscal\",\"name\":\"[:fr]Droit Fiscal[:en]Tax Law[:ja]Copie de [:] - Altana\",\"isPartOf\":{\"@id\":\"https:\/\/backup.altanalaw.com\/#website\"},\"datePublished\":\"2021-06-30T15:53:44+00:00\",\"dateModified\":\"2022-03-22T15:33:19+00:00\",\"breadcrumb\":{\"@id\":\"https:\/\/backup.altanalaw.com\/competences\/droit-fiscal#breadcrumb\"},\"inLanguage\":\"ja\",\"potentialAction\":[{\"@type\":\"ReadAction\",\"target\":[\"https:\/\/backup.altanalaw.com\/competences\/droit-fiscal\"]}]},{\"@type\":\"BreadcrumbList\",\"@id\":\"https:\/\/backup.altanalaw.com\/competences\/droit-fiscal#breadcrumb\",\"itemListElement\":[{\"@type\":\"ListItem\",\"position\":1,\"name\":\"Nos Comp\u00e9tences\",\"item\":\"https:\/\/backup.altanalaw.com\/competences\"},{\"@type\":\"ListItem\",\"position\":2,\"name\":\"Droit Fiscal\"}]},{\"@type\":\"WebSite\",\"@id\":\"https:\/\/backup.altanalaw.com\/#website\",\"url\":\"https:\/\/backup.altanalaw.com\/\",\"name\":\"Altana\",\"description\":\"Soci\u00e9t\u00e9 d&#039;avocats \u00e0 la Cour de Paris\",\"potentialAction\":[{\"@type\":\"SearchAction\",\"target\":{\"@type\":\"EntryPoint\",\"urlTemplate\":\"https:\/\/backup.altanalaw.com\/?s={search_term_string}\"},\"query-input\":\"required name=search_term_string\"}],\"inLanguage\":\"ja\"}]}<\/script>\n<!-- \/ Yoast SEO plugin. -->","yoast_head_json":{"title":"[:fr]Droit Fiscal[:en]Tax Law[:ja]Copie de [:] - Altana","robots":{"index":"noindex","follow":"follow","max-snippet":"max-snippet:-1","max-image-preview":"max-image-preview:large","max-video-preview":"max-video-preview:-1"},"og_locale":"ja_JP","og_type":"article","og_title":"[:fr]Droit Fiscal[:en]Tax Law[:ja]Copie de [:] - Altana","og_description":"\u7533\u3057\u8a33\u3042\u308a\u307e\u305b\u3093\u3001\u3053\u306e\u30b3\u30f3\u30c6\u30f3\u30c4\u306f\u305f\u3060\u4eca\u3000Fran\u00e7ais\u3068 English\u3000\u306e\u307f\u3067\u3059\u3002 For the sake of viewer convenience, the content is shown below in [&hellip;]","og_url":"https:\/\/backup.altanalaw.com\/competences\/droit-fiscal","og_site_name":"Altana","article_modified_time":"2022-03-22T15:33:19+00:00","twitter_card":"summary_large_image","twitter_misc":{"\u63a8\u5b9a\u8aad\u307f\u53d6\u308a\u6642\u9593":"2\u5206"},"schema":{"@context":"https:\/\/schema.org","@graph":[{"@type":"WebPage","@id":"https:\/\/backup.altanalaw.com\/competences\/droit-fiscal","url":"https:\/\/backup.altanalaw.com\/competences\/droit-fiscal","name":"[:fr]Droit Fiscal[:en]Tax Law[:ja]Copie de [:] - Altana","isPartOf":{"@id":"https:\/\/backup.altanalaw.com\/#website"},"datePublished":"2021-06-30T15:53:44+00:00","dateModified":"2022-03-22T15:33:19+00:00","breadcrumb":{"@id":"https:\/\/backup.altanalaw.com\/competences\/droit-fiscal#breadcrumb"},"inLanguage":"ja","potentialAction":[{"@type":"ReadAction","target":["https:\/\/backup.altanalaw.com\/competences\/droit-fiscal"]}]},{"@type":"BreadcrumbList","@id":"https:\/\/backup.altanalaw.com\/competences\/droit-fiscal#breadcrumb","itemListElement":[{"@type":"ListItem","position":1,"name":"Nos Comp\u00e9tences","item":"https:\/\/backup.altanalaw.com\/competences"},{"@type":"ListItem","position":2,"name":"Droit Fiscal"}]},{"@type":"WebSite","@id":"https:\/\/backup.altanalaw.com\/#website","url":"https:\/\/backup.altanalaw.com\/","name":"Altana","description":"Soci\u00e9t\u00e9 d&#039;avocats \u00e0 la Cour de Paris","potentialAction":[{"@type":"SearchAction","target":{"@type":"EntryPoint","urlTemplate":"https:\/\/backup.altanalaw.com\/?s={search_term_string}"},"query-input":"required name=search_term_string"}],"inLanguage":"ja"}]}},"_links":{"self":[{"href":"https:\/\/backup.altanalaw.com\/ja\/wp-json\/wp\/v2\/pages\/8076"}],"collection":[{"href":"https:\/\/backup.altanalaw.com\/ja\/wp-json\/wp\/v2\/pages"}],"about":[{"href":"https:\/\/backup.altanalaw.com\/ja\/wp-json\/wp\/v2\/types\/page"}],"author":[{"embeddable":true,"href":"https:\/\/backup.altanalaw.com\/ja\/wp-json\/wp\/v2\/users\/17"}],"replies":[{"embeddable":true,"href":"https:\/\/backup.altanalaw.com\/ja\/wp-json\/wp\/v2\/comments?post=8076"}],"version-history":[{"count":4,"href":"https:\/\/backup.altanalaw.com\/ja\/wp-json\/wp\/v2\/pages\/8076\/revisions"}],"predecessor-version":[{"id":8820,"href":"https:\/\/backup.altanalaw.com\/ja\/wp-json\/wp\/v2\/pages\/8076\/revisions\/8820"}],"up":[{"embeddable":true,"href":"https:\/\/backup.altanalaw.com\/ja\/wp-json\/wp\/v2\/pages\/33"}],"wp:attachment":[{"href":"https:\/\/backup.altanalaw.com\/ja\/wp-json\/wp\/v2\/media?parent=8076"}],"curies":[{"name":"wp","href":"https:\/\/api.w.org\/{rel}","templated":true}]}}