{"id":7920,"date":"2021-06-02T14:10:14","date_gmt":"2021-06-02T13:10:14","guid":{"rendered":"https:\/\/backup.altanalaw.com\/?page_id=7920"},"modified":"2022-04-19T10:01:41","modified_gmt":"2022-04-19T09:01:41","slug":"droit-immobilier","status":"publish","type":"page","link":"https:\/\/backup.altanalaw.com\/ja\/competences\/droit-immobilier","title":{"rendered":"Droit immobilier"},"content":{"rendered":"<p class=\"qtranxs-available-languages-message qtranxs-available-languages-message-ja\">\u7533\u3057\u8a33\u3042\u308a\u307e\u305b\u3093\u3001\u3053\u306e\u30b3\u30f3\u30c6\u30f3\u30c4\u306f\u305f\u3060\u4eca\u3000<a href=\"https:\/\/backup.altanalaw.com\/fr\/wp-json\/wp\/v2\/pages\/7920\" class=\"qtranxs-available-language-link qtranxs-available-language-link-fr\" title=\"Fran\u00e7ais\">Fran\u00e7ais<\/a>\u3068 <a href=\"https:\/\/backup.altanalaw.com\/en\/wp-json\/wp\/v2\/pages\/7920\" class=\"qtranxs-available-language-link qtranxs-available-language-link-en\" title=\"English\">English<\/a>\u3000\u306e\u307f\u3067\u3059\u3002 For the sake of viewer convenience, the content is shown below in this site default language. You may click one of the links to switch the site language to another available language.<\/p><p>Notre d\u00e9partement est en charge des baux et gestion locative :<\/p>\n<ul>\n<li>N\u00e9gociation et r\u00e9daction de baux commerciaux, baux d\u00e9rogatoires, conventions d\u2019occupation pr\u00e9caire, conventions de stand, etc;<\/li>\n<li>Audits des conventions locatives et des obligations des bailleurs et des locataires (r\u00e8glements de copropri\u00e9t\u00e9, descriptifs techniques (CPTA), rapports amiante, garanties, etc.);<\/li>\n<li>Actualisation des baux \u00e0 la r\u00e9glementation nouvelle (d\u00e9cret tertiaire, loi Mobilit\u00e9s, etc.);<\/li>\n<li>consultations sur l\u2019ensemble des sujets int\u00e9ressant les baux commerciaux\u00a0: sous-location\u00a0; cession\u00a0; renouvellement\u00a0; r\u00e9siliation\u00a0; fixation judiciaire des loyers et des indemnit\u00e9s d\u2019\u00e9viction ou d\u2019occupation;<\/li>\n<li>Contentieux de la vie des baux et notamment ceux devant le juge des loyers commerciaux;<\/li>\n<li>Assistance pour la restitution des locaux (pr\u00e9contentieux et contentieux)\u00a0;<\/li>\n<li>Expertises judiciaires\u00a0: valeur locative, facteurs locaux de commercialit\u00e9, indemnit\u00e9 d\u2019\u00e9viction, mais \u00e9galement plus techniques (amiante, d\u00e9sordres et non-conformit\u00e9s, etc.)<\/li>\n<\/ul>\n<p><\/p>","protected":false},"excerpt":{"rendered":"<p>\u7533\u3057\u8a33\u3042\u308a\u307e\u305b\u3093\u3001\u3053\u306e\u30b3\u30f3\u30c6\u30f3\u30c4\u306f\u305f\u3060\u4eca\u3000Fran\u00e7ais\u3068 English\u3000\u306e\u307f\u3067\u3059\u3002 For the sake of viewer convenience, the content is shown below in [&hellip;]<\/p>\n","protected":false},"author":17,"featured_media":0,"parent":33,"menu_order":25,"comment_status":"closed","ping_status":"closed","template":"tpl-expertise.php","meta":{"footnotes":""},"class_list":["post-7920","page","type-page","status-publish","hentry"],"yoast_head":"<!-- This site is optimized with the Yoast SEO plugin v22.2 - https:\/\/yoast.com\/wordpress\/plugins\/seo\/ -->\n<title><\/title>\n<meta name=\"robots\" content=\"noindex, follow, max-snippet:-1, max-image-preview:large, max-video-preview:-1\" \/>\n<meta property=\"og:locale\" content=\"ja_JP\" \/>\n<meta property=\"og:type\" content=\"article\" \/>\n<meta property=\"og:title\" content=\"[:fr]Droit immobilier[:en]Real Estate[:] - Altana\" \/>\n<meta property=\"og:description\" content=\"\u7533\u3057\u8a33\u3042\u308a\u307e\u305b\u3093\u3001\u3053\u306e\u30b3\u30f3\u30c6\u30f3\u30c4\u306f\u305f\u3060\u4eca\u3000Fran\u00e7ais\u3068 English\u3000\u306e\u307f\u3067\u3059\u3002 For the sake of viewer convenience, the content is shown below in [&hellip;]\" \/>\n<meta property=\"og:url\" content=\"https:\/\/backup.altanalaw.com\/competences\/droit-immobilier\" \/>\n<meta property=\"og:site_name\" content=\"Altana\" \/>\n<meta property=\"article:modified_time\" content=\"2022-04-19T09:01:41+00:00\" \/>\n<meta name=\"twitter:card\" content=\"summary_large_image\" \/>\n<meta name=\"twitter:label1\" content=\"\u63a8\u5b9a\u8aad\u307f\u53d6\u308a\u6642\u9593\" \/>\n\t<meta name=\"twitter:data1\" content=\"1\u5206\" \/>\n<script type=\"application\/ld+json\" class=\"yoast-schema-graph\">{\"@context\":\"https:\/\/schema.org\",\"@graph\":[{\"@type\":\"WebPage\",\"@id\":\"https:\/\/backup.altanalaw.com\/competences\/droit-immobilier\",\"url\":\"https:\/\/backup.altanalaw.com\/competences\/droit-immobilier\",\"name\":\"[:fr]Droit immobilier[:en]Real Estate[:] - Altana\",\"isPartOf\":{\"@id\":\"https:\/\/backup.altanalaw.com\/#website\"},\"datePublished\":\"2021-06-02T13:10:14+00:00\",\"dateModified\":\"2022-04-19T09:01:41+00:00\",\"breadcrumb\":{\"@id\":\"https:\/\/backup.altanalaw.com\/competences\/droit-immobilier#breadcrumb\"},\"inLanguage\":\"ja\",\"potentialAction\":[{\"@type\":\"ReadAction\",\"target\":[\"https:\/\/backup.altanalaw.com\/competences\/droit-immobilier\"]}]},{\"@type\":\"BreadcrumbList\",\"@id\":\"https:\/\/backup.altanalaw.com\/competences\/droit-immobilier#breadcrumb\",\"itemListElement\":[{\"@type\":\"ListItem\",\"position\":1,\"name\":\"Nos Comp\u00e9tences\",\"item\":\"https:\/\/backup.altanalaw.com\/competences\"},{\"@type\":\"ListItem\",\"position\":2,\"name\":\"Droit immobilier\"}]},{\"@type\":\"WebSite\",\"@id\":\"https:\/\/backup.altanalaw.com\/#website\",\"url\":\"https:\/\/backup.altanalaw.com\/\",\"name\":\"Altana\",\"description\":\"Soci\u00e9t\u00e9 d&#039;avocats \u00e0 la Cour de Paris\",\"potentialAction\":[{\"@type\":\"SearchAction\",\"target\":{\"@type\":\"EntryPoint\",\"urlTemplate\":\"https:\/\/backup.altanalaw.com\/?s={search_term_string}\"},\"query-input\":\"required name=search_term_string\"}],\"inLanguage\":\"ja\"}]}<\/script>\n<!-- \/ Yoast SEO plugin. -->","yoast_head_json":{"title":"[:fr]Droit immobilier[:en]Real Estate[:] - Altana","robots":{"index":"noindex","follow":"follow","max-snippet":"max-snippet:-1","max-image-preview":"max-image-preview:large","max-video-preview":"max-video-preview:-1"},"og_locale":"ja_JP","og_type":"article","og_title":"[:fr]Droit immobilier[:en]Real Estate[:] - Altana","og_description":"\u7533\u3057\u8a33\u3042\u308a\u307e\u305b\u3093\u3001\u3053\u306e\u30b3\u30f3\u30c6\u30f3\u30c4\u306f\u305f\u3060\u4eca\u3000Fran\u00e7ais\u3068 English\u3000\u306e\u307f\u3067\u3059\u3002 For the sake of viewer convenience, the content is shown below in [&hellip;]","og_url":"https:\/\/backup.altanalaw.com\/competences\/droit-immobilier","og_site_name":"Altana","article_modified_time":"2022-04-19T09:01:41+00:00","twitter_card":"summary_large_image","twitter_misc":{"\u63a8\u5b9a\u8aad\u307f\u53d6\u308a\u6642\u9593":"1\u5206"},"schema":{"@context":"https:\/\/schema.org","@graph":[{"@type":"WebPage","@id":"https:\/\/backup.altanalaw.com\/competences\/droit-immobilier","url":"https:\/\/backup.altanalaw.com\/competences\/droit-immobilier","name":"[:fr]Droit immobilier[:en]Real Estate[:] - Altana","isPartOf":{"@id":"https:\/\/backup.altanalaw.com\/#website"},"datePublished":"2021-06-02T13:10:14+00:00","dateModified":"2022-04-19T09:01:41+00:00","breadcrumb":{"@id":"https:\/\/backup.altanalaw.com\/competences\/droit-immobilier#breadcrumb"},"inLanguage":"ja","potentialAction":[{"@type":"ReadAction","target":["https:\/\/backup.altanalaw.com\/competences\/droit-immobilier"]}]},{"@type":"BreadcrumbList","@id":"https:\/\/backup.altanalaw.com\/competences\/droit-immobilier#breadcrumb","itemListElement":[{"@type":"ListItem","position":1,"name":"Nos Comp\u00e9tences","item":"https:\/\/backup.altanalaw.com\/competences"},{"@type":"ListItem","position":2,"name":"Droit immobilier"}]},{"@type":"WebSite","@id":"https:\/\/backup.altanalaw.com\/#website","url":"https:\/\/backup.altanalaw.com\/","name":"Altana","description":"Soci\u00e9t\u00e9 d&#039;avocats \u00e0 la Cour de Paris","potentialAction":[{"@type":"SearchAction","target":{"@type":"EntryPoint","urlTemplate":"https:\/\/backup.altanalaw.com\/?s={search_term_string}"},"query-input":"required name=search_term_string"}],"inLanguage":"ja"}]}},"_links":{"self":[{"href":"https:\/\/backup.altanalaw.com\/ja\/wp-json\/wp\/v2\/pages\/7920"}],"collection":[{"href":"https:\/\/backup.altanalaw.com\/ja\/wp-json\/wp\/v2\/pages"}],"about":[{"href":"https:\/\/backup.altanalaw.com\/ja\/wp-json\/wp\/v2\/types\/page"}],"author":[{"embeddable":true,"href":"https:\/\/backup.altanalaw.com\/ja\/wp-json\/wp\/v2\/users\/17"}],"replies":[{"embeddable":true,"href":"https:\/\/backup.altanalaw.com\/ja\/wp-json\/wp\/v2\/comments?post=7920"}],"version-history":[{"count":4,"href":"https:\/\/backup.altanalaw.com\/ja\/wp-json\/wp\/v2\/pages\/7920\/revisions"}],"predecessor-version":[{"id":8920,"href":"https:\/\/backup.altanalaw.com\/ja\/wp-json\/wp\/v2\/pages\/7920\/revisions\/8920"}],"up":[{"embeddable":true,"href":"https:\/\/backup.altanalaw.com\/ja\/wp-json\/wp\/v2\/pages\/33"}],"wp:attachment":[{"href":"https:\/\/backup.altanalaw.com\/ja\/wp-json\/wp\/v2\/media?parent=7920"}],"curies":[{"name":"wp","href":"https:\/\/api.w.org\/{rel}","templated":true}]}}