{"id":63,"date":"2013-09-23T14:22:05","date_gmt":"2013-09-23T12:22:05","guid":{"rendered":"http:\/\/backup.altanalaw.com\/\/?page_id=63"},"modified":"2022-05-30T12:36:10","modified_gmt":"2022-05-30T11:36:10","slug":"droit-economique-concurrence","status":"publish","type":"page","link":"https:\/\/backup.altanalaw.com\/ja\/competences\/droit-economique-concurrence","title":{"rendered":"Droit \u00e9conomique et de la concurrence"},"content":{"rendered":"<p class=\"qtranxs-available-languages-message qtranxs-available-languages-message-ja\">\u7533\u3057\u8a33\u3042\u308a\u307e\u305b\u3093\u3001\u3053\u306e\u30b3\u30f3\u30c6\u30f3\u30c4\u306f\u305f\u3060\u4eca\u3000<a href=\"https:\/\/backup.altanalaw.com\/fr\/wp-json\/wp\/v2\/pages\/63\" class=\"qtranxs-available-language-link qtranxs-available-language-link-fr\" title=\"Fran\u00e7ais\">Fran\u00e7ais<\/a>\u3068 <a href=\"https:\/\/backup.altanalaw.com\/en\/wp-json\/wp\/v2\/pages\/63\" class=\"qtranxs-available-language-link qtranxs-available-language-link-en\" title=\"English\">English<\/a>\u3000\u306e\u307f\u3067\u3059\u3002 For the sake of viewer convenience, the content is shown below in this site default language. You may click one of the links to switch the site language to another available language.<\/p><p><\/p>\n<p style=\"text-align: justify;\">L\u2019\u00e9quipe droit \u00e9conomique, compos\u00e9 de trois avocats, conseille et assiste ses clients dans tous les aspects du droit \u00e9conomique et de la concurrence. R\u00e9solument internatio\u00adnale, elle conseille et assiste des groupes \u00e9trangers de premier plan (japonais, cor\u00e9ens, am\u00e9ricains, europ\u00e9ens) et leurs filiales, implan\u00adt\u00e9es en France et en Europe dans de nombreux secteurs d\u2019activit\u00e9s :<\/p>\n<h3 style=\"text-align: justify;\">Droit de la concurrence<\/h3>\n<ul style=\"text-align: justify;\">\n<li>Concentrations<\/li>\n<li>Ententes (verticales et horizontales)<\/li>\n<li>Abus de position dominante\/abus de d\u00e9pendance \u00e9conomique<\/li>\n<li>Aides d\u2019\u00c9tat<\/li>\n<\/ul>\n<h3 style=\"text-align: justify;\">Droit de la distribution<\/h3>\n<ul style=\"text-align: justify;\">\n<li>Canaux de distribution\/probl\u00e9matiques issues de la distribution par internet<\/li>\n<li>Contrats de partenariats (r\u00e9f\u00e9rencement, agent commercial, commissionnement, courtage, apport d\u2019affaires, coop\u00e9ration, sponsoring, m\u00e9c\u00e9nat\u2026)<\/li>\n<li>Pratiques restrictives (rupture brutale, d\u00e9s\u00e9quilibre significatif, revente \u00e0 perte)<\/li>\n<\/ul>\n<h3 style=\"text-align: justify;\">Droit de la consommation<\/h3>\n<ul style=\"text-align: justify;\">\n<li>Pratiques commerciales trompeuses ou agressives (publicit\u00e9 mensong\u00e8re\u2026)<\/li>\n<li>Validit\u00e9 des op\u00e9rations de promotion (offres de remboursement, vente avec prime\u2026)<\/li>\n<li>Loteries<\/li>\n<li>Enqu\u00eates et contr\u00f4les de la DGCCRF<\/li>\n<\/ul>\n<p>L\u2019\u00e9quipe accompagne les entreprises tant en conseil qu&#8217;en contentieux. Elle est \u00e0 leurs c\u00f4t\u00e9s, tel un v\u00e9ritable \u201cThink Tank&#8221;, souvent en amont des strat\u00e9gies commerciales qu&#8217;elles mettent en \u0153uvre.<\/p>\n<p style=\"text-align: justify;\">L&#8217;\u00e9quipe de droit \u00e9conomique et de la concurrence a notamment \u00e9t\u00e9 distingu\u00e9e dans les classements D\u00e9cideurs et Legal 500.<\/p>\n<p><\/p>","protected":false},"excerpt":{"rendered":"<p>\u7533\u3057\u8a33\u3042\u308a\u307e\u305b\u3093\u3001\u3053\u306e\u30b3\u30f3\u30c6\u30f3\u30c4\u306f\u305f\u3060\u4eca\u3000Fran\u00e7ais\u3068 English\u3000\u306e\u307f\u3067\u3059\u3002 For the sake of viewer convenience, the content is shown below in [&hellip;]<\/p>\n","protected":false},"author":14,"featured_media":0,"parent":33,"menu_order":14,"comment_status":"closed","ping_status":"closed","template":"tpl-expertise.php","meta":{"footnotes":""},"class_list":["post-63","page","type-page","status-publish","hentry"],"yoast_head":"<!-- This site is optimized with the Yoast SEO plugin v22.2 - https:\/\/yoast.com\/wordpress\/plugins\/seo\/ -->\n<title><\/title>\n<meta name=\"robots\" content=\"noindex, follow, max-snippet:-1, max-image-preview:large, max-video-preview:-1\" \/>\n<meta property=\"og:locale\" content=\"ja_JP\" \/>\n<meta property=\"og:type\" content=\"article\" \/>\n<meta property=\"og:title\" content=\"[:fr]Droit \u00e9conomique et de la concurrence[:en]Economic and Competition Law[:] - Altana\" \/>\n<meta property=\"og:description\" content=\"\u7533\u3057\u8a33\u3042\u308a\u307e\u305b\u3093\u3001\u3053\u306e\u30b3\u30f3\u30c6\u30f3\u30c4\u306f\u305f\u3060\u4eca\u3000Fran\u00e7ais\u3068 English\u3000\u306e\u307f\u3067\u3059\u3002 For the sake of viewer convenience, the content is shown below in [&hellip;]\" \/>\n<meta property=\"og:url\" content=\"https:\/\/backup.altanalaw.com\/competences\/droit-economique-concurrence\" \/>\n<meta property=\"og:site_name\" content=\"Altana\" \/>\n<meta property=\"article:modified_time\" content=\"2022-05-30T11:36:10+00:00\" \/>\n<meta name=\"twitter:card\" content=\"summary_large_image\" \/>\n<meta name=\"twitter:label1\" content=\"\u63a8\u5b9a\u8aad\u307f\u53d6\u308a\u6642\u9593\" \/>\n\t<meta name=\"twitter:data1\" content=\"1\u5206\" \/>\n<script type=\"application\/ld+json\" class=\"yoast-schema-graph\">{\"@context\":\"https:\/\/schema.org\",\"@graph\":[{\"@type\":\"WebPage\",\"@id\":\"https:\/\/backup.altanalaw.com\/competences\/droit-economique-concurrence\",\"url\":\"https:\/\/backup.altanalaw.com\/competences\/droit-economique-concurrence\",\"name\":\"[:fr]Droit \u00e9conomique et de la concurrence[:en]Economic and Competition Law[:] - Altana\",\"isPartOf\":{\"@id\":\"https:\/\/backup.altanalaw.com\/#website\"},\"datePublished\":\"2013-09-23T12:22:05+00:00\",\"dateModified\":\"2022-05-30T11:36:10+00:00\",\"breadcrumb\":{\"@id\":\"https:\/\/backup.altanalaw.com\/competences\/droit-economique-concurrence#breadcrumb\"},\"inLanguage\":\"ja\",\"potentialAction\":[{\"@type\":\"ReadAction\",\"target\":[\"https:\/\/backup.altanalaw.com\/competences\/droit-economique-concurrence\"]}]},{\"@type\":\"BreadcrumbList\",\"@id\":\"https:\/\/backup.altanalaw.com\/competences\/droit-economique-concurrence#breadcrumb\",\"itemListElement\":[{\"@type\":\"ListItem\",\"position\":1,\"name\":\"Nos Comp\u00e9tences\",\"item\":\"https:\/\/backup.altanalaw.com\/competences\"},{\"@type\":\"ListItem\",\"position\":2,\"name\":\"Droit \u00e9conomique et de la concurrence\"}]},{\"@type\":\"WebSite\",\"@id\":\"https:\/\/backup.altanalaw.com\/#website\",\"url\":\"https:\/\/backup.altanalaw.com\/\",\"name\":\"Altana\",\"description\":\"Soci\u00e9t\u00e9 d&#039;avocats \u00e0 la Cour de Paris\",\"potentialAction\":[{\"@type\":\"SearchAction\",\"target\":{\"@type\":\"EntryPoint\",\"urlTemplate\":\"https:\/\/backup.altanalaw.com\/?s={search_term_string}\"},\"query-input\":\"required name=search_term_string\"}],\"inLanguage\":\"ja\"}]}<\/script>\n<!-- \/ Yoast SEO plugin. -->","yoast_head_json":{"title":"[:fr]Droit \u00e9conomique et de la concurrence[:en]Economic and Competition Law[:] - Altana","robots":{"index":"noindex","follow":"follow","max-snippet":"max-snippet:-1","max-image-preview":"max-image-preview:large","max-video-preview":"max-video-preview:-1"},"og_locale":"ja_JP","og_type":"article","og_title":"[:fr]Droit \u00e9conomique et de la concurrence[:en]Economic and Competition Law[:] - Altana","og_description":"\u7533\u3057\u8a33\u3042\u308a\u307e\u305b\u3093\u3001\u3053\u306e\u30b3\u30f3\u30c6\u30f3\u30c4\u306f\u305f\u3060\u4eca\u3000Fran\u00e7ais\u3068 English\u3000\u306e\u307f\u3067\u3059\u3002 For the sake of viewer convenience, the content is shown below in [&hellip;]","og_url":"https:\/\/backup.altanalaw.com\/competences\/droit-economique-concurrence","og_site_name":"Altana","article_modified_time":"2022-05-30T11:36:10+00:00","twitter_card":"summary_large_image","twitter_misc":{"\u63a8\u5b9a\u8aad\u307f\u53d6\u308a\u6642\u9593":"1\u5206"},"schema":{"@context":"https:\/\/schema.org","@graph":[{"@type":"WebPage","@id":"https:\/\/backup.altanalaw.com\/competences\/droit-economique-concurrence","url":"https:\/\/backup.altanalaw.com\/competences\/droit-economique-concurrence","name":"[:fr]Droit \u00e9conomique et de la concurrence[:en]Economic and Competition Law[:] - Altana","isPartOf":{"@id":"https:\/\/backup.altanalaw.com\/#website"},"datePublished":"2013-09-23T12:22:05+00:00","dateModified":"2022-05-30T11:36:10+00:00","breadcrumb":{"@id":"https:\/\/backup.altanalaw.com\/competences\/droit-economique-concurrence#breadcrumb"},"inLanguage":"ja","potentialAction":[{"@type":"ReadAction","target":["https:\/\/backup.altanalaw.com\/competences\/droit-economique-concurrence"]}]},{"@type":"BreadcrumbList","@id":"https:\/\/backup.altanalaw.com\/competences\/droit-economique-concurrence#breadcrumb","itemListElement":[{"@type":"ListItem","position":1,"name":"Nos Comp\u00e9tences","item":"https:\/\/backup.altanalaw.com\/competences"},{"@type":"ListItem","position":2,"name":"Droit \u00e9conomique et de la concurrence"}]},{"@type":"WebSite","@id":"https:\/\/backup.altanalaw.com\/#website","url":"https:\/\/backup.altanalaw.com\/","name":"Altana","description":"Soci\u00e9t\u00e9 d&#039;avocats \u00e0 la Cour de Paris","potentialAction":[{"@type":"SearchAction","target":{"@type":"EntryPoint","urlTemplate":"https:\/\/backup.altanalaw.com\/?s={search_term_string}"},"query-input":"required name=search_term_string"}],"inLanguage":"ja"}]}},"_links":{"self":[{"href":"https:\/\/backup.altanalaw.com\/ja\/wp-json\/wp\/v2\/pages\/63"}],"collection":[{"href":"https:\/\/backup.altanalaw.com\/ja\/wp-json\/wp\/v2\/pages"}],"about":[{"href":"https:\/\/backup.altanalaw.com\/ja\/wp-json\/wp\/v2\/types\/page"}],"author":[{"embeddable":true,"href":"https:\/\/backup.altanalaw.com\/ja\/wp-json\/wp\/v2\/users\/14"}],"replies":[{"embeddable":true,"href":"https:\/\/backup.altanalaw.com\/ja\/wp-json\/wp\/v2\/comments?post=63"}],"version-history":[{"count":8,"href":"https:\/\/backup.altanalaw.com\/ja\/wp-json\/wp\/v2\/pages\/63\/revisions"}],"predecessor-version":[{"id":8984,"href":"https:\/\/backup.altanalaw.com\/ja\/wp-json\/wp\/v2\/pages\/63\/revisions\/8984"}],"up":[{"embeddable":true,"href":"https:\/\/backup.altanalaw.com\/ja\/wp-json\/wp\/v2\/pages\/33"}],"wp:attachment":[{"href":"https:\/\/backup.altanalaw.com\/ja\/wp-json\/wp\/v2\/media?parent=63"}],"curies":[{"name":"wp","href":"https:\/\/api.w.org\/{rel}","templated":true}]}}