{"id":61,"date":"2013-09-23T14:21:38","date_gmt":"2013-09-23T12:21:38","guid":{"rendered":"http:\/\/backup.altanalaw.com\/\/?page_id=61"},"modified":"2021-09-15T11:51:22","modified_gmt":"2021-09-15T10:51:22","slug":"droit-environnement","status":"publish","type":"page","link":"https:\/\/backup.altanalaw.com\/ja\/competences\/droit-environnement","title":{"rendered":"Droit de l\u2019environnement"},"content":{"rendered":"<p class=\"qtranxs-available-languages-message qtranxs-available-languages-message-ja\">\u7533\u3057\u8a33\u3042\u308a\u307e\u305b\u3093\u3001\u3053\u306e\u30b3\u30f3\u30c6\u30f3\u30c4\u306f\u305f\u3060\u4eca\u3000<a href=\"https:\/\/backup.altanalaw.com\/fr\/wp-json\/wp\/v2\/pages\/61\" class=\"qtranxs-available-language-link qtranxs-available-language-link-fr\" title=\"Fran\u00e7ais\">Fran\u00e7ais<\/a>\u3068 <a href=\"https:\/\/backup.altanalaw.com\/en\/wp-json\/wp\/v2\/pages\/61\" class=\"qtranxs-available-language-link qtranxs-available-language-link-en\" title=\"English\">English<\/a>\u3000\u306e\u307f\u3067\u3059\u3002 For the sake of viewer convenience, the content is shown below in this site default language. You may click one of the links to switch the site language to another available language.<\/p><p><\/p>\n<p style=\"text-align: justify;\">Les avocats d\u2019ADVANT Altana conseillent et assistent leurs clients industriels, financiers ou du secteur des industries extractives sur toutes leurs probl\u00e9matiques environnementales et b\u00e9n\u00e9ficient d\u2019une expertise reconnue notamment en mati\u00e8re de :<\/p>\n<ul>\n<li style=\"text-align: justify;\">montage des dossiers de cr\u00e9ation d&#8217;installation class\u00e9e;<\/li>\n<li style=\"text-align: justify;\">repr\u00e9sentation et assistance devant les juridictions administrative, civile et p\u00e9nale;<\/li>\n<li style=\"text-align: justify;\">audits environnementaux.<\/li>\n<\/ul>\n<p><\/p>","protected":false},"excerpt":{"rendered":"<p>\u7533\u3057\u8a33\u3042\u308a\u307e\u305b\u3093\u3001\u3053\u306e\u30b3\u30f3\u30c6\u30f3\u30c4\u306f\u305f\u3060\u4eca\u3000Fran\u00e7ais\u3068 English\u3000\u306e\u307f\u3067\u3059\u3002 For the sake of viewer convenience, the content is shown below in [&hellip;]<\/p>\n","protected":false},"author":14,"featured_media":0,"parent":33,"menu_order":15,"comment_status":"closed","ping_status":"closed","template":"tpl-expertise.php","meta":{"footnotes":""},"class_list":["post-61","page","type-page","status-publish","hentry"],"yoast_head":"<!-- This site is optimized with the Yoast SEO plugin v22.2 - https:\/\/yoast.com\/wordpress\/plugins\/seo\/ -->\n<title><\/title>\n<meta name=\"robots\" content=\"noindex, follow, max-snippet:-1, max-image-preview:large, max-video-preview:-1\" \/>\n<meta property=\"og:locale\" content=\"ja_JP\" \/>\n<meta property=\"og:type\" content=\"article\" \/>\n<meta property=\"og:title\" content=\"[:fr]Droit de l\u2019environnement[:en]Environmental Law[:] - Altana\" \/>\n<meta property=\"og:description\" content=\"\u7533\u3057\u8a33\u3042\u308a\u307e\u305b\u3093\u3001\u3053\u306e\u30b3\u30f3\u30c6\u30f3\u30c4\u306f\u305f\u3060\u4eca\u3000Fran\u00e7ais\u3068 English\u3000\u306e\u307f\u3067\u3059\u3002 For the sake of viewer convenience, the content is shown below in [&hellip;]\" \/>\n<meta property=\"og:url\" content=\"https:\/\/backup.altanalaw.com\/competences\/droit-environnement\" \/>\n<meta property=\"og:site_name\" content=\"Altana\" \/>\n<meta property=\"article:modified_time\" content=\"2021-09-15T10:51:22+00:00\" \/>\n<meta name=\"twitter:card\" content=\"summary_large_image\" \/>\n<meta name=\"twitter:label1\" content=\"\u63a8\u5b9a\u8aad\u307f\u53d6\u308a\u6642\u9593\" \/>\n\t<meta name=\"twitter:data1\" content=\"1\u5206\" \/>\n<script type=\"application\/ld+json\" class=\"yoast-schema-graph\">{\"@context\":\"https:\/\/schema.org\",\"@graph\":[{\"@type\":\"WebPage\",\"@id\":\"https:\/\/backup.altanalaw.com\/competences\/droit-environnement\",\"url\":\"https:\/\/backup.altanalaw.com\/competences\/droit-environnement\",\"name\":\"[:fr]Droit de l\u2019environnement[:en]Environmental Law[:] - Altana\",\"isPartOf\":{\"@id\":\"https:\/\/backup.altanalaw.com\/#website\"},\"datePublished\":\"2013-09-23T12:21:38+00:00\",\"dateModified\":\"2021-09-15T10:51:22+00:00\",\"breadcrumb\":{\"@id\":\"https:\/\/backup.altanalaw.com\/competences\/droit-environnement#breadcrumb\"},\"inLanguage\":\"ja\",\"potentialAction\":[{\"@type\":\"ReadAction\",\"target\":[\"https:\/\/backup.altanalaw.com\/competences\/droit-environnement\"]}]},{\"@type\":\"BreadcrumbList\",\"@id\":\"https:\/\/backup.altanalaw.com\/competences\/droit-environnement#breadcrumb\",\"itemListElement\":[{\"@type\":\"ListItem\",\"position\":1,\"name\":\"Nos Comp\u00e9tences\",\"item\":\"https:\/\/backup.altanalaw.com\/competences\"},{\"@type\":\"ListItem\",\"position\":2,\"name\":\"Droit de l\u2019environnement\"}]},{\"@type\":\"WebSite\",\"@id\":\"https:\/\/backup.altanalaw.com\/#website\",\"url\":\"https:\/\/backup.altanalaw.com\/\",\"name\":\"Altana\",\"description\":\"Soci\u00e9t\u00e9 d&#039;avocats \u00e0 la Cour de Paris\",\"potentialAction\":[{\"@type\":\"SearchAction\",\"target\":{\"@type\":\"EntryPoint\",\"urlTemplate\":\"https:\/\/backup.altanalaw.com\/?s={search_term_string}\"},\"query-input\":\"required name=search_term_string\"}],\"inLanguage\":\"ja\"}]}<\/script>\n<!-- \/ Yoast SEO plugin. -->","yoast_head_json":{"title":"[:fr]Droit de l\u2019environnement[:en]Environmental Law[:] - Altana","robots":{"index":"noindex","follow":"follow","max-snippet":"max-snippet:-1","max-image-preview":"max-image-preview:large","max-video-preview":"max-video-preview:-1"},"og_locale":"ja_JP","og_type":"article","og_title":"[:fr]Droit de l\u2019environnement[:en]Environmental Law[:] - Altana","og_description":"\u7533\u3057\u8a33\u3042\u308a\u307e\u305b\u3093\u3001\u3053\u306e\u30b3\u30f3\u30c6\u30f3\u30c4\u306f\u305f\u3060\u4eca\u3000Fran\u00e7ais\u3068 English\u3000\u306e\u307f\u3067\u3059\u3002 For the sake of viewer convenience, the content is shown below in [&hellip;]","og_url":"https:\/\/backup.altanalaw.com\/competences\/droit-environnement","og_site_name":"Altana","article_modified_time":"2021-09-15T10:51:22+00:00","twitter_card":"summary_large_image","twitter_misc":{"\u63a8\u5b9a\u8aad\u307f\u53d6\u308a\u6642\u9593":"1\u5206"},"schema":{"@context":"https:\/\/schema.org","@graph":[{"@type":"WebPage","@id":"https:\/\/backup.altanalaw.com\/competences\/droit-environnement","url":"https:\/\/backup.altanalaw.com\/competences\/droit-environnement","name":"[:fr]Droit de l\u2019environnement[:en]Environmental Law[:] - Altana","isPartOf":{"@id":"https:\/\/backup.altanalaw.com\/#website"},"datePublished":"2013-09-23T12:21:38+00:00","dateModified":"2021-09-15T10:51:22+00:00","breadcrumb":{"@id":"https:\/\/backup.altanalaw.com\/competences\/droit-environnement#breadcrumb"},"inLanguage":"ja","potentialAction":[{"@type":"ReadAction","target":["https:\/\/backup.altanalaw.com\/competences\/droit-environnement"]}]},{"@type":"BreadcrumbList","@id":"https:\/\/backup.altanalaw.com\/competences\/droit-environnement#breadcrumb","itemListElement":[{"@type":"ListItem","position":1,"name":"Nos Comp\u00e9tences","item":"https:\/\/backup.altanalaw.com\/competences"},{"@type":"ListItem","position":2,"name":"Droit de l\u2019environnement"}]},{"@type":"WebSite","@id":"https:\/\/backup.altanalaw.com\/#website","url":"https:\/\/backup.altanalaw.com\/","name":"Altana","description":"Soci\u00e9t\u00e9 d&#039;avocats \u00e0 la Cour de Paris","potentialAction":[{"@type":"SearchAction","target":{"@type":"EntryPoint","urlTemplate":"https:\/\/backup.altanalaw.com\/?s={search_term_string}"},"query-input":"required name=search_term_string"}],"inLanguage":"ja"}]}},"_links":{"self":[{"href":"https:\/\/backup.altanalaw.com\/ja\/wp-json\/wp\/v2\/pages\/61"}],"collection":[{"href":"https:\/\/backup.altanalaw.com\/ja\/wp-json\/wp\/v2\/pages"}],"about":[{"href":"https:\/\/backup.altanalaw.com\/ja\/wp-json\/wp\/v2\/types\/page"}],"author":[{"embeddable":true,"href":"https:\/\/backup.altanalaw.com\/ja\/wp-json\/wp\/v2\/users\/14"}],"replies":[{"embeddable":true,"href":"https:\/\/backup.altanalaw.com\/ja\/wp-json\/wp\/v2\/comments?post=61"}],"version-history":[{"count":8,"href":"https:\/\/backup.altanalaw.com\/ja\/wp-json\/wp\/v2\/pages\/61\/revisions"}],"predecessor-version":[{"id":8403,"href":"https:\/\/backup.altanalaw.com\/ja\/wp-json\/wp\/v2\/pages\/61\/revisions\/8403"}],"up":[{"embeddable":true,"href":"https:\/\/backup.altanalaw.com\/ja\/wp-json\/wp\/v2\/pages\/33"}],"wp:attachment":[{"href":"https:\/\/backup.altanalaw.com\/ja\/wp-json\/wp\/v2\/media?parent=61"}],"curies":[{"name":"wp","href":"https:\/\/api.w.org\/{rel}","templated":true}]}}