{"id":590,"date":"2013-11-15T03:14:46","date_gmt":"2013-11-15T01:14:46","guid":{"rendered":"http:\/\/backup.altanalaw.com\/\/?page_id=590"},"modified":"2022-10-25T15:30:01","modified_gmt":"2022-10-25T14:30:01","slug":"cybercriminalite","status":"publish","type":"page","link":"https:\/\/backup.altanalaw.com\/ja\/competences\/cybercriminalite","title":{"rendered":"Cyber Strat\u00e9gie"},"content":{"rendered":"<p class=\"qtranxs-available-languages-message qtranxs-available-languages-message-ja\">\u7533\u3057\u8a33\u3042\u308a\u307e\u305b\u3093\u3001\u3053\u306e\u30b3\u30f3\u30c6\u30f3\u30c4\u306f\u305f\u3060\u4eca\u3000<a href=\"https:\/\/backup.altanalaw.com\/fr\/wp-json\/wp\/v2\/pages\/590\" class=\"qtranxs-available-language-link qtranxs-available-language-link-fr\" title=\"Fran\u00e7ais\">Fran\u00e7ais<\/a>\u3068 <a href=\"https:\/\/backup.altanalaw.com\/en\/wp-json\/wp\/v2\/pages\/590\" class=\"qtranxs-available-language-link qtranxs-available-language-link-en\" title=\"English\">English<\/a>\u3000\u306e\u307f\u3067\u3059\u3002 For the sake of viewer convenience, the content is shown below in this site default language. You may click one of the links to switch the site language to another available language.<\/p><p><\/p>\n<p style=\"text-align: justify;\">Gr\u00e2ce \u00e0 sa triple comp\u00e9tence en droit p\u00e9nal, en droit des technologies de l\u2019information et en droit social, notre \u00e9quipe assure \u00e0 ses clients une d\u00e9fense strat\u00e9gique sur mesure, adapt\u00e9e aux exigences techniques des investigations :\u00a0<b><\/b><\/p>\n<ul style=\"text-align: justify;\">\n<li>assistance imm\u00e9diate en cas d\u2019atteintes physiques ou logiques aux syst\u00e8mes d\u2019information ou de vols de prototypes, mod\u00e8les, plans fichiers ou donn\u00e9es personnelles tant pour les aspects p\u00e9naux que pour les aspects prud\u2019homaux lorsque les agissements sont commis par ou avec la complicit\u00e9 d\u2019un salari\u00e9 ou ex-salari\u00e9<\/li>\n<li>analyses et pr\u00e9sentations juridiques des actions techniques mises en \u0153uvre lors de la commission d\u2019infractions \u00a0(usurpation d\u2019identit\u00e9 en ligne, violation du secret des correspondances \u00e9lectroniques, infractions \u00e0 la loi sur les jeux d\u2019argent et de hasard sur internet, infractions \u00e0 la loi Informatique et libert\u00e9s)<\/li>\n<li>ma\u00eetrise des proc\u00e9dures p\u00e9nales et connaissance des services d\u2019investigations sp\u00e9cialis\u00e9s<\/li>\n<li>collaboration r\u00e9guli\u00e8re avec les experts en la mati\u00e8re<\/li>\n<li>sensibilisation aux risques et formation aux mesures de protection envisageables et aux politiques de s\u00e9curit\u00e9 \u00e0 mettre en \u0153uvre<\/li>\n<\/ul>\n<p style=\"text-align: justify;\">Notre \u00e9quipe a de fortes connaissances techniques des technologies lui permettant de comprendre l\u2019ensemble des informations communiqu\u00e9es par ses clients, leurs DSI ou op\u00e9rationnels, et de les transmettre de mani\u00e8re intelligible aux magistrats en charge de l\u2019enqu\u00eate ou aux services d\u2019investigations sp\u00e9cialis\u00e9s. Notre \u00e9quipe participe \u00e0 la formation continue des magistrats en droit p\u00e9nal des nouvelles technologies. Compte-tenu de notre implication dans des projets d\u2019envergure internationale, notre \u00e9quipe peut s\u2019appuyer sur son r\u00e9seau de correspondants habituels sp\u00e9cialis\u00e9s dans ce domaine et implant\u00e9s \u00e0 travers le monde.<\/p>\n<p><a href=\"https:\/\/www.flipbookpdf.net\/web\/site\/6b6f5d107f43a161ce099c6343c60c5546363899FBP25438629.pdf.html#page\/1\">&gt;&gt;ADVANT Altana_Cyber S\u00e9curit\u00e9_Plaquette&lt;&lt;<\/a><\/p>\n<p style=\"text-align: justify;\">\n<p><\/p>","protected":false},"excerpt":{"rendered":"<p>\u7533\u3057\u8a33\u3042\u308a\u307e\u305b\u3093\u3001\u3053\u306e\u30b3\u30f3\u30c6\u30f3\u30c4\u306f\u305f\u3060\u4eca\u3000Fran\u00e7ais\u3068 English\u3000\u306e\u307f\u3067\u3059\u3002 For the sake of viewer convenience, the content is shown below in [&hellip;]<\/p>\n","protected":false},"author":14,"featured_media":0,"parent":33,"menu_order":12,"comment_status":"closed","ping_status":"closed","template":"tpl-expertise.php","meta":{"footnotes":""},"class_list":["post-590","page","type-page","status-publish","hentry"],"yoast_head":"<!-- This site is optimized with the Yoast SEO plugin v22.2 - https:\/\/yoast.com\/wordpress\/plugins\/seo\/ -->\n<title><\/title>\n<meta name=\"robots\" content=\"noindex, follow, max-snippet:-1, max-image-preview:large, max-video-preview:-1\" \/>\n<meta property=\"og:locale\" content=\"ja_JP\" \/>\n<meta property=\"og:type\" content=\"article\" \/>\n<meta property=\"og:title\" content=\"[:fr]Cyber Strat\u00e9gie[:en]Cyber Strategy[:] - Altana\" \/>\n<meta property=\"og:description\" content=\"\u7533\u3057\u8a33\u3042\u308a\u307e\u305b\u3093\u3001\u3053\u306e\u30b3\u30f3\u30c6\u30f3\u30c4\u306f\u305f\u3060\u4eca\u3000Fran\u00e7ais\u3068 English\u3000\u306e\u307f\u3067\u3059\u3002 For the sake of viewer convenience, the content is shown below in [&hellip;]\" \/>\n<meta property=\"og:url\" content=\"https:\/\/backup.altanalaw.com\/competences\/cybercriminalite\" \/>\n<meta property=\"og:site_name\" content=\"Altana\" \/>\n<meta property=\"article:modified_time\" content=\"2022-10-25T14:30:01+00:00\" \/>\n<meta name=\"twitter:card\" content=\"summary_large_image\" \/>\n<meta name=\"twitter:label1\" content=\"\u63a8\u5b9a\u8aad\u307f\u53d6\u308a\u6642\u9593\" \/>\n\t<meta name=\"twitter:data1\" content=\"2\u5206\" \/>\n<script type=\"application\/ld+json\" class=\"yoast-schema-graph\">{\"@context\":\"https:\/\/schema.org\",\"@graph\":[{\"@type\":\"WebPage\",\"@id\":\"https:\/\/backup.altanalaw.com\/competences\/cybercriminalite\",\"url\":\"https:\/\/backup.altanalaw.com\/competences\/cybercriminalite\",\"name\":\"[:fr]Cyber Strat\u00e9gie[:en]Cyber Strategy[:] - Altana\",\"isPartOf\":{\"@id\":\"https:\/\/backup.altanalaw.com\/#website\"},\"datePublished\":\"2013-11-15T01:14:46+00:00\",\"dateModified\":\"2022-10-25T14:30:01+00:00\",\"breadcrumb\":{\"@id\":\"https:\/\/backup.altanalaw.com\/competences\/cybercriminalite#breadcrumb\"},\"inLanguage\":\"ja\",\"potentialAction\":[{\"@type\":\"ReadAction\",\"target\":[\"https:\/\/backup.altanalaw.com\/competences\/cybercriminalite\"]}]},{\"@type\":\"BreadcrumbList\",\"@id\":\"https:\/\/backup.altanalaw.com\/competences\/cybercriminalite#breadcrumb\",\"itemListElement\":[{\"@type\":\"ListItem\",\"position\":1,\"name\":\"Nos Comp\u00e9tences\",\"item\":\"https:\/\/backup.altanalaw.com\/competences\"},{\"@type\":\"ListItem\",\"position\":2,\"name\":\"Cyber Strat\u00e9gie\"}]},{\"@type\":\"WebSite\",\"@id\":\"https:\/\/backup.altanalaw.com\/#website\",\"url\":\"https:\/\/backup.altanalaw.com\/\",\"name\":\"Altana\",\"description\":\"Soci\u00e9t\u00e9 d&#039;avocats \u00e0 la Cour de Paris\",\"potentialAction\":[{\"@type\":\"SearchAction\",\"target\":{\"@type\":\"EntryPoint\",\"urlTemplate\":\"https:\/\/backup.altanalaw.com\/?s={search_term_string}\"},\"query-input\":\"required name=search_term_string\"}],\"inLanguage\":\"ja\"}]}<\/script>\n<!-- \/ Yoast SEO plugin. -->","yoast_head_json":{"title":"[:fr]Cyber Strat\u00e9gie[:en]Cyber Strategy[:] - Altana","robots":{"index":"noindex","follow":"follow","max-snippet":"max-snippet:-1","max-image-preview":"max-image-preview:large","max-video-preview":"max-video-preview:-1"},"og_locale":"ja_JP","og_type":"article","og_title":"[:fr]Cyber Strat\u00e9gie[:en]Cyber Strategy[:] - Altana","og_description":"\u7533\u3057\u8a33\u3042\u308a\u307e\u305b\u3093\u3001\u3053\u306e\u30b3\u30f3\u30c6\u30f3\u30c4\u306f\u305f\u3060\u4eca\u3000Fran\u00e7ais\u3068 English\u3000\u306e\u307f\u3067\u3059\u3002 For the sake of viewer convenience, the content is shown below in [&hellip;]","og_url":"https:\/\/backup.altanalaw.com\/competences\/cybercriminalite","og_site_name":"Altana","article_modified_time":"2022-10-25T14:30:01+00:00","twitter_card":"summary_large_image","twitter_misc":{"\u63a8\u5b9a\u8aad\u307f\u53d6\u308a\u6642\u9593":"2\u5206"},"schema":{"@context":"https:\/\/schema.org","@graph":[{"@type":"WebPage","@id":"https:\/\/backup.altanalaw.com\/competences\/cybercriminalite","url":"https:\/\/backup.altanalaw.com\/competences\/cybercriminalite","name":"[:fr]Cyber Strat\u00e9gie[:en]Cyber Strategy[:] - Altana","isPartOf":{"@id":"https:\/\/backup.altanalaw.com\/#website"},"datePublished":"2013-11-15T01:14:46+00:00","dateModified":"2022-10-25T14:30:01+00:00","breadcrumb":{"@id":"https:\/\/backup.altanalaw.com\/competences\/cybercriminalite#breadcrumb"},"inLanguage":"ja","potentialAction":[{"@type":"ReadAction","target":["https:\/\/backup.altanalaw.com\/competences\/cybercriminalite"]}]},{"@type":"BreadcrumbList","@id":"https:\/\/backup.altanalaw.com\/competences\/cybercriminalite#breadcrumb","itemListElement":[{"@type":"ListItem","position":1,"name":"Nos Comp\u00e9tences","item":"https:\/\/backup.altanalaw.com\/competences"},{"@type":"ListItem","position":2,"name":"Cyber Strat\u00e9gie"}]},{"@type":"WebSite","@id":"https:\/\/backup.altanalaw.com\/#website","url":"https:\/\/backup.altanalaw.com\/","name":"Altana","description":"Soci\u00e9t\u00e9 d&#039;avocats \u00e0 la Cour de Paris","potentialAction":[{"@type":"SearchAction","target":{"@type":"EntryPoint","urlTemplate":"https:\/\/backup.altanalaw.com\/?s={search_term_string}"},"query-input":"required name=search_term_string"}],"inLanguage":"ja"}]}},"_links":{"self":[{"href":"https:\/\/backup.altanalaw.com\/ja\/wp-json\/wp\/v2\/pages\/590"}],"collection":[{"href":"https:\/\/backup.altanalaw.com\/ja\/wp-json\/wp\/v2\/pages"}],"about":[{"href":"https:\/\/backup.altanalaw.com\/ja\/wp-json\/wp\/v2\/types\/page"}],"author":[{"embeddable":true,"href":"https:\/\/backup.altanalaw.com\/ja\/wp-json\/wp\/v2\/users\/14"}],"replies":[{"embeddable":true,"href":"https:\/\/backup.altanalaw.com\/ja\/wp-json\/wp\/v2\/comments?post=590"}],"version-history":[{"count":9,"href":"https:\/\/backup.altanalaw.com\/ja\/wp-json\/wp\/v2\/pages\/590\/revisions"}],"predecessor-version":[{"id":9143,"href":"https:\/\/backup.altanalaw.com\/ja\/wp-json\/wp\/v2\/pages\/590\/revisions\/9143"}],"up":[{"embeddable":true,"href":"https:\/\/backup.altanalaw.com\/ja\/wp-json\/wp\/v2\/pages\/33"}],"wp:attachment":[{"href":"https:\/\/backup.altanalaw.com\/ja\/wp-json\/wp\/v2\/media?parent=590"}],"curies":[{"name":"wp","href":"https:\/\/api.w.org\/{rel}","templated":true}]}}