{"id":59,"date":"2013-09-23T14:21:11","date_gmt":"2013-09-23T12:21:11","guid":{"rendered":"http:\/\/backup.altanalaw.com\/\/?page_id=59"},"modified":"2021-10-07T11:36:33","modified_gmt":"2021-10-07T10:36:33","slug":"droit-construction","status":"publish","type":"page","link":"https:\/\/backup.altanalaw.com\/ja\/competences\/droit-construction","title":{"rendered":"Droit de la construction"},"content":{"rendered":"<p class=\"qtranxs-available-languages-message qtranxs-available-languages-message-ja\">\u7533\u3057\u8a33\u3042\u308a\u307e\u305b\u3093\u3001\u3053\u306e\u30b3\u30f3\u30c6\u30f3\u30c4\u306f\u305f\u3060\u4eca\u3000<a href=\"https:\/\/backup.altanalaw.com\/fr\/wp-json\/wp\/v2\/pages\/59\" class=\"qtranxs-available-language-link qtranxs-available-language-link-fr\" title=\"Fran\u00e7ais\">Fran\u00e7ais<\/a>\u3068 <a href=\"https:\/\/backup.altanalaw.com\/en\/wp-json\/wp\/v2\/pages\/59\" class=\"qtranxs-available-language-link qtranxs-available-language-link-en\" title=\"English\">English<\/a>\u3000\u306e\u307f\u3067\u3059\u3002 For the sake of viewer convenience, the content is shown below in this site default language. You may click one of the links to switch the site language to another available language.<\/p><p><\/p>\n<p style=\"text-align: justify;\">L\u2019\u00e9quipe d\u2019ADVANT Altana conseille et assiste des soci\u00e9t\u00e9s fran\u00e7aises et \u00e9trang\u00e8res, dans leurs litiges domestiques ou internationaux \u00a0(Alg\u00e9rie, Hongrie, Madagascar, Maroc, Nouvelle-Cal\u00e9donie, Polyn\u00e9sie\u2026), dans tous les aspects du projet et de l\u2019op\u00e9ration de construction :<\/p>\n<ul style=\"text-align: justify;\">\n<li>structuration des entreprises et contrats aff\u00e9rents (co-traitance, sous-traitance, groupements, joint venture, soci\u00e9t\u00e9s en participation)<\/li>\n<li>r\u00e9daction et n\u00e9gociation des contrats aff\u00e9rents \u00e0 la r\u00e9alisation du projet, contrats globaux (EPC, design build, maintenance), \u00a0contrats d\u2019entreprise<\/li>\n<li>proc\u00e9dures de r\u00e8glement des litiges et contentieux (cotraitance et groupements, ma\u00eetrise d\u2019\u0153uvre, sous-traitance, garanties financi\u00e8res)<\/li>\n<li>exp\u00e9rience tr\u00e8s importante, tant aupr\u00e8s d\u2019entrepreneurs de travaux et d\u2019entreprises de \u00ab contracting \u00bb :\n<ul>\n<li>dans leurs rapports avec le donneur d\u2019ordres,<\/li>\n<li>dans la mise en place et le fonctionnement de joint-ventures, consortium\u2026<\/li>\n<\/ul>\n<\/li>\n<li>qu\u2019aupr\u00e8s de certains ma\u00eetres d\u2019ouvrage priv\u00e9s, y compris dans le montage contractuel d\u2019op\u00e9rations et la mise en place d\u2019assistance \u00e0 la ma\u00eetrise d\u2019ouvrage et de missions de ma\u00eetrise d\u2019\u0153uvre<\/li>\n<li>exp\u00e9rience reconnue en contentieux multi-juridictionnels<\/li>\n<li>expertise dans la gestion des risques et la r\u00e9solution de conflits techniques complexes, essentiellement dans le domaine des activit\u00e9s r\u00e9glement\u00e9es<\/li>\n<li>conseil aupr\u00e8s des entrepreneurs et des industriels dans leurs projets en droit de la commande et des contrats publics, en droit de la construction et de la sous-traitance, ainsi qu\u2019en arbitrage international<\/li>\n<\/ul>\n<p style=\"text-align: justify;\">L&#8217;\u00e9quipe de droit de la construction est distingu\u00e9e dans Chambers Europe, Legal 500 et dans D\u00e9cideurs. ADVANT Altana a \u00e9galement \u00e9t\u00e9 nomm\u00e9 &#8220;Construction Law Firm of the Year &#8211; France&#8221; par Best Lawyers (2021).<\/p>\n<p><\/p>","protected":false},"excerpt":{"rendered":"<p>\u7533\u3057\u8a33\u3042\u308a\u307e\u305b\u3093\u3001\u3053\u306e\u30b3\u30f3\u30c6\u30f3\u30c4\u306f\u305f\u3060\u4eca\u3000Fran\u00e7ais\u3068 English\u3000\u306e\u307f\u3067\u3059\u3002 For the sake of viewer convenience, the content is shown below in [&hellip;]<\/p>\n","protected":false},"author":14,"featured_media":0,"parent":33,"menu_order":13,"comment_status":"closed","ping_status":"closed","template":"tpl-expertise.php","meta":{"footnotes":""},"class_list":["post-59","page","type-page","status-publish","hentry"],"yoast_head":"<!-- This site is optimized with the Yoast SEO plugin v22.2 - https:\/\/yoast.com\/wordpress\/plugins\/seo\/ -->\n<title><\/title>\n<meta name=\"robots\" content=\"noindex, follow, max-snippet:-1, max-image-preview:large, max-video-preview:-1\" \/>\n<meta property=\"og:locale\" content=\"ja_JP\" \/>\n<meta property=\"og:type\" content=\"article\" \/>\n<meta property=\"og:title\" content=\"[:fr]Droit de la construction[:en]Construction Law[:] - Altana\" \/>\n<meta property=\"og:description\" content=\"\u7533\u3057\u8a33\u3042\u308a\u307e\u305b\u3093\u3001\u3053\u306e\u30b3\u30f3\u30c6\u30f3\u30c4\u306f\u305f\u3060\u4eca\u3000Fran\u00e7ais\u3068 English\u3000\u306e\u307f\u3067\u3059\u3002 For the sake of viewer convenience, the content is shown below in [&hellip;]\" \/>\n<meta property=\"og:url\" content=\"https:\/\/backup.altanalaw.com\/competences\/droit-construction\" \/>\n<meta property=\"og:site_name\" content=\"Altana\" \/>\n<meta property=\"article:modified_time\" content=\"2021-10-07T10:36:33+00:00\" \/>\n<meta name=\"twitter:card\" content=\"summary_large_image\" \/>\n<meta name=\"twitter:label1\" content=\"\u63a8\u5b9a\u8aad\u307f\u53d6\u308a\u6642\u9593\" \/>\n\t<meta name=\"twitter:data1\" content=\"2\u5206\" \/>\n<script type=\"application\/ld+json\" class=\"yoast-schema-graph\">{\"@context\":\"https:\/\/schema.org\",\"@graph\":[{\"@type\":\"WebPage\",\"@id\":\"https:\/\/backup.altanalaw.com\/competences\/droit-construction\",\"url\":\"https:\/\/backup.altanalaw.com\/competences\/droit-construction\",\"name\":\"[:fr]Droit de la construction[:en]Construction Law[:] - Altana\",\"isPartOf\":{\"@id\":\"https:\/\/backup.altanalaw.com\/#website\"},\"datePublished\":\"2013-09-23T12:21:11+00:00\",\"dateModified\":\"2021-10-07T10:36:33+00:00\",\"breadcrumb\":{\"@id\":\"https:\/\/backup.altanalaw.com\/competences\/droit-construction#breadcrumb\"},\"inLanguage\":\"ja\",\"potentialAction\":[{\"@type\":\"ReadAction\",\"target\":[\"https:\/\/backup.altanalaw.com\/competences\/droit-construction\"]}]},{\"@type\":\"BreadcrumbList\",\"@id\":\"https:\/\/backup.altanalaw.com\/competences\/droit-construction#breadcrumb\",\"itemListElement\":[{\"@type\":\"ListItem\",\"position\":1,\"name\":\"Nos Comp\u00e9tences\",\"item\":\"https:\/\/backup.altanalaw.com\/competences\"},{\"@type\":\"ListItem\",\"position\":2,\"name\":\"Droit de la construction\"}]},{\"@type\":\"WebSite\",\"@id\":\"https:\/\/backup.altanalaw.com\/#website\",\"url\":\"https:\/\/backup.altanalaw.com\/\",\"name\":\"Altana\",\"description\":\"Soci\u00e9t\u00e9 d&#039;avocats \u00e0 la Cour de Paris\",\"potentialAction\":[{\"@type\":\"SearchAction\",\"target\":{\"@type\":\"EntryPoint\",\"urlTemplate\":\"https:\/\/backup.altanalaw.com\/?s={search_term_string}\"},\"query-input\":\"required name=search_term_string\"}],\"inLanguage\":\"ja\"}]}<\/script>\n<!-- \/ Yoast SEO plugin. -->","yoast_head_json":{"title":"[:fr]Droit de la construction[:en]Construction Law[:] - Altana","robots":{"index":"noindex","follow":"follow","max-snippet":"max-snippet:-1","max-image-preview":"max-image-preview:large","max-video-preview":"max-video-preview:-1"},"og_locale":"ja_JP","og_type":"article","og_title":"[:fr]Droit de la construction[:en]Construction Law[:] - Altana","og_description":"\u7533\u3057\u8a33\u3042\u308a\u307e\u305b\u3093\u3001\u3053\u306e\u30b3\u30f3\u30c6\u30f3\u30c4\u306f\u305f\u3060\u4eca\u3000Fran\u00e7ais\u3068 English\u3000\u306e\u307f\u3067\u3059\u3002 For the sake of viewer convenience, the content is shown below in [&hellip;]","og_url":"https:\/\/backup.altanalaw.com\/competences\/droit-construction","og_site_name":"Altana","article_modified_time":"2021-10-07T10:36:33+00:00","twitter_card":"summary_large_image","twitter_misc":{"\u63a8\u5b9a\u8aad\u307f\u53d6\u308a\u6642\u9593":"2\u5206"},"schema":{"@context":"https:\/\/schema.org","@graph":[{"@type":"WebPage","@id":"https:\/\/backup.altanalaw.com\/competences\/droit-construction","url":"https:\/\/backup.altanalaw.com\/competences\/droit-construction","name":"[:fr]Droit de la construction[:en]Construction Law[:] - Altana","isPartOf":{"@id":"https:\/\/backup.altanalaw.com\/#website"},"datePublished":"2013-09-23T12:21:11+00:00","dateModified":"2021-10-07T10:36:33+00:00","breadcrumb":{"@id":"https:\/\/backup.altanalaw.com\/competences\/droit-construction#breadcrumb"},"inLanguage":"ja","potentialAction":[{"@type":"ReadAction","target":["https:\/\/backup.altanalaw.com\/competences\/droit-construction"]}]},{"@type":"BreadcrumbList","@id":"https:\/\/backup.altanalaw.com\/competences\/droit-construction#breadcrumb","itemListElement":[{"@type":"ListItem","position":1,"name":"Nos Comp\u00e9tences","item":"https:\/\/backup.altanalaw.com\/competences"},{"@type":"ListItem","position":2,"name":"Droit de la construction"}]},{"@type":"WebSite","@id":"https:\/\/backup.altanalaw.com\/#website","url":"https:\/\/backup.altanalaw.com\/","name":"Altana","description":"Soci\u00e9t\u00e9 d&#039;avocats \u00e0 la Cour de Paris","potentialAction":[{"@type":"SearchAction","target":{"@type":"EntryPoint","urlTemplate":"https:\/\/backup.altanalaw.com\/?s={search_term_string}"},"query-input":"required name=search_term_string"}],"inLanguage":"ja"}]}},"_links":{"self":[{"href":"https:\/\/backup.altanalaw.com\/ja\/wp-json\/wp\/v2\/pages\/59"}],"collection":[{"href":"https:\/\/backup.altanalaw.com\/ja\/wp-json\/wp\/v2\/pages"}],"about":[{"href":"https:\/\/backup.altanalaw.com\/ja\/wp-json\/wp\/v2\/types\/page"}],"author":[{"embeddable":true,"href":"https:\/\/backup.altanalaw.com\/ja\/wp-json\/wp\/v2\/users\/14"}],"replies":[{"embeddable":true,"href":"https:\/\/backup.altanalaw.com\/ja\/wp-json\/wp\/v2\/comments?post=59"}],"version-history":[{"count":15,"href":"https:\/\/backup.altanalaw.com\/ja\/wp-json\/wp\/v2\/pages\/59\/revisions"}],"predecessor-version":[{"id":8484,"href":"https:\/\/backup.altanalaw.com\/ja\/wp-json\/wp\/v2\/pages\/59\/revisions\/8484"}],"up":[{"embeddable":true,"href":"https:\/\/backup.altanalaw.com\/ja\/wp-json\/wp\/v2\/pages\/33"}],"wp:attachment":[{"href":"https:\/\/backup.altanalaw.com\/ja\/wp-json\/wp\/v2\/media?parent=59"}],"curies":[{"name":"wp","href":"https:\/\/api.w.org\/{rel}","templated":true}]}}