{"id":588,"date":"2013-11-15T03:13:15","date_gmt":"2013-11-15T01:13:15","guid":{"rendered":"http:\/\/backup.altanalaw.com\/\/?page_id=588"},"modified":"2018-03-22T16:15:11","modified_gmt":"2018-03-22T15:15:11","slug":"droit-des-technologies-de-linformation-et-de-protection-des-donnees","status":"publish","type":"page","link":"https:\/\/backup.altanalaw.com\/ja\/competences\/droit-des-technologies-de-linformation-et-de-protection-des-donnees","title":{"rendered":"Technologies de l\u2019information et protection des donn\u00e9es personnelles"},"content":{"rendered":"<p class=\"qtranxs-available-languages-message qtranxs-available-languages-message-ja\">\u7533\u3057\u8a33\u3042\u308a\u307e\u305b\u3093\u3001\u3053\u306e\u30b3\u30f3\u30c6\u30f3\u30c4\u306f\u305f\u3060\u4eca\u3000<a href=\"https:\/\/backup.altanalaw.com\/fr\/wp-json\/wp\/v2\/pages\/588\" class=\"qtranxs-available-language-link qtranxs-available-language-link-fr\" title=\"Fran\u00e7ais\">Fran\u00e7ais<\/a>\u3068 <a href=\"https:\/\/backup.altanalaw.com\/en\/wp-json\/wp\/v2\/pages\/588\" class=\"qtranxs-available-language-link qtranxs-available-language-link-en\" title=\"English\">English<\/a>\u3000\u306e\u307f\u3067\u3059\u3002 For the sake of viewer convenience, the content is shown below in this site default language. You may click one of the links to switch the site language to another available language.<\/p><p><\/p>\n<p style=\"text-align: justify;\">Notre \u00e9quipe accompagne ses clients fran\u00e7ais et internationaux sur tous les aspects relatifs \u00e0<\/p>\n<ul style=\"text-align: justify;\">\n<li>leurs syst\u00e8mes d\u2019information et leur s\u00e9curit\u00e9, ainsi que leurs activit\u00e9s informatiques et Internet\u00a0;<\/li>\n<li>leur gestion et la protection des donn\u00e9es personnelles.<\/li>\n<\/ul>\n<p style=\"text-align: justify;\">Nous conseillons et accompagnons aussi bien des prestataires de solutions IT\u00a0et des \u00e9diteurs de logiciels que des soci\u00e9t\u00e9s utilisatrices, dans un large \u00e9ventail de dossiers (conseil et\u00a0contentieux) :<\/p>\n<ul style=\"text-align: justify;\">\n<li>r\u00e9daction et n\u00e9gociation de contrats informatiques ;<\/li>\n<li>r\u00e9daction et n\u00e9gociation de contrats commerciaux ;<\/li>\n<li>r\u00e9daction et n\u00e9gociation de contrats sp\u00e9cifiques au secteur des t\u00e9l\u00e9communications ;<\/li>\n<li>pr\u00e9contentieux et contentieux des projets informatiques\u00a0;<\/li>\n<li>contentieux des cessions de droits et des licences de droits ;<\/li>\n<li>contentieux responsabilit\u00e9 des h\u00e9bergeurs \/ activit\u00e9s des plateformes de contenus num\u00e9riques\u00a0;<\/li>\n<li>contentieux contrefa\u00e7on de logiciel \/ programmes anti-contrefa\u00e7on pour le compte d&#8217;\u00e9diteurs de logiciels ;<\/li>\n<li>accompagnement dans le cadre d&#8217;audits lanc\u00e9s par des \u00e9diteurs pour le compte de clients de solutions logicielles\u00a0;<\/li>\n<li>r\u00e9daction et n\u00e9gociation de contrats en mati\u00e8re de s\u00e9curisation du patrimoine informationnel, de cryptologie et de lutte contre le vol de fichiers, etc.<\/li>\n<\/ul>\n<p style=\"text-align: justify;\">Nous intervenons \u00e9galement, en relation \u00e9troite avec la CNIL, dans le cadre de l\u2019ensemble des probl\u00e9matiques li\u00e9es aux donn\u00e9es personnelles, notamment en vue de l\u2019application du R\u00e8glement G\u00e9n\u00e9ral sur la Protection des Donn\u00e9es 2016\/679\u00a0:<\/p>\n<ul style=\"text-align: justify;\">\n<li>audits des traitements de donn\u00e9es personnelles\u00a0;<\/li>\n<li>assistance \u00e0 la mise en \u0153uvre de protocoles et proc\u00e9dures de gestion des donn\u00e9es personnelles\u00a0;<\/li>\n<li>gestion de litiges sensibles relatifs \u00e0 des transferts de donn\u00e9es personnelles, etc.<\/li>\n<\/ul>\n<p style=\"text-align: justify;\">L&#8217;\u00e9quipe Droit des technologies de l&#8217;information et protection des donn\u00e9es personnelles a \u00e9t\u00e9 distingu\u00e9e dans D\u00e9cideurs 2017.<\/p>\n<p><\/p>","protected":false},"excerpt":{"rendered":"<p>\u7533\u3057\u8a33\u3042\u308a\u307e\u305b\u3093\u3001\u3053\u306e\u30b3\u30f3\u30c6\u30f3\u30c4\u306f\u305f\u3060\u4eca\u3000Fran\u00e7ais\u3068 English\u3000\u306e\u307f\u3067\u3059\u3002 For the sake of viewer convenience, the content is shown below in [&hellip;]<\/p>\n","protected":false},"author":14,"featured_media":0,"parent":33,"menu_order":28,"comment_status":"closed","ping_status":"closed","template":"tpl-expertise.php","meta":{"footnotes":""},"class_list":["post-588","page","type-page","status-publish","hentry"],"yoast_head":"<!-- This site is optimized with the Yoast SEO plugin v22.2 - https:\/\/yoast.com\/wordpress\/plugins\/seo\/ -->\n<title><\/title>\n<meta name=\"robots\" content=\"noindex, follow, max-snippet:-1, max-image-preview:large, max-video-preview:-1\" \/>\n<meta property=\"og:locale\" content=\"ja_JP\" \/>\n<meta property=\"og:type\" content=\"article\" \/>\n<meta property=\"og:title\" content=\"[:fr]Technologies de l\u2019information et protection des donn\u00e9es personnelles[:en]Information Technology and Data Protection[:] - Altana\" \/>\n<meta property=\"og:description\" content=\"\u7533\u3057\u8a33\u3042\u308a\u307e\u305b\u3093\u3001\u3053\u306e\u30b3\u30f3\u30c6\u30f3\u30c4\u306f\u305f\u3060\u4eca\u3000Fran\u00e7ais\u3068 English\u3000\u306e\u307f\u3067\u3059\u3002 For the sake of viewer convenience, the content is shown below in [&hellip;]\" \/>\n<meta property=\"og:url\" content=\"https:\/\/backup.altanalaw.com\/competences\/droit-des-technologies-de-linformation-et-de-protection-des-donnees\" \/>\n<meta property=\"og:site_name\" content=\"Altana\" \/>\n<meta property=\"article:modified_time\" content=\"2018-03-22T15:15:11+00:00\" \/>\n<meta name=\"twitter:card\" content=\"summary_large_image\" \/>\n<meta name=\"twitter:label1\" content=\"\u63a8\u5b9a\u8aad\u307f\u53d6\u308a\u6642\u9593\" \/>\n\t<meta name=\"twitter:data1\" content=\"3\u5206\" \/>\n<script type=\"application\/ld+json\" class=\"yoast-schema-graph\">{\"@context\":\"https:\/\/schema.org\",\"@graph\":[{\"@type\":\"WebPage\",\"@id\":\"https:\/\/backup.altanalaw.com\/competences\/droit-des-technologies-de-linformation-et-de-protection-des-donnees\",\"url\":\"https:\/\/backup.altanalaw.com\/competences\/droit-des-technologies-de-linformation-et-de-protection-des-donnees\",\"name\":\"[:fr]Technologies de l\u2019information et protection des donn\u00e9es personnelles[:en]Information Technology and Data Protection[:] - Altana\",\"isPartOf\":{\"@id\":\"https:\/\/backup.altanalaw.com\/#website\"},\"datePublished\":\"2013-11-15T01:13:15+00:00\",\"dateModified\":\"2018-03-22T15:15:11+00:00\",\"breadcrumb\":{\"@id\":\"https:\/\/backup.altanalaw.com\/competences\/droit-des-technologies-de-linformation-et-de-protection-des-donnees#breadcrumb\"},\"inLanguage\":\"ja\",\"potentialAction\":[{\"@type\":\"ReadAction\",\"target\":[\"https:\/\/backup.altanalaw.com\/competences\/droit-des-technologies-de-linformation-et-de-protection-des-donnees\"]}]},{\"@type\":\"BreadcrumbList\",\"@id\":\"https:\/\/backup.altanalaw.com\/competences\/droit-des-technologies-de-linformation-et-de-protection-des-donnees#breadcrumb\",\"itemListElement\":[{\"@type\":\"ListItem\",\"position\":1,\"name\":\"Nos Comp\u00e9tences\",\"item\":\"https:\/\/backup.altanalaw.com\/competences\"},{\"@type\":\"ListItem\",\"position\":2,\"name\":\"Technologies de l\u2019information et protection des donn\u00e9es personnelles\"}]},{\"@type\":\"WebSite\",\"@id\":\"https:\/\/backup.altanalaw.com\/#website\",\"url\":\"https:\/\/backup.altanalaw.com\/\",\"name\":\"Altana\",\"description\":\"Soci\u00e9t\u00e9 d&#039;avocats \u00e0 la Cour de Paris\",\"potentialAction\":[{\"@type\":\"SearchAction\",\"target\":{\"@type\":\"EntryPoint\",\"urlTemplate\":\"https:\/\/backup.altanalaw.com\/?s={search_term_string}\"},\"query-input\":\"required name=search_term_string\"}],\"inLanguage\":\"ja\"}]}<\/script>\n<!-- \/ Yoast SEO plugin. -->","yoast_head_json":{"title":"[:fr]Technologies de l\u2019information et protection des donn\u00e9es personnelles[:en]Information Technology and Data Protection[:] - Altana","robots":{"index":"noindex","follow":"follow","max-snippet":"max-snippet:-1","max-image-preview":"max-image-preview:large","max-video-preview":"max-video-preview:-1"},"og_locale":"ja_JP","og_type":"article","og_title":"[:fr]Technologies de l\u2019information et protection des donn\u00e9es personnelles[:en]Information Technology and Data Protection[:] - Altana","og_description":"\u7533\u3057\u8a33\u3042\u308a\u307e\u305b\u3093\u3001\u3053\u306e\u30b3\u30f3\u30c6\u30f3\u30c4\u306f\u305f\u3060\u4eca\u3000Fran\u00e7ais\u3068 English\u3000\u306e\u307f\u3067\u3059\u3002 For the sake of viewer convenience, the content is shown below in [&hellip;]","og_url":"https:\/\/backup.altanalaw.com\/competences\/droit-des-technologies-de-linformation-et-de-protection-des-donnees","og_site_name":"Altana","article_modified_time":"2018-03-22T15:15:11+00:00","twitter_card":"summary_large_image","twitter_misc":{"\u63a8\u5b9a\u8aad\u307f\u53d6\u308a\u6642\u9593":"3\u5206"},"schema":{"@context":"https:\/\/schema.org","@graph":[{"@type":"WebPage","@id":"https:\/\/backup.altanalaw.com\/competences\/droit-des-technologies-de-linformation-et-de-protection-des-donnees","url":"https:\/\/backup.altanalaw.com\/competences\/droit-des-technologies-de-linformation-et-de-protection-des-donnees","name":"[:fr]Technologies de l\u2019information et protection des donn\u00e9es personnelles[:en]Information Technology and Data Protection[:] - Altana","isPartOf":{"@id":"https:\/\/backup.altanalaw.com\/#website"},"datePublished":"2013-11-15T01:13:15+00:00","dateModified":"2018-03-22T15:15:11+00:00","breadcrumb":{"@id":"https:\/\/backup.altanalaw.com\/competences\/droit-des-technologies-de-linformation-et-de-protection-des-donnees#breadcrumb"},"inLanguage":"ja","potentialAction":[{"@type":"ReadAction","target":["https:\/\/backup.altanalaw.com\/competences\/droit-des-technologies-de-linformation-et-de-protection-des-donnees"]}]},{"@type":"BreadcrumbList","@id":"https:\/\/backup.altanalaw.com\/competences\/droit-des-technologies-de-linformation-et-de-protection-des-donnees#breadcrumb","itemListElement":[{"@type":"ListItem","position":1,"name":"Nos Comp\u00e9tences","item":"https:\/\/backup.altanalaw.com\/competences"},{"@type":"ListItem","position":2,"name":"Technologies de l\u2019information et protection des donn\u00e9es personnelles"}]},{"@type":"WebSite","@id":"https:\/\/backup.altanalaw.com\/#website","url":"https:\/\/backup.altanalaw.com\/","name":"Altana","description":"Soci\u00e9t\u00e9 d&#039;avocats \u00e0 la Cour de Paris","potentialAction":[{"@type":"SearchAction","target":{"@type":"EntryPoint","urlTemplate":"https:\/\/backup.altanalaw.com\/?s={search_term_string}"},"query-input":"required name=search_term_string"}],"inLanguage":"ja"}]}},"_links":{"self":[{"href":"https:\/\/backup.altanalaw.com\/ja\/wp-json\/wp\/v2\/pages\/588"}],"collection":[{"href":"https:\/\/backup.altanalaw.com\/ja\/wp-json\/wp\/v2\/pages"}],"about":[{"href":"https:\/\/backup.altanalaw.com\/ja\/wp-json\/wp\/v2\/types\/page"}],"author":[{"embeddable":true,"href":"https:\/\/backup.altanalaw.com\/ja\/wp-json\/wp\/v2\/users\/14"}],"replies":[{"embeddable":true,"href":"https:\/\/backup.altanalaw.com\/ja\/wp-json\/wp\/v2\/comments?post=588"}],"version-history":[{"count":9,"href":"https:\/\/backup.altanalaw.com\/ja\/wp-json\/wp\/v2\/pages\/588\/revisions"}],"predecessor-version":[{"id":5821,"href":"https:\/\/backup.altanalaw.com\/ja\/wp-json\/wp\/v2\/pages\/588\/revisions\/5821"}],"up":[{"embeddable":true,"href":"https:\/\/backup.altanalaw.com\/ja\/wp-json\/wp\/v2\/pages\/33"}],"wp:attachment":[{"href":"https:\/\/backup.altanalaw.com\/ja\/wp-json\/wp\/v2\/media?parent=588"}],"curies":[{"name":"wp","href":"https:\/\/api.w.org\/{rel}","templated":true}]}}