{"id":585,"date":"2013-11-15T03:11:59","date_gmt":"2013-11-15T01:11:59","guid":{"rendered":"http:\/\/backup.altanalaw.com\/\/?page_id=585"},"modified":"2023-07-24T10:05:44","modified_gmt":"2023-07-24T09:05:44","slug":"droit-de-la-propriete-intellectuelle","status":"publish","type":"page","link":"https:\/\/backup.altanalaw.com\/ja\/competences\/droit-de-la-propriete-intellectuelle","title":{"rendered":"Droit de la propri\u00e9t\u00e9 intellectuelle &#038; digital"},"content":{"rendered":"<p class=\"qtranxs-available-languages-message qtranxs-available-languages-message-ja\">\u7533\u3057\u8a33\u3042\u308a\u307e\u305b\u3093\u3001\u3053\u306e\u30b3\u30f3\u30c6\u30f3\u30c4\u306f\u305f\u3060\u4eca\u3000<a href=\"https:\/\/backup.altanalaw.com\/fr\/wp-json\/wp\/v2\/pages\/585\" class=\"qtranxs-available-language-link qtranxs-available-language-link-fr\" title=\"Fran\u00e7ais\">Fran\u00e7ais<\/a>\u3068 <a href=\"https:\/\/backup.altanalaw.com\/en\/wp-json\/wp\/v2\/pages\/585\" class=\"qtranxs-available-language-link qtranxs-available-language-link-en\" title=\"English\">English<\/a>\u3000\u306e\u307f\u3067\u3059\u3002 For the sake of viewer convenience, the content is shown below in this site default language. You may click one of the links to switch the site language to another available language.<\/p><p>Notre \u00e9quipe propri\u00e9t\u00e9 intellectuelle &amp; digital accompagne ses clients fran\u00e7ais et internationaux sur tous les aspects relatifs \u00e0 la protection, la valorisation, la mise en \u0153uvre et la d\u00e9fense de leurs actifs immat\u00e9riels :<\/p>\n<ul>\n<li><u>Marques, mod\u00e8les et noms de domaine<\/u>\u00a0:\n<ul>\n<li>proc\u00e9dures judiciaires et administratives en mati\u00e8re de marques dessins et mod\u00e8les nationaux, communautaires et internationaux, devant l\u2019ensemble des juridictions fran\u00e7aises et europ\u00e9ennes ainsi que devant les offices fran\u00e7ais (INPI) et europ\u00e9ens (EUIPO)\u00a0;<\/li>\n<li>contentieux de l\u2019exploitation et de l\u2019usurpation de noms de domaine (<em>cybersquatting) <\/em>;<\/li>\n<li>programmes de lutte anti piraterie et anti contrefa\u00e7on\u00a0;<\/li>\n<li>r\u00e9daction et n\u00e9gociation\u00a0de tous contrats relatifs \u00e0 l\u2019exploitation, \u00e0 l\u2019existence et \u00e0 la titularit\u00e9 des titres de propri\u00e9t\u00e9 industrielle ;<\/li>\n<li>recherches d\u2019ant\u00e9riorit\u00e9s, supervision des enqu\u00eates d\u2019usage et sondages de notori\u00e9t\u00e9, audits de portefeuilles\u00a0;<\/li>\n<li>service complet de gestion administrative.<\/li>\n<\/ul>\n<\/li>\n<\/ul>\n<ul>\n<li><u>Brevets<\/u>:\n<ul>\n<li>proc\u00e9dures de saisie-contrefa\u00e7on, contrefa\u00e7on et\/ou nullit\u00e9 de brevets, indemnisation des cons\u00e9quences d\u2019une interdiction d\u2019exploiter un produit brevet\u00e9 (r\u00e9gime de responsabilit\u00e9 sans faute), actions en revendication\u00a0;<\/li>\n<li>r\u00e9daction et n\u00e9gociation des contrats de R&amp;D, de cession, de licence, de copropri\u00e9t\u00e9, etc.\u00a0;<\/li>\n<li>gestion des inventions de salari\u00e9s.<\/li>\n<\/ul>\n<\/li>\n<\/ul>\n<ul>\n<li><u>Droit d\u2019auteur et m\u00e9dias<\/u>:\n<ul>\n<li>contrefa\u00e7on de droit d\u2019auteur ou de droits voisins, atteintes au droit moral\u00a0;<\/li>\n<li>contentieux de l\u2019application et de la violation des contrats de droit d\u2019auteur\u00a0;<\/li>\n<li>contentieux de la fixation des taux de redevances\u00a0;<\/li>\n<li>r\u00e9daction et n\u00e9gociation de contrats portant sur des droits d\u2019auteur, de production audiovisuelle, de financement, de distribution (y compris en ligne), etc.\u00a0;<\/li>\n<li>audits de droits d\u2019auteur\u00a0;<\/li>\n<li>recherches d\u2019ant\u00e9riorit\u00e9s\u00a0;<\/li>\n<li>validation de campagnes publicitaires\u00a0;<\/li>\n<li>pr\u00e9contentieux et contentieux de la violation du droit \u00e0 l\u2019image et de la diffamation.<\/li>\n<\/ul>\n<\/li>\n<\/ul>\n<p style=\"text-align: justify;\">L&#8217;\u00e9quipe Droit de la propri\u00e9t\u00e9 intellectuelle &amp; digital est distingu\u00e9e dans Chambers Global et Europe, Legal 500, D\u00e9cideurs, Best Lawyers et IP Stars.<\/p>\n<p>L&#8217;\u00e9quipe est membre des associations internationales INTA (International Trademark Association) et MARQUES.<\/p>\n<p>Consultez la <a href=\"https:\/\/backup.altanalaw.com\/wp-content\/uploads\/2023\/07\/ADVANT-UPC-Litigation-Team_Flyer.pdf\">plaquette de pr\u00e9sentation d&#8217;ADVANT UPC Litigation Team<\/a><\/p>","protected":false},"excerpt":{"rendered":"<p>\u7533\u3057\u8a33\u3042\u308a\u307e\u305b\u3093\u3001\u3053\u306e\u30b3\u30f3\u30c6\u30f3\u30c4\u306f\u305f\u3060\u4eca\u3000Fran\u00e7ais\u3068 English\u3000\u306e\u307f\u3067\u3059\u3002 For the sake of viewer convenience, the content is shown below in [&hellip;]<\/p>\n","protected":false},"author":14,"featured_media":0,"parent":33,"menu_order":18,"comment_status":"closed","ping_status":"closed","template":"tpl-expertise.php","meta":{"footnotes":""},"class_list":["post-585","page","type-page","status-publish","hentry"],"yoast_head":"<!-- This site is optimized with the Yoast SEO plugin v22.2 - https:\/\/yoast.com\/wordpress\/plugins\/seo\/ -->\n<title><\/title>\n<meta name=\"robots\" content=\"noindex, follow, max-snippet:-1, max-image-preview:large, max-video-preview:-1\" \/>\n<meta property=\"og:locale\" content=\"ja_JP\" \/>\n<meta property=\"og:type\" content=\"article\" \/>\n<meta property=\"og:title\" content=\"[:fr]Droit de la propri\u00e9t\u00e9 intellectuelle &amp; digital[:en]Intellectual Property &amp; Digital[:] - Altana\" \/>\n<meta property=\"og:description\" content=\"\u7533\u3057\u8a33\u3042\u308a\u307e\u305b\u3093\u3001\u3053\u306e\u30b3\u30f3\u30c6\u30f3\u30c4\u306f\u305f\u3060\u4eca\u3000Fran\u00e7ais\u3068 English\u3000\u306e\u307f\u3067\u3059\u3002 For the sake of viewer convenience, the content is shown below in [&hellip;]\" \/>\n<meta property=\"og:url\" content=\"https:\/\/backup.altanalaw.com\/competences\/droit-de-la-propriete-intellectuelle\" \/>\n<meta property=\"og:site_name\" content=\"Altana\" \/>\n<meta property=\"article:modified_time\" content=\"2023-07-24T09:05:44+00:00\" \/>\n<meta name=\"twitter:card\" content=\"summary_large_image\" \/>\n<meta name=\"twitter:label1\" content=\"\u63a8\u5b9a\u8aad\u307f\u53d6\u308a\u6642\u9593\" \/>\n\t<meta name=\"twitter:data1\" content=\"2\u5206\" \/>\n<script type=\"application\/ld+json\" class=\"yoast-schema-graph\">{\"@context\":\"https:\/\/schema.org\",\"@graph\":[{\"@type\":\"WebPage\",\"@id\":\"https:\/\/backup.altanalaw.com\/competences\/droit-de-la-propriete-intellectuelle\",\"url\":\"https:\/\/backup.altanalaw.com\/competences\/droit-de-la-propriete-intellectuelle\",\"name\":\"[:fr]Droit de la propri\u00e9t\u00e9 intellectuelle & digital[:en]Intellectual Property & Digital[:] - Altana\",\"isPartOf\":{\"@id\":\"https:\/\/backup.altanalaw.com\/#website\"},\"datePublished\":\"2013-11-15T01:11:59+00:00\",\"dateModified\":\"2023-07-24T09:05:44+00:00\",\"breadcrumb\":{\"@id\":\"https:\/\/backup.altanalaw.com\/competences\/droit-de-la-propriete-intellectuelle#breadcrumb\"},\"inLanguage\":\"ja\",\"potentialAction\":[{\"@type\":\"ReadAction\",\"target\":[\"https:\/\/backup.altanalaw.com\/competences\/droit-de-la-propriete-intellectuelle\"]}]},{\"@type\":\"BreadcrumbList\",\"@id\":\"https:\/\/backup.altanalaw.com\/competences\/droit-de-la-propriete-intellectuelle#breadcrumb\",\"itemListElement\":[{\"@type\":\"ListItem\",\"position\":1,\"name\":\"Nos Comp\u00e9tences\",\"item\":\"https:\/\/backup.altanalaw.com\/competences\"},{\"@type\":\"ListItem\",\"position\":2,\"name\":\"Droit de la propri\u00e9t\u00e9 intellectuelle &#038; digital\"}]},{\"@type\":\"WebSite\",\"@id\":\"https:\/\/backup.altanalaw.com\/#website\",\"url\":\"https:\/\/backup.altanalaw.com\/\",\"name\":\"Altana\",\"description\":\"Soci\u00e9t\u00e9 d&#039;avocats \u00e0 la Cour de Paris\",\"potentialAction\":[{\"@type\":\"SearchAction\",\"target\":{\"@type\":\"EntryPoint\",\"urlTemplate\":\"https:\/\/backup.altanalaw.com\/?s={search_term_string}\"},\"query-input\":\"required name=search_term_string\"}],\"inLanguage\":\"ja\"}]}<\/script>\n<!-- \/ Yoast SEO plugin. -->","yoast_head_json":{"title":"[:fr]Droit de la propri\u00e9t\u00e9 intellectuelle & digital[:en]Intellectual Property & Digital[:] - Altana","robots":{"index":"noindex","follow":"follow","max-snippet":"max-snippet:-1","max-image-preview":"max-image-preview:large","max-video-preview":"max-video-preview:-1"},"og_locale":"ja_JP","og_type":"article","og_title":"[:fr]Droit de la propri\u00e9t\u00e9 intellectuelle & digital[:en]Intellectual Property & Digital[:] - Altana","og_description":"\u7533\u3057\u8a33\u3042\u308a\u307e\u305b\u3093\u3001\u3053\u306e\u30b3\u30f3\u30c6\u30f3\u30c4\u306f\u305f\u3060\u4eca\u3000Fran\u00e7ais\u3068 English\u3000\u306e\u307f\u3067\u3059\u3002 For the sake of viewer convenience, the content is shown below in [&hellip;]","og_url":"https:\/\/backup.altanalaw.com\/competences\/droit-de-la-propriete-intellectuelle","og_site_name":"Altana","article_modified_time":"2023-07-24T09:05:44+00:00","twitter_card":"summary_large_image","twitter_misc":{"\u63a8\u5b9a\u8aad\u307f\u53d6\u308a\u6642\u9593":"2\u5206"},"schema":{"@context":"https:\/\/schema.org","@graph":[{"@type":"WebPage","@id":"https:\/\/backup.altanalaw.com\/competences\/droit-de-la-propriete-intellectuelle","url":"https:\/\/backup.altanalaw.com\/competences\/droit-de-la-propriete-intellectuelle","name":"[:fr]Droit de la propri\u00e9t\u00e9 intellectuelle & digital[:en]Intellectual Property & Digital[:] - Altana","isPartOf":{"@id":"https:\/\/backup.altanalaw.com\/#website"},"datePublished":"2013-11-15T01:11:59+00:00","dateModified":"2023-07-24T09:05:44+00:00","breadcrumb":{"@id":"https:\/\/backup.altanalaw.com\/competences\/droit-de-la-propriete-intellectuelle#breadcrumb"},"inLanguage":"ja","potentialAction":[{"@type":"ReadAction","target":["https:\/\/backup.altanalaw.com\/competences\/droit-de-la-propriete-intellectuelle"]}]},{"@type":"BreadcrumbList","@id":"https:\/\/backup.altanalaw.com\/competences\/droit-de-la-propriete-intellectuelle#breadcrumb","itemListElement":[{"@type":"ListItem","position":1,"name":"Nos Comp\u00e9tences","item":"https:\/\/backup.altanalaw.com\/competences"},{"@type":"ListItem","position":2,"name":"Droit de la propri\u00e9t\u00e9 intellectuelle &#038; digital"}]},{"@type":"WebSite","@id":"https:\/\/backup.altanalaw.com\/#website","url":"https:\/\/backup.altanalaw.com\/","name":"Altana","description":"Soci\u00e9t\u00e9 d&#039;avocats \u00e0 la Cour de Paris","potentialAction":[{"@type":"SearchAction","target":{"@type":"EntryPoint","urlTemplate":"https:\/\/backup.altanalaw.com\/?s={search_term_string}"},"query-input":"required name=search_term_string"}],"inLanguage":"ja"}]}},"_links":{"self":[{"href":"https:\/\/backup.altanalaw.com\/ja\/wp-json\/wp\/v2\/pages\/585"}],"collection":[{"href":"https:\/\/backup.altanalaw.com\/ja\/wp-json\/wp\/v2\/pages"}],"about":[{"href":"https:\/\/backup.altanalaw.com\/ja\/wp-json\/wp\/v2\/types\/page"}],"author":[{"embeddable":true,"href":"https:\/\/backup.altanalaw.com\/ja\/wp-json\/wp\/v2\/users\/14"}],"replies":[{"embeddable":true,"href":"https:\/\/backup.altanalaw.com\/ja\/wp-json\/wp\/v2\/comments?post=585"}],"version-history":[{"count":24,"href":"https:\/\/backup.altanalaw.com\/ja\/wp-json\/wp\/v2\/pages\/585\/revisions"}],"predecessor-version":[{"id":9597,"href":"https:\/\/backup.altanalaw.com\/ja\/wp-json\/wp\/v2\/pages\/585\/revisions\/9597"}],"up":[{"embeddable":true,"href":"https:\/\/backup.altanalaw.com\/ja\/wp-json\/wp\/v2\/pages\/33"}],"wp:attachment":[{"href":"https:\/\/backup.altanalaw.com\/ja\/wp-json\/wp\/v2\/media?parent=585"}],"curies":[{"name":"wp","href":"https:\/\/api.w.org\/{rel}","templated":true}]}}