{"id":55,"date":"2013-09-23T14:19:42","date_gmt":"2013-09-23T12:19:42","guid":{"rendered":"http:\/\/backup.altanalaw.com\/\/?page_id=55"},"modified":"2021-09-15T11:56:39","modified_gmt":"2021-09-15T10:56:39","slug":"droit-penal-affaires","status":"publish","type":"page","link":"https:\/\/backup.altanalaw.com\/ja\/competences\/droit-penal-affaires","title":{"rendered":"Droit p\u00e9nal des affaires"},"content":{"rendered":"<p class=\"qtranxs-available-languages-message qtranxs-available-languages-message-ja\">\u7533\u3057\u8a33\u3042\u308a\u307e\u305b\u3093\u3001\u3053\u306e\u30b3\u30f3\u30c6\u30f3\u30c4\u306f\u305f\u3060\u4eca\u3000<a href=\"https:\/\/backup.altanalaw.com\/fr\/wp-json\/wp\/v2\/pages\/55\" class=\"qtranxs-available-language-link qtranxs-available-language-link-fr\" title=\"Fran\u00e7ais\">Fran\u00e7ais<\/a>\u3068 <a href=\"https:\/\/backup.altanalaw.com\/en\/wp-json\/wp\/v2\/pages\/55\" class=\"qtranxs-available-language-link qtranxs-available-language-link-en\" title=\"English\">English<\/a>\u3000\u306e\u307f\u3067\u3059\u3002 For the sake of viewer convenience, the content is shown below in this site default language. You may click one of the links to switch the site language to another available language.<\/p><p><\/p>\n<p style=\"text-align: justify;\">L\u2019\u00e9quipe d\u2019ADVANT Altana exerce son activit\u00e9 dans l\u2019ensemble des domaines du droit p\u00e9nal des affaires (financier, \u00e9conomique, industriel, nouvelles technologies\u2026), en conseil comme en contentieux, en d\u00e9fense comme en partie civile :<\/p>\n<ul style=\"text-align: justify;\">\n<li>des conseils sur mesure d\u00e9livr\u00e9s dans un langage simple. L\u2019\u00e9quipe est reconnue par ses clients pour sa capacit\u00e9 \u00e0 traduire en termes op\u00e9rationnels les enjeux des dossiers p\u00e9naux et en prenant en compte les aspects de communication et les aspects psychologiques inh\u00e9rents \u00e0 ces proc\u00e9dures<\/li>\n<li>une client\u00e8le fid\u00e8le et un solide r\u00e9seau de r\u00e9f\u00e9rencement. La majorit\u00e9 des dossiers provient de recommandations de clients, avocats ou professionnels du chiffre qui ont r\u00e9f\u00e9renc\u00e9 l\u2019\u00e9quipe parmi les meilleures de la profession<\/li>\n<li>l\u2019\u00e9quipe poss\u00e8de une grande exp\u00e9rience de la gestion de crise dans le cadre de la proc\u00e9dure p\u00e9nale, conseillant les clients sur des questions sensibles telles que les strat\u00e9gies de communication et la gestion des relations humaines<\/li>\n<li>elle conseille aussi ses clients sur les questions de conformit\u00e9, de gouver\u00adnance et la mise en place de d\u00e9l\u00e9gations de pouvoirs et de responsabilit\u00e9<\/li>\n<li>l\u2019\u00e9quipe sait g\u00e9rer le secret professionnel attach\u00e9 \u00e0 son activit\u00e9 et l\u2019\u00e9ventuelle n\u00e9cessit\u00e9 de la coordination avec les \u00e9quipes de gestion de la communication<\/li>\n<\/ul>\n<p style=\"text-align: justify;\">L\u2019\u00e9quipe p\u00e9nale est distingu\u00e9e dans de nombreux annuaires (Guide to the World\u2019s Leading White Collar Crime Lawyers, International Whoswholegal \u2013 Business Crime Defence, Chambers Europe, D\u00e9cideurs,\u00a0Option Droit &amp; Affaires et Legal 500).<\/p>\n<p><\/p>","protected":false},"excerpt":{"rendered":"<p>\u7533\u3057\u8a33\u3042\u308a\u307e\u305b\u3093\u3001\u3053\u306e\u30b3\u30f3\u30c6\u30f3\u30c4\u306f\u305f\u3060\u4eca\u3000Fran\u00e7ais\u3068 English\u3000\u306e\u307f\u3067\u3059\u3002 For the sake of viewer convenience, the content is shown below in [&hellip;]<\/p>\n","protected":false},"author":14,"featured_media":0,"parent":33,"menu_order":19,"comment_status":"closed","ping_status":"closed","template":"tpl-expertise.php","meta":{"footnotes":""},"class_list":["post-55","page","type-page","status-publish","hentry"],"yoast_head":"<!-- This site is optimized with the Yoast SEO plugin v22.2 - https:\/\/yoast.com\/wordpress\/plugins\/seo\/ -->\n<title><\/title>\n<meta name=\"robots\" content=\"noindex, follow, max-snippet:-1, max-image-preview:large, max-video-preview:-1\" \/>\n<meta property=\"og:locale\" content=\"ja_JP\" \/>\n<meta property=\"og:type\" content=\"article\" \/>\n<meta property=\"og:title\" content=\"[:fr]Droit p\u00e9nal des affaires[:en]White Collar Crime[:] - Altana\" \/>\n<meta property=\"og:description\" content=\"\u7533\u3057\u8a33\u3042\u308a\u307e\u305b\u3093\u3001\u3053\u306e\u30b3\u30f3\u30c6\u30f3\u30c4\u306f\u305f\u3060\u4eca\u3000Fran\u00e7ais\u3068 English\u3000\u306e\u307f\u3067\u3059\u3002 For the sake of viewer convenience, the content is shown below in [&hellip;]\" \/>\n<meta property=\"og:url\" content=\"https:\/\/backup.altanalaw.com\/competences\/droit-penal-affaires\" \/>\n<meta property=\"og:site_name\" content=\"Altana\" \/>\n<meta property=\"article:modified_time\" content=\"2021-09-15T10:56:39+00:00\" \/>\n<meta name=\"twitter:card\" content=\"summary_large_image\" \/>\n<meta name=\"twitter:label1\" content=\"\u63a8\u5b9a\u8aad\u307f\u53d6\u308a\u6642\u9593\" \/>\n\t<meta name=\"twitter:data1\" content=\"2\u5206\" \/>\n<script type=\"application\/ld+json\" class=\"yoast-schema-graph\">{\"@context\":\"https:\/\/schema.org\",\"@graph\":[{\"@type\":\"WebPage\",\"@id\":\"https:\/\/backup.altanalaw.com\/competences\/droit-penal-affaires\",\"url\":\"https:\/\/backup.altanalaw.com\/competences\/droit-penal-affaires\",\"name\":\"[:fr]Droit p\u00e9nal des affaires[:en]White Collar Crime[:] - Altana\",\"isPartOf\":{\"@id\":\"https:\/\/backup.altanalaw.com\/#website\"},\"datePublished\":\"2013-09-23T12:19:42+00:00\",\"dateModified\":\"2021-09-15T10:56:39+00:00\",\"breadcrumb\":{\"@id\":\"https:\/\/backup.altanalaw.com\/competences\/droit-penal-affaires#breadcrumb\"},\"inLanguage\":\"ja\",\"potentialAction\":[{\"@type\":\"ReadAction\",\"target\":[\"https:\/\/backup.altanalaw.com\/competences\/droit-penal-affaires\"]}]},{\"@type\":\"BreadcrumbList\",\"@id\":\"https:\/\/backup.altanalaw.com\/competences\/droit-penal-affaires#breadcrumb\",\"itemListElement\":[{\"@type\":\"ListItem\",\"position\":1,\"name\":\"Nos Comp\u00e9tences\",\"item\":\"https:\/\/backup.altanalaw.com\/competences\"},{\"@type\":\"ListItem\",\"position\":2,\"name\":\"Droit p\u00e9nal des affaires\"}]},{\"@type\":\"WebSite\",\"@id\":\"https:\/\/backup.altanalaw.com\/#website\",\"url\":\"https:\/\/backup.altanalaw.com\/\",\"name\":\"Altana\",\"description\":\"Soci\u00e9t\u00e9 d&#039;avocats \u00e0 la Cour de Paris\",\"potentialAction\":[{\"@type\":\"SearchAction\",\"target\":{\"@type\":\"EntryPoint\",\"urlTemplate\":\"https:\/\/backup.altanalaw.com\/?s={search_term_string}\"},\"query-input\":\"required name=search_term_string\"}],\"inLanguage\":\"ja\"}]}<\/script>\n<!-- \/ Yoast SEO plugin. -->","yoast_head_json":{"title":"[:fr]Droit p\u00e9nal des affaires[:en]White Collar Crime[:] - Altana","robots":{"index":"noindex","follow":"follow","max-snippet":"max-snippet:-1","max-image-preview":"max-image-preview:large","max-video-preview":"max-video-preview:-1"},"og_locale":"ja_JP","og_type":"article","og_title":"[:fr]Droit p\u00e9nal des affaires[:en]White Collar Crime[:] - Altana","og_description":"\u7533\u3057\u8a33\u3042\u308a\u307e\u305b\u3093\u3001\u3053\u306e\u30b3\u30f3\u30c6\u30f3\u30c4\u306f\u305f\u3060\u4eca\u3000Fran\u00e7ais\u3068 English\u3000\u306e\u307f\u3067\u3059\u3002 For the sake of viewer convenience, the content is shown below in [&hellip;]","og_url":"https:\/\/backup.altanalaw.com\/competences\/droit-penal-affaires","og_site_name":"Altana","article_modified_time":"2021-09-15T10:56:39+00:00","twitter_card":"summary_large_image","twitter_misc":{"\u63a8\u5b9a\u8aad\u307f\u53d6\u308a\u6642\u9593":"2\u5206"},"schema":{"@context":"https:\/\/schema.org","@graph":[{"@type":"WebPage","@id":"https:\/\/backup.altanalaw.com\/competences\/droit-penal-affaires","url":"https:\/\/backup.altanalaw.com\/competences\/droit-penal-affaires","name":"[:fr]Droit p\u00e9nal des affaires[:en]White Collar Crime[:] - Altana","isPartOf":{"@id":"https:\/\/backup.altanalaw.com\/#website"},"datePublished":"2013-09-23T12:19:42+00:00","dateModified":"2021-09-15T10:56:39+00:00","breadcrumb":{"@id":"https:\/\/backup.altanalaw.com\/competences\/droit-penal-affaires#breadcrumb"},"inLanguage":"ja","potentialAction":[{"@type":"ReadAction","target":["https:\/\/backup.altanalaw.com\/competences\/droit-penal-affaires"]}]},{"@type":"BreadcrumbList","@id":"https:\/\/backup.altanalaw.com\/competences\/droit-penal-affaires#breadcrumb","itemListElement":[{"@type":"ListItem","position":1,"name":"Nos Comp\u00e9tences","item":"https:\/\/backup.altanalaw.com\/competences"},{"@type":"ListItem","position":2,"name":"Droit p\u00e9nal des affaires"}]},{"@type":"WebSite","@id":"https:\/\/backup.altanalaw.com\/#website","url":"https:\/\/backup.altanalaw.com\/","name":"Altana","description":"Soci\u00e9t\u00e9 d&#039;avocats \u00e0 la Cour de Paris","potentialAction":[{"@type":"SearchAction","target":{"@type":"EntryPoint","urlTemplate":"https:\/\/backup.altanalaw.com\/?s={search_term_string}"},"query-input":"required name=search_term_string"}],"inLanguage":"ja"}]}},"_links":{"self":[{"href":"https:\/\/backup.altanalaw.com\/ja\/wp-json\/wp\/v2\/pages\/55"}],"collection":[{"href":"https:\/\/backup.altanalaw.com\/ja\/wp-json\/wp\/v2\/pages"}],"about":[{"href":"https:\/\/backup.altanalaw.com\/ja\/wp-json\/wp\/v2\/types\/page"}],"author":[{"embeddable":true,"href":"https:\/\/backup.altanalaw.com\/ja\/wp-json\/wp\/v2\/users\/14"}],"replies":[{"embeddable":true,"href":"https:\/\/backup.altanalaw.com\/ja\/wp-json\/wp\/v2\/comments?post=55"}],"version-history":[{"count":11,"href":"https:\/\/backup.altanalaw.com\/ja\/wp-json\/wp\/v2\/pages\/55\/revisions"}],"predecessor-version":[{"id":8408,"href":"https:\/\/backup.altanalaw.com\/ja\/wp-json\/wp\/v2\/pages\/55\/revisions\/8408"}],"up":[{"embeddable":true,"href":"https:\/\/backup.altanalaw.com\/ja\/wp-json\/wp\/v2\/pages\/33"}],"wp:attachment":[{"href":"https:\/\/backup.altanalaw.com\/ja\/wp-json\/wp\/v2\/media?parent=55"}],"curies":[{"name":"wp","href":"https:\/\/api.w.org\/{rel}","templated":true}]}}