{"id":53,"date":"2013-09-23T14:19:16","date_gmt":"2013-09-23T12:19:16","guid":{"rendered":"http:\/\/backup.altanalaw.com\/\/?page_id=53"},"modified":"2023-06-30T13:47:37","modified_gmt":"2023-06-30T12:47:37","slug":"droit-social","status":"publish","type":"page","link":"https:\/\/backup.altanalaw.com\/ja\/competences\/droit-social","title":{"rendered":"Droit social"},"content":{"rendered":"<p class=\"qtranxs-available-languages-message qtranxs-available-languages-message-ja\">\u7533\u3057\u8a33\u3042\u308a\u307e\u305b\u3093\u3001\u3053\u306e\u30b3\u30f3\u30c6\u30f3\u30c4\u306f\u305f\u3060\u4eca\u3000<a href=\"https:\/\/backup.altanalaw.com\/fr\/wp-json\/wp\/v2\/pages\/53\" class=\"qtranxs-available-language-link qtranxs-available-language-link-fr\" title=\"Fran\u00e7ais\">Fran\u00e7ais<\/a>\u3068 <a href=\"https:\/\/backup.altanalaw.com\/en\/wp-json\/wp\/v2\/pages\/53\" class=\"qtranxs-available-language-link qtranxs-available-language-link-en\" title=\"English\">English<\/a>\u3000\u306e\u307f\u3067\u3059\u3002 For the sake of viewer convenience, the content is shown below in this site default language. You may click one of the links to switch the site language to another available language.<\/p><p><\/p>\n<p style=\"text-align: justify;\">L\u2019\u00e9quipe d\u2019ADVANT Altana conseille et assiste, en conseil et en contentieux, des soci\u00e9t\u00e9s fran\u00e7aises et internationales ainsi que des dirigeants d\u2019entreprise, dans tous les aspects de leurs relations sociales.<\/p>\n<h3 style=\"text-align: justify;\">Relations Collectives :<\/h3>\n<ul>\n<li>Licenciements collectifs<\/li>\n<li>R\u00e9organisations majeures<\/li>\n<li>N\u00e9gociations collectives avec les repr\u00e9sentants des salari\u00e9s et questions strat\u00e9giques aff\u00e9rentes (organisation du temps de travail\/horaires de travail, travail \u00e0 distance\/\u00e0 domicile)<\/li>\n<li>Avantages sociaux, r\u00e9mun\u00e9ration des dirigeants, stock-options, politiques d&#8217;incitations&#8230;<\/li>\n<li>Questions de droit du travail li\u00e9es aux situations de restructuration<\/li>\n<li>\u00c9valuations et ajustements de la s\u00e9curit\u00e9 sociale<\/li>\n<li>Droit de la s\u00e9curit\u00e9 sociale<\/li>\n<li>R\u00e9gimes de protection sociale et de retraite<\/li>\n<li>Aspects sociaux de la cyberd\u00e9fense<\/li>\n<\/ul>\n<h3 style=\"text-align: justify;\">Relations Individuelles :<\/h3>\n<ul>\n<li>Contrats de travail nationaux et internationaux<\/li>\n<li>R\u00e9mun\u00e9ration : structure, mise en place, adaptation<\/li>\n<li>Licenciements, proc\u00e9dures disciplinaires, accords transactionnels<\/li>\n<li>D\u00e9tachement, expatriation<\/li>\n<li>Salari\u00e9s prot\u00e9g\u00e9s, droit administratif du travail<\/li>\n<li>Accidents du travail et maladies professionnelles<\/li>\n<li>Faute inexcusable<\/li>\n<li>Gestion<\/li>\n<\/ul>\n<p style=\"text-align: justify;\">V\u00e9ritables partenaires de leurs clients, les avocats d\u2019ADVANT Altana les accompagnent et leurs proposent des solutions pragmatiques et adapt\u00e9es \u00e0 leurs contraintes op\u00e9rationnelles :<\/p>\n<ul style=\"text-align: justify;\">\n<li>dans le cadre de leur organisation et de leurs mutations au quotidien<\/li>\n<li>comme lors d\u2019op\u00e9rations complexes et dans la pr\u00e9vention des risques et des conflits rencontr\u00e9s<\/li>\n<\/ul>\n<p style=\"text-align: justify;\">L&#8217;\u00e9quipe de droit social est distingu\u00e9e dans les classements D\u00e9cideurs, Option Droit &amp; Affaires et Legal 500.<\/p>\n<p><\/p>","protected":false},"excerpt":{"rendered":"<p>\u7533\u3057\u8a33\u3042\u308a\u307e\u305b\u3093\u3001\u3053\u306e\u30b3\u30f3\u30c6\u30f3\u30c4\u306f\u305f\u3060\u4eca\u3000Fran\u00e7ais\u3068 English\u3000\u306e\u307f\u3067\u3059\u3002 For the sake of viewer convenience, the content is shown below in [&hellip;]<\/p>\n","protected":false},"author":14,"featured_media":0,"parent":33,"menu_order":16,"comment_status":"closed","ping_status":"closed","template":"tpl-expertise.php","meta":{"footnotes":""},"class_list":["post-53","page","type-page","status-publish","hentry"],"yoast_head":"<!-- This site is optimized with the Yoast SEO plugin v22.2 - https:\/\/yoast.com\/wordpress\/plugins\/seo\/ -->\n<title><\/title>\n<meta name=\"robots\" content=\"noindex, follow, max-snippet:-1, max-image-preview:large, max-video-preview:-1\" \/>\n<meta property=\"og:locale\" content=\"ja_JP\" \/>\n<meta property=\"og:type\" content=\"article\" \/>\n<meta property=\"og:title\" content=\"[:fr]Droit social[:en]Employment Law[:] - Altana\" \/>\n<meta property=\"og:description\" content=\"\u7533\u3057\u8a33\u3042\u308a\u307e\u305b\u3093\u3001\u3053\u306e\u30b3\u30f3\u30c6\u30f3\u30c4\u306f\u305f\u3060\u4eca\u3000Fran\u00e7ais\u3068 English\u3000\u306e\u307f\u3067\u3059\u3002 For the sake of viewer convenience, the content is shown below in [&hellip;]\" \/>\n<meta property=\"og:url\" content=\"https:\/\/backup.altanalaw.com\/competences\/droit-social\" \/>\n<meta property=\"og:site_name\" content=\"Altana\" \/>\n<meta property=\"article:modified_time\" content=\"2023-06-30T12:47:37+00:00\" \/>\n<meta name=\"twitter:card\" content=\"summary_large_image\" \/>\n<meta name=\"twitter:label1\" content=\"\u63a8\u5b9a\u8aad\u307f\u53d6\u308a\u6642\u9593\" \/>\n\t<meta name=\"twitter:data1\" content=\"2\u5206\" \/>\n<script type=\"application\/ld+json\" class=\"yoast-schema-graph\">{\"@context\":\"https:\/\/schema.org\",\"@graph\":[{\"@type\":\"WebPage\",\"@id\":\"https:\/\/backup.altanalaw.com\/competences\/droit-social\",\"url\":\"https:\/\/backup.altanalaw.com\/competences\/droit-social\",\"name\":\"[:fr]Droit social[:en]Employment Law[:] - Altana\",\"isPartOf\":{\"@id\":\"https:\/\/backup.altanalaw.com\/#website\"},\"datePublished\":\"2013-09-23T12:19:16+00:00\",\"dateModified\":\"2023-06-30T12:47:37+00:00\",\"breadcrumb\":{\"@id\":\"https:\/\/backup.altanalaw.com\/competences\/droit-social#breadcrumb\"},\"inLanguage\":\"ja\",\"potentialAction\":[{\"@type\":\"ReadAction\",\"target\":[\"https:\/\/backup.altanalaw.com\/competences\/droit-social\"]}]},{\"@type\":\"BreadcrumbList\",\"@id\":\"https:\/\/backup.altanalaw.com\/competences\/droit-social#breadcrumb\",\"itemListElement\":[{\"@type\":\"ListItem\",\"position\":1,\"name\":\"Nos Comp\u00e9tences\",\"item\":\"https:\/\/backup.altanalaw.com\/competences\"},{\"@type\":\"ListItem\",\"position\":2,\"name\":\"Droit social\"}]},{\"@type\":\"WebSite\",\"@id\":\"https:\/\/backup.altanalaw.com\/#website\",\"url\":\"https:\/\/backup.altanalaw.com\/\",\"name\":\"Altana\",\"description\":\"Soci\u00e9t\u00e9 d&#039;avocats \u00e0 la Cour de Paris\",\"potentialAction\":[{\"@type\":\"SearchAction\",\"target\":{\"@type\":\"EntryPoint\",\"urlTemplate\":\"https:\/\/backup.altanalaw.com\/?s={search_term_string}\"},\"query-input\":\"required name=search_term_string\"}],\"inLanguage\":\"ja\"}]}<\/script>\n<!-- \/ Yoast SEO plugin. -->","yoast_head_json":{"title":"[:fr]Droit social[:en]Employment Law[:] - Altana","robots":{"index":"noindex","follow":"follow","max-snippet":"max-snippet:-1","max-image-preview":"max-image-preview:large","max-video-preview":"max-video-preview:-1"},"og_locale":"ja_JP","og_type":"article","og_title":"[:fr]Droit social[:en]Employment Law[:] - Altana","og_description":"\u7533\u3057\u8a33\u3042\u308a\u307e\u305b\u3093\u3001\u3053\u306e\u30b3\u30f3\u30c6\u30f3\u30c4\u306f\u305f\u3060\u4eca\u3000Fran\u00e7ais\u3068 English\u3000\u306e\u307f\u3067\u3059\u3002 For the sake of viewer convenience, the content is shown below in [&hellip;]","og_url":"https:\/\/backup.altanalaw.com\/competences\/droit-social","og_site_name":"Altana","article_modified_time":"2023-06-30T12:47:37+00:00","twitter_card":"summary_large_image","twitter_misc":{"\u63a8\u5b9a\u8aad\u307f\u53d6\u308a\u6642\u9593":"2\u5206"},"schema":{"@context":"https:\/\/schema.org","@graph":[{"@type":"WebPage","@id":"https:\/\/backup.altanalaw.com\/competences\/droit-social","url":"https:\/\/backup.altanalaw.com\/competences\/droit-social","name":"[:fr]Droit social[:en]Employment Law[:] - Altana","isPartOf":{"@id":"https:\/\/backup.altanalaw.com\/#website"},"datePublished":"2013-09-23T12:19:16+00:00","dateModified":"2023-06-30T12:47:37+00:00","breadcrumb":{"@id":"https:\/\/backup.altanalaw.com\/competences\/droit-social#breadcrumb"},"inLanguage":"ja","potentialAction":[{"@type":"ReadAction","target":["https:\/\/backup.altanalaw.com\/competences\/droit-social"]}]},{"@type":"BreadcrumbList","@id":"https:\/\/backup.altanalaw.com\/competences\/droit-social#breadcrumb","itemListElement":[{"@type":"ListItem","position":1,"name":"Nos Comp\u00e9tences","item":"https:\/\/backup.altanalaw.com\/competences"},{"@type":"ListItem","position":2,"name":"Droit social"}]},{"@type":"WebSite","@id":"https:\/\/backup.altanalaw.com\/#website","url":"https:\/\/backup.altanalaw.com\/","name":"Altana","description":"Soci\u00e9t\u00e9 d&#039;avocats \u00e0 la Cour de Paris","potentialAction":[{"@type":"SearchAction","target":{"@type":"EntryPoint","urlTemplate":"https:\/\/backup.altanalaw.com\/?s={search_term_string}"},"query-input":"required name=search_term_string"}],"inLanguage":"ja"}]}},"_links":{"self":[{"href":"https:\/\/backup.altanalaw.com\/ja\/wp-json\/wp\/v2\/pages\/53"}],"collection":[{"href":"https:\/\/backup.altanalaw.com\/ja\/wp-json\/wp\/v2\/pages"}],"about":[{"href":"https:\/\/backup.altanalaw.com\/ja\/wp-json\/wp\/v2\/types\/page"}],"author":[{"embeddable":true,"href":"https:\/\/backup.altanalaw.com\/ja\/wp-json\/wp\/v2\/users\/14"}],"replies":[{"embeddable":true,"href":"https:\/\/backup.altanalaw.com\/ja\/wp-json\/wp\/v2\/comments?post=53"}],"version-history":[{"count":15,"href":"https:\/\/backup.altanalaw.com\/ja\/wp-json\/wp\/v2\/pages\/53\/revisions"}],"predecessor-version":[{"id":9563,"href":"https:\/\/backup.altanalaw.com\/ja\/wp-json\/wp\/v2\/pages\/53\/revisions\/9563"}],"up":[{"embeddable":true,"href":"https:\/\/backup.altanalaw.com\/ja\/wp-json\/wp\/v2\/pages\/33"}],"wp:attachment":[{"href":"https:\/\/backup.altanalaw.com\/ja\/wp-json\/wp\/v2\/media?parent=53"}],"curies":[{"name":"wp","href":"https:\/\/api.w.org\/{rel}","templated":true}]}}