{"id":49,"date":"2013-09-23T14:18:26","date_gmt":"2013-09-23T12:18:26","guid":{"rendered":"http:\/\/backup.altanalaw.com\/\/?page_id=49"},"modified":"2021-10-07T11:37:46","modified_gmt":"2021-10-07T10:37:46","slug":"arbitrage-mediation","status":"publish","type":"page","link":"https:\/\/backup.altanalaw.com\/ja\/competences\/arbitrage-mediation","title":{"rendered":"Arbitrage"},"content":{"rendered":"<p class=\"qtranxs-available-languages-message qtranxs-available-languages-message-ja\">\u7533\u3057\u8a33\u3042\u308a\u307e\u305b\u3093\u3001\u3053\u306e\u30b3\u30f3\u30c6\u30f3\u30c4\u306f\u305f\u3060\u4eca\u3000<a href=\"https:\/\/backup.altanalaw.com\/fr\/wp-json\/wp\/v2\/pages\/49\" class=\"qtranxs-available-language-link qtranxs-available-language-link-fr\" title=\"Fran\u00e7ais\">Fran\u00e7ais<\/a>\u3068 <a href=\"https:\/\/backup.altanalaw.com\/en\/wp-json\/wp\/v2\/pages\/49\" class=\"qtranxs-available-language-link qtranxs-available-language-link-en\" title=\"English\">English<\/a>\u3000\u306e\u307f\u3067\u3059\u3002 For the sake of viewer convenience, the content is shown below in this site default language. You may click one of the links to switch the site language to another available language.<\/p><p><\/p>\n<p style=\"text-align: justify;\">L\u2019\u00e9quipe pluridisciplinaire d\u2019ADVANT Altana en charge de l\u2019arbitrage et de la m\u00e9diation intervient :<\/p>\n<ul style=\"text-align: justify;\">\n<li>comme conseil et arbitre (Pr\u00e9sident du Tribunal Arbitral, Co-arbitre et Arbitre Unique) dans des proc\u00e9dures arbitrales internes et internationales<\/li>\n<li>pour des Etats, des soci\u00e9t\u00e9s priv\u00e9es, des personnes physiques dans les domaines de la construction (et notamment FIDIC), distribution, brevet, t\u00e9l\u00e9communications, transport, mati\u00e8res premi\u00e8res, gaz\/p\u00e9trole, JV, sale\/purchase agreements, assurance etc\u2026<\/li>\n<\/ul>\n<p style=\"text-align: justify;\">L\u2019\u00e9quipe b\u00e9n\u00e9ficie d\u2019une exp\u00e9rience en mati\u00e8re institutionnelle, ICC, FED, LCIA, CCAT, Cepani, CRCICA, AFA, AAA mais \u00e9galement en arbitrage\u00a0<i>ad hoc<\/i>.\u00a0\u00a0Elle intervient dans des droits vari\u00e9s tant europ\u00e9ens, que d\u2019Afrique du Nord ou du Moyen-Orient. L\u2019\u00e9quipe Arbitrage est distingu\u00e9e dans le guide D\u00e9cideurs, Option Droit et Affaires et dans Legal 500.<\/p>\n<p>De m\u00eame, l&#8217;\u00e9quipe Arbitrage et M\u00e9diation d&#8217;ADVANT Altana a est reconnue dans The Best Lawyers en France pour son travail en Arbitrage et M\u00e9diation.<\/p>\n<p>De plus, l&#8217;\u00e9quipe Arbitrage et M\u00e9diation d&#8217;ADVANT Altana est particuli\u00e8rement reconnue pour r\u00e9pondre aux besoins du secteur de la construction et des infrastructures en mati\u00e8re d&#8217;excellence multinationale dans les services juridiques de la construction. L&#8217;\u00e9quipe Construction d&#8217;ADVANT Altana, dirig\u00e9e par Me Christophe Lapp et Me Fran\u00e7ois Muller, est en effet reconnue dans The Best Lawyers in France depuis 2010. En outre, ADVANT Altana a cr\u00e9\u00e9 la Leading Construction Lawyers Alliance, avec le cabinet d&#8217;avocats am\u00e9ricain Peckar &amp; Abramson, le cabinet d&#8217;avocats allemand Breyer Rechtsanw\u00e4lte et PS Consulting, une boutique situ\u00e9e \u00e0 Paris sp\u00e9cialis\u00e9e dans la r\u00e9solution de litiges complexes (<a href=\"https:\/\/backup.altanalaw.com\/en\/medias\/altana-breyer-rechtsanwalte-peckar-abramson-et-ps-consulting-creent-leading-construction-lawyers-international-alliance\">appuyez ici<\/a>).<\/p>\n<p>En outre, l&#8217;\u00e9quipe d&#8217;arbitrage et de m\u00e9diation d&#8217;ADVANT Altana est r\u00e9put\u00e9e pour son expertise dans le traitement de litiges complexes impliquant des contrats d&#8217;\u00c9tat, y compris des contrats de march\u00e9s publics.<\/p>","protected":false},"excerpt":{"rendered":"<p>\u7533\u3057\u8a33\u3042\u308a\u307e\u305b\u3093\u3001\u3053\u306e\u30b3\u30f3\u30c6\u30f3\u30c4\u306f\u305f\u3060\u4eca\u3000Fran\u00e7ais\u3068 English\u3000\u306e\u307f\u3067\u3059\u3002 For the sake of viewer convenience, the content is shown below in [&hellip;]<\/p>\n","protected":false},"author":14,"featured_media":0,"parent":33,"menu_order":9,"comment_status":"closed","ping_status":"closed","template":"tpl-expertise.php","meta":{"footnotes":""},"class_list":["post-49","page","type-page","status-publish","hentry"],"yoast_head":"<!-- This site is optimized with the Yoast SEO plugin v22.2 - https:\/\/yoast.com\/wordpress\/plugins\/seo\/ -->\n<title><\/title>\n<meta name=\"robots\" content=\"noindex, follow, max-snippet:-1, max-image-preview:large, max-video-preview:-1\" \/>\n<meta property=\"og:locale\" content=\"ja_JP\" \/>\n<meta property=\"og:type\" content=\"article\" \/>\n<meta property=\"og:title\" content=\"[:fr]Arbitrage [:en]Arbitration [:] - Altana\" \/>\n<meta property=\"og:description\" content=\"\u7533\u3057\u8a33\u3042\u308a\u307e\u305b\u3093\u3001\u3053\u306e\u30b3\u30f3\u30c6\u30f3\u30c4\u306f\u305f\u3060\u4eca\u3000Fran\u00e7ais\u3068 English\u3000\u306e\u307f\u3067\u3059\u3002 For the sake of viewer convenience, the content is shown below in [&hellip;]\" \/>\n<meta property=\"og:url\" content=\"https:\/\/backup.altanalaw.com\/competences\/arbitrage-mediation\" \/>\n<meta property=\"og:site_name\" content=\"Altana\" \/>\n<meta property=\"article:modified_time\" content=\"2021-10-07T10:37:46+00:00\" \/>\n<meta name=\"twitter:card\" content=\"summary_large_image\" \/>\n<meta name=\"twitter:label1\" content=\"\u63a8\u5b9a\u8aad\u307f\u53d6\u308a\u6642\u9593\" \/>\n\t<meta name=\"twitter:data1\" content=\"3\u5206\" \/>\n<script type=\"application\/ld+json\" class=\"yoast-schema-graph\">{\"@context\":\"https:\/\/schema.org\",\"@graph\":[{\"@type\":\"WebPage\",\"@id\":\"https:\/\/backup.altanalaw.com\/competences\/arbitrage-mediation\",\"url\":\"https:\/\/backup.altanalaw.com\/competences\/arbitrage-mediation\",\"name\":\"[:fr]Arbitrage [:en]Arbitration [:] - Altana\",\"isPartOf\":{\"@id\":\"https:\/\/backup.altanalaw.com\/#website\"},\"datePublished\":\"2013-09-23T12:18:26+00:00\",\"dateModified\":\"2021-10-07T10:37:46+00:00\",\"breadcrumb\":{\"@id\":\"https:\/\/backup.altanalaw.com\/competences\/arbitrage-mediation#breadcrumb\"},\"inLanguage\":\"ja\",\"potentialAction\":[{\"@type\":\"ReadAction\",\"target\":[\"https:\/\/backup.altanalaw.com\/competences\/arbitrage-mediation\"]}]},{\"@type\":\"BreadcrumbList\",\"@id\":\"https:\/\/backup.altanalaw.com\/competences\/arbitrage-mediation#breadcrumb\",\"itemListElement\":[{\"@type\":\"ListItem\",\"position\":1,\"name\":\"Nos Comp\u00e9tences\",\"item\":\"https:\/\/backup.altanalaw.com\/competences\"},{\"@type\":\"ListItem\",\"position\":2,\"name\":\"Arbitrage\"}]},{\"@type\":\"WebSite\",\"@id\":\"https:\/\/backup.altanalaw.com\/#website\",\"url\":\"https:\/\/backup.altanalaw.com\/\",\"name\":\"Altana\",\"description\":\"Soci\u00e9t\u00e9 d&#039;avocats \u00e0 la Cour de Paris\",\"potentialAction\":[{\"@type\":\"SearchAction\",\"target\":{\"@type\":\"EntryPoint\",\"urlTemplate\":\"https:\/\/backup.altanalaw.com\/?s={search_term_string}\"},\"query-input\":\"required name=search_term_string\"}],\"inLanguage\":\"ja\"}]}<\/script>\n<!-- \/ Yoast SEO plugin. -->","yoast_head_json":{"title":"[:fr]Arbitrage [:en]Arbitration [:] - Altana","robots":{"index":"noindex","follow":"follow","max-snippet":"max-snippet:-1","max-image-preview":"max-image-preview:large","max-video-preview":"max-video-preview:-1"},"og_locale":"ja_JP","og_type":"article","og_title":"[:fr]Arbitrage [:en]Arbitration [:] - Altana","og_description":"\u7533\u3057\u8a33\u3042\u308a\u307e\u305b\u3093\u3001\u3053\u306e\u30b3\u30f3\u30c6\u30f3\u30c4\u306f\u305f\u3060\u4eca\u3000Fran\u00e7ais\u3068 English\u3000\u306e\u307f\u3067\u3059\u3002 For the sake of viewer convenience, the content is shown below in [&hellip;]","og_url":"https:\/\/backup.altanalaw.com\/competences\/arbitrage-mediation","og_site_name":"Altana","article_modified_time":"2021-10-07T10:37:46+00:00","twitter_card":"summary_large_image","twitter_misc":{"\u63a8\u5b9a\u8aad\u307f\u53d6\u308a\u6642\u9593":"3\u5206"},"schema":{"@context":"https:\/\/schema.org","@graph":[{"@type":"WebPage","@id":"https:\/\/backup.altanalaw.com\/competences\/arbitrage-mediation","url":"https:\/\/backup.altanalaw.com\/competences\/arbitrage-mediation","name":"[:fr]Arbitrage [:en]Arbitration [:] - Altana","isPartOf":{"@id":"https:\/\/backup.altanalaw.com\/#website"},"datePublished":"2013-09-23T12:18:26+00:00","dateModified":"2021-10-07T10:37:46+00:00","breadcrumb":{"@id":"https:\/\/backup.altanalaw.com\/competences\/arbitrage-mediation#breadcrumb"},"inLanguage":"ja","potentialAction":[{"@type":"ReadAction","target":["https:\/\/backup.altanalaw.com\/competences\/arbitrage-mediation"]}]},{"@type":"BreadcrumbList","@id":"https:\/\/backup.altanalaw.com\/competences\/arbitrage-mediation#breadcrumb","itemListElement":[{"@type":"ListItem","position":1,"name":"Nos Comp\u00e9tences","item":"https:\/\/backup.altanalaw.com\/competences"},{"@type":"ListItem","position":2,"name":"Arbitrage"}]},{"@type":"WebSite","@id":"https:\/\/backup.altanalaw.com\/#website","url":"https:\/\/backup.altanalaw.com\/","name":"Altana","description":"Soci\u00e9t\u00e9 d&#039;avocats \u00e0 la Cour de Paris","potentialAction":[{"@type":"SearchAction","target":{"@type":"EntryPoint","urlTemplate":"https:\/\/backup.altanalaw.com\/?s={search_term_string}"},"query-input":"required name=search_term_string"}],"inLanguage":"ja"}]}},"_links":{"self":[{"href":"https:\/\/backup.altanalaw.com\/ja\/wp-json\/wp\/v2\/pages\/49"}],"collection":[{"href":"https:\/\/backup.altanalaw.com\/ja\/wp-json\/wp\/v2\/pages"}],"about":[{"href":"https:\/\/backup.altanalaw.com\/ja\/wp-json\/wp\/v2\/types\/page"}],"author":[{"embeddable":true,"href":"https:\/\/backup.altanalaw.com\/ja\/wp-json\/wp\/v2\/users\/14"}],"replies":[{"embeddable":true,"href":"https:\/\/backup.altanalaw.com\/ja\/wp-json\/wp\/v2\/comments?post=49"}],"version-history":[{"count":20,"href":"https:\/\/backup.altanalaw.com\/ja\/wp-json\/wp\/v2\/pages\/49\/revisions"}],"predecessor-version":[{"id":8485,"href":"https:\/\/backup.altanalaw.com\/ja\/wp-json\/wp\/v2\/pages\/49\/revisions\/8485"}],"up":[{"embeddable":true,"href":"https:\/\/backup.altanalaw.com\/ja\/wp-json\/wp\/v2\/pages\/33"}],"wp:attachment":[{"href":"https:\/\/backup.altanalaw.com\/ja\/wp-json\/wp\/v2\/media?parent=49"}],"curies":[{"name":"wp","href":"https:\/\/api.w.org\/{rel}","templated":true}]}}