{"id":47,"date":"2013-09-23T14:18:04","date_gmt":"2013-09-23T12:18:04","guid":{"rendered":"http:\/\/backup.altanalaw.com\/\/?page_id=47"},"modified":"2023-02-22T12:26:56","modified_gmt":"2023-02-22T11:26:56","slug":"contentieux-affaires","status":"publish","type":"page","link":"https:\/\/backup.altanalaw.com\/ja\/competences\/contentieux-affaires","title":{"rendered":"Contentieux des affaires &#038; n\u00e9gociations contractuelles"},"content":{"rendered":"<p class=\"qtranxs-available-languages-message qtranxs-available-languages-message-ja\">\u7533\u3057\u8a33\u3042\u308a\u307e\u305b\u3093\u3001\u3053\u306e\u30b3\u30f3\u30c6\u30f3\u30c4\u306f\u305f\u3060\u4eca\u3000<a href=\"https:\/\/backup.altanalaw.com\/fr\/wp-json\/wp\/v2\/pages\/47\" class=\"qtranxs-available-language-link qtranxs-available-language-link-fr\" title=\"Fran\u00e7ais\">Fran\u00e7ais<\/a>\u3068 <a href=\"https:\/\/backup.altanalaw.com\/en\/wp-json\/wp\/v2\/pages\/47\" class=\"qtranxs-available-language-link qtranxs-available-language-link-en\" title=\"English\">English<\/a>\u3000\u306e\u307f\u3067\u3059\u3002 For the sake of viewer convenience, the content is shown below in this site default language. You may click one of the links to switch the site language to another available language.<\/p><p>ADVANT Altana est un acteur de premier plan en mati\u00e8re de contentieux et de r\u00e9solution des litiges. Avec 11 associ\u00e9s et 24 counsels et collaborateurs, les membres de notre \u00e9quipe sont reconnus chaque ann\u00e9e parmi les meilleurs strat\u00e8ges du barreau de Paris. Nous avons une exp\u00e9rience consid\u00e9rable des grands litiges financiers, de la gestion des risques industriels et des conflits techniques complexes dans les secteurs des activit\u00e9s r\u00e9glement\u00e9es, de la responsabilit\u00e9 du fait des produits et des litiges environnementaux, ainsi que des secteurs assurance-banque, construction, \u00e9nergies renouvelables, divertissement, haute technologie et sciences de la vie.<\/p>\n<p>Nous conseillons et repr\u00e9sentons principalement des groupes industriels de premier plan (pharmacie, biotechnologie, construction, agroalimentaire, automobile, \u00e9nergie, high-tech, m\u00e9dias, etc.), des assurances, des institutions financi\u00e8res et des prestataires de services dans des litiges strat\u00e9giques relevant du droit commercial, du droit des soci\u00e9t\u00e9s et du droit \u00e9conomique, notamment en situation de crise.\u00a0 En outre, notre \u00e9quipe poss\u00e8de une exp\u00e9rience consid\u00e9rable dans la gestion des proc\u00e9dures de class action (notamment dans le secteur de la sant\u00e9) et des litiges entre actionnaires.\u00a0 Nous assistons et repr\u00e9sentons \u00e9galement nos clients dans les litiges relatifs aux cyber-risques et aux risques \u00e9mergents.<\/p>\n<p>L&#8217;\u00e9quipe est particuli\u00e8rement active en mati\u00e8re de litiges strat\u00e9giques et intervient\/g\u00e8re les litiges transfrontaliers de ses clients en coop\u00e9rant avec un r\u00e9seau international de correspondants sp\u00e9cialis\u00e9s avec lesquels elle collabore r\u00e9guli\u00e8rement. Cette collaboration s&#8217;av\u00e8re particuli\u00e8rement vitale en mati\u00e8re de cybercriminalit\u00e9 car elle nous permet de mettre en \u0153uvre rapidement des proc\u00e9dures de recouvrement transnationales.<\/p>\n<p>Notre offre comprend :<\/p>\n<ul style=\"text-align: justify;\">\n<li>exp\u00e9rience av\u00e9r\u00e9e devant l\u2019ensemble des juridictions et autorit\u00e9s ind\u00e9pendantes (commerciales, civiles, criminelles et administratives)<\/li>\n<li>assistance dans le cadre de contentieux et pr\u00e9contentieux des entreprises industrielles, des institutions financi\u00e8res, et des entreprises de service<\/li>\n<li>intervention dans le cadre des contentieux strat\u00e9giques de droit des soci\u00e9t\u00e9s et de droit commercial en coordination avec les agences de communication de crise<\/li>\n<li>assistance sur des op\u00e9rations d\u2019envergure pour des grands groupes fran\u00e7ais et internationaux<\/li>\n<li>expertise dans la gestion des risques industriels et la r\u00e9solution de conflits techniques complexes, dans le domaine des activit\u00e9s r\u00e9glement\u00e9es et de la responsabilit\u00e9 des produits, ainsi que dans le contentieux environnemental<\/li>\n<li>assistance dans toutes les phases pr\u00e9contentieuses et contentieuses en mati\u00e8re de droit p\u00e9nal des affaires, financier et de droit p\u00e9nal du travail<\/li>\n<li>exp\u00e9rience de la gestion des conflits de masse (actionnaires\/consommateurs)<\/li>\n<\/ul>\n<p style=\"text-align: justify;\">Les avocats d\u2019ADVANT Altana ont d\u00e9velopp\u00e9 une expertise pointue et une connaissance des m\u00e9tiers de leurs clients qui leur permet d\u2019\u00e9laborer des strat\u00e9gies contentieuses incluant la mise en \u0153uvre de proc\u00e9\u00addures d\u2019urgence et\/ou de mesures conservatoires, pour aboutir le plus rapidement possible \u00e0 la r\u00e9solution du litige.<\/p>\n<p style=\"text-align: justify;\">L\u2019\u00e9quipe Contentieux des affaires est distingu\u00e9e dans le guide D\u00e9cideurs (Leaders League), Chambers Europe, Legal 500, Option Droit et Affaires, Who&#8217;s Who Legal<\/p>\n<p><\/p>","protected":false},"excerpt":{"rendered":"<p>\u7533\u3057\u8a33\u3042\u308a\u307e\u305b\u3093\u3001\u3053\u306e\u30b3\u30f3\u30c6\u30f3\u30c4\u306f\u305f\u3060\u4eca\u3000Fran\u00e7ais\u3068 English\u3000\u306e\u307f\u3067\u3059\u3002 For the sake of viewer convenience, the content is shown below in [&hellip;]<\/p>\n","protected":false},"author":14,"featured_media":0,"parent":33,"menu_order":11,"comment_status":"closed","ping_status":"closed","template":"tpl-expertise.php","meta":{"footnotes":""},"class_list":["post-47","page","type-page","status-publish","hentry"],"yoast_head":"<!-- This site is optimized with the Yoast SEO plugin v22.2 - https:\/\/yoast.com\/wordpress\/plugins\/seo\/ -->\n<title><\/title>\n<meta name=\"robots\" content=\"noindex, follow, max-snippet:-1, max-image-preview:large, max-video-preview:-1\" \/>\n<meta property=\"og:locale\" content=\"ja_JP\" \/>\n<meta property=\"og:type\" content=\"article\" \/>\n<meta property=\"og:title\" content=\"[:fr]Contentieux des affaires &amp; n\u00e9gociations contractuelles[:en]Business Litigation &amp; Contract Negotiation[:] - Altana\" \/>\n<meta property=\"og:description\" content=\"\u7533\u3057\u8a33\u3042\u308a\u307e\u305b\u3093\u3001\u3053\u306e\u30b3\u30f3\u30c6\u30f3\u30c4\u306f\u305f\u3060\u4eca\u3000Fran\u00e7ais\u3068 English\u3000\u306e\u307f\u3067\u3059\u3002 For the sake of viewer convenience, the content is shown below in [&hellip;]\" \/>\n<meta property=\"og:url\" content=\"https:\/\/backup.altanalaw.com\/competences\/contentieux-affaires\" \/>\n<meta property=\"og:site_name\" content=\"Altana\" \/>\n<meta property=\"article:modified_time\" content=\"2023-02-22T11:26:56+00:00\" \/>\n<meta name=\"twitter:card\" content=\"summary_large_image\" \/>\n<meta name=\"twitter:label1\" content=\"\u63a8\u5b9a\u8aad\u307f\u53d6\u308a\u6642\u9593\" \/>\n\t<meta name=\"twitter:data1\" content=\"3\u5206\" \/>\n<script type=\"application\/ld+json\" class=\"yoast-schema-graph\">{\"@context\":\"https:\/\/schema.org\",\"@graph\":[{\"@type\":\"WebPage\",\"@id\":\"https:\/\/backup.altanalaw.com\/competences\/contentieux-affaires\",\"url\":\"https:\/\/backup.altanalaw.com\/competences\/contentieux-affaires\",\"name\":\"[:fr]Contentieux des affaires & n\u00e9gociations contractuelles[:en]Business Litigation & Contract Negotiation[:] - Altana\",\"isPartOf\":{\"@id\":\"https:\/\/backup.altanalaw.com\/#website\"},\"datePublished\":\"2013-09-23T12:18:04+00:00\",\"dateModified\":\"2023-02-22T11:26:56+00:00\",\"breadcrumb\":{\"@id\":\"https:\/\/backup.altanalaw.com\/competences\/contentieux-affaires#breadcrumb\"},\"inLanguage\":\"ja\",\"potentialAction\":[{\"@type\":\"ReadAction\",\"target\":[\"https:\/\/backup.altanalaw.com\/competences\/contentieux-affaires\"]}]},{\"@type\":\"BreadcrumbList\",\"@id\":\"https:\/\/backup.altanalaw.com\/competences\/contentieux-affaires#breadcrumb\",\"itemListElement\":[{\"@type\":\"ListItem\",\"position\":1,\"name\":\"Nos Comp\u00e9tences\",\"item\":\"https:\/\/backup.altanalaw.com\/competences\"},{\"@type\":\"ListItem\",\"position\":2,\"name\":\"Contentieux des affaires &#038; n\u00e9gociations contractuelles\"}]},{\"@type\":\"WebSite\",\"@id\":\"https:\/\/backup.altanalaw.com\/#website\",\"url\":\"https:\/\/backup.altanalaw.com\/\",\"name\":\"Altana\",\"description\":\"Soci\u00e9t\u00e9 d&#039;avocats \u00e0 la Cour de Paris\",\"potentialAction\":[{\"@type\":\"SearchAction\",\"target\":{\"@type\":\"EntryPoint\",\"urlTemplate\":\"https:\/\/backup.altanalaw.com\/?s={search_term_string}\"},\"query-input\":\"required name=search_term_string\"}],\"inLanguage\":\"ja\"}]}<\/script>\n<!-- \/ Yoast SEO plugin. -->","yoast_head_json":{"title":"[:fr]Contentieux des affaires & n\u00e9gociations contractuelles[:en]Business Litigation & Contract Negotiation[:] - Altana","robots":{"index":"noindex","follow":"follow","max-snippet":"max-snippet:-1","max-image-preview":"max-image-preview:large","max-video-preview":"max-video-preview:-1"},"og_locale":"ja_JP","og_type":"article","og_title":"[:fr]Contentieux des affaires & n\u00e9gociations contractuelles[:en]Business Litigation & Contract Negotiation[:] - Altana","og_description":"\u7533\u3057\u8a33\u3042\u308a\u307e\u305b\u3093\u3001\u3053\u306e\u30b3\u30f3\u30c6\u30f3\u30c4\u306f\u305f\u3060\u4eca\u3000Fran\u00e7ais\u3068 English\u3000\u306e\u307f\u3067\u3059\u3002 For the sake of viewer convenience, the content is shown below in [&hellip;]","og_url":"https:\/\/backup.altanalaw.com\/competences\/contentieux-affaires","og_site_name":"Altana","article_modified_time":"2023-02-22T11:26:56+00:00","twitter_card":"summary_large_image","twitter_misc":{"\u63a8\u5b9a\u8aad\u307f\u53d6\u308a\u6642\u9593":"3\u5206"},"schema":{"@context":"https:\/\/schema.org","@graph":[{"@type":"WebPage","@id":"https:\/\/backup.altanalaw.com\/competences\/contentieux-affaires","url":"https:\/\/backup.altanalaw.com\/competences\/contentieux-affaires","name":"[:fr]Contentieux des affaires & n\u00e9gociations contractuelles[:en]Business Litigation & Contract Negotiation[:] - Altana","isPartOf":{"@id":"https:\/\/backup.altanalaw.com\/#website"},"datePublished":"2013-09-23T12:18:04+00:00","dateModified":"2023-02-22T11:26:56+00:00","breadcrumb":{"@id":"https:\/\/backup.altanalaw.com\/competences\/contentieux-affaires#breadcrumb"},"inLanguage":"ja","potentialAction":[{"@type":"ReadAction","target":["https:\/\/backup.altanalaw.com\/competences\/contentieux-affaires"]}]},{"@type":"BreadcrumbList","@id":"https:\/\/backup.altanalaw.com\/competences\/contentieux-affaires#breadcrumb","itemListElement":[{"@type":"ListItem","position":1,"name":"Nos Comp\u00e9tences","item":"https:\/\/backup.altanalaw.com\/competences"},{"@type":"ListItem","position":2,"name":"Contentieux des affaires &#038; n\u00e9gociations contractuelles"}]},{"@type":"WebSite","@id":"https:\/\/backup.altanalaw.com\/#website","url":"https:\/\/backup.altanalaw.com\/","name":"Altana","description":"Soci\u00e9t\u00e9 d&#039;avocats \u00e0 la Cour de Paris","potentialAction":[{"@type":"SearchAction","target":{"@type":"EntryPoint","urlTemplate":"https:\/\/backup.altanalaw.com\/?s={search_term_string}"},"query-input":"required name=search_term_string"}],"inLanguage":"ja"}]}},"_links":{"self":[{"href":"https:\/\/backup.altanalaw.com\/ja\/wp-json\/wp\/v2\/pages\/47"}],"collection":[{"href":"https:\/\/backup.altanalaw.com\/ja\/wp-json\/wp\/v2\/pages"}],"about":[{"href":"https:\/\/backup.altanalaw.com\/ja\/wp-json\/wp\/v2\/types\/page"}],"author":[{"embeddable":true,"href":"https:\/\/backup.altanalaw.com\/ja\/wp-json\/wp\/v2\/users\/14"}],"replies":[{"embeddable":true,"href":"https:\/\/backup.altanalaw.com\/ja\/wp-json\/wp\/v2\/comments?post=47"}],"version-history":[{"count":26,"href":"https:\/\/backup.altanalaw.com\/ja\/wp-json\/wp\/v2\/pages\/47\/revisions"}],"predecessor-version":[{"id":9385,"href":"https:\/\/backup.altanalaw.com\/ja\/wp-json\/wp\/v2\/pages\/47\/revisions\/9385"}],"up":[{"embeddable":true,"href":"https:\/\/backup.altanalaw.com\/ja\/wp-json\/wp\/v2\/pages\/33"}],"wp:attachment":[{"href":"https:\/\/backup.altanalaw.com\/ja\/wp-json\/wp\/v2\/media?parent=47"}],"curies":[{"name":"wp","href":"https:\/\/api.w.org\/{rel}","templated":true}]}}