{"id":43,"date":"2013-09-23T14:17:16","date_gmt":"2013-09-23T12:17:16","guid":{"rendered":"http:\/\/backup.altanalaw.com\/\/?page_id=43"},"modified":"2021-09-15T11:54:57","modified_gmt":"2021-09-15T10:54:57","slug":"droit-societes-fusions-acquisitions","status":"publish","type":"page","link":"https:\/\/backup.altanalaw.com\/ja\/competences\/droit-societes-fusions-acquisitions","title":{"rendered":"Fusions-acquisitions"},"content":{"rendered":"<p class=\"qtranxs-available-languages-message qtranxs-available-languages-message-ja\">\u7533\u3057\u8a33\u3042\u308a\u307e\u305b\u3093\u3001\u3053\u306e\u30b3\u30f3\u30c6\u30f3\u30c4\u306f\u305f\u3060\u4eca\u3000<a href=\"https:\/\/backup.altanalaw.com\/fr\/wp-json\/wp\/v2\/pages\/43\" class=\"qtranxs-available-language-link qtranxs-available-language-link-fr\" title=\"Fran\u00e7ais\">Fran\u00e7ais<\/a>\u3068 <a href=\"https:\/\/backup.altanalaw.com\/en\/wp-json\/wp\/v2\/pages\/43\" class=\"qtranxs-available-language-link qtranxs-available-language-link-en\" title=\"English\">English<\/a>\u3000\u306e\u307f\u3067\u3059\u3002 For the sake of viewer convenience, the content is shown below in this site default language. You may click one of the links to switch the site language to another available language.<\/p><p><\/p>\n<p style=\"text-align: justify;\">L\u2019\u00e9quipe Fusions-Acquisitions d\u2019ADVANT Altana intervient sur des dossiers complexes et novateurs aussi bien internes que transfrontaliers.<\/p>\n<p style=\"text-align: justify;\">Nous apportons des conseils strat\u00e9giques, tactiques et techniques \u00e0 des entreprises fran\u00e7aises et internationales de toutes tailles, cot\u00e9es ou non, dans leurs strat\u00e9gies d&#8217;investissement, de croissance et de restructuration.<\/p>\n<p>Nos domaines d&#8217;expertise couvrent un large spectre et comprennent :<\/p>\n<ul>\n<li>Fusions-acquisitions domestiques et multi-juridictionnelles,<\/li>\n<li>Offres publiques d\u2019acquisition,<\/li>\n<li>Joint-Ventures et partenariats, strat\u00e9giques,<\/li>\n<li>R\u00e9organisation d&#8217;entreprise,<\/li>\n<li>Spin-offs \/ D\u00e9tourages,<\/li>\n<li>Gouvernance d&#8217;entreprise,<\/li>\n<li>Contentieux post-acquisition.<\/li>\n<\/ul>\n<p style=\"text-align: justify;\">L&#8217;\u00e9quipe Fusions-Acquisitions est notamment distingu\u00e9e dans D\u00e9cideurs ( \u00ab Excellent \u00bb pour les op\u00e9rations comprises entre 75 M\u20ac et 500 M\u20ac) et Legal 500. En octobre 2019, elle a obtenu, pour la septi\u00e8me ann\u00e9e cons\u00e9cutive, un classement 4 \u00e9toiles pour les op\u00e9rations de M&amp;A jusqu\u2019\u00e0 200 M\u20ac par Option Finance \/ Option Droit &amp; Affaires.<\/p>\n<p><\/p>","protected":false},"excerpt":{"rendered":"<p>\u7533\u3057\u8a33\u3042\u308a\u307e\u305b\u3093\u3001\u3053\u306e\u30b3\u30f3\u30c6\u30f3\u30c4\u306f\u305f\u3060\u4eca\u3000Fran\u00e7ais\u3068 English\u3000\u306e\u307f\u3067\u3059\u3002 For the sake of viewer convenience, the content is shown below in [&hellip;]<\/p>\n","protected":false},"author":14,"featured_media":0,"parent":33,"menu_order":23,"comment_status":"closed","ping_status":"closed","template":"tpl-expertise.php","meta":{"footnotes":""},"class_list":["post-43","page","type-page","status-publish","hentry"],"yoast_head":"<!-- This site is optimized with the Yoast SEO plugin v22.2 - https:\/\/yoast.com\/wordpress\/plugins\/seo\/ -->\n<title><\/title>\n<meta name=\"robots\" content=\"noindex, follow, max-snippet:-1, max-image-preview:large, max-video-preview:-1\" \/>\n<meta property=\"og:locale\" content=\"ja_JP\" \/>\n<meta property=\"og:type\" content=\"article\" \/>\n<meta property=\"og:title\" content=\"[:fr]Fusions-acquisitions[:en]Mergers and acquisitions[:] - Altana\" \/>\n<meta property=\"og:description\" content=\"\u7533\u3057\u8a33\u3042\u308a\u307e\u305b\u3093\u3001\u3053\u306e\u30b3\u30f3\u30c6\u30f3\u30c4\u306f\u305f\u3060\u4eca\u3000Fran\u00e7ais\u3068 English\u3000\u306e\u307f\u3067\u3059\u3002 For the sake of viewer convenience, the content is shown below in [&hellip;]\" \/>\n<meta property=\"og:url\" content=\"https:\/\/backup.altanalaw.com\/competences\/droit-societes-fusions-acquisitions\" \/>\n<meta property=\"og:site_name\" content=\"Altana\" \/>\n<meta property=\"article:modified_time\" content=\"2021-09-15T10:54:57+00:00\" \/>\n<meta name=\"twitter:card\" content=\"summary_large_image\" \/>\n<meta name=\"twitter:label1\" content=\"\u63a8\u5b9a\u8aad\u307f\u53d6\u308a\u6642\u9593\" \/>\n\t<meta name=\"twitter:data1\" content=\"1\u5206\" \/>\n<script type=\"application\/ld+json\" class=\"yoast-schema-graph\">{\"@context\":\"https:\/\/schema.org\",\"@graph\":[{\"@type\":\"WebPage\",\"@id\":\"https:\/\/backup.altanalaw.com\/competences\/droit-societes-fusions-acquisitions\",\"url\":\"https:\/\/backup.altanalaw.com\/competences\/droit-societes-fusions-acquisitions\",\"name\":\"[:fr]Fusions-acquisitions[:en]Mergers and acquisitions[:] - Altana\",\"isPartOf\":{\"@id\":\"https:\/\/backup.altanalaw.com\/#website\"},\"datePublished\":\"2013-09-23T12:17:16+00:00\",\"dateModified\":\"2021-09-15T10:54:57+00:00\",\"breadcrumb\":{\"@id\":\"https:\/\/backup.altanalaw.com\/competences\/droit-societes-fusions-acquisitions#breadcrumb\"},\"inLanguage\":\"ja\",\"potentialAction\":[{\"@type\":\"ReadAction\",\"target\":[\"https:\/\/backup.altanalaw.com\/competences\/droit-societes-fusions-acquisitions\"]}]},{\"@type\":\"BreadcrumbList\",\"@id\":\"https:\/\/backup.altanalaw.com\/competences\/droit-societes-fusions-acquisitions#breadcrumb\",\"itemListElement\":[{\"@type\":\"ListItem\",\"position\":1,\"name\":\"Nos Comp\u00e9tences\",\"item\":\"https:\/\/backup.altanalaw.com\/competences\"},{\"@type\":\"ListItem\",\"position\":2,\"name\":\"Fusions-acquisitions\"}]},{\"@type\":\"WebSite\",\"@id\":\"https:\/\/backup.altanalaw.com\/#website\",\"url\":\"https:\/\/backup.altanalaw.com\/\",\"name\":\"Altana\",\"description\":\"Soci\u00e9t\u00e9 d&#039;avocats \u00e0 la Cour de Paris\",\"potentialAction\":[{\"@type\":\"SearchAction\",\"target\":{\"@type\":\"EntryPoint\",\"urlTemplate\":\"https:\/\/backup.altanalaw.com\/?s={search_term_string}\"},\"query-input\":\"required name=search_term_string\"}],\"inLanguage\":\"ja\"}]}<\/script>\n<!-- \/ Yoast SEO plugin. -->","yoast_head_json":{"title":"[:fr]Fusions-acquisitions[:en]Mergers and acquisitions[:] - Altana","robots":{"index":"noindex","follow":"follow","max-snippet":"max-snippet:-1","max-image-preview":"max-image-preview:large","max-video-preview":"max-video-preview:-1"},"og_locale":"ja_JP","og_type":"article","og_title":"[:fr]Fusions-acquisitions[:en]Mergers and acquisitions[:] - Altana","og_description":"\u7533\u3057\u8a33\u3042\u308a\u307e\u305b\u3093\u3001\u3053\u306e\u30b3\u30f3\u30c6\u30f3\u30c4\u306f\u305f\u3060\u4eca\u3000Fran\u00e7ais\u3068 English\u3000\u306e\u307f\u3067\u3059\u3002 For the sake of viewer convenience, the content is shown below in [&hellip;]","og_url":"https:\/\/backup.altanalaw.com\/competences\/droit-societes-fusions-acquisitions","og_site_name":"Altana","article_modified_time":"2021-09-15T10:54:57+00:00","twitter_card":"summary_large_image","twitter_misc":{"\u63a8\u5b9a\u8aad\u307f\u53d6\u308a\u6642\u9593":"1\u5206"},"schema":{"@context":"https:\/\/schema.org","@graph":[{"@type":"WebPage","@id":"https:\/\/backup.altanalaw.com\/competences\/droit-societes-fusions-acquisitions","url":"https:\/\/backup.altanalaw.com\/competences\/droit-societes-fusions-acquisitions","name":"[:fr]Fusions-acquisitions[:en]Mergers and acquisitions[:] - Altana","isPartOf":{"@id":"https:\/\/backup.altanalaw.com\/#website"},"datePublished":"2013-09-23T12:17:16+00:00","dateModified":"2021-09-15T10:54:57+00:00","breadcrumb":{"@id":"https:\/\/backup.altanalaw.com\/competences\/droit-societes-fusions-acquisitions#breadcrumb"},"inLanguage":"ja","potentialAction":[{"@type":"ReadAction","target":["https:\/\/backup.altanalaw.com\/competences\/droit-societes-fusions-acquisitions"]}]},{"@type":"BreadcrumbList","@id":"https:\/\/backup.altanalaw.com\/competences\/droit-societes-fusions-acquisitions#breadcrumb","itemListElement":[{"@type":"ListItem","position":1,"name":"Nos Comp\u00e9tences","item":"https:\/\/backup.altanalaw.com\/competences"},{"@type":"ListItem","position":2,"name":"Fusions-acquisitions"}]},{"@type":"WebSite","@id":"https:\/\/backup.altanalaw.com\/#website","url":"https:\/\/backup.altanalaw.com\/","name":"Altana","description":"Soci\u00e9t\u00e9 d&#039;avocats \u00e0 la Cour de Paris","potentialAction":[{"@type":"SearchAction","target":{"@type":"EntryPoint","urlTemplate":"https:\/\/backup.altanalaw.com\/?s={search_term_string}"},"query-input":"required name=search_term_string"}],"inLanguage":"ja"}]}},"_links":{"self":[{"href":"https:\/\/backup.altanalaw.com\/ja\/wp-json\/wp\/v2\/pages\/43"}],"collection":[{"href":"https:\/\/backup.altanalaw.com\/ja\/wp-json\/wp\/v2\/pages"}],"about":[{"href":"https:\/\/backup.altanalaw.com\/ja\/wp-json\/wp\/v2\/types\/page"}],"author":[{"embeddable":true,"href":"https:\/\/backup.altanalaw.com\/ja\/wp-json\/wp\/v2\/users\/14"}],"replies":[{"embeddable":true,"href":"https:\/\/backup.altanalaw.com\/ja\/wp-json\/wp\/v2\/comments?post=43"}],"version-history":[{"count":18,"href":"https:\/\/backup.altanalaw.com\/ja\/wp-json\/wp\/v2\/pages\/43\/revisions"}],"predecessor-version":[{"id":8405,"href":"https:\/\/backup.altanalaw.com\/ja\/wp-json\/wp\/v2\/pages\/43\/revisions\/8405"}],"up":[{"embeddable":true,"href":"https:\/\/backup.altanalaw.com\/ja\/wp-json\/wp\/v2\/pages\/33"}],"wp:attachment":[{"href":"https:\/\/backup.altanalaw.com\/ja\/wp-json\/wp\/v2\/media?parent=43"}],"curies":[{"name":"wp","href":"https:\/\/api.w.org\/{rel}","templated":true}]}}