{"id":41,"date":"2013-09-23T14:14:53","date_gmt":"2013-09-23T12:14:53","guid":{"rendered":"http:\/\/backup.altanalaw.com\/\/?page_id=41"},"modified":"2020-04-24T13:52:54","modified_gmt":"2020-04-24T12:52:54","slug":"mentions","status":"publish","type":"page","link":"https:\/\/backup.altanalaw.com\/ja\/mentions","title":{"rendered":"Mentions l\u00e9gales"},"content":{"rendered":"<p class=\"qtranxs-available-languages-message qtranxs-available-languages-message-ja\">\u7533\u3057\u8a33\u3042\u308a\u307e\u305b\u3093\u3001\u3053\u306e\u30b3\u30f3\u30c6\u30f3\u30c4\u306f\u305f\u3060\u4eca\u3000<a href=\"https:\/\/backup.altanalaw.com\/fr\/wp-json\/wp\/v2\/pages\/41\" class=\"qtranxs-available-language-link qtranxs-available-language-link-fr\" title=\"Fran\u00e7ais\">Fran\u00e7ais<\/a>\u3068 <a href=\"https:\/\/backup.altanalaw.com\/en\/wp-json\/wp\/v2\/pages\/41\" class=\"qtranxs-available-language-link qtranxs-available-language-link-en\" title=\"English\">English<\/a>\u3000\u306e\u307f\u3067\u3059\u3002 For the sake of viewer convenience, the content is shown below in this site default language. You may click one of the links to switch the site language to another available language.<\/p><p><\/p>\n<h3 style=\"text-align: justify;\">COORDONNEES<\/h3>\n<p style=\"text-align: justify;\">Le Cabinet est une Soci\u00e9t\u00e9 d\u2019Exercice Lib\u00e9ral \u00e0 Responsabilit\u00e9 Limit\u00e9e (SELARL) d\u2019Avocats, inscrite au barreau de Paris, au capital de 37 380 euros, dont le si\u00e8ge social est 45 rue de Tocqueville 75017 Paris, immatricul\u00e9e sous le num\u00e9ro RCS Paris 517 867 925 ci-apr\u00e8s <b>\u201cALTANA\u201d<\/b>). Le Cabinet ALTANA est l&#8217;\u00e9diteur du site Internet <a href=\"http:\/\/backup.altanalaw.com\/\/\">backup.altanalaw.com<\/a> (ci-apr\u00e8s le <b>\u201cSite\u201d<\/b>) et Monsieur Fran\u00e7ois MULLER en est le directeur de publication en sa qualit\u00e9 d\u2019Associ\u00e9-cog\u00e9rant du Cabinet ALTANA. Le Site est h\u00e9berg\u00e9 par la soci\u00e9t\u00e9 SAS OVH situ\u00e9e au 2 rue Kellermann BP 80157 59100 Roubaix <a href=\"http:\/\/www.ovh.com\/\">www.ovh.com<\/a>. Pour toute question, nous vous remercions de bien vouloir vous adresser \u00e0 Monsieur Fran\u00e7ois MULLER du Cabinet ALTANA : Fran\u00e7ois MULLER &#8211; SELARL ALTANA 45 rue de Tocqueville 75017 Paris \u2013 France T\u00e9l\u00e9phone : 00 33 (0)1 79 97 93 00 Email :\u00a0<a href=\"mailto:fmuller@altanalaw.com\">fmuller@altanalaw.com<\/a> L\u2019acc\u00e8s au Site ainsi que l\u2019utilisation de son contenu s\u2019effectue dans le cadre des mentions d\u2019utilisation d\u00e9crites ci-apr\u00e8s. Le fait d\u2019acc\u00e9der et de naviguer sur le Site constitue de votre part une acceptation sans r\u00e9serve des pr\u00e9cisions suivantes :<\/p>\n<h3 style=\"text-align: justify;\">DROITS DE PROPRIETE INTELLECTUELLE<\/h3>\n<p style=\"text-align: justify;\">Le Cabinet ALTANA est titulaire de la marque \u00ab Altana \u00bb (ci-apr\u00e8s la <b>\u201cMarque\u201d<\/b>) ainsi que du nom de domaine <a href=\"http:\/\/backup.altanalaw.com\/\/\">backup.altanalaw.com<\/a>. La Marque et le Site sont des \u0153uvres de l&#8217;esprit et cr\u00e9ations prot\u00e9g\u00e9es par les lois de la propri\u00e9t\u00e9 intellectuelle. Le Site dans son ensemble et chacun des \u00e9l\u00e9ments qui le composent (tels que textes, arborescences, logiciels, animations, photographies, illustrations, sch\u00e9mas, logos) sont la propri\u00e9t\u00e9 exclusive du Cabinet ALTANA qui est seul habilit\u00e9 \u00e0 utiliser les droits de propri\u00e9t\u00e9 intellectuelle y aff\u00e9rents. L\u2019usage de tout ou partie du Site, notamment par t\u00e9l\u00e9chargement, reproduction, transmission, repr\u00e9sentation ou diffusion \u00e0 d\u2019autres fins que pour votre usage personnel et priv\u00e9 dans un but non commercial est strictement interdit. La violation de ces dispositions vous soumet aux sanctions pr\u00e9vues tant par le Code de la Propri\u00e9t\u00e9 Intellectuelle et le Code P\u00e9nal au titre notamment de la contrefa\u00e7on de droit d\u2019auteur et de droit des marques, que par le Code Civil en mati\u00e8re de responsabilit\u00e9 civile. Les marques et noms de domaine ainsi que les dessins et mod\u00e8les qui apparaissent sur le Site sont la propri\u00e9t\u00e9 exclusive du Cabinet ALTANA. La cr\u00e9ation de liens hypertextes vers le Site ne peut \u00eatre faite qu&#8217;avec l&#8217;autorisation \u00e9crite et pr\u00e9alable du Cabinet ALTANA, laquelle autorisation pouvant \u00eatre r\u00e9voqu\u00e9e \u00e0 tout moment. Tous les sites ayant un lien hypertexte vers le Site ne sont pas sous le contr\u00f4le du Cabinet ALTANA et celui-ci d\u00e9cline par cons\u00e9quent toute responsabilit\u00e9 (notamment \u00e9ditoriale) concernant l\u2019acc\u00e8s et le contenu de ces sites. Le Cabinet ALTANA est libre de modifier, \u00e0 tout moment et sans pr\u00e9avis, le contenu du Site.<\/p>\n<h3 style=\"text-align: justify;\">DONNEES PERSONNELLES<\/h3>\n<p style=\"text-align: justify;\">La Cabinet ALTANA est susceptible de collecter vos donn\u00e9es personnelles notamment par le biais de la rubrique \u201cnous contacter\u201d. Pour en savoir plus sur la fa\u00e7on dont ALTANA prot\u00e8ge vos donn\u00e9es et votre vie priv\u00e9e et la fa\u00e7on dont vous pouvez exercer vos droits (acc\u00e8s, rectification, opposition, etc.), vous pouvez consulter notre politique de confidentialit\u00e9, disponible <a href=\"http:\/\/backup.altanalaw.com\/wp-content\/uploads\/2018\/06\/Politique-de-confidentialit\u00e9-Altana-v.-20.06.18.pdf\"><u>ici<\/u><\/a>.<\/p>\n<h3 style=\"text-align: justify;\">GARANTIES ET RESPONSABILITE<\/h3>\n<p style=\"text-align: justify;\">Le Cabinet ALTANA s\u2019efforce d&#8217;assurer au mieux que les informations accessibles par l&#8217;interm\u00e9diaire du Site sont exactes et mises \u00e0 jour. Cependant, le Cabinet ALTANA ne garantit en aucune mani\u00e8re que ces informations soient exactes, compl\u00e8tes et \u00e0 jour. Le Cabinet ALTANA n&#8217;assure aucune garantie, expresse ou tacite, concernant tout ou partie du Site. Le Cabinet ALTANA d\u00e9cline \u00e9galement toute responsabilit\u00e9 concernant l\u2019acc\u00e8s et le contenu de sites li\u00e9s au Site. En aucun cas, le Cabinet ALTANA ne peut \u00eatre tenue pour responsable d&#8217;un quelconque dommage direct ou indirect, quelle qu&#8217;en soit la cause, origine, nature et cons\u00e9quence, d\u00e9coulant de la consultation ou de l&#8217;utilisation du Site. Notamment, le Cabinet ALTANA d\u00e9cline toute responsabilit\u00e9 en cas d\u2019interruption ou d\u2019inaccessibilit\u00e9 du Site, de survenance de bogues, de tout dommage r\u00e9sultant d\u2019acte frauduleux de tiers (tels que intrusion) \u00e0 partir du Site. Le Cabinet ALTANA ne ma\u00eetrise pas les risques li\u00e9s au fonctionnement d\u2019Internet et attire votre attention sur l\u2019existence d\u2019\u00e9ventuels risques en terme de confidentialit\u00e9 des donn\u00e9es transitant via ce r\u00e9seau.<\/p>\n<h3 style=\"text-align: justify;\">MENTIONS LEGALES<\/h3>\n<p style=\"text-align: justify;\">Le Cabinet ALTANA vous informe que les pr\u00e9sentes mentions peuvent \u00eatre modifi\u00e9es \u00e0 tout moment. Ces modifications sont publi\u00e9es par leur mise en ligne et sont r\u00e9put\u00e9es accept\u00e9es sans r\u00e9serve lorsque vous acc\u00e9dez au Site post\u00e9rieurement \u00e0 leur mise en ligne. Nous vous recommandons de consulter r\u00e9guli\u00e8rement la pr\u00e9sente page.<\/p>\n<h3 style=\"text-align: justify;\">LITIGES<\/h3>\n<p style=\"text-align: justify;\">Les pr\u00e9sentes mentions sont \u00e9tablies en conformit\u00e9 avec le droit fran\u00e7ais et notamment les dispositions de la loi du 21 juin 2004 pour la confiance dans l\u2019\u00e9conomie num\u00e9rique ainsi que la loi du 6 janvier 1978 modifi\u00e9e par la loi du 6 ao\u00fbt 2004 Informatique et Libert\u00e9s. Les juridictions de Paris (France) sont territorialement comp\u00e9tentes pour conna\u00eetre de tout litige aff\u00e9rent au Site. \u00a0 Copyright \u00a9 Cabinet ALTANA 2013<\/p>\n<p><\/p>","protected":false},"excerpt":{"rendered":"<p>\u7533\u3057\u8a33\u3042\u308a\u307e\u305b\u3093\u3001\u3053\u306e\u30b3\u30f3\u30c6\u30f3\u30c4\u306f\u305f\u3060\u4eca\u3000Fran\u00e7ais\u3068 English\u3000\u306e\u307f\u3067\u3059\u3002 For the sake of viewer convenience, the content is shown below in [&hellip;]<\/p>\n","protected":false},"author":14,"featured_media":0,"parent":0,"menu_order":36,"comment_status":"closed","ping_status":"closed","template":"","meta":{"footnotes":""},"class_list":["post-41","page","type-page","status-publish","hentry"],"yoast_head":"<!-- This site is optimized with the Yoast SEO plugin v22.2 - https:\/\/yoast.com\/wordpress\/plugins\/seo\/ -->\n<title><\/title>\n<meta name=\"robots\" content=\"noindex, follow, max-snippet:-1, max-image-preview:large, max-video-preview:-1\" \/>\n<meta property=\"og:locale\" content=\"ja_JP\" \/>\n<meta property=\"og:type\" content=\"article\" \/>\n<meta property=\"og:title\" content=\"[:fr]Mentions l\u00e9gales[:en]Legal notice[:] - Altana\" \/>\n<meta property=\"og:description\" content=\"\u7533\u3057\u8a33\u3042\u308a\u307e\u305b\u3093\u3001\u3053\u306e\u30b3\u30f3\u30c6\u30f3\u30c4\u306f\u305f\u3060\u4eca\u3000Fran\u00e7ais\u3068 English\u3000\u306e\u307f\u3067\u3059\u3002 For the sake of viewer convenience, the content is shown below in [&hellip;]\" \/>\n<meta property=\"og:url\" content=\"https:\/\/backup.altanalaw.com\/mentions\" \/>\n<meta property=\"og:site_name\" content=\"Altana\" \/>\n<meta property=\"article:modified_time\" content=\"2020-04-24T12:52:54+00:00\" \/>\n<meta name=\"twitter:card\" content=\"summary_large_image\" \/>\n<meta name=\"twitter:label1\" content=\"\u63a8\u5b9a\u8aad\u307f\u53d6\u308a\u6642\u9593\" \/>\n\t<meta name=\"twitter:data1\" content=\"9\u5206\" \/>\n<script type=\"application\/ld+json\" class=\"yoast-schema-graph\">{\"@context\":\"https:\/\/schema.org\",\"@graph\":[{\"@type\":\"WebPage\",\"@id\":\"https:\/\/backup.altanalaw.com\/mentions\",\"url\":\"https:\/\/backup.altanalaw.com\/mentions\",\"name\":\"[:fr]Mentions l\u00e9gales[:en]Legal notice[:] - Altana\",\"isPartOf\":{\"@id\":\"https:\/\/backup.altanalaw.com\/#website\"},\"datePublished\":\"2013-09-23T12:14:53+00:00\",\"dateModified\":\"2020-04-24T12:52:54+00:00\",\"inLanguage\":\"ja\",\"potentialAction\":[{\"@type\":\"ReadAction\",\"target\":[\"https:\/\/backup.altanalaw.com\/mentions\"]}]},{\"@type\":\"WebSite\",\"@id\":\"https:\/\/backup.altanalaw.com\/#website\",\"url\":\"https:\/\/backup.altanalaw.com\/\",\"name\":\"Altana\",\"description\":\"Soci\u00e9t\u00e9 d&#039;avocats \u00e0 la Cour de Paris\",\"potentialAction\":[{\"@type\":\"SearchAction\",\"target\":{\"@type\":\"EntryPoint\",\"urlTemplate\":\"https:\/\/backup.altanalaw.com\/?s={search_term_string}\"},\"query-input\":\"required name=search_term_string\"}],\"inLanguage\":\"ja\"}]}<\/script>\n<!-- \/ Yoast SEO plugin. -->","yoast_head_json":{"title":"[:fr]Mentions l\u00e9gales[:en]Legal notice[:] - Altana","robots":{"index":"noindex","follow":"follow","max-snippet":"max-snippet:-1","max-image-preview":"max-image-preview:large","max-video-preview":"max-video-preview:-1"},"og_locale":"ja_JP","og_type":"article","og_title":"[:fr]Mentions l\u00e9gales[:en]Legal notice[:] - Altana","og_description":"\u7533\u3057\u8a33\u3042\u308a\u307e\u305b\u3093\u3001\u3053\u306e\u30b3\u30f3\u30c6\u30f3\u30c4\u306f\u305f\u3060\u4eca\u3000Fran\u00e7ais\u3068 English\u3000\u306e\u307f\u3067\u3059\u3002 For the sake of viewer convenience, the content is shown below in [&hellip;]","og_url":"https:\/\/backup.altanalaw.com\/mentions","og_site_name":"Altana","article_modified_time":"2020-04-24T12:52:54+00:00","twitter_card":"summary_large_image","twitter_misc":{"\u63a8\u5b9a\u8aad\u307f\u53d6\u308a\u6642\u9593":"9\u5206"},"schema":{"@context":"https:\/\/schema.org","@graph":[{"@type":"WebPage","@id":"https:\/\/backup.altanalaw.com\/mentions","url":"https:\/\/backup.altanalaw.com\/mentions","name":"[:fr]Mentions l\u00e9gales[:en]Legal notice[:] - Altana","isPartOf":{"@id":"https:\/\/backup.altanalaw.com\/#website"},"datePublished":"2013-09-23T12:14:53+00:00","dateModified":"2020-04-24T12:52:54+00:00","inLanguage":"ja","potentialAction":[{"@type":"ReadAction","target":["https:\/\/backup.altanalaw.com\/mentions"]}]},{"@type":"WebSite","@id":"https:\/\/backup.altanalaw.com\/#website","url":"https:\/\/backup.altanalaw.com\/","name":"Altana","description":"Soci\u00e9t\u00e9 d&#039;avocats \u00e0 la Cour de Paris","potentialAction":[{"@type":"SearchAction","target":{"@type":"EntryPoint","urlTemplate":"https:\/\/backup.altanalaw.com\/?s={search_term_string}"},"query-input":"required name=search_term_string"}],"inLanguage":"ja"}]}},"_links":{"self":[{"href":"https:\/\/backup.altanalaw.com\/ja\/wp-json\/wp\/v2\/pages\/41"}],"collection":[{"href":"https:\/\/backup.altanalaw.com\/ja\/wp-json\/wp\/v2\/pages"}],"about":[{"href":"https:\/\/backup.altanalaw.com\/ja\/wp-json\/wp\/v2\/types\/page"}],"author":[{"embeddable":true,"href":"https:\/\/backup.altanalaw.com\/ja\/wp-json\/wp\/v2\/users\/14"}],"replies":[{"embeddable":true,"href":"https:\/\/backup.altanalaw.com\/ja\/wp-json\/wp\/v2\/comments?post=41"}],"version-history":[{"count":10,"href":"https:\/\/backup.altanalaw.com\/ja\/wp-json\/wp\/v2\/pages\/41\/revisions"}],"predecessor-version":[{"id":7442,"href":"https:\/\/backup.altanalaw.com\/ja\/wp-json\/wp\/v2\/pages\/41\/revisions\/7442"}],"wp:attachment":[{"href":"https:\/\/backup.altanalaw.com\/ja\/wp-json\/wp\/v2\/media?parent=41"}],"curies":[{"name":"wp","href":"https:\/\/api.w.org\/{rel}","templated":true}]}}