{"id":37,"date":"2013-09-23T14:14:06","date_gmt":"2013-09-23T12:14:06","guid":{"rendered":"http:\/\/backup.altanalaw.com\/\/?page_id=37"},"modified":"2021-09-15T12:06:37","modified_gmt":"2021-09-15T11:06:37","slug":"contact","status":"publish","type":"page","link":"https:\/\/backup.altanalaw.com\/ja\/contact","title":{"rendered":"Contactez-nous"},"content":{"rendered":"<p><strong>ALTANA<\/strong><br \/>\n45 rue de Tocqueville<br \/>\n75017 PARIS<br \/>\nTel : <a href=\"tel:01.79.97.93.00\">01.79.97.93.00<\/a><br \/>\n<a href=\"mailto:contact@altanalaw.com\">contact@altanalaw.com<\/a><\/p>\n","protected":false},"excerpt":{"rendered":"<p>ALTANA 45 rue de Tocqueville 75017 PARIS Tel : 01.79.97.93.00 contact@altanalaw.com<\/p>\n","protected":false},"author":14,"featured_media":0,"parent":0,"menu_order":34,"comment_status":"closed","ping_status":"closed","template":"","meta":{"footnotes":""},"class_list":["post-37","page","type-page","status-publish","hentry"],"yoast_head":"<!-- This site is optimized with the Yoast SEO plugin v22.2 - https:\/\/yoast.com\/wordpress\/plugins\/seo\/ -->\n<title><\/title>\n<meta name=\"robots\" content=\"noindex, follow, max-snippet:-1, max-image-preview:large, max-video-preview:-1\" \/>\n<meta property=\"og:locale\" content=\"ja_JP\" \/>\n<meta property=\"og:type\" content=\"article\" \/>\n<meta property=\"og:title\" content=\"[:fr]Contactez-nous[:en]Contact Details[:] - Altana\" \/>\n<meta property=\"og:description\" content=\"ALTANA 45 rue de Tocqueville 75017 PARIS Tel : 01.79.97.93.00 contact@altanalaw.com\" \/>\n<meta property=\"og:url\" content=\"https:\/\/backup.altanalaw.com\/contact\" \/>\n<meta property=\"og:site_name\" content=\"Altana\" \/>\n<meta property=\"article:modified_time\" content=\"2021-09-15T11:06:37+00:00\" \/>\n<meta name=\"twitter:card\" content=\"summary_large_image\" \/>\n<script type=\"application\/ld+json\" class=\"yoast-schema-graph\">{\"@context\":\"https:\/\/schema.org\",\"@graph\":[{\"@type\":\"WebPage\",\"@id\":\"https:\/\/backup.altanalaw.com\/contact\",\"url\":\"https:\/\/backup.altanalaw.com\/contact\",\"name\":\"[:fr]Contactez-nous[:en]Contact Details[:] - Altana\",\"isPartOf\":{\"@id\":\"https:\/\/backup.altanalaw.com\/#website\"},\"datePublished\":\"2013-09-23T12:14:06+00:00\",\"dateModified\":\"2021-09-15T11:06:37+00:00\",\"inLanguage\":\"ja\",\"potentialAction\":[{\"@type\":\"ReadAction\",\"target\":[\"https:\/\/backup.altanalaw.com\/contact\"]}]},{\"@type\":\"WebSite\",\"@id\":\"https:\/\/backup.altanalaw.com\/#website\",\"url\":\"https:\/\/backup.altanalaw.com\/\",\"name\":\"Altana\",\"description\":\"Soci\u00e9t\u00e9 d&#039;avocats \u00e0 la Cour de Paris\",\"potentialAction\":[{\"@type\":\"SearchAction\",\"target\":{\"@type\":\"EntryPoint\",\"urlTemplate\":\"https:\/\/backup.altanalaw.com\/?s={search_term_string}\"},\"query-input\":\"required name=search_term_string\"}],\"inLanguage\":\"ja\"}]}<\/script>\n<!-- \/ Yoast SEO plugin. -->","yoast_head_json":{"title":"[:fr]Contactez-nous[:en]Contact Details[:] - Altana","robots":{"index":"noindex","follow":"follow","max-snippet":"max-snippet:-1","max-image-preview":"max-image-preview:large","max-video-preview":"max-video-preview:-1"},"og_locale":"ja_JP","og_type":"article","og_title":"[:fr]Contactez-nous[:en]Contact Details[:] - Altana","og_description":"ALTANA 45 rue de Tocqueville 75017 PARIS Tel : 01.79.97.93.00 contact@altanalaw.com","og_url":"https:\/\/backup.altanalaw.com\/contact","og_site_name":"Altana","article_modified_time":"2021-09-15T11:06:37+00:00","twitter_card":"summary_large_image","schema":{"@context":"https:\/\/schema.org","@graph":[{"@type":"WebPage","@id":"https:\/\/backup.altanalaw.com\/contact","url":"https:\/\/backup.altanalaw.com\/contact","name":"[:fr]Contactez-nous[:en]Contact Details[:] - Altana","isPartOf":{"@id":"https:\/\/backup.altanalaw.com\/#website"},"datePublished":"2013-09-23T12:14:06+00:00","dateModified":"2021-09-15T11:06:37+00:00","inLanguage":"ja","potentialAction":[{"@type":"ReadAction","target":["https:\/\/backup.altanalaw.com\/contact"]}]},{"@type":"WebSite","@id":"https:\/\/backup.altanalaw.com\/#website","url":"https:\/\/backup.altanalaw.com\/","name":"Altana","description":"Soci\u00e9t\u00e9 d&#039;avocats \u00e0 la Cour de Paris","potentialAction":[{"@type":"SearchAction","target":{"@type":"EntryPoint","urlTemplate":"https:\/\/backup.altanalaw.com\/?s={search_term_string}"},"query-input":"required name=search_term_string"}],"inLanguage":"ja"}]}},"_links":{"self":[{"href":"https:\/\/backup.altanalaw.com\/ja\/wp-json\/wp\/v2\/pages\/37"}],"collection":[{"href":"https:\/\/backup.altanalaw.com\/ja\/wp-json\/wp\/v2\/pages"}],"about":[{"href":"https:\/\/backup.altanalaw.com\/ja\/wp-json\/wp\/v2\/types\/page"}],"author":[{"embeddable":true,"href":"https:\/\/backup.altanalaw.com\/ja\/wp-json\/wp\/v2\/users\/14"}],"replies":[{"embeddable":true,"href":"https:\/\/backup.altanalaw.com\/ja\/wp-json\/wp\/v2\/comments?post=37"}],"version-history":[{"count":29,"href":"https:\/\/backup.altanalaw.com\/ja\/wp-json\/wp\/v2\/pages\/37\/revisions"}],"predecessor-version":[{"id":8416,"href":"https:\/\/backup.altanalaw.com\/ja\/wp-json\/wp\/v2\/pages\/37\/revisions\/8416"}],"wp:attachment":[{"href":"https:\/\/backup.altanalaw.com\/ja\/wp-json\/wp\/v2\/media?parent=37"}],"curies":[{"name":"wp","href":"https:\/\/api.w.org\/{rel}","templated":true}]}}