{"id":2,"date":"2013-09-23T11:33:42","date_gmt":"2013-09-23T10:33:42","guid":{"rendered":"http:\/\/backup.altanalaw.com\/\/?page_id=2"},"modified":"2024-05-27T15:58:06","modified_gmt":"2024-05-27T14:58:06","slug":"accueil","status":"publish","type":"page","link":"https:\/\/backup.altanalaw.com\/ja\/","title":{"rendered":"Presentation"},"content":{"rendered":"","protected":false},"excerpt":{"rendered":"","protected":false},"author":14,"featured_media":0,"parent":0,"menu_order":5,"comment_status":"closed","ping_status":"closed","template":"","meta":{"footnotes":""},"class_list":["post-2","page","type-page","status-publish","hentry"],"yoast_head":"<!-- This site is optimized with the Yoast SEO plugin v22.2 - https:\/\/yoast.com\/wordpress\/plugins\/seo\/ -->\n<title>Presentation - Altana<\/title>\n<meta name=\"robots\" content=\"noindex, follow, max-snippet:-1, max-image-preview:large, max-video-preview:-1\" \/>\n<meta property=\"og:locale\" content=\"ja_JP\" \/>\n<meta property=\"og:type\" content=\"article\" \/>\n<meta property=\"og:title\" content=\"[:fr]Pr\u00e9sentation[:en]Presentation[:ja]Presentation[:] - Altana\" \/>\n<meta property=\"og:url\" content=\"https:\/\/backup.altanalaw.com\/\" \/>\n<meta property=\"og:site_name\" content=\"Altana\" \/>\n<meta property=\"article:modified_time\" content=\"2024-05-27T14:58:06+00:00\" \/>\n<meta name=\"twitter:card\" content=\"summary_large_image\" \/>\n<script type=\"application\/ld+json\" class=\"yoast-schema-graph\">{\"@context\":\"https:\/\/schema.org\",\"@graph\":[{\"@type\":\"WebPage\",\"@id\":\"https:\/\/backup.altanalaw.com\/\",\"url\":\"https:\/\/backup.altanalaw.com\/\",\"name\":\"[:fr]Pr\u00e9sentation[:en]Presentation[:ja]Presentation[:] - Altana\",\"isPartOf\":{\"@id\":\"https:\/\/backup.altanalaw.com\/#website\"},\"datePublished\":\"2013-09-23T10:33:42+00:00\",\"dateModified\":\"2024-05-27T14:58:06+00:00\",\"inLanguage\":\"ja\",\"potentialAction\":[{\"@type\":\"ReadAction\",\"target\":[\"https:\/\/backup.altanalaw.com\/\"]}]},{\"@type\":\"WebSite\",\"@id\":\"https:\/\/backup.altanalaw.com\/#website\",\"url\":\"https:\/\/backup.altanalaw.com\/\",\"name\":\"Altana\",\"description\":\"Soci\u00e9t\u00e9 d&#039;avocats \u00e0 la Cour de Paris\",\"potentialAction\":[{\"@type\":\"SearchAction\",\"target\":{\"@type\":\"EntryPoint\",\"urlTemplate\":\"https:\/\/backup.altanalaw.com\/?s={search_term_string}\"},\"query-input\":\"required name=search_term_string\"}],\"inLanguage\":\"ja\"}]}<\/script>\n<!-- \/ Yoast SEO plugin. -->","yoast_head_json":{"title":"[:fr]Pr\u00e9sentation[:en]Presentation[:ja]Presentation[:] - Altana","robots":{"index":"noindex","follow":"follow","max-snippet":"max-snippet:-1","max-image-preview":"max-image-preview:large","max-video-preview":"max-video-preview:-1"},"og_locale":"ja_JP","og_type":"article","og_title":"[:fr]Pr\u00e9sentation[:en]Presentation[:ja]Presentation[:] - Altana","og_url":"https:\/\/backup.altanalaw.com\/","og_site_name":"Altana","article_modified_time":"2024-05-27T14:58:06+00:00","twitter_card":"summary_large_image","schema":{"@context":"https:\/\/schema.org","@graph":[{"@type":"WebPage","@id":"https:\/\/backup.altanalaw.com\/","url":"https:\/\/backup.altanalaw.com\/","name":"[:fr]Pr\u00e9sentation[:en]Presentation[:ja]Presentation[:] - Altana","isPartOf":{"@id":"https:\/\/backup.altanalaw.com\/#website"},"datePublished":"2013-09-23T10:33:42+00:00","dateModified":"2024-05-27T14:58:06+00:00","inLanguage":"ja","potentialAction":[{"@type":"ReadAction","target":["https:\/\/backup.altanalaw.com\/"]}]},{"@type":"WebSite","@id":"https:\/\/backup.altanalaw.com\/#website","url":"https:\/\/backup.altanalaw.com\/","name":"Altana","description":"Soci\u00e9t\u00e9 d&#039;avocats \u00e0 la Cour de Paris","potentialAction":[{"@type":"SearchAction","target":{"@type":"EntryPoint","urlTemplate":"https:\/\/backup.altanalaw.com\/?s={search_term_string}"},"query-input":"required name=search_term_string"}],"inLanguage":"ja"}]}},"_links":{"self":[{"href":"https:\/\/backup.altanalaw.com\/ja\/wp-json\/wp\/v2\/pages\/2"}],"collection":[{"href":"https:\/\/backup.altanalaw.com\/ja\/wp-json\/wp\/v2\/pages"}],"about":[{"href":"https:\/\/backup.altanalaw.com\/ja\/wp-json\/wp\/v2\/types\/page"}],"author":[{"embeddable":true,"href":"https:\/\/backup.altanalaw.com\/ja\/wp-json\/wp\/v2\/users\/14"}],"replies":[{"embeddable":true,"href":"https:\/\/backup.altanalaw.com\/ja\/wp-json\/wp\/v2\/comments?post=2"}],"version-history":[{"count":152,"href":"https:\/\/backup.altanalaw.com\/ja\/wp-json\/wp\/v2\/pages\/2\/revisions"}],"predecessor-version":[{"id":9849,"href":"https:\/\/backup.altanalaw.com\/ja\/wp-json\/wp\/v2\/pages\/2\/revisions\/9849"}],"wp:attachment":[{"href":"https:\/\/backup.altanalaw.com\/ja\/wp-json\/wp\/v2\/media?parent=2"}],"curies":[{"name":"wp","href":"https:\/\/api.w.org\/{rel}","templated":true}]}}