{"id":8155,"date":"2021-09-09T09:25:24","date_gmt":"2021-09-09T08:25:24","guid":{"rendered":"https:\/\/backup.altanalaw.com\/?page_id=8155"},"modified":"2023-10-17T09:09:50","modified_gmt":"2023-10-17T08:09:50","slug":"advant","status":"publish","type":"page","link":"https:\/\/backup.altanalaw.com\/en\/advant","title":{"rendered":"ADVANT"},"content":{"rendered":"<p><center>\u00a0<\/center><div class=\"arve\" data-mode=\"normal\" data-provider=\"html5\" id=\"arve-html5-69e5b65fda701224792107\" style=\"max-width:900px;\">\n<span class=\"arve-inner\">\n<span class=\"arve-embed\">\n<video controls controlslist preload=\"metadata\" data-arve=\"arve-html5-69e5b65fda701224792107\" class=\"arve-video fitvidsignore\">\n<source type=\"video\/mp4\" src=\"https:\/\/backup.altanalaw.com\/wp-content\/uploads\/2022\/01\/Introducing-ADVANT-2.mp4\">\n<\/video>\n\n<\/span>\n\n<\/span>\n<script type=\"application\/ld+json\">{\"@context\":\"http:\\\/\\\/schema.org\\\/\",\"@id\":\"https:\\\/\\\/backup.altanalaw.com\\\/en\\\/advant#arve-html5-69e5b65fda701224792107\",\"type\":\"VideoObject\",\"contentURL\":\"https:\\\/\\\/backup.altanalaw.com\\\/wp-content\\\/uploads\\\/2022\\\/01\\\/Introducing-ADVANT-2.mp4\"}<\/script>\n<\/div>\n<\/p>\n<div class=\"arve\" data-mode=\"normal\" data-provider=\"html5\" id=\"arve-html5-69e5b65fdabf8077447822\" style=\"max-width:900px;\">\n<span class=\"arve-inner\">\n<span class=\"arve-embed\">\n<video controls controlslist preload=\"metadata\" data-arve=\"arve-html5-69e5b65fdabf8077447822\" class=\"arve-video fitvidsignore\">\n<source type=\"video\/mp4\" src=\"https:\/\/backup.altanalaw.com\/wp-content\/uploads\/2023\/05\/ADVANT-external-film-2023-final-cut.mp4\">\n<\/video>\n\n<\/span>\n\n<\/span>\n<script type=\"application\/ld+json\">{\"@context\":\"http:\\\/\\\/schema.org\\\/\",\"@id\":\"https:\\\/\\\/backup.altanalaw.com\\\/en\\\/advant#arve-html5-69e5b65fdabf8077447822\",\"type\":\"VideoObject\",\"contentURL\":\"https:\\\/\\\/backup.altanalaw.com\\\/wp-content\\\/uploads\\\/2023\\\/05\\\/ADVANT-external-film-2023-final-cut.mp4\"}<\/script>\n<\/div>\n\n<p><strong>ADVANT<\/strong> is\u00a0comprised of leading European lawyers, and is uniquely positioned to deliver a distinctive advantage to clients navigating the complex commercial landscape of Continental Europe.<\/p>\n<p><strong>ADVANT<\/strong> <strong>is your European advantage.<\/strong><\/p>\n<p>Member firms include :<\/p>\n<p>. <a href=\"http:\/\/backup.altanalaw.com\">ADVANT Altana in France<\/a><\/p>\n<p><a href=\"http:\/\/www.advant-beiten.com\/\">. ADVANT Beiten\u00a0 in Germany<\/a><\/p>\n<p><a href=\"http:\/\/www.advant-nctm.com\/\">. ADVANT Nctm in Italy<\/a><\/p>\n<p>These firms serve their clients, both in Europe and internationally, by providing the highest-quality advice and results &#8211; efficiently and cost-effectively through technical excellence, dedication, and true collaboration.<\/p>\n<p>A unique venture in the European legal market, ADVANT brings together strong national players to provide clients with the &#8216;best of both worlds&#8217;: deep local foundations and an international vision and reach.<\/p>\n<p><strong>ADVANT<\/strong> is:<\/p>\n<p>A combined team of more than 600 professionals, including more than 145 equity partners. Our footprint includes 15 locations throughout Europe (Berlin, Brussels, Dusseldorf, Frankfurt, Freiburg, Genoa, Hamburg, London, Milan, Munich, Paris, Rome) and around the world (Beijing, Moscow, Shanghai).<\/p>\n<p>Among the largest European legal advisors, based on the figures in The Lawyer European 100.<\/p>\n<p>Comprised of leading legal and tax advisors in many key European markets.<\/p>\n<p>Both domestically and internationally, each <strong>ADVANT<\/strong> member firm works with many of the leading brands and businesses in their respective markets. This includes numerous blue-chip players in the technology and telecommunications, automotive and transport, consumer products, pharmaceuticals, media and financial services industries.<\/p>\n<p><strong>OUR VALUES: <\/strong><\/p>\n<p><strong>TRUST<\/strong><\/p>\n<ul>\n<li>Delivering on our promises<\/li>\n<li>Focusing relentlessly on our clients\u2019 needs<\/li>\n<li>Fostering a culture of integrity, responsiveness, and collaboration and an environment where our people feel valued, supported and challenged<\/li>\n<li>Striving to be our clients\u2019 trusted long-term advisors on strategic matters<\/li>\n<li>Taking the long-term view, particularly in terms of helping clients transition to a sustainable economy<\/li>\n<\/ul>\n<p><strong>EXCELLENCE<\/strong><\/p>\n<ul>\n<li>Being among the best law firms in all our home countries<\/li>\n<li>Providing top level service at highest international standards<\/li>\n<li>Offering deep sectoral knowledge and know-how<\/li>\n<li>Providing pragmatic, business-minded advice<\/li>\n<li>Reducing the impact of our member firms on the environment<\/li>\n<li>Combining economic, environmental and social success<\/li>\n<\/ul>\n<p><strong>EFFICIENCY<\/strong><\/p>\n<ul>\n<li>Delivering seamless services across all jurisdictions<\/li>\n<li>Working smart to reduce our clients\u2019 legal spend<\/li>\n<li>Offering flexible structures that enable attractive fee arrangements<\/li>\n<li>Leveraging technology and innovation to deliver best results<\/li>\n<li>Focusing on solutions that are sustainable in the long term<\/li>\n<\/ul>\n<p>Our professionals have been recognised by many leading awards and publications including : Chambers, Legal 500, Best Lawyers, JUVE, The Lawyer, and Who&#8217;s Who Legal.<\/p>\n<p>To find out more about us, please visit\u00a0: <a href=\"http:\/\/www.advantlaw.com\">www.advantlaw.com<\/a><\/p>\n<p>To learn more about <strong>ADVANT<\/strong>, please find out our official brochure: <a href=\"https:\/\/backup.altanalaw.com\/wp-content\/uploads\/2023\/10\/IG-ADVANT-Brochure_04.10.2023-Digital.pdf\">Here<\/a><\/p>\n<p><strong>ADVANT<\/strong> has been awarded as &#8220;<strong>International Firm of the Year<\/strong>&#8221; at the <strong>Legal Business Awards<\/strong> (Legal 500) in 2022.<\/p>\n<p><a href=\"https:\/\/www.linkedin.com\/company\/advantlaw\">Follow ADVANT on Linkedin<\/a><\/p>\n<p><a href=\"http:\/\/www.twitter.com\/advantlaw\">Follow ADVANT on Twitter<\/a><\/p>\n<p><a href=\"https:\/\/www.youtube.com\/channel\/UCR6LU3ktlM4XdJN08MTL6dA\">Follow ADVANT on Youtube<\/a><\/p>\n<p><a href=\"https:\/\/www.instagram.com\/advantlaw\/\">Follow ADVANT on Instagram<\/a><\/p>","protected":false},"excerpt":{"rendered":"<p>\u00a0 ADVANT is\u00a0comprised of leading European lawyers, and is uniquely positioned to deliver a distinctive advantage to clients navigating the complex commercial landscape of Continental Europe. ADVANT is your European advantage. Member firms include : . ADVANT Altana in France . ADVANT Beiten\u00a0 in Germany . ADVANT Nctm in Italy These firms serve their clients, [&hellip;]<\/p>\n","protected":false},"author":13,"featured_media":0,"parent":0,"menu_order":1,"comment_status":"closed","ping_status":"closed","template":"","meta":{"footnotes":""},"class_list":["post-8155","page","type-page","status-publish","hentry"],"yoast_head":"<!-- This site is optimized with the Yoast SEO plugin v22.2 - https:\/\/yoast.com\/wordpress\/plugins\/seo\/ -->\n<title>ADVANT - Advant Altana<\/title>\n<meta name=\"robots\" content=\"noindex, follow, max-snippet:-1, max-image-preview:large, max-video-preview:-1\" \/>\n<meta property=\"og:locale\" content=\"en_US\" \/>\n<meta property=\"og:type\" content=\"article\" \/>\n<meta property=\"og:title\" content=\"[:fr]ADVANT[:en]ADVANT[:] - Advant Altana\" \/>\n<meta property=\"og:description\" content=\"\u00a0 ADVANT is\u00a0comprised of leading European lawyers, and is uniquely positioned to deliver a distinctive advantage to clients navigating the complex commercial landscape of Continental Europe. ADVANT is your European advantage. Member firms include : . ADVANT Altana in France . ADVANT Beiten\u00a0 in Germany . ADVANT Nctm in Italy These firms serve their clients, [&hellip;]\" \/>\n<meta property=\"og:url\" content=\"https:\/\/backup.altanalaw.com\/advant\" \/>\n<meta property=\"og:site_name\" content=\"Advant Altana\" \/>\n<meta property=\"article:modified_time\" content=\"2023-10-17T08:09:50+00:00\" \/>\n<meta name=\"twitter:card\" content=\"summary_large_image\" \/>\n<meta name=\"twitter:label1\" content=\"Est. reading time\" \/>\n\t<meta name=\"twitter:data1\" content=\"3 minutes\" \/>\n<script type=\"application\/ld+json\" class=\"yoast-schema-graph\">{\"@context\":\"https:\/\/schema.org\",\"@graph\":[{\"@type\":\"WebPage\",\"@id\":\"https:\/\/backup.altanalaw.com\/advant\",\"url\":\"https:\/\/backup.altanalaw.com\/advant\",\"name\":\"[:fr]ADVANT[:en]ADVANT[:] - Advant Altana\",\"isPartOf\":{\"@id\":\"https:\/\/backup.altanalaw.com\/#website\"},\"datePublished\":\"2021-09-09T08:25:24+00:00\",\"dateModified\":\"2023-10-17T08:09:50+00:00\",\"inLanguage\":\"en-US\",\"potentialAction\":[{\"@type\":\"ReadAction\",\"target\":[\"https:\/\/backup.altanalaw.com\/advant\"]}]},{\"@type\":\"WebSite\",\"@id\":\"https:\/\/backup.altanalaw.com\/#website\",\"url\":\"https:\/\/backup.altanalaw.com\/\",\"name\":\"Advant Altana\",\"description\":\"Soci\u00e9t\u00e9 d&#039;avocats \u00e0 la Cour de Paris\",\"potentialAction\":[{\"@type\":\"SearchAction\",\"target\":{\"@type\":\"EntryPoint\",\"urlTemplate\":\"https:\/\/backup.altanalaw.com\/?s={search_term_string}\"},\"query-input\":\"required name=search_term_string\"}],\"inLanguage\":\"en-US\"}]}<\/script>\n<!-- \/ Yoast SEO plugin. -->","yoast_head_json":{"title":"[:fr]ADVANT[:en]ADVANT[:] - Advant Altana","robots":{"index":"noindex","follow":"follow","max-snippet":"max-snippet:-1","max-image-preview":"max-image-preview:large","max-video-preview":"max-video-preview:-1"},"og_locale":"en_US","og_type":"article","og_title":"[:fr]ADVANT[:en]ADVANT[:] - Advant Altana","og_description":"\u00a0 ADVANT is\u00a0comprised of leading European lawyers, and is uniquely positioned to deliver a distinctive advantage to clients navigating the complex commercial landscape of Continental Europe. ADVANT is your European advantage. Member firms include : . ADVANT Altana in France . ADVANT Beiten\u00a0 in Germany . ADVANT Nctm in Italy These firms serve their clients, [&hellip;]","og_url":"https:\/\/backup.altanalaw.com\/advant","og_site_name":"Advant Altana","article_modified_time":"2023-10-17T08:09:50+00:00","twitter_card":"summary_large_image","twitter_misc":{"Est. reading time":"3 minutes"},"schema":{"@context":"https:\/\/schema.org","@graph":[{"@type":"WebPage","@id":"https:\/\/backup.altanalaw.com\/advant","url":"https:\/\/backup.altanalaw.com\/advant","name":"[:fr]ADVANT[:en]ADVANT[:] - Advant Altana","isPartOf":{"@id":"https:\/\/backup.altanalaw.com\/#website"},"datePublished":"2021-09-09T08:25:24+00:00","dateModified":"2023-10-17T08:09:50+00:00","inLanguage":"en-US","potentialAction":[{"@type":"ReadAction","target":["https:\/\/backup.altanalaw.com\/advant"]}]},{"@type":"WebSite","@id":"https:\/\/backup.altanalaw.com\/#website","url":"https:\/\/backup.altanalaw.com\/","name":"Advant Altana","description":"Soci\u00e9t\u00e9 d&#039;avocats \u00e0 la Cour de Paris","potentialAction":[{"@type":"SearchAction","target":{"@type":"EntryPoint","urlTemplate":"https:\/\/backup.altanalaw.com\/?s={search_term_string}"},"query-input":"required name=search_term_string"}],"inLanguage":"en-US"}]}},"_links":{"self":[{"href":"https:\/\/backup.altanalaw.com\/en\/wp-json\/wp\/v2\/pages\/8155"}],"collection":[{"href":"https:\/\/backup.altanalaw.com\/en\/wp-json\/wp\/v2\/pages"}],"about":[{"href":"https:\/\/backup.altanalaw.com\/en\/wp-json\/wp\/v2\/types\/page"}],"author":[{"embeddable":true,"href":"https:\/\/backup.altanalaw.com\/en\/wp-json\/wp\/v2\/users\/13"}],"replies":[{"embeddable":true,"href":"https:\/\/backup.altanalaw.com\/en\/wp-json\/wp\/v2\/comments?post=8155"}],"version-history":[{"count":48,"href":"https:\/\/backup.altanalaw.com\/en\/wp-json\/wp\/v2\/pages\/8155\/revisions"}],"predecessor-version":[{"id":9635,"href":"https:\/\/backup.altanalaw.com\/en\/wp-json\/wp\/v2\/pages\/8155\/revisions\/9635"}],"wp:attachment":[{"href":"https:\/\/backup.altanalaw.com\/en\/wp-json\/wp\/v2\/media?parent=8155"}],"curies":[{"name":"wp","href":"https:\/\/api.w.org\/{rel}","templated":true}]}}