{"id":8104,"date":"2021-07-12T11:15:55","date_gmt":"2021-07-12T10:15:55","guid":{"rendered":"https:\/\/backup.altanalaw.com\/?page_id=8104"},"modified":"2022-04-19T08:31:08","modified_gmt":"2022-04-19T07:31:08","slug":"assurance","status":"publish","type":"page","link":"https:\/\/backup.altanalaw.com\/en\/competences\/assurance","title":{"rendered":"Insurance"},"content":{"rendered":"<p>ADVANT Altana\u2019s insurance practice is recognized for its rare capacity to provide transaction and litigation expertise within the same team, in line with the vision of the firm to provide our clients with a permanent capacity to address strategic and cross-lateral matters, in a predominant international environment, with real added value technically in the most highly regulated industry sectors.<\/p>\n<p>Our clients include the leading insurers in France and Europe (corporate, mutual and provident institutions) as well as reinsurers, intermediaries and any businesses dealing with insurance issues and their industrial clients, as well as regulatory bodies.<\/p>\n<p>We cover for our insurance clients the largest spectrum of litigation and advisory\/transaction matters ranging from:<\/p>\n<ul style=\"list-style-type: circle;\">\n<li>Corporate \u2013 EU \u2013 Antitrust \u2013 M&amp;A \u2013 Regulatory (including group structuring with the setting-up of special vehicles acting as holding or cooperation entities for non-equity groups, company licenses and approvals, free provision of services regime, any form of groupings, joint-ventures and partnerships, portfolio transactions, etc.),<\/li>\n<li>Products (civil liability, damage etc.), including validation of concept and compliance, drafting of contractual documentation and process organization,<\/li>\n<li>Distribution and intermediation,<\/li>\n<li>Reinsurance,<\/li>\n<li>Disputes, arbitration and mediation with focus on general manager\u2019s liability, professional liability, cyber-risk and on unfair commercial practices,<\/li>\n<li>Data protection and privacy,<\/li>\n<li>Bank-insurance \u2013 Insure-banking<\/li>\n<li>Fin-techs \u2013 Insure-techs<\/li>\n<\/ul>\n<p>&nbsp;<\/p>","protected":false},"excerpt":{"rendered":"<p>ADVANT Altana\u2019s insurance practice is recognized for its rare capacity to provide transaction and litigation expertise within the same team, in line with the vision of the firm to provide our clients with a permanent capacity to address strategic and cross-lateral matters, in a predominant international environment, with real added value technically in the most [&hellip;]<\/p>\n","protected":false},"author":17,"featured_media":0,"parent":33,"menu_order":10,"comment_status":"closed","ping_status":"closed","template":"tpl-expertise.php","meta":{"footnotes":""},"class_list":["post-8104","page","type-page","status-publish","hentry"],"yoast_head":"<!-- This site is optimized with the Yoast SEO plugin v22.2 - https:\/\/yoast.com\/wordpress\/plugins\/seo\/ -->\n<title>Insurance - Advant Altana<\/title>\n<meta name=\"robots\" content=\"noindex, follow, max-snippet:-1, max-image-preview:large, max-video-preview:-1\" \/>\n<meta property=\"og:locale\" content=\"en_US\" \/>\n<meta property=\"og:type\" content=\"article\" \/>\n<meta property=\"og:title\" content=\"[:fr]Assurances[:en]Insurance[:] - Advant Altana\" \/>\n<meta property=\"og:description\" content=\"ADVANT Altana\u2019s insurance practice is recognized for its rare capacity to provide transaction and litigation expertise within the same team, in line with the vision of the firm to provide our clients with a permanent capacity to address strategic and cross-lateral matters, in a predominant international environment, with real added value technically in the most [&hellip;]\" \/>\n<meta property=\"og:url\" content=\"https:\/\/backup.altanalaw.com\/competences\/assurance\" \/>\n<meta property=\"og:site_name\" content=\"Advant Altana\" \/>\n<meta property=\"article:modified_time\" content=\"2022-04-19T07:31:08+00:00\" \/>\n<meta name=\"twitter:card\" content=\"summary_large_image\" \/>\n<meta name=\"twitter:label1\" content=\"Est. reading time\" \/>\n\t<meta name=\"twitter:data1\" content=\"2 minutes\" \/>\n<script type=\"application\/ld+json\" class=\"yoast-schema-graph\">{\"@context\":\"https:\/\/schema.org\",\"@graph\":[{\"@type\":\"WebPage\",\"@id\":\"https:\/\/backup.altanalaw.com\/competences\/assurance\",\"url\":\"https:\/\/backup.altanalaw.com\/competences\/assurance\",\"name\":\"[:fr]Assurances[:en]Insurance[:] - Advant Altana\",\"isPartOf\":{\"@id\":\"https:\/\/backup.altanalaw.com\/#website\"},\"datePublished\":\"2021-07-12T10:15:55+00:00\",\"dateModified\":\"2022-04-19T07:31:08+00:00\",\"breadcrumb\":{\"@id\":\"https:\/\/backup.altanalaw.com\/competences\/assurance#breadcrumb\"},\"inLanguage\":\"en-US\",\"potentialAction\":[{\"@type\":\"ReadAction\",\"target\":[\"https:\/\/backup.altanalaw.com\/competences\/assurance\"]}]},{\"@type\":\"BreadcrumbList\",\"@id\":\"https:\/\/backup.altanalaw.com\/competences\/assurance#breadcrumb\",\"itemListElement\":[{\"@type\":\"ListItem\",\"position\":1,\"name\":\"Nos Comp\u00e9tences\",\"item\":\"https:\/\/backup.altanalaw.com\/competences\"},{\"@type\":\"ListItem\",\"position\":2,\"name\":\"Assurances\"}]},{\"@type\":\"WebSite\",\"@id\":\"https:\/\/backup.altanalaw.com\/#website\",\"url\":\"https:\/\/backup.altanalaw.com\/\",\"name\":\"Advant Altana\",\"description\":\"Soci\u00e9t\u00e9 d&#039;avocats \u00e0 la Cour de Paris\",\"potentialAction\":[{\"@type\":\"SearchAction\",\"target\":{\"@type\":\"EntryPoint\",\"urlTemplate\":\"https:\/\/backup.altanalaw.com\/?s={search_term_string}\"},\"query-input\":\"required name=search_term_string\"}],\"inLanguage\":\"en-US\"}]}<\/script>\n<!-- \/ Yoast SEO plugin. -->","yoast_head_json":{"title":"[:fr]Assurances[:en]Insurance[:] - Advant Altana","robots":{"index":"noindex","follow":"follow","max-snippet":"max-snippet:-1","max-image-preview":"max-image-preview:large","max-video-preview":"max-video-preview:-1"},"og_locale":"en_US","og_type":"article","og_title":"[:fr]Assurances[:en]Insurance[:] - Advant Altana","og_description":"ADVANT Altana\u2019s insurance practice is recognized for its rare capacity to provide transaction and litigation expertise within the same team, in line with the vision of the firm to provide our clients with a permanent capacity to address strategic and cross-lateral matters, in a predominant international environment, with real added value technically in the most [&hellip;]","og_url":"https:\/\/backup.altanalaw.com\/competences\/assurance","og_site_name":"Advant Altana","article_modified_time":"2022-04-19T07:31:08+00:00","twitter_card":"summary_large_image","twitter_misc":{"Est. reading time":"2 minutes"},"schema":{"@context":"https:\/\/schema.org","@graph":[{"@type":"WebPage","@id":"https:\/\/backup.altanalaw.com\/competences\/assurance","url":"https:\/\/backup.altanalaw.com\/competences\/assurance","name":"[:fr]Assurances[:en]Insurance[:] - Advant Altana","isPartOf":{"@id":"https:\/\/backup.altanalaw.com\/#website"},"datePublished":"2021-07-12T10:15:55+00:00","dateModified":"2022-04-19T07:31:08+00:00","breadcrumb":{"@id":"https:\/\/backup.altanalaw.com\/competences\/assurance#breadcrumb"},"inLanguage":"en-US","potentialAction":[{"@type":"ReadAction","target":["https:\/\/backup.altanalaw.com\/competences\/assurance"]}]},{"@type":"BreadcrumbList","@id":"https:\/\/backup.altanalaw.com\/competences\/assurance#breadcrumb","itemListElement":[{"@type":"ListItem","position":1,"name":"Nos Comp\u00e9tences","item":"https:\/\/backup.altanalaw.com\/competences"},{"@type":"ListItem","position":2,"name":"Assurances"}]},{"@type":"WebSite","@id":"https:\/\/backup.altanalaw.com\/#website","url":"https:\/\/backup.altanalaw.com\/","name":"Advant Altana","description":"Soci\u00e9t\u00e9 d&#039;avocats \u00e0 la Cour de Paris","potentialAction":[{"@type":"SearchAction","target":{"@type":"EntryPoint","urlTemplate":"https:\/\/backup.altanalaw.com\/?s={search_term_string}"},"query-input":"required name=search_term_string"}],"inLanguage":"en-US"}]}},"_links":{"self":[{"href":"https:\/\/backup.altanalaw.com\/en\/wp-json\/wp\/v2\/pages\/8104"}],"collection":[{"href":"https:\/\/backup.altanalaw.com\/en\/wp-json\/wp\/v2\/pages"}],"about":[{"href":"https:\/\/backup.altanalaw.com\/en\/wp-json\/wp\/v2\/types\/page"}],"author":[{"embeddable":true,"href":"https:\/\/backup.altanalaw.com\/en\/wp-json\/wp\/v2\/users\/17"}],"replies":[{"embeddable":true,"href":"https:\/\/backup.altanalaw.com\/en\/wp-json\/wp\/v2\/comments?post=8104"}],"version-history":[{"count":10,"href":"https:\/\/backup.altanalaw.com\/en\/wp-json\/wp\/v2\/pages\/8104\/revisions"}],"predecessor-version":[{"id":8919,"href":"https:\/\/backup.altanalaw.com\/en\/wp-json\/wp\/v2\/pages\/8104\/revisions\/8919"}],"up":[{"embeddable":true,"href":"https:\/\/backup.altanalaw.com\/en\/wp-json\/wp\/v2\/pages\/33"}],"wp:attachment":[{"href":"https:\/\/backup.altanalaw.com\/en\/wp-json\/wp\/v2\/media?parent=8104"}],"curies":[{"name":"wp","href":"https:\/\/api.w.org\/{rel}","templated":true}]}}