{"id":7920,"date":"2021-06-02T14:10:14","date_gmt":"2021-06-02T13:10:14","guid":{"rendered":"https:\/\/backup.altanalaw.com\/?page_id=7920"},"modified":"2022-04-19T10:01:41","modified_gmt":"2022-04-19T09:01:41","slug":"droit-immobilier","status":"publish","type":"page","link":"https:\/\/backup.altanalaw.com\/en\/competences\/droit-immobilier","title":{"rendered":"Real Estate"},"content":{"rendered":"<p>Our department is highly experienced in :<\/p>\n<ul>\n<li>Negotiation and drafting of leases, in particular off-plan lease (shops, offices, shopping malls, establishments which can receive the public (ERP), logistical units, classified Installation for the Protection of Environment (ICPE), housing, hotels, etc.), the leasing or lease renewal;<\/li>\n<li>Audit of leases and technical documents (co-ownership regulation, internal regulation, the administrative and technical requirement (CPTA), Asbestos Technical Report (DTA));<\/li>\n<li>Representation and assistance for lease circle: work distribution, indexation, rent review, lease renewal, sublease, eviction, etc.;<\/li>\n<li>Representation and assistance for judicial expertise and claims\u2019 management;<\/li>\n<li>Assistance for the restitution of rented premises : works, keys\u2019 return and deposit;<\/li>\n<li>Legal advice and drafting of assignment of lease (assignment of tenancy rights with or without business);<\/li>\n<li>Litigation for the (i) fixation of rent in renewed lease or (ii) eviction or (iii) expulsion indemnities.<\/li>\n<\/ul>\n<p><\/p>","protected":false},"excerpt":{"rendered":"<p>Our department is highly experienced in : Negotiation and drafting of leases, in particular off-plan lease (shops, offices, shopping malls, establishments which can receive the public (ERP), logistical units, classified Installation for the Protection of Environment (ICPE), housing, hotels, etc.), the leasing or lease renewal; Audit of leases and technical documents (co-ownership regulation, internal regulation, [&hellip;]<\/p>\n","protected":false},"author":17,"featured_media":0,"parent":33,"menu_order":25,"comment_status":"closed","ping_status":"closed","template":"tpl-expertise.php","meta":{"footnotes":""},"class_list":["post-7920","page","type-page","status-publish","hentry"],"yoast_head":"<!-- This site is optimized with the Yoast SEO plugin v22.2 - https:\/\/yoast.com\/wordpress\/plugins\/seo\/ -->\n<title>Real Estate - Advant Altana<\/title>\n<meta name=\"robots\" content=\"noindex, follow, max-snippet:-1, max-image-preview:large, max-video-preview:-1\" \/>\n<meta property=\"og:locale\" content=\"en_US\" \/>\n<meta property=\"og:type\" content=\"article\" \/>\n<meta property=\"og:title\" content=\"[:fr]Droit immobilier[:en]Real Estate[:] - Advant Altana\" \/>\n<meta property=\"og:description\" content=\"Our department is highly experienced in : Negotiation and drafting of leases, in particular off-plan lease (shops, offices, shopping malls, establishments which can receive the public (ERP), logistical units, classified Installation for the Protection of Environment (ICPE), housing, hotels, etc.), the leasing or lease renewal; Audit of leases and technical documents (co-ownership regulation, internal regulation, [&hellip;]\" \/>\n<meta property=\"og:url\" content=\"https:\/\/backup.altanalaw.com\/competences\/droit-immobilier\" \/>\n<meta property=\"og:site_name\" content=\"Advant Altana\" \/>\n<meta property=\"article:modified_time\" content=\"2022-04-19T09:01:41+00:00\" \/>\n<meta name=\"twitter:card\" content=\"summary_large_image\" \/>\n<meta name=\"twitter:label1\" content=\"Est. reading time\" \/>\n\t<meta name=\"twitter:data1\" content=\"1 minute\" \/>\n<script type=\"application\/ld+json\" class=\"yoast-schema-graph\">{\"@context\":\"https:\/\/schema.org\",\"@graph\":[{\"@type\":\"WebPage\",\"@id\":\"https:\/\/backup.altanalaw.com\/competences\/droit-immobilier\",\"url\":\"https:\/\/backup.altanalaw.com\/competences\/droit-immobilier\",\"name\":\"[:fr]Droit immobilier[:en]Real Estate[:] - Advant Altana\",\"isPartOf\":{\"@id\":\"https:\/\/backup.altanalaw.com\/#website\"},\"datePublished\":\"2021-06-02T13:10:14+00:00\",\"dateModified\":\"2022-04-19T09:01:41+00:00\",\"breadcrumb\":{\"@id\":\"https:\/\/backup.altanalaw.com\/competences\/droit-immobilier#breadcrumb\"},\"inLanguage\":\"en-US\",\"potentialAction\":[{\"@type\":\"ReadAction\",\"target\":[\"https:\/\/backup.altanalaw.com\/competences\/droit-immobilier\"]}]},{\"@type\":\"BreadcrumbList\",\"@id\":\"https:\/\/backup.altanalaw.com\/competences\/droit-immobilier#breadcrumb\",\"itemListElement\":[{\"@type\":\"ListItem\",\"position\":1,\"name\":\"Nos Comp\u00e9tences\",\"item\":\"https:\/\/backup.altanalaw.com\/competences\"},{\"@type\":\"ListItem\",\"position\":2,\"name\":\"Droit immobilier\"}]},{\"@type\":\"WebSite\",\"@id\":\"https:\/\/backup.altanalaw.com\/#website\",\"url\":\"https:\/\/backup.altanalaw.com\/\",\"name\":\"Advant Altana\",\"description\":\"Soci\u00e9t\u00e9 d&#039;avocats \u00e0 la Cour de Paris\",\"potentialAction\":[{\"@type\":\"SearchAction\",\"target\":{\"@type\":\"EntryPoint\",\"urlTemplate\":\"https:\/\/backup.altanalaw.com\/?s={search_term_string}\"},\"query-input\":\"required name=search_term_string\"}],\"inLanguage\":\"en-US\"}]}<\/script>\n<!-- \/ Yoast SEO plugin. -->","yoast_head_json":{"title":"[:fr]Droit immobilier[:en]Real Estate[:] - Advant Altana","robots":{"index":"noindex","follow":"follow","max-snippet":"max-snippet:-1","max-image-preview":"max-image-preview:large","max-video-preview":"max-video-preview:-1"},"og_locale":"en_US","og_type":"article","og_title":"[:fr]Droit immobilier[:en]Real Estate[:] - Advant Altana","og_description":"Our department is highly experienced in : Negotiation and drafting of leases, in particular off-plan lease (shops, offices, shopping malls, establishments which can receive the public (ERP), logistical units, classified Installation for the Protection of Environment (ICPE), housing, hotels, etc.), the leasing or lease renewal; Audit of leases and technical documents (co-ownership regulation, internal regulation, [&hellip;]","og_url":"https:\/\/backup.altanalaw.com\/competences\/droit-immobilier","og_site_name":"Advant Altana","article_modified_time":"2022-04-19T09:01:41+00:00","twitter_card":"summary_large_image","twitter_misc":{"Est. reading time":"1 minute"},"schema":{"@context":"https:\/\/schema.org","@graph":[{"@type":"WebPage","@id":"https:\/\/backup.altanalaw.com\/competences\/droit-immobilier","url":"https:\/\/backup.altanalaw.com\/competences\/droit-immobilier","name":"[:fr]Droit immobilier[:en]Real Estate[:] - Advant Altana","isPartOf":{"@id":"https:\/\/backup.altanalaw.com\/#website"},"datePublished":"2021-06-02T13:10:14+00:00","dateModified":"2022-04-19T09:01:41+00:00","breadcrumb":{"@id":"https:\/\/backup.altanalaw.com\/competences\/droit-immobilier#breadcrumb"},"inLanguage":"en-US","potentialAction":[{"@type":"ReadAction","target":["https:\/\/backup.altanalaw.com\/competences\/droit-immobilier"]}]},{"@type":"BreadcrumbList","@id":"https:\/\/backup.altanalaw.com\/competences\/droit-immobilier#breadcrumb","itemListElement":[{"@type":"ListItem","position":1,"name":"Nos Comp\u00e9tences","item":"https:\/\/backup.altanalaw.com\/competences"},{"@type":"ListItem","position":2,"name":"Droit immobilier"}]},{"@type":"WebSite","@id":"https:\/\/backup.altanalaw.com\/#website","url":"https:\/\/backup.altanalaw.com\/","name":"Advant Altana","description":"Soci\u00e9t\u00e9 d&#039;avocats \u00e0 la Cour de Paris","potentialAction":[{"@type":"SearchAction","target":{"@type":"EntryPoint","urlTemplate":"https:\/\/backup.altanalaw.com\/?s={search_term_string}"},"query-input":"required name=search_term_string"}],"inLanguage":"en-US"}]}},"_links":{"self":[{"href":"https:\/\/backup.altanalaw.com\/en\/wp-json\/wp\/v2\/pages\/7920"}],"collection":[{"href":"https:\/\/backup.altanalaw.com\/en\/wp-json\/wp\/v2\/pages"}],"about":[{"href":"https:\/\/backup.altanalaw.com\/en\/wp-json\/wp\/v2\/types\/page"}],"author":[{"embeddable":true,"href":"https:\/\/backup.altanalaw.com\/en\/wp-json\/wp\/v2\/users\/17"}],"replies":[{"embeddable":true,"href":"https:\/\/backup.altanalaw.com\/en\/wp-json\/wp\/v2\/comments?post=7920"}],"version-history":[{"count":4,"href":"https:\/\/backup.altanalaw.com\/en\/wp-json\/wp\/v2\/pages\/7920\/revisions"}],"predecessor-version":[{"id":8920,"href":"https:\/\/backup.altanalaw.com\/en\/wp-json\/wp\/v2\/pages\/7920\/revisions\/8920"}],"up":[{"embeddable":true,"href":"https:\/\/backup.altanalaw.com\/en\/wp-json\/wp\/v2\/pages\/33"}],"wp:attachment":[{"href":"https:\/\/backup.altanalaw.com\/en\/wp-json\/wp\/v2\/media?parent=7920"}],"curies":[{"name":"wp","href":"https:\/\/api.w.org\/{rel}","templated":true}]}}