{"id":6907,"date":"2019-06-04T09:50:32","date_gmt":"2019-06-04T08:50:32","guid":{"rendered":"https:\/\/backup.altanalaw.com\/?page_id=6907"},"modified":"2021-09-15T11:57:00","modified_gmt":"2021-09-15T10:57:00","slug":"private-equity","status":"publish","type":"page","link":"https:\/\/backup.altanalaw.com\/en\/competences\/private-equity","title":{"rendered":"Private Equity"},"content":{"rendered":"<p>ADVANT Altana has extensive Private Equity experience, particularly in venture and growth capital.<\/p>\n<p>We assists our clients, who are investors, entrepreneurs and management teams, at each step of their investment, growth and restructuring transactions and provide them with strategic advice corresponding to their specific needs.<\/p>\n<p>Our expertise covers the following main areas:<\/p>\n<ul>\n<li>Equity investment<\/li>\n<li>Fundraising<\/li>\n<li>Management package<\/li>\n<li>Liquidity transactions<\/li>\n<\/ul>\n<p>We provide valuable advice on all legal aspects, particularly on transaction structuring, due diligence, definition of adequate securities, drafting and negotiation of legal documents, assistance in liquidity events, and process management from structuring through closing.<\/p>\n<p>&nbsp;<\/p>","protected":false},"excerpt":{"rendered":"<p>ADVANT Altana has extensive Private Equity experience, particularly in venture and growth capital. We assists our clients, who are investors, entrepreneurs and management teams, at each step of their investment, growth and restructuring transactions and provide them with strategic advice corresponding to their specific needs. Our expertise covers the following main areas: Equity investment Fundraising [&hellip;]<\/p>\n","protected":false},"author":14,"featured_media":0,"parent":33,"menu_order":26,"comment_status":"closed","ping_status":"closed","template":"tpl-expertise.php","meta":{"footnotes":""},"class_list":["post-6907","page","type-page","status-publish","hentry"],"yoast_head":"<!-- This site is optimized with the Yoast SEO plugin v22.2 - https:\/\/yoast.com\/wordpress\/plugins\/seo\/ -->\n<title>Private Equity - Advant Altana<\/title>\n<meta name=\"robots\" content=\"noindex, follow, max-snippet:-1, max-image-preview:large, max-video-preview:-1\" \/>\n<meta property=\"og:locale\" content=\"en_US\" \/>\n<meta property=\"og:type\" content=\"article\" \/>\n<meta property=\"og:title\" content=\"[:fr]Private Equity[:en]Private Equity[:] - Advant Altana\" \/>\n<meta property=\"og:description\" content=\"ADVANT Altana has extensive Private Equity experience, particularly in venture and growth capital. We assists our clients, who are investors, entrepreneurs and management teams, at each step of their investment, growth and restructuring transactions and provide them with strategic advice corresponding to their specific needs. Our expertise covers the following main areas: Equity investment Fundraising [&hellip;]\" \/>\n<meta property=\"og:url\" content=\"https:\/\/backup.altanalaw.com\/competences\/private-equity\" \/>\n<meta property=\"og:site_name\" content=\"Advant Altana\" \/>\n<meta property=\"article:modified_time\" content=\"2021-09-15T10:57:00+00:00\" \/>\n<meta name=\"twitter:card\" content=\"summary_large_image\" \/>\n<meta name=\"twitter:label1\" content=\"Est. reading time\" \/>\n\t<meta name=\"twitter:data1\" content=\"1 minute\" \/>\n<script type=\"application\/ld+json\" class=\"yoast-schema-graph\">{\"@context\":\"https:\/\/schema.org\",\"@graph\":[{\"@type\":\"WebPage\",\"@id\":\"https:\/\/backup.altanalaw.com\/competences\/private-equity\",\"url\":\"https:\/\/backup.altanalaw.com\/competences\/private-equity\",\"name\":\"[:fr]Private Equity[:en]Private Equity[:] - Advant Altana\",\"isPartOf\":{\"@id\":\"https:\/\/backup.altanalaw.com\/#website\"},\"datePublished\":\"2019-06-04T08:50:32+00:00\",\"dateModified\":\"2021-09-15T10:57:00+00:00\",\"breadcrumb\":{\"@id\":\"https:\/\/backup.altanalaw.com\/competences\/private-equity#breadcrumb\"},\"inLanguage\":\"en-US\",\"potentialAction\":[{\"@type\":\"ReadAction\",\"target\":[\"https:\/\/backup.altanalaw.com\/competences\/private-equity\"]}]},{\"@type\":\"BreadcrumbList\",\"@id\":\"https:\/\/backup.altanalaw.com\/competences\/private-equity#breadcrumb\",\"itemListElement\":[{\"@type\":\"ListItem\",\"position\":1,\"name\":\"Nos Comp\u00e9tences\",\"item\":\"https:\/\/backup.altanalaw.com\/competences\"},{\"@type\":\"ListItem\",\"position\":2,\"name\":\"Private Equity\"}]},{\"@type\":\"WebSite\",\"@id\":\"https:\/\/backup.altanalaw.com\/#website\",\"url\":\"https:\/\/backup.altanalaw.com\/\",\"name\":\"Advant Altana\",\"description\":\"Soci\u00e9t\u00e9 d&#039;avocats \u00e0 la Cour de Paris\",\"potentialAction\":[{\"@type\":\"SearchAction\",\"target\":{\"@type\":\"EntryPoint\",\"urlTemplate\":\"https:\/\/backup.altanalaw.com\/?s={search_term_string}\"},\"query-input\":\"required name=search_term_string\"}],\"inLanguage\":\"en-US\"}]}<\/script>\n<!-- \/ Yoast SEO plugin. -->","yoast_head_json":{"title":"[:fr]Private Equity[:en]Private Equity[:] - Advant Altana","robots":{"index":"noindex","follow":"follow","max-snippet":"max-snippet:-1","max-image-preview":"max-image-preview:large","max-video-preview":"max-video-preview:-1"},"og_locale":"en_US","og_type":"article","og_title":"[:fr]Private Equity[:en]Private Equity[:] - Advant Altana","og_description":"ADVANT Altana has extensive Private Equity experience, particularly in venture and growth capital. We assists our clients, who are investors, entrepreneurs and management teams, at each step of their investment, growth and restructuring transactions and provide them with strategic advice corresponding to their specific needs. Our expertise covers the following main areas: Equity investment Fundraising [&hellip;]","og_url":"https:\/\/backup.altanalaw.com\/competences\/private-equity","og_site_name":"Advant Altana","article_modified_time":"2021-09-15T10:57:00+00:00","twitter_card":"summary_large_image","twitter_misc":{"Est. reading time":"1 minute"},"schema":{"@context":"https:\/\/schema.org","@graph":[{"@type":"WebPage","@id":"https:\/\/backup.altanalaw.com\/competences\/private-equity","url":"https:\/\/backup.altanalaw.com\/competences\/private-equity","name":"[:fr]Private Equity[:en]Private Equity[:] - Advant Altana","isPartOf":{"@id":"https:\/\/backup.altanalaw.com\/#website"},"datePublished":"2019-06-04T08:50:32+00:00","dateModified":"2021-09-15T10:57:00+00:00","breadcrumb":{"@id":"https:\/\/backup.altanalaw.com\/competences\/private-equity#breadcrumb"},"inLanguage":"en-US","potentialAction":[{"@type":"ReadAction","target":["https:\/\/backup.altanalaw.com\/competences\/private-equity"]}]},{"@type":"BreadcrumbList","@id":"https:\/\/backup.altanalaw.com\/competences\/private-equity#breadcrumb","itemListElement":[{"@type":"ListItem","position":1,"name":"Nos Comp\u00e9tences","item":"https:\/\/backup.altanalaw.com\/competences"},{"@type":"ListItem","position":2,"name":"Private Equity"}]},{"@type":"WebSite","@id":"https:\/\/backup.altanalaw.com\/#website","url":"https:\/\/backup.altanalaw.com\/","name":"Advant Altana","description":"Soci\u00e9t\u00e9 d&#039;avocats \u00e0 la Cour de Paris","potentialAction":[{"@type":"SearchAction","target":{"@type":"EntryPoint","urlTemplate":"https:\/\/backup.altanalaw.com\/?s={search_term_string}"},"query-input":"required name=search_term_string"}],"inLanguage":"en-US"}]}},"_links":{"self":[{"href":"https:\/\/backup.altanalaw.com\/en\/wp-json\/wp\/v2\/pages\/6907"}],"collection":[{"href":"https:\/\/backup.altanalaw.com\/en\/wp-json\/wp\/v2\/pages"}],"about":[{"href":"https:\/\/backup.altanalaw.com\/en\/wp-json\/wp\/v2\/types\/page"}],"author":[{"embeddable":true,"href":"https:\/\/backup.altanalaw.com\/en\/wp-json\/wp\/v2\/users\/14"}],"replies":[{"embeddable":true,"href":"https:\/\/backup.altanalaw.com\/en\/wp-json\/wp\/v2\/comments?post=6907"}],"version-history":[{"count":6,"href":"https:\/\/backup.altanalaw.com\/en\/wp-json\/wp\/v2\/pages\/6907\/revisions"}],"predecessor-version":[{"id":8409,"href":"https:\/\/backup.altanalaw.com\/en\/wp-json\/wp\/v2\/pages\/6907\/revisions\/8409"}],"up":[{"embeddable":true,"href":"https:\/\/backup.altanalaw.com\/en\/wp-json\/wp\/v2\/pages\/33"}],"wp:attachment":[{"href":"https:\/\/backup.altanalaw.com\/en\/wp-json\/wp\/v2\/media?parent=6907"}],"curies":[{"name":"wp","href":"https:\/\/api.w.org\/{rel}","templated":true}]}}