{"id":65,"date":"2013-09-23T14:22:31","date_gmt":"2013-09-23T12:22:31","guid":{"rendered":"http:\/\/backup.altanalaw.com\/\/?page_id=65"},"modified":"2021-09-15T11:54:27","modified_gmt":"2021-09-15T10:54:27","slug":"financement","status":"publish","type":"page","link":"https:\/\/backup.altanalaw.com\/en\/competences\/financement","title":{"rendered":"Financing"},"content":{"rendered":"<p><\/p>\n<p style=\"text-align: justify;\">Our Banking &amp; Finance team serves our clients in financial transactions and in the main areas of banking and finance law\u00ad, in close synergy with ADVANT Altana\u2019s other practice areas (corporate, public law, construction, restructu\u00adring). Our Banking &amp; Finance team provides assistance primarily to credit and other financial institutions, borro\u00adwers and investors:<\/p>\n<ul style=\"text-align: justify;\">\n<li>in preparing, structuring and restructuring financing transactions;<\/li>\n<li>in negotiating, implementing and enforcing the corresponding contractual documents;<\/li>\n<li>on applying the regulatory framework\u00ad which applies to banking and financial activities.<\/li>\n<\/ul>\n<p><\/p>","protected":false},"excerpt":{"rendered":"<p>Our Banking &amp; Finance team serves our clients in financial transactions and in the main areas of banking and finance law\u00ad, in close synergy with ADVANT Altana\u2019s other practice areas (corporate, public law, construction, restructu\u00adring). Our Banking &amp; Finance team provides assistance primarily to credit and other financial institutions, borro\u00adwers and investors: in preparing, structuring [&hellip;]<\/p>\n","protected":false},"author":14,"featured_media":0,"parent":33,"menu_order":24,"comment_status":"closed","ping_status":"closed","template":"tpl-expertise.php","meta":{"footnotes":""},"class_list":["post-65","page","type-page","status-publish","hentry"],"yoast_head":"<!-- This site is optimized with the Yoast SEO plugin v22.2 - https:\/\/yoast.com\/wordpress\/plugins\/seo\/ -->\n<title>Financing - Advant Altana<\/title>\n<meta name=\"robots\" content=\"noindex, follow, max-snippet:-1, max-image-preview:large, max-video-preview:-1\" \/>\n<meta property=\"og:locale\" content=\"en_US\" \/>\n<meta property=\"og:type\" content=\"article\" \/>\n<meta property=\"og:title\" content=\"[:fr]Financement[:en]Financing[:] - Advant Altana\" \/>\n<meta property=\"og:description\" content=\"Our Banking &amp; Finance team serves our clients in financial transactions and in the main areas of banking and finance law\u00ad, in close synergy with ADVANT Altana\u2019s other practice areas (corporate, public law, construction, restructu\u00adring). Our Banking &amp; Finance team provides assistance primarily to credit and other financial institutions, borro\u00adwers and investors: in preparing, structuring [&hellip;]\" \/>\n<meta property=\"og:url\" content=\"https:\/\/backup.altanalaw.com\/competences\/financement\" \/>\n<meta property=\"og:site_name\" content=\"Advant Altana\" \/>\n<meta property=\"article:modified_time\" content=\"2021-09-15T10:54:27+00:00\" \/>\n<meta name=\"twitter:card\" content=\"summary_large_image\" \/>\n<meta name=\"twitter:label1\" content=\"Est. reading time\" \/>\n\t<meta name=\"twitter:data1\" content=\"1 minute\" \/>\n<script type=\"application\/ld+json\" class=\"yoast-schema-graph\">{\"@context\":\"https:\/\/schema.org\",\"@graph\":[{\"@type\":\"WebPage\",\"@id\":\"https:\/\/backup.altanalaw.com\/competences\/financement\",\"url\":\"https:\/\/backup.altanalaw.com\/competences\/financement\",\"name\":\"[:fr]Financement[:en]Financing[:] - Advant Altana\",\"isPartOf\":{\"@id\":\"https:\/\/backup.altanalaw.com\/#website\"},\"datePublished\":\"2013-09-23T12:22:31+00:00\",\"dateModified\":\"2021-09-15T10:54:27+00:00\",\"breadcrumb\":{\"@id\":\"https:\/\/backup.altanalaw.com\/competences\/financement#breadcrumb\"},\"inLanguage\":\"en-US\",\"potentialAction\":[{\"@type\":\"ReadAction\",\"target\":[\"https:\/\/backup.altanalaw.com\/competences\/financement\"]}]},{\"@type\":\"BreadcrumbList\",\"@id\":\"https:\/\/backup.altanalaw.com\/competences\/financement#breadcrumb\",\"itemListElement\":[{\"@type\":\"ListItem\",\"position\":1,\"name\":\"Nos Comp\u00e9tences\",\"item\":\"https:\/\/backup.altanalaw.com\/competences\"},{\"@type\":\"ListItem\",\"position\":2,\"name\":\"Financement\"}]},{\"@type\":\"WebSite\",\"@id\":\"https:\/\/backup.altanalaw.com\/#website\",\"url\":\"https:\/\/backup.altanalaw.com\/\",\"name\":\"Advant Altana\",\"description\":\"Soci\u00e9t\u00e9 d&#039;avocats \u00e0 la Cour de Paris\",\"potentialAction\":[{\"@type\":\"SearchAction\",\"target\":{\"@type\":\"EntryPoint\",\"urlTemplate\":\"https:\/\/backup.altanalaw.com\/?s={search_term_string}\"},\"query-input\":\"required name=search_term_string\"}],\"inLanguage\":\"en-US\"}]}<\/script>\n<!-- \/ Yoast SEO plugin. -->","yoast_head_json":{"title":"[:fr]Financement[:en]Financing[:] - Advant Altana","robots":{"index":"noindex","follow":"follow","max-snippet":"max-snippet:-1","max-image-preview":"max-image-preview:large","max-video-preview":"max-video-preview:-1"},"og_locale":"en_US","og_type":"article","og_title":"[:fr]Financement[:en]Financing[:] - Advant Altana","og_description":"Our Banking &amp; Finance team serves our clients in financial transactions and in the main areas of banking and finance law\u00ad, in close synergy with ADVANT Altana\u2019s other practice areas (corporate, public law, construction, restructu\u00adring). Our Banking &amp; Finance team provides assistance primarily to credit and other financial institutions, borro\u00adwers and investors: in preparing, structuring [&hellip;]","og_url":"https:\/\/backup.altanalaw.com\/competences\/financement","og_site_name":"Advant Altana","article_modified_time":"2021-09-15T10:54:27+00:00","twitter_card":"summary_large_image","twitter_misc":{"Est. reading time":"1 minute"},"schema":{"@context":"https:\/\/schema.org","@graph":[{"@type":"WebPage","@id":"https:\/\/backup.altanalaw.com\/competences\/financement","url":"https:\/\/backup.altanalaw.com\/competences\/financement","name":"[:fr]Financement[:en]Financing[:] - Advant Altana","isPartOf":{"@id":"https:\/\/backup.altanalaw.com\/#website"},"datePublished":"2013-09-23T12:22:31+00:00","dateModified":"2021-09-15T10:54:27+00:00","breadcrumb":{"@id":"https:\/\/backup.altanalaw.com\/competences\/financement#breadcrumb"},"inLanguage":"en-US","potentialAction":[{"@type":"ReadAction","target":["https:\/\/backup.altanalaw.com\/competences\/financement"]}]},{"@type":"BreadcrumbList","@id":"https:\/\/backup.altanalaw.com\/competences\/financement#breadcrumb","itemListElement":[{"@type":"ListItem","position":1,"name":"Nos Comp\u00e9tences","item":"https:\/\/backup.altanalaw.com\/competences"},{"@type":"ListItem","position":2,"name":"Financement"}]},{"@type":"WebSite","@id":"https:\/\/backup.altanalaw.com\/#website","url":"https:\/\/backup.altanalaw.com\/","name":"Advant Altana","description":"Soci\u00e9t\u00e9 d&#039;avocats \u00e0 la Cour de Paris","potentialAction":[{"@type":"SearchAction","target":{"@type":"EntryPoint","urlTemplate":"https:\/\/backup.altanalaw.com\/?s={search_term_string}"},"query-input":"required name=search_term_string"}],"inLanguage":"en-US"}]}},"_links":{"self":[{"href":"https:\/\/backup.altanalaw.com\/en\/wp-json\/wp\/v2\/pages\/65"}],"collection":[{"href":"https:\/\/backup.altanalaw.com\/en\/wp-json\/wp\/v2\/pages"}],"about":[{"href":"https:\/\/backup.altanalaw.com\/en\/wp-json\/wp\/v2\/types\/page"}],"author":[{"embeddable":true,"href":"https:\/\/backup.altanalaw.com\/en\/wp-json\/wp\/v2\/users\/14"}],"replies":[{"embeddable":true,"href":"https:\/\/backup.altanalaw.com\/en\/wp-json\/wp\/v2\/comments?post=65"}],"version-history":[{"count":9,"href":"https:\/\/backup.altanalaw.com\/en\/wp-json\/wp\/v2\/pages\/65\/revisions"}],"predecessor-version":[{"id":8404,"href":"https:\/\/backup.altanalaw.com\/en\/wp-json\/wp\/v2\/pages\/65\/revisions\/8404"}],"up":[{"embeddable":true,"href":"https:\/\/backup.altanalaw.com\/en\/wp-json\/wp\/v2\/pages\/33"}],"wp:attachment":[{"href":"https:\/\/backup.altanalaw.com\/en\/wp-json\/wp\/v2\/media?parent=65"}],"curies":[{"name":"wp","href":"https:\/\/api.w.org\/{rel}","templated":true}]}}