{"id":63,"date":"2013-09-23T14:22:05","date_gmt":"2013-09-23T12:22:05","guid":{"rendered":"http:\/\/backup.altanalaw.com\/\/?page_id=63"},"modified":"2022-05-30T12:36:10","modified_gmt":"2022-05-30T11:36:10","slug":"droit-economique-concurrence","status":"publish","type":"page","link":"https:\/\/backup.altanalaw.com\/en\/competences\/droit-economique-concurrence","title":{"rendered":"Economic and Competition Law"},"content":{"rendered":"<p><\/p>\n<p style=\"text-align: justify;\">Our Economic &amp; Competition Law team, made up of three lawyers, advises and assists our clients on all aspects of Economic and Competition Law. Decidedly internatio\u00adnal, the team advises and assists leading foreign groups (mainly Japanese, Korean, American and European) and their subsidiaries, locat\u00aded in France and Europe in many different business sectors.<\/p>\n<h3 style=\"text-align: justify;\">Competition law<\/h3>\n<ul style=\"text-align: justify;\">\n<li>Mergers\/Ententes (vertical and horizontal)<\/li>\n<li>Abuse of dominant positions\/Abuse of economic dependence<\/li>\n<li>State aid and EU regulations relating to businesses<\/li>\n<\/ul>\n<h3 style=\"text-align: justify;\">Distribution law<\/h3>\n<ul style=\"text-align: justify;\">\n<li>Distribution channels\/issues relating to internet distribution<\/li>\n<li>All types of distribution contracts (referencing agreements, agency agreements, commission agreements, brokerage agreements, business referral agreements, cooperation, sponsoring and patronage agreements, etc)<\/li>\n<li>Production, partnership and trademark licence agreements.<\/li>\n<\/ul>\n<h3 style=\"text-align: justify;\">Consumer law<\/h3>\n<ul style=\"text-align: justify;\">\n<li>Deceptive or aggressive marketing practices (false advertising etc), issues relating to the sale of goods at a loss<\/li>\n<li>Validity of promotional campaigns (refund offers, sale with bonus etc)<\/li>\n<li>DGCCRF [French Office of Fair Trading] investigation and audit<\/li>\n<\/ul>\n<p style=\"text-align: justify;\">Our team provides legal assistance and acts as a think tank, often above and beyond the required level of commercial strategies as well as representing our clients before the courts.<\/p>\n<p style=\"text-align: justify;\">Our Economic and Competition Law team was notably featured in D\u00e9cideurs\u00a0 [Leaders League] and Legal 500.<\/p>\n<p><\/p>","protected":false},"excerpt":{"rendered":"<p>Our Economic &amp; Competition Law team, made up of three lawyers, advises and assists our clients on all aspects of Economic and Competition Law. Decidedly internatio\u00adnal, the team advises and assists leading foreign groups (mainly Japanese, Korean, American and European) and their subsidiaries, locat\u00aded in France and Europe in many different business sectors. Competition law [&hellip;]<\/p>\n","protected":false},"author":14,"featured_media":0,"parent":33,"menu_order":14,"comment_status":"closed","ping_status":"closed","template":"tpl-expertise.php","meta":{"footnotes":""},"class_list":["post-63","page","type-page","status-publish","hentry"],"yoast_head":"<!-- This site is optimized with the Yoast SEO plugin v22.2 - https:\/\/yoast.com\/wordpress\/plugins\/seo\/ -->\n<title>Economic and Competition Law - Advant Altana<\/title>\n<meta name=\"robots\" content=\"noindex, follow, max-snippet:-1, max-image-preview:large, max-video-preview:-1\" \/>\n<meta property=\"og:locale\" content=\"en_US\" \/>\n<meta property=\"og:type\" content=\"article\" \/>\n<meta property=\"og:title\" content=\"[:fr]Droit \u00e9conomique et de la concurrence[:en]Economic and Competition Law[:] - Advant Altana\" \/>\n<meta property=\"og:description\" content=\"Our Economic &amp; Competition Law team, made up of three lawyers, advises and assists our clients on all aspects of Economic and Competition Law. Decidedly internatio\u00adnal, the team advises and assists leading foreign groups (mainly Japanese, Korean, American and European) and their subsidiaries, locat\u00aded in France and Europe in many different business sectors. Competition law [&hellip;]\" \/>\n<meta property=\"og:url\" content=\"https:\/\/backup.altanalaw.com\/competences\/droit-economique-concurrence\" \/>\n<meta property=\"og:site_name\" content=\"Advant Altana\" \/>\n<meta property=\"article:modified_time\" content=\"2022-05-30T11:36:10+00:00\" \/>\n<meta name=\"twitter:card\" content=\"summary_large_image\" \/>\n<meta name=\"twitter:label1\" content=\"Est. reading time\" \/>\n\t<meta name=\"twitter:data1\" content=\"1 minute\" \/>\n<script type=\"application\/ld+json\" class=\"yoast-schema-graph\">{\"@context\":\"https:\/\/schema.org\",\"@graph\":[{\"@type\":\"WebPage\",\"@id\":\"https:\/\/backup.altanalaw.com\/competences\/droit-economique-concurrence\",\"url\":\"https:\/\/backup.altanalaw.com\/competences\/droit-economique-concurrence\",\"name\":\"[:fr]Droit \u00e9conomique et de la concurrence[:en]Economic and Competition Law[:] - Advant Altana\",\"isPartOf\":{\"@id\":\"https:\/\/backup.altanalaw.com\/#website\"},\"datePublished\":\"2013-09-23T12:22:05+00:00\",\"dateModified\":\"2022-05-30T11:36:10+00:00\",\"breadcrumb\":{\"@id\":\"https:\/\/backup.altanalaw.com\/competences\/droit-economique-concurrence#breadcrumb\"},\"inLanguage\":\"en-US\",\"potentialAction\":[{\"@type\":\"ReadAction\",\"target\":[\"https:\/\/backup.altanalaw.com\/competences\/droit-economique-concurrence\"]}]},{\"@type\":\"BreadcrumbList\",\"@id\":\"https:\/\/backup.altanalaw.com\/competences\/droit-economique-concurrence#breadcrumb\",\"itemListElement\":[{\"@type\":\"ListItem\",\"position\":1,\"name\":\"Nos Comp\u00e9tences\",\"item\":\"https:\/\/backup.altanalaw.com\/competences\"},{\"@type\":\"ListItem\",\"position\":2,\"name\":\"Droit \u00e9conomique et de la concurrence\"}]},{\"@type\":\"WebSite\",\"@id\":\"https:\/\/backup.altanalaw.com\/#website\",\"url\":\"https:\/\/backup.altanalaw.com\/\",\"name\":\"Advant Altana\",\"description\":\"Soci\u00e9t\u00e9 d&#039;avocats \u00e0 la Cour de Paris\",\"potentialAction\":[{\"@type\":\"SearchAction\",\"target\":{\"@type\":\"EntryPoint\",\"urlTemplate\":\"https:\/\/backup.altanalaw.com\/?s={search_term_string}\"},\"query-input\":\"required name=search_term_string\"}],\"inLanguage\":\"en-US\"}]}<\/script>\n<!-- \/ Yoast SEO plugin. -->","yoast_head_json":{"title":"[:fr]Droit \u00e9conomique et de la concurrence[:en]Economic and Competition Law[:] - Advant Altana","robots":{"index":"noindex","follow":"follow","max-snippet":"max-snippet:-1","max-image-preview":"max-image-preview:large","max-video-preview":"max-video-preview:-1"},"og_locale":"en_US","og_type":"article","og_title":"[:fr]Droit \u00e9conomique et de la concurrence[:en]Economic and Competition Law[:] - Advant Altana","og_description":"Our Economic &amp; Competition Law team, made up of three lawyers, advises and assists our clients on all aspects of Economic and Competition Law. Decidedly internatio\u00adnal, the team advises and assists leading foreign groups (mainly Japanese, Korean, American and European) and their subsidiaries, locat\u00aded in France and Europe in many different business sectors. Competition law [&hellip;]","og_url":"https:\/\/backup.altanalaw.com\/competences\/droit-economique-concurrence","og_site_name":"Advant Altana","article_modified_time":"2022-05-30T11:36:10+00:00","twitter_card":"summary_large_image","twitter_misc":{"Est. reading time":"1 minute"},"schema":{"@context":"https:\/\/schema.org","@graph":[{"@type":"WebPage","@id":"https:\/\/backup.altanalaw.com\/competences\/droit-economique-concurrence","url":"https:\/\/backup.altanalaw.com\/competences\/droit-economique-concurrence","name":"[:fr]Droit \u00e9conomique et de la concurrence[:en]Economic and Competition Law[:] - Advant Altana","isPartOf":{"@id":"https:\/\/backup.altanalaw.com\/#website"},"datePublished":"2013-09-23T12:22:05+00:00","dateModified":"2022-05-30T11:36:10+00:00","breadcrumb":{"@id":"https:\/\/backup.altanalaw.com\/competences\/droit-economique-concurrence#breadcrumb"},"inLanguage":"en-US","potentialAction":[{"@type":"ReadAction","target":["https:\/\/backup.altanalaw.com\/competences\/droit-economique-concurrence"]}]},{"@type":"BreadcrumbList","@id":"https:\/\/backup.altanalaw.com\/competences\/droit-economique-concurrence#breadcrumb","itemListElement":[{"@type":"ListItem","position":1,"name":"Nos Comp\u00e9tences","item":"https:\/\/backup.altanalaw.com\/competences"},{"@type":"ListItem","position":2,"name":"Droit \u00e9conomique et de la concurrence"}]},{"@type":"WebSite","@id":"https:\/\/backup.altanalaw.com\/#website","url":"https:\/\/backup.altanalaw.com\/","name":"Advant Altana","description":"Soci\u00e9t\u00e9 d&#039;avocats \u00e0 la Cour de Paris","potentialAction":[{"@type":"SearchAction","target":{"@type":"EntryPoint","urlTemplate":"https:\/\/backup.altanalaw.com\/?s={search_term_string}"},"query-input":"required name=search_term_string"}],"inLanguage":"en-US"}]}},"_links":{"self":[{"href":"https:\/\/backup.altanalaw.com\/en\/wp-json\/wp\/v2\/pages\/63"}],"collection":[{"href":"https:\/\/backup.altanalaw.com\/en\/wp-json\/wp\/v2\/pages"}],"about":[{"href":"https:\/\/backup.altanalaw.com\/en\/wp-json\/wp\/v2\/types\/page"}],"author":[{"embeddable":true,"href":"https:\/\/backup.altanalaw.com\/en\/wp-json\/wp\/v2\/users\/14"}],"replies":[{"embeddable":true,"href":"https:\/\/backup.altanalaw.com\/en\/wp-json\/wp\/v2\/comments?post=63"}],"version-history":[{"count":8,"href":"https:\/\/backup.altanalaw.com\/en\/wp-json\/wp\/v2\/pages\/63\/revisions"}],"predecessor-version":[{"id":8984,"href":"https:\/\/backup.altanalaw.com\/en\/wp-json\/wp\/v2\/pages\/63\/revisions\/8984"}],"up":[{"embeddable":true,"href":"https:\/\/backup.altanalaw.com\/en\/wp-json\/wp\/v2\/pages\/33"}],"wp:attachment":[{"href":"https:\/\/backup.altanalaw.com\/en\/wp-json\/wp\/v2\/media?parent=63"}],"curies":[{"name":"wp","href":"https:\/\/api.w.org\/{rel}","templated":true}]}}