{"id":61,"date":"2013-09-23T14:21:38","date_gmt":"2013-09-23T12:21:38","guid":{"rendered":"http:\/\/backup.altanalaw.com\/\/?page_id=61"},"modified":"2021-09-15T11:51:22","modified_gmt":"2021-09-15T10:51:22","slug":"droit-environnement","status":"publish","type":"page","link":"https:\/\/backup.altanalaw.com\/en\/competences\/droit-environnement","title":{"rendered":"Environmental Law"},"content":{"rendered":"<p><\/p>\n<p style=\"text-align: justify;\">Our\u00a0Environmental Law\u00a0team\u00a0advises and assists their industrial, financial and mining sector clients on all their environmental issues. They are particularly experienced in the following areas:<\/p>\n<ul>\n<li style=\"text-align: justify;\">preparing files and applications for the creation of classified facilities;<\/li>\n<li style=\"text-align: justify;\">representation and assistance before the relevant administrative, civil and criminal authorities;<\/li>\n<li style=\"text-align: justify;\">environmental audits.<\/li>\n<\/ul>\n<p><\/p>","protected":false},"excerpt":{"rendered":"<p>Our\u00a0Environmental Law\u00a0team\u00a0advises and assists their industrial, financial and mining sector clients on all their environmental issues. They are particularly experienced in the following areas: preparing files and applications for the creation of classified facilities; representation and assistance before the relevant administrative, civil and criminal authorities; environmental audits.<\/p>\n","protected":false},"author":14,"featured_media":0,"parent":33,"menu_order":15,"comment_status":"closed","ping_status":"closed","template":"tpl-expertise.php","meta":{"footnotes":""},"class_list":["post-61","page","type-page","status-publish","hentry"],"yoast_head":"<!-- This site is optimized with the Yoast SEO plugin v22.2 - https:\/\/yoast.com\/wordpress\/plugins\/seo\/ -->\n<title>Environmental Law - Advant Altana<\/title>\n<meta name=\"robots\" content=\"noindex, follow, max-snippet:-1, max-image-preview:large, max-video-preview:-1\" \/>\n<meta property=\"og:locale\" content=\"en_US\" \/>\n<meta property=\"og:type\" content=\"article\" \/>\n<meta property=\"og:title\" content=\"[:fr]Droit de l\u2019environnement[:en]Environmental Law[:] - Advant Altana\" \/>\n<meta property=\"og:description\" content=\"Our\u00a0Environmental Law\u00a0team\u00a0advises and assists their industrial, financial and mining sector clients on all their environmental issues. They are particularly experienced in the following areas: preparing files and applications for the creation of classified facilities; representation and assistance before the relevant administrative, civil and criminal authorities; environmental audits.\" \/>\n<meta property=\"og:url\" content=\"https:\/\/backup.altanalaw.com\/competences\/droit-environnement\" \/>\n<meta property=\"og:site_name\" content=\"Advant Altana\" \/>\n<meta property=\"article:modified_time\" content=\"2021-09-15T10:51:22+00:00\" \/>\n<meta name=\"twitter:card\" content=\"summary_large_image\" \/>\n<meta name=\"twitter:label1\" content=\"Est. reading time\" \/>\n\t<meta name=\"twitter:data1\" content=\"1 minute\" \/>\n<script type=\"application\/ld+json\" class=\"yoast-schema-graph\">{\"@context\":\"https:\/\/schema.org\",\"@graph\":[{\"@type\":\"WebPage\",\"@id\":\"https:\/\/backup.altanalaw.com\/competences\/droit-environnement\",\"url\":\"https:\/\/backup.altanalaw.com\/competences\/droit-environnement\",\"name\":\"[:fr]Droit de l\u2019environnement[:en]Environmental Law[:] - Advant Altana\",\"isPartOf\":{\"@id\":\"https:\/\/backup.altanalaw.com\/#website\"},\"datePublished\":\"2013-09-23T12:21:38+00:00\",\"dateModified\":\"2021-09-15T10:51:22+00:00\",\"breadcrumb\":{\"@id\":\"https:\/\/backup.altanalaw.com\/competences\/droit-environnement#breadcrumb\"},\"inLanguage\":\"en-US\",\"potentialAction\":[{\"@type\":\"ReadAction\",\"target\":[\"https:\/\/backup.altanalaw.com\/competences\/droit-environnement\"]}]},{\"@type\":\"BreadcrumbList\",\"@id\":\"https:\/\/backup.altanalaw.com\/competences\/droit-environnement#breadcrumb\",\"itemListElement\":[{\"@type\":\"ListItem\",\"position\":1,\"name\":\"Nos Comp\u00e9tences\",\"item\":\"https:\/\/backup.altanalaw.com\/competences\"},{\"@type\":\"ListItem\",\"position\":2,\"name\":\"Droit de l\u2019environnement\"}]},{\"@type\":\"WebSite\",\"@id\":\"https:\/\/backup.altanalaw.com\/#website\",\"url\":\"https:\/\/backup.altanalaw.com\/\",\"name\":\"Advant Altana\",\"description\":\"Soci\u00e9t\u00e9 d&#039;avocats \u00e0 la Cour de Paris\",\"potentialAction\":[{\"@type\":\"SearchAction\",\"target\":{\"@type\":\"EntryPoint\",\"urlTemplate\":\"https:\/\/backup.altanalaw.com\/?s={search_term_string}\"},\"query-input\":\"required name=search_term_string\"}],\"inLanguage\":\"en-US\"}]}<\/script>\n<!-- \/ Yoast SEO plugin. -->","yoast_head_json":{"title":"[:fr]Droit de l\u2019environnement[:en]Environmental Law[:] - Advant Altana","robots":{"index":"noindex","follow":"follow","max-snippet":"max-snippet:-1","max-image-preview":"max-image-preview:large","max-video-preview":"max-video-preview:-1"},"og_locale":"en_US","og_type":"article","og_title":"[:fr]Droit de l\u2019environnement[:en]Environmental Law[:] - Advant Altana","og_description":"Our\u00a0Environmental Law\u00a0team\u00a0advises and assists their industrial, financial and mining sector clients on all their environmental issues. They are particularly experienced in the following areas: preparing files and applications for the creation of classified facilities; representation and assistance before the relevant administrative, civil and criminal authorities; environmental audits.","og_url":"https:\/\/backup.altanalaw.com\/competences\/droit-environnement","og_site_name":"Advant Altana","article_modified_time":"2021-09-15T10:51:22+00:00","twitter_card":"summary_large_image","twitter_misc":{"Est. reading time":"1 minute"},"schema":{"@context":"https:\/\/schema.org","@graph":[{"@type":"WebPage","@id":"https:\/\/backup.altanalaw.com\/competences\/droit-environnement","url":"https:\/\/backup.altanalaw.com\/competences\/droit-environnement","name":"[:fr]Droit de l\u2019environnement[:en]Environmental Law[:] - Advant Altana","isPartOf":{"@id":"https:\/\/backup.altanalaw.com\/#website"},"datePublished":"2013-09-23T12:21:38+00:00","dateModified":"2021-09-15T10:51:22+00:00","breadcrumb":{"@id":"https:\/\/backup.altanalaw.com\/competences\/droit-environnement#breadcrumb"},"inLanguage":"en-US","potentialAction":[{"@type":"ReadAction","target":["https:\/\/backup.altanalaw.com\/competences\/droit-environnement"]}]},{"@type":"BreadcrumbList","@id":"https:\/\/backup.altanalaw.com\/competences\/droit-environnement#breadcrumb","itemListElement":[{"@type":"ListItem","position":1,"name":"Nos Comp\u00e9tences","item":"https:\/\/backup.altanalaw.com\/competences"},{"@type":"ListItem","position":2,"name":"Droit de l\u2019environnement"}]},{"@type":"WebSite","@id":"https:\/\/backup.altanalaw.com\/#website","url":"https:\/\/backup.altanalaw.com\/","name":"Advant Altana","description":"Soci\u00e9t\u00e9 d&#039;avocats \u00e0 la Cour de Paris","potentialAction":[{"@type":"SearchAction","target":{"@type":"EntryPoint","urlTemplate":"https:\/\/backup.altanalaw.com\/?s={search_term_string}"},"query-input":"required name=search_term_string"}],"inLanguage":"en-US"}]}},"_links":{"self":[{"href":"https:\/\/backup.altanalaw.com\/en\/wp-json\/wp\/v2\/pages\/61"}],"collection":[{"href":"https:\/\/backup.altanalaw.com\/en\/wp-json\/wp\/v2\/pages"}],"about":[{"href":"https:\/\/backup.altanalaw.com\/en\/wp-json\/wp\/v2\/types\/page"}],"author":[{"embeddable":true,"href":"https:\/\/backup.altanalaw.com\/en\/wp-json\/wp\/v2\/users\/14"}],"replies":[{"embeddable":true,"href":"https:\/\/backup.altanalaw.com\/en\/wp-json\/wp\/v2\/comments?post=61"}],"version-history":[{"count":8,"href":"https:\/\/backup.altanalaw.com\/en\/wp-json\/wp\/v2\/pages\/61\/revisions"}],"predecessor-version":[{"id":8403,"href":"https:\/\/backup.altanalaw.com\/en\/wp-json\/wp\/v2\/pages\/61\/revisions\/8403"}],"up":[{"embeddable":true,"href":"https:\/\/backup.altanalaw.com\/en\/wp-json\/wp\/v2\/pages\/33"}],"wp:attachment":[{"href":"https:\/\/backup.altanalaw.com\/en\/wp-json\/wp\/v2\/media?parent=61"}],"curies":[{"name":"wp","href":"https:\/\/api.w.org\/{rel}","templated":true}]}}