{"id":590,"date":"2013-11-15T03:14:46","date_gmt":"2013-11-15T01:14:46","guid":{"rendered":"http:\/\/backup.altanalaw.com\/\/?page_id=590"},"modified":"2022-10-25T15:30:01","modified_gmt":"2022-10-25T14:30:01","slug":"cybercriminalite","status":"publish","type":"page","link":"https:\/\/backup.altanalaw.com\/en\/competences\/cybercriminalite","title":{"rendered":"Cyber Strategy"},"content":{"rendered":"<p><\/p>\n<p style=\"text-align: justify;\">Thanks to their three-fold competencies in criminal law, information technology law and employment law, our Cybercrime &#8211; Cybersecurity team ensures that their clients are provided with a tailor-made, strategic defence, adapted to the technical requirements of each investigation:<b><\/b><\/p>\n<ul style=\"text-align: justify;\">\n<li>immediate assistance in the case of physical or logistical damage to information systems or theft of prototypes, models, file plans or personal data as much as for criminal as for employment aspects of the law, depending on whether or not an employee or ex-employee was involved<\/li>\n<li>legal analyses and presentations of technical action taken in the event of offences committed (online identity theft and fraud, breach in confidentiality of electronic communications, unlawful acts relating to online gambling and betting, violations of data protection law)<\/li>\n<li>perfect command of criminal procedures and knowledge of specialised investigation services<\/li>\n<li>regular collaboration with experts in the field<\/li>\n<li>risk awareness and training in the implementation of possible protection measures and security policies<\/li>\n<\/ul>\n<p style=\"text-align: justify;\">Our Cyber Strategy team has a wealth of strong technical knowledge and participates in the continuous training of criminal law magistrates in new technologies. In view of the international scope of our projects, our team is able to call upon a large network of reliable specialists in this field who are situated all over the world.<\/p>\n<p style=\"text-align: justify;\"><a href=\"https:\/\/www.flipbookpdf.net\/web\/site\/6b6f5d107f43a161ce099c6343c60c5546363899FBP25438629.pdf.html#page\/1\">&gt;&gt;ADVANT Altana_Cyber S\u00e9curit\u00e9_Plaquette&lt;&lt;<\/a><\/p>\n<p><\/p>","protected":false},"excerpt":{"rendered":"<p>Thanks to their three-fold competencies in criminal law, information technology law and employment law, our Cybercrime &#8211; Cybersecurity team ensures that their clients are provided with a tailor-made, strategic defence, adapted to the technical requirements of each investigation: immediate assistance in the case of physical or logistical damage to information systems or theft of prototypes, [&hellip;]<\/p>\n","protected":false},"author":14,"featured_media":0,"parent":33,"menu_order":12,"comment_status":"closed","ping_status":"closed","template":"tpl-expertise.php","meta":{"footnotes":""},"class_list":["post-590","page","type-page","status-publish","hentry"],"yoast_head":"<!-- This site is optimized with the Yoast SEO plugin v22.2 - https:\/\/yoast.com\/wordpress\/plugins\/seo\/ -->\n<title>Cyber Strategy - Advant Altana<\/title>\n<meta name=\"robots\" content=\"noindex, follow, max-snippet:-1, max-image-preview:large, max-video-preview:-1\" \/>\n<meta property=\"og:locale\" content=\"en_US\" \/>\n<meta property=\"og:type\" content=\"article\" \/>\n<meta property=\"og:title\" content=\"[:fr]Cyber Strat\u00e9gie[:en]Cyber Strategy[:] - Advant Altana\" \/>\n<meta property=\"og:description\" content=\"Thanks to their three-fold competencies in criminal law, information technology law and employment law, our Cybercrime &#8211; Cybersecurity team ensures that their clients are provided with a tailor-made, strategic defence, adapted to the technical requirements of each investigation: immediate assistance in the case of physical or logistical damage to information systems or theft of prototypes, [&hellip;]\" \/>\n<meta property=\"og:url\" content=\"https:\/\/backup.altanalaw.com\/competences\/cybercriminalite\" \/>\n<meta property=\"og:site_name\" content=\"Advant Altana\" \/>\n<meta property=\"article:modified_time\" content=\"2022-10-25T14:30:01+00:00\" \/>\n<meta name=\"twitter:card\" content=\"summary_large_image\" \/>\n<meta name=\"twitter:label1\" content=\"Est. reading time\" \/>\n\t<meta name=\"twitter:data1\" content=\"2 minutes\" \/>\n<script type=\"application\/ld+json\" class=\"yoast-schema-graph\">{\"@context\":\"https:\/\/schema.org\",\"@graph\":[{\"@type\":\"WebPage\",\"@id\":\"https:\/\/backup.altanalaw.com\/competences\/cybercriminalite\",\"url\":\"https:\/\/backup.altanalaw.com\/competences\/cybercriminalite\",\"name\":\"[:fr]Cyber Strat\u00e9gie[:en]Cyber Strategy[:] - Advant Altana\",\"isPartOf\":{\"@id\":\"https:\/\/backup.altanalaw.com\/#website\"},\"datePublished\":\"2013-11-15T01:14:46+00:00\",\"dateModified\":\"2022-10-25T14:30:01+00:00\",\"breadcrumb\":{\"@id\":\"https:\/\/backup.altanalaw.com\/competences\/cybercriminalite#breadcrumb\"},\"inLanguage\":\"en-US\",\"potentialAction\":[{\"@type\":\"ReadAction\",\"target\":[\"https:\/\/backup.altanalaw.com\/competences\/cybercriminalite\"]}]},{\"@type\":\"BreadcrumbList\",\"@id\":\"https:\/\/backup.altanalaw.com\/competences\/cybercriminalite#breadcrumb\",\"itemListElement\":[{\"@type\":\"ListItem\",\"position\":1,\"name\":\"Nos Comp\u00e9tences\",\"item\":\"https:\/\/backup.altanalaw.com\/competences\"},{\"@type\":\"ListItem\",\"position\":2,\"name\":\"Cyber Strat\u00e9gie\"}]},{\"@type\":\"WebSite\",\"@id\":\"https:\/\/backup.altanalaw.com\/#website\",\"url\":\"https:\/\/backup.altanalaw.com\/\",\"name\":\"Advant Altana\",\"description\":\"Soci\u00e9t\u00e9 d&#039;avocats \u00e0 la Cour de Paris\",\"potentialAction\":[{\"@type\":\"SearchAction\",\"target\":{\"@type\":\"EntryPoint\",\"urlTemplate\":\"https:\/\/backup.altanalaw.com\/?s={search_term_string}\"},\"query-input\":\"required name=search_term_string\"}],\"inLanguage\":\"en-US\"}]}<\/script>\n<!-- \/ Yoast SEO plugin. -->","yoast_head_json":{"title":"[:fr]Cyber Strat\u00e9gie[:en]Cyber Strategy[:] - Advant Altana","robots":{"index":"noindex","follow":"follow","max-snippet":"max-snippet:-1","max-image-preview":"max-image-preview:large","max-video-preview":"max-video-preview:-1"},"og_locale":"en_US","og_type":"article","og_title":"[:fr]Cyber Strat\u00e9gie[:en]Cyber Strategy[:] - Advant Altana","og_description":"Thanks to their three-fold competencies in criminal law, information technology law and employment law, our Cybercrime &#8211; Cybersecurity team ensures that their clients are provided with a tailor-made, strategic defence, adapted to the technical requirements of each investigation: immediate assistance in the case of physical or logistical damage to information systems or theft of prototypes, [&hellip;]","og_url":"https:\/\/backup.altanalaw.com\/competences\/cybercriminalite","og_site_name":"Advant Altana","article_modified_time":"2022-10-25T14:30:01+00:00","twitter_card":"summary_large_image","twitter_misc":{"Est. reading time":"2 minutes"},"schema":{"@context":"https:\/\/schema.org","@graph":[{"@type":"WebPage","@id":"https:\/\/backup.altanalaw.com\/competences\/cybercriminalite","url":"https:\/\/backup.altanalaw.com\/competences\/cybercriminalite","name":"[:fr]Cyber Strat\u00e9gie[:en]Cyber Strategy[:] - Advant Altana","isPartOf":{"@id":"https:\/\/backup.altanalaw.com\/#website"},"datePublished":"2013-11-15T01:14:46+00:00","dateModified":"2022-10-25T14:30:01+00:00","breadcrumb":{"@id":"https:\/\/backup.altanalaw.com\/competences\/cybercriminalite#breadcrumb"},"inLanguage":"en-US","potentialAction":[{"@type":"ReadAction","target":["https:\/\/backup.altanalaw.com\/competences\/cybercriminalite"]}]},{"@type":"BreadcrumbList","@id":"https:\/\/backup.altanalaw.com\/competences\/cybercriminalite#breadcrumb","itemListElement":[{"@type":"ListItem","position":1,"name":"Nos Comp\u00e9tences","item":"https:\/\/backup.altanalaw.com\/competences"},{"@type":"ListItem","position":2,"name":"Cyber Strat\u00e9gie"}]},{"@type":"WebSite","@id":"https:\/\/backup.altanalaw.com\/#website","url":"https:\/\/backup.altanalaw.com\/","name":"Advant Altana","description":"Soci\u00e9t\u00e9 d&#039;avocats \u00e0 la Cour de Paris","potentialAction":[{"@type":"SearchAction","target":{"@type":"EntryPoint","urlTemplate":"https:\/\/backup.altanalaw.com\/?s={search_term_string}"},"query-input":"required name=search_term_string"}],"inLanguage":"en-US"}]}},"_links":{"self":[{"href":"https:\/\/backup.altanalaw.com\/en\/wp-json\/wp\/v2\/pages\/590"}],"collection":[{"href":"https:\/\/backup.altanalaw.com\/en\/wp-json\/wp\/v2\/pages"}],"about":[{"href":"https:\/\/backup.altanalaw.com\/en\/wp-json\/wp\/v2\/types\/page"}],"author":[{"embeddable":true,"href":"https:\/\/backup.altanalaw.com\/en\/wp-json\/wp\/v2\/users\/14"}],"replies":[{"embeddable":true,"href":"https:\/\/backup.altanalaw.com\/en\/wp-json\/wp\/v2\/comments?post=590"}],"version-history":[{"count":9,"href":"https:\/\/backup.altanalaw.com\/en\/wp-json\/wp\/v2\/pages\/590\/revisions"}],"predecessor-version":[{"id":9143,"href":"https:\/\/backup.altanalaw.com\/en\/wp-json\/wp\/v2\/pages\/590\/revisions\/9143"}],"up":[{"embeddable":true,"href":"https:\/\/backup.altanalaw.com\/en\/wp-json\/wp\/v2\/pages\/33"}],"wp:attachment":[{"href":"https:\/\/backup.altanalaw.com\/en\/wp-json\/wp\/v2\/media?parent=590"}],"curies":[{"name":"wp","href":"https:\/\/api.w.org\/{rel}","templated":true}]}}