{"id":59,"date":"2013-09-23T14:21:11","date_gmt":"2013-09-23T12:21:11","guid":{"rendered":"http:\/\/backup.altanalaw.com\/\/?page_id=59"},"modified":"2021-10-07T11:36:33","modified_gmt":"2021-10-07T10:36:33","slug":"droit-construction","status":"publish","type":"page","link":"https:\/\/backup.altanalaw.com\/en\/competences\/droit-construction","title":{"rendered":"Construction Law"},"content":{"rendered":"<p>ADVANT Altana&#8217;s team advises and assists French and foreign companies in their domestic and international disputes (Algeria, Hungary, Madagascar, Morocco, New Caledonia, Polynesia, etc.) in all aspects of the project and construction operation:<\/p>\n<ul>\n<li>structuring of companies and related contracts (co-contracting, subcontracting, groupings, joint ventures, joint ventures)<\/li>\n<li>drafting and negotiation of contracts relating to the execution of the project, global contracts (EPC, design build, maintenance), contracts for services<\/li>\n<li>procedures for settling disputes and litigation (co-contracting and consortia, project management, subcontracting, financial guarantees)<\/li>\n<li>extensive experience with both construction contractors and contracting companies<br \/>\n&#8211; in their relations with the client,<br \/>\n&#8211; in the setting up and operation of joint ventures, consortium&#8230;<\/li>\n<li>and with certain private clients, including in the contractual structuring of operations and the implementation of assistance to the client and project management assignments<\/li>\n<li>recognized experience in multi-jurisdictional litigation<\/li>\n<li>expertise in risk management and resolution of complex technical disputes, mainly in the field of regulated activities<\/li>\n<li>advice to contractors and industrialists in their projects in procurement and public contracts law, construction and subcontracting law, as well as in international arbitration<\/li>\n<\/ul>\n<p>The construction law team has been distinguished in Chambers Europe, Legal 500 and D\u00e9cideurs. ADVANT Altana has also been named &#8220;Construction Law Firm of the Year &#8211; France&#8221; by Best Lawyers (2021).<\/p>","protected":false},"excerpt":{"rendered":"<p>ADVANT Altana&#8217;s team advises and assists French and foreign companies in their domestic and international disputes (Algeria, Hungary, Madagascar, Morocco, New Caledonia, Polynesia, etc.) in all aspects of the project and construction operation: structuring of companies and related contracts (co-contracting, subcontracting, groupings, joint ventures, joint ventures) drafting and negotiation of contracts relating to the execution [&hellip;]<\/p>\n","protected":false},"author":14,"featured_media":0,"parent":33,"menu_order":13,"comment_status":"closed","ping_status":"closed","template":"tpl-expertise.php","meta":{"footnotes":""},"class_list":["post-59","page","type-page","status-publish","hentry"],"yoast_head":"<!-- This site is optimized with the Yoast SEO plugin v22.2 - https:\/\/yoast.com\/wordpress\/plugins\/seo\/ -->\n<title>Construction Law - Advant Altana<\/title>\n<meta name=\"robots\" content=\"noindex, follow, max-snippet:-1, max-image-preview:large, max-video-preview:-1\" \/>\n<meta property=\"og:locale\" content=\"en_US\" \/>\n<meta property=\"og:type\" content=\"article\" \/>\n<meta property=\"og:title\" content=\"[:fr]Droit de la construction[:en]Construction Law[:] - Advant Altana\" \/>\n<meta property=\"og:description\" content=\"ADVANT Altana&#8217;s team advises and assists French and foreign companies in their domestic and international disputes (Algeria, Hungary, Madagascar, Morocco, New Caledonia, Polynesia, etc.) in all aspects of the project and construction operation: structuring of companies and related contracts (co-contracting, subcontracting, groupings, joint ventures, joint ventures) drafting and negotiation of contracts relating to the execution [&hellip;]\" \/>\n<meta property=\"og:url\" content=\"https:\/\/backup.altanalaw.com\/competences\/droit-construction\" \/>\n<meta property=\"og:site_name\" content=\"Advant Altana\" \/>\n<meta property=\"article:modified_time\" content=\"2021-10-07T10:36:33+00:00\" \/>\n<meta name=\"twitter:card\" content=\"summary_large_image\" \/>\n<meta name=\"twitter:label1\" content=\"Est. reading time\" \/>\n\t<meta name=\"twitter:data1\" content=\"2 minutes\" \/>\n<script type=\"application\/ld+json\" class=\"yoast-schema-graph\">{\"@context\":\"https:\/\/schema.org\",\"@graph\":[{\"@type\":\"WebPage\",\"@id\":\"https:\/\/backup.altanalaw.com\/competences\/droit-construction\",\"url\":\"https:\/\/backup.altanalaw.com\/competences\/droit-construction\",\"name\":\"[:fr]Droit de la construction[:en]Construction Law[:] - Advant Altana\",\"isPartOf\":{\"@id\":\"https:\/\/backup.altanalaw.com\/#website\"},\"datePublished\":\"2013-09-23T12:21:11+00:00\",\"dateModified\":\"2021-10-07T10:36:33+00:00\",\"breadcrumb\":{\"@id\":\"https:\/\/backup.altanalaw.com\/competences\/droit-construction#breadcrumb\"},\"inLanguage\":\"en-US\",\"potentialAction\":[{\"@type\":\"ReadAction\",\"target\":[\"https:\/\/backup.altanalaw.com\/competences\/droit-construction\"]}]},{\"@type\":\"BreadcrumbList\",\"@id\":\"https:\/\/backup.altanalaw.com\/competences\/droit-construction#breadcrumb\",\"itemListElement\":[{\"@type\":\"ListItem\",\"position\":1,\"name\":\"Nos Comp\u00e9tences\",\"item\":\"https:\/\/backup.altanalaw.com\/competences\"},{\"@type\":\"ListItem\",\"position\":2,\"name\":\"Droit de la construction\"}]},{\"@type\":\"WebSite\",\"@id\":\"https:\/\/backup.altanalaw.com\/#website\",\"url\":\"https:\/\/backup.altanalaw.com\/\",\"name\":\"Advant Altana\",\"description\":\"Soci\u00e9t\u00e9 d&#039;avocats \u00e0 la Cour de Paris\",\"potentialAction\":[{\"@type\":\"SearchAction\",\"target\":{\"@type\":\"EntryPoint\",\"urlTemplate\":\"https:\/\/backup.altanalaw.com\/?s={search_term_string}\"},\"query-input\":\"required name=search_term_string\"}],\"inLanguage\":\"en-US\"}]}<\/script>\n<!-- \/ Yoast SEO plugin. -->","yoast_head_json":{"title":"[:fr]Droit de la construction[:en]Construction Law[:] - Advant Altana","robots":{"index":"noindex","follow":"follow","max-snippet":"max-snippet:-1","max-image-preview":"max-image-preview:large","max-video-preview":"max-video-preview:-1"},"og_locale":"en_US","og_type":"article","og_title":"[:fr]Droit de la construction[:en]Construction Law[:] - Advant Altana","og_description":"ADVANT Altana&#8217;s team advises and assists French and foreign companies in their domestic and international disputes (Algeria, Hungary, Madagascar, Morocco, New Caledonia, Polynesia, etc.) in all aspects of the project and construction operation: structuring of companies and related contracts (co-contracting, subcontracting, groupings, joint ventures, joint ventures) drafting and negotiation of contracts relating to the execution [&hellip;]","og_url":"https:\/\/backup.altanalaw.com\/competences\/droit-construction","og_site_name":"Advant Altana","article_modified_time":"2021-10-07T10:36:33+00:00","twitter_card":"summary_large_image","twitter_misc":{"Est. reading time":"2 minutes"},"schema":{"@context":"https:\/\/schema.org","@graph":[{"@type":"WebPage","@id":"https:\/\/backup.altanalaw.com\/competences\/droit-construction","url":"https:\/\/backup.altanalaw.com\/competences\/droit-construction","name":"[:fr]Droit de la construction[:en]Construction Law[:] - Advant Altana","isPartOf":{"@id":"https:\/\/backup.altanalaw.com\/#website"},"datePublished":"2013-09-23T12:21:11+00:00","dateModified":"2021-10-07T10:36:33+00:00","breadcrumb":{"@id":"https:\/\/backup.altanalaw.com\/competences\/droit-construction#breadcrumb"},"inLanguage":"en-US","potentialAction":[{"@type":"ReadAction","target":["https:\/\/backup.altanalaw.com\/competences\/droit-construction"]}]},{"@type":"BreadcrumbList","@id":"https:\/\/backup.altanalaw.com\/competences\/droit-construction#breadcrumb","itemListElement":[{"@type":"ListItem","position":1,"name":"Nos Comp\u00e9tences","item":"https:\/\/backup.altanalaw.com\/competences"},{"@type":"ListItem","position":2,"name":"Droit de la construction"}]},{"@type":"WebSite","@id":"https:\/\/backup.altanalaw.com\/#website","url":"https:\/\/backup.altanalaw.com\/","name":"Advant Altana","description":"Soci\u00e9t\u00e9 d&#039;avocats \u00e0 la Cour de Paris","potentialAction":[{"@type":"SearchAction","target":{"@type":"EntryPoint","urlTemplate":"https:\/\/backup.altanalaw.com\/?s={search_term_string}"},"query-input":"required name=search_term_string"}],"inLanguage":"en-US"}]}},"_links":{"self":[{"href":"https:\/\/backup.altanalaw.com\/en\/wp-json\/wp\/v2\/pages\/59"}],"collection":[{"href":"https:\/\/backup.altanalaw.com\/en\/wp-json\/wp\/v2\/pages"}],"about":[{"href":"https:\/\/backup.altanalaw.com\/en\/wp-json\/wp\/v2\/types\/page"}],"author":[{"embeddable":true,"href":"https:\/\/backup.altanalaw.com\/en\/wp-json\/wp\/v2\/users\/14"}],"replies":[{"embeddable":true,"href":"https:\/\/backup.altanalaw.com\/en\/wp-json\/wp\/v2\/comments?post=59"}],"version-history":[{"count":15,"href":"https:\/\/backup.altanalaw.com\/en\/wp-json\/wp\/v2\/pages\/59\/revisions"}],"predecessor-version":[{"id":8484,"href":"https:\/\/backup.altanalaw.com\/en\/wp-json\/wp\/v2\/pages\/59\/revisions\/8484"}],"up":[{"embeddable":true,"href":"https:\/\/backup.altanalaw.com\/en\/wp-json\/wp\/v2\/pages\/33"}],"wp:attachment":[{"href":"https:\/\/backup.altanalaw.com\/en\/wp-json\/wp\/v2\/media?parent=59"}],"curies":[{"name":"wp","href":"https:\/\/api.w.org\/{rel}","templated":true}]}}