{"id":588,"date":"2013-11-15T03:13:15","date_gmt":"2013-11-15T01:13:15","guid":{"rendered":"http:\/\/backup.altanalaw.com\/\/?page_id=588"},"modified":"2018-03-22T16:15:11","modified_gmt":"2018-03-22T15:15:11","slug":"droit-des-technologies-de-linformation-et-de-protection-des-donnees","status":"publish","type":"page","link":"https:\/\/backup.altanalaw.com\/en\/competences\/droit-des-technologies-de-linformation-et-de-protection-des-donnees","title":{"rendered":"Information Technology and Data Protection"},"content":{"rendered":"<p><\/p>\n<p style=\"text-align: justify;\">Our Information Technology and Data Protection team advises its French and international clients in all aspects related to:<\/p>\n<ul style=\"text-align: justify;\">\n<li>their information systems and their security, as well as their IT and Internet activities;<\/li>\n<li>the management and protection of personal data.<\/li>\n<\/ul>\n<p style=\"text-align: justify;\">We advise and support IT solutions providers and software developers\/publishers as well as user companies, on a wide range of matters (transactional and litigation):<\/p>\n<ul style=\"text-align: justify;\">\n<li>drafting and negotiation of IT agreements;<\/li>\n<li>drafting and negotiation of commercial agreements;<\/li>\n<li>drafting and negotiation of agreements specific to the telecommunications sector;<\/li>\n<li>IT projects pre-litigation and litigation;<\/li>\n<li>rights assignment (ownership of copyright in the developments) and licensing litigation;<\/li>\n<li>hosting providers liability litigation \/ activities of digital content platforms;<\/li>\n<li>software infringement litigation \/ anti-counterfeit programs for software publishers;<\/li>\n<li>advice and support of IT solutions user companies in the framework of audits launchers by publishers;<\/li>\n<li>drafting and negotiating agreements relating to the safeguarding of information assets, cryptography and the fight against files theft, etc.<\/li>\n<\/ul>\n<p style=\"text-align: justify;\">We also advise our clients in all matters pertaining to personal data protection, in close cooperation with the CNIL, notably in the perspective of the implementation of the General Data Protection Regulation 2016\/679:<\/p>\n<ul style=\"text-align: justify;\">\n<li>personal data processing audits;<\/li>\n<li>assistance in the implementation of personal data management protocols and procedures;<\/li>\n<li>management of sensitive disputes relating to personal data transfers, etc.<\/li>\n<\/ul>\n<p style=\"text-align: justify;\">The Information Technology and Data Protection team is featured in D\u00e9cideurs 2017.<\/p>\n<p><\/p>","protected":false},"excerpt":{"rendered":"<p>Our Information Technology and Data Protection team advises its French and international clients in all aspects related to: their information systems and their security, as well as their IT and Internet activities; the management and protection of personal data. We advise and support IT solutions providers and software developers\/publishers as well as user companies, on [&hellip;]<\/p>\n","protected":false},"author":14,"featured_media":0,"parent":33,"menu_order":28,"comment_status":"closed","ping_status":"closed","template":"tpl-expertise.php","meta":{"footnotes":""},"class_list":["post-588","page","type-page","status-publish","hentry"],"yoast_head":"<!-- This site is optimized with the Yoast SEO plugin v22.2 - https:\/\/yoast.com\/wordpress\/plugins\/seo\/ -->\n<title>Information Technology and Data Protection - Advant Altana<\/title>\n<meta name=\"robots\" content=\"noindex, follow, max-snippet:-1, max-image-preview:large, max-video-preview:-1\" \/>\n<meta property=\"og:locale\" content=\"en_US\" \/>\n<meta property=\"og:type\" content=\"article\" \/>\n<meta property=\"og:title\" content=\"[:fr]Technologies de l\u2019information et protection des donn\u00e9es personnelles[:en]Information Technology and Data Protection[:] - Advant Altana\" \/>\n<meta property=\"og:description\" content=\"Our Information Technology and Data Protection team advises its French and international clients in all aspects related to: their information systems and their security, as well as their IT and Internet activities; the management and protection of personal data. We advise and support IT solutions providers and software developers\/publishers as well as user companies, on [&hellip;]\" \/>\n<meta property=\"og:url\" content=\"https:\/\/backup.altanalaw.com\/competences\/droit-des-technologies-de-linformation-et-de-protection-des-donnees\" \/>\n<meta property=\"og:site_name\" content=\"Advant Altana\" \/>\n<meta property=\"article:modified_time\" content=\"2018-03-22T15:15:11+00:00\" \/>\n<meta name=\"twitter:card\" content=\"summary_large_image\" \/>\n<meta name=\"twitter:label1\" content=\"Est. reading time\" \/>\n\t<meta name=\"twitter:data1\" content=\"3 minutes\" \/>\n<script type=\"application\/ld+json\" class=\"yoast-schema-graph\">{\"@context\":\"https:\/\/schema.org\",\"@graph\":[{\"@type\":\"WebPage\",\"@id\":\"https:\/\/backup.altanalaw.com\/competences\/droit-des-technologies-de-linformation-et-de-protection-des-donnees\",\"url\":\"https:\/\/backup.altanalaw.com\/competences\/droit-des-technologies-de-linformation-et-de-protection-des-donnees\",\"name\":\"[:fr]Technologies de l\u2019information et protection des donn\u00e9es personnelles[:en]Information Technology and Data Protection[:] - Advant Altana\",\"isPartOf\":{\"@id\":\"https:\/\/backup.altanalaw.com\/#website\"},\"datePublished\":\"2013-11-15T01:13:15+00:00\",\"dateModified\":\"2018-03-22T15:15:11+00:00\",\"breadcrumb\":{\"@id\":\"https:\/\/backup.altanalaw.com\/competences\/droit-des-technologies-de-linformation-et-de-protection-des-donnees#breadcrumb\"},\"inLanguage\":\"en-US\",\"potentialAction\":[{\"@type\":\"ReadAction\",\"target\":[\"https:\/\/backup.altanalaw.com\/competences\/droit-des-technologies-de-linformation-et-de-protection-des-donnees\"]}]},{\"@type\":\"BreadcrumbList\",\"@id\":\"https:\/\/backup.altanalaw.com\/competences\/droit-des-technologies-de-linformation-et-de-protection-des-donnees#breadcrumb\",\"itemListElement\":[{\"@type\":\"ListItem\",\"position\":1,\"name\":\"Nos Comp\u00e9tences\",\"item\":\"https:\/\/backup.altanalaw.com\/competences\"},{\"@type\":\"ListItem\",\"position\":2,\"name\":\"Technologies de l\u2019information et protection des donn\u00e9es personnelles\"}]},{\"@type\":\"WebSite\",\"@id\":\"https:\/\/backup.altanalaw.com\/#website\",\"url\":\"https:\/\/backup.altanalaw.com\/\",\"name\":\"Advant Altana\",\"description\":\"Soci\u00e9t\u00e9 d&#039;avocats \u00e0 la Cour de Paris\",\"potentialAction\":[{\"@type\":\"SearchAction\",\"target\":{\"@type\":\"EntryPoint\",\"urlTemplate\":\"https:\/\/backup.altanalaw.com\/?s={search_term_string}\"},\"query-input\":\"required name=search_term_string\"}],\"inLanguage\":\"en-US\"}]}<\/script>\n<!-- \/ Yoast SEO plugin. -->","yoast_head_json":{"title":"[:fr]Technologies de l\u2019information et protection des donn\u00e9es personnelles[:en]Information Technology and Data Protection[:] - Advant Altana","robots":{"index":"noindex","follow":"follow","max-snippet":"max-snippet:-1","max-image-preview":"max-image-preview:large","max-video-preview":"max-video-preview:-1"},"og_locale":"en_US","og_type":"article","og_title":"[:fr]Technologies de l\u2019information et protection des donn\u00e9es personnelles[:en]Information Technology and Data Protection[:] - Advant Altana","og_description":"Our Information Technology and Data Protection team advises its French and international clients in all aspects related to: their information systems and their security, as well as their IT and Internet activities; the management and protection of personal data. We advise and support IT solutions providers and software developers\/publishers as well as user companies, on [&hellip;]","og_url":"https:\/\/backup.altanalaw.com\/competences\/droit-des-technologies-de-linformation-et-de-protection-des-donnees","og_site_name":"Advant Altana","article_modified_time":"2018-03-22T15:15:11+00:00","twitter_card":"summary_large_image","twitter_misc":{"Est. reading time":"3 minutes"},"schema":{"@context":"https:\/\/schema.org","@graph":[{"@type":"WebPage","@id":"https:\/\/backup.altanalaw.com\/competences\/droit-des-technologies-de-linformation-et-de-protection-des-donnees","url":"https:\/\/backup.altanalaw.com\/competences\/droit-des-technologies-de-linformation-et-de-protection-des-donnees","name":"[:fr]Technologies de l\u2019information et protection des donn\u00e9es personnelles[:en]Information Technology and Data Protection[:] - Advant Altana","isPartOf":{"@id":"https:\/\/backup.altanalaw.com\/#website"},"datePublished":"2013-11-15T01:13:15+00:00","dateModified":"2018-03-22T15:15:11+00:00","breadcrumb":{"@id":"https:\/\/backup.altanalaw.com\/competences\/droit-des-technologies-de-linformation-et-de-protection-des-donnees#breadcrumb"},"inLanguage":"en-US","potentialAction":[{"@type":"ReadAction","target":["https:\/\/backup.altanalaw.com\/competences\/droit-des-technologies-de-linformation-et-de-protection-des-donnees"]}]},{"@type":"BreadcrumbList","@id":"https:\/\/backup.altanalaw.com\/competences\/droit-des-technologies-de-linformation-et-de-protection-des-donnees#breadcrumb","itemListElement":[{"@type":"ListItem","position":1,"name":"Nos Comp\u00e9tences","item":"https:\/\/backup.altanalaw.com\/competences"},{"@type":"ListItem","position":2,"name":"Technologies de l\u2019information et protection des donn\u00e9es personnelles"}]},{"@type":"WebSite","@id":"https:\/\/backup.altanalaw.com\/#website","url":"https:\/\/backup.altanalaw.com\/","name":"Advant Altana","description":"Soci\u00e9t\u00e9 d&#039;avocats \u00e0 la Cour de Paris","potentialAction":[{"@type":"SearchAction","target":{"@type":"EntryPoint","urlTemplate":"https:\/\/backup.altanalaw.com\/?s={search_term_string}"},"query-input":"required name=search_term_string"}],"inLanguage":"en-US"}]}},"_links":{"self":[{"href":"https:\/\/backup.altanalaw.com\/en\/wp-json\/wp\/v2\/pages\/588"}],"collection":[{"href":"https:\/\/backup.altanalaw.com\/en\/wp-json\/wp\/v2\/pages"}],"about":[{"href":"https:\/\/backup.altanalaw.com\/en\/wp-json\/wp\/v2\/types\/page"}],"author":[{"embeddable":true,"href":"https:\/\/backup.altanalaw.com\/en\/wp-json\/wp\/v2\/users\/14"}],"replies":[{"embeddable":true,"href":"https:\/\/backup.altanalaw.com\/en\/wp-json\/wp\/v2\/comments?post=588"}],"version-history":[{"count":9,"href":"https:\/\/backup.altanalaw.com\/en\/wp-json\/wp\/v2\/pages\/588\/revisions"}],"predecessor-version":[{"id":5821,"href":"https:\/\/backup.altanalaw.com\/en\/wp-json\/wp\/v2\/pages\/588\/revisions\/5821"}],"up":[{"embeddable":true,"href":"https:\/\/backup.altanalaw.com\/en\/wp-json\/wp\/v2\/pages\/33"}],"wp:attachment":[{"href":"https:\/\/backup.altanalaw.com\/en\/wp-json\/wp\/v2\/media?parent=588"}],"curies":[{"name":"wp","href":"https:\/\/api.w.org\/{rel}","templated":true}]}}