{"id":55,"date":"2013-09-23T14:19:42","date_gmt":"2013-09-23T12:19:42","guid":{"rendered":"http:\/\/backup.altanalaw.com\/\/?page_id=55"},"modified":"2021-09-15T11:56:39","modified_gmt":"2021-09-15T10:56:39","slug":"droit-penal-affaires","status":"publish","type":"page","link":"https:\/\/backup.altanalaw.com\/en\/competences\/droit-penal-affaires","title":{"rendered":"White Collar Crime"},"content":{"rendered":"<p><\/p>\n<p style=\"text-align: justify;\">Our White Collar team provides assistance in all areas of criminal business law (in the financial, industrial and new technologies sectors, etc.), in advice and in litigation both in defence and as counsel for the claimant party:<\/p>\n<ul style=\"text-align: justify;\">\n<li>customised advice in plain language. Our clients recognise that our team has the ability to translate the risks of criminal cases into operational terms while taking the communication and psychological aspects of proceedings into account<\/li>\n<li>they have a loyal customer base and a solid reference network. The teams receive the majority of its cases from recommendations by clients, lawyers or accounting professionals who have referenced the team as being among the best in the profession<\/li>\n<li>the team has significant experience in crisis management in the context of criminal proceedings, advising clients on sensitive issues such as communication strategies and human resource management<\/li>\n<li>it also advises its clients on issues relating to compliance, governance\u00ad and implementation of delegations of power and responsibility<\/li>\n<li>the team knows how to deal with professional privilege resulting from its activities and the possible need to coordinate with communication management teams<\/li>\n<\/ul>\n<p style=\"text-align: justify;\">Our White Collar Crime team is featured\u00a0in the Guide to the World\u2019s Leading White Collar Crime Lawyers, International Whos who Legal \u2013 Business Crime Defence,\u00a0Chambers Europe, D\u00e9cideurs [Leaders League],\u00a0Option Droit &amp; Affaires and Legal 500.<\/p>\n<p><\/p>","protected":false},"excerpt":{"rendered":"<p>Our White Collar team provides assistance in all areas of criminal business law (in the financial, industrial and new technologies sectors, etc.), in advice and in litigation both in defence and as counsel for the claimant party: customised advice in plain language. Our clients recognise that our team has the ability to translate the risks [&hellip;]<\/p>\n","protected":false},"author":14,"featured_media":0,"parent":33,"menu_order":19,"comment_status":"closed","ping_status":"closed","template":"tpl-expertise.php","meta":{"footnotes":""},"class_list":["post-55","page","type-page","status-publish","hentry"],"yoast_head":"<!-- This site is optimized with the Yoast SEO plugin v22.2 - https:\/\/yoast.com\/wordpress\/plugins\/seo\/ -->\n<title>White Collar Crime - Advant Altana<\/title>\n<meta name=\"robots\" content=\"noindex, follow, max-snippet:-1, max-image-preview:large, max-video-preview:-1\" \/>\n<meta property=\"og:locale\" content=\"en_US\" \/>\n<meta property=\"og:type\" content=\"article\" \/>\n<meta property=\"og:title\" content=\"[:fr]Droit p\u00e9nal des affaires[:en]White Collar Crime[:] - Advant Altana\" \/>\n<meta property=\"og:description\" content=\"Our White Collar team provides assistance in all areas of criminal business law (in the financial, industrial and new technologies sectors, etc.), in advice and in litigation both in defence and as counsel for the claimant party: customised advice in plain language. Our clients recognise that our team has the ability to translate the risks [&hellip;]\" \/>\n<meta property=\"og:url\" content=\"https:\/\/backup.altanalaw.com\/competences\/droit-penal-affaires\" \/>\n<meta property=\"og:site_name\" content=\"Advant Altana\" \/>\n<meta property=\"article:modified_time\" content=\"2021-09-15T10:56:39+00:00\" \/>\n<meta name=\"twitter:card\" content=\"summary_large_image\" \/>\n<meta name=\"twitter:label1\" content=\"Est. reading time\" \/>\n\t<meta name=\"twitter:data1\" content=\"2 minutes\" \/>\n<script type=\"application\/ld+json\" class=\"yoast-schema-graph\">{\"@context\":\"https:\/\/schema.org\",\"@graph\":[{\"@type\":\"WebPage\",\"@id\":\"https:\/\/backup.altanalaw.com\/competences\/droit-penal-affaires\",\"url\":\"https:\/\/backup.altanalaw.com\/competences\/droit-penal-affaires\",\"name\":\"[:fr]Droit p\u00e9nal des affaires[:en]White Collar Crime[:] - Advant Altana\",\"isPartOf\":{\"@id\":\"https:\/\/backup.altanalaw.com\/#website\"},\"datePublished\":\"2013-09-23T12:19:42+00:00\",\"dateModified\":\"2021-09-15T10:56:39+00:00\",\"breadcrumb\":{\"@id\":\"https:\/\/backup.altanalaw.com\/competences\/droit-penal-affaires#breadcrumb\"},\"inLanguage\":\"en-US\",\"potentialAction\":[{\"@type\":\"ReadAction\",\"target\":[\"https:\/\/backup.altanalaw.com\/competences\/droit-penal-affaires\"]}]},{\"@type\":\"BreadcrumbList\",\"@id\":\"https:\/\/backup.altanalaw.com\/competences\/droit-penal-affaires#breadcrumb\",\"itemListElement\":[{\"@type\":\"ListItem\",\"position\":1,\"name\":\"Nos Comp\u00e9tences\",\"item\":\"https:\/\/backup.altanalaw.com\/competences\"},{\"@type\":\"ListItem\",\"position\":2,\"name\":\"Droit p\u00e9nal des affaires\"}]},{\"@type\":\"WebSite\",\"@id\":\"https:\/\/backup.altanalaw.com\/#website\",\"url\":\"https:\/\/backup.altanalaw.com\/\",\"name\":\"Advant Altana\",\"description\":\"Soci\u00e9t\u00e9 d&#039;avocats \u00e0 la Cour de Paris\",\"potentialAction\":[{\"@type\":\"SearchAction\",\"target\":{\"@type\":\"EntryPoint\",\"urlTemplate\":\"https:\/\/backup.altanalaw.com\/?s={search_term_string}\"},\"query-input\":\"required name=search_term_string\"}],\"inLanguage\":\"en-US\"}]}<\/script>\n<!-- \/ Yoast SEO plugin. -->","yoast_head_json":{"title":"[:fr]Droit p\u00e9nal des affaires[:en]White Collar Crime[:] - Advant Altana","robots":{"index":"noindex","follow":"follow","max-snippet":"max-snippet:-1","max-image-preview":"max-image-preview:large","max-video-preview":"max-video-preview:-1"},"og_locale":"en_US","og_type":"article","og_title":"[:fr]Droit p\u00e9nal des affaires[:en]White Collar Crime[:] - Advant Altana","og_description":"Our White Collar team provides assistance in all areas of criminal business law (in the financial, industrial and new technologies sectors, etc.), in advice and in litigation both in defence and as counsel for the claimant party: customised advice in plain language. Our clients recognise that our team has the ability to translate the risks [&hellip;]","og_url":"https:\/\/backup.altanalaw.com\/competences\/droit-penal-affaires","og_site_name":"Advant Altana","article_modified_time":"2021-09-15T10:56:39+00:00","twitter_card":"summary_large_image","twitter_misc":{"Est. reading time":"2 minutes"},"schema":{"@context":"https:\/\/schema.org","@graph":[{"@type":"WebPage","@id":"https:\/\/backup.altanalaw.com\/competences\/droit-penal-affaires","url":"https:\/\/backup.altanalaw.com\/competences\/droit-penal-affaires","name":"[:fr]Droit p\u00e9nal des affaires[:en]White Collar Crime[:] - Advant Altana","isPartOf":{"@id":"https:\/\/backup.altanalaw.com\/#website"},"datePublished":"2013-09-23T12:19:42+00:00","dateModified":"2021-09-15T10:56:39+00:00","breadcrumb":{"@id":"https:\/\/backup.altanalaw.com\/competences\/droit-penal-affaires#breadcrumb"},"inLanguage":"en-US","potentialAction":[{"@type":"ReadAction","target":["https:\/\/backup.altanalaw.com\/competences\/droit-penal-affaires"]}]},{"@type":"BreadcrumbList","@id":"https:\/\/backup.altanalaw.com\/competences\/droit-penal-affaires#breadcrumb","itemListElement":[{"@type":"ListItem","position":1,"name":"Nos Comp\u00e9tences","item":"https:\/\/backup.altanalaw.com\/competences"},{"@type":"ListItem","position":2,"name":"Droit p\u00e9nal des affaires"}]},{"@type":"WebSite","@id":"https:\/\/backup.altanalaw.com\/#website","url":"https:\/\/backup.altanalaw.com\/","name":"Advant Altana","description":"Soci\u00e9t\u00e9 d&#039;avocats \u00e0 la Cour de Paris","potentialAction":[{"@type":"SearchAction","target":{"@type":"EntryPoint","urlTemplate":"https:\/\/backup.altanalaw.com\/?s={search_term_string}"},"query-input":"required name=search_term_string"}],"inLanguage":"en-US"}]}},"_links":{"self":[{"href":"https:\/\/backup.altanalaw.com\/en\/wp-json\/wp\/v2\/pages\/55"}],"collection":[{"href":"https:\/\/backup.altanalaw.com\/en\/wp-json\/wp\/v2\/pages"}],"about":[{"href":"https:\/\/backup.altanalaw.com\/en\/wp-json\/wp\/v2\/types\/page"}],"author":[{"embeddable":true,"href":"https:\/\/backup.altanalaw.com\/en\/wp-json\/wp\/v2\/users\/14"}],"replies":[{"embeddable":true,"href":"https:\/\/backup.altanalaw.com\/en\/wp-json\/wp\/v2\/comments?post=55"}],"version-history":[{"count":11,"href":"https:\/\/backup.altanalaw.com\/en\/wp-json\/wp\/v2\/pages\/55\/revisions"}],"predecessor-version":[{"id":8408,"href":"https:\/\/backup.altanalaw.com\/en\/wp-json\/wp\/v2\/pages\/55\/revisions\/8408"}],"up":[{"embeddable":true,"href":"https:\/\/backup.altanalaw.com\/en\/wp-json\/wp\/v2\/pages\/33"}],"wp:attachment":[{"href":"https:\/\/backup.altanalaw.com\/en\/wp-json\/wp\/v2\/media?parent=55"}],"curies":[{"name":"wp","href":"https:\/\/api.w.org\/{rel}","templated":true}]}}