{"id":51,"date":"2013-09-23T14:18:50","date_gmt":"2013-09-23T12:18:50","guid":{"rendered":"http:\/\/backup.altanalaw.com\/\/?page_id=51"},"modified":"2021-09-15T11:58:10","modified_gmt":"2021-09-15T10:58:10","slug":"droit-public-economique","status":"publish","type":"page","link":"https:\/\/backup.altanalaw.com\/en\/competences\/droit-public-economique","title":{"rendered":"Public Economic Law"},"content":{"rendered":"<p><\/p>\n<p style=\"text-align: justify;\">ADVANT Altana&#8217;s Public Economic Law team provides assistance in all areas of public business law. It has vast experience in a number of regulated activity sectors, including telecommunications, public procurement, public service concessions, energy and large infrastructures:<\/p>\n<ul style=\"text-align: justify;\">\n<li>assistance (advice and litigation) when entering into and performing public procurement contracts (public procurement, public service concessions, occupation of state property agreements, etc)<\/li>\n<li>assistance (advice and litigation) to businesses in relation to obtaining the urban planning authorisations (building permits, preliminary declarations) required to carry out their activity<\/li>\n<li>assistance (advice and litigation) to businesses which act in areas with specific regulations (telecommunications, energy etc)<\/li>\n<\/ul>\n<p style=\"text-align: justify;\">The team has developed first class expertise in public procurement matters (pre-contractual interlocutory proceedings, aspects of competition law and criminal law), in dispute resolution and administrative litigation, in particular in the field of administrative liability, including mediation.<\/p>\n<p style=\"text-align: justify;\">The Public Economic Law team is featured \u00a0in D\u00e9cideurs [Leaders League]\u00a0and Legal 500.<\/p>\n<p><\/p>","protected":false},"excerpt":{"rendered":"<p>ADVANT Altana&#8217;s Public Economic Law team provides assistance in all areas of public business law. It has vast experience in a number of regulated activity sectors, including telecommunications, public procurement, public service concessions, energy and large infrastructures: assistance (advice and litigation) when entering into and performing public procurement contracts (public procurement, public service concessions, occupation [&hellip;]<\/p>\n","protected":false},"author":14,"featured_media":0,"parent":33,"menu_order":21,"comment_status":"closed","ping_status":"closed","template":"tpl-expertise.php","meta":{"footnotes":""},"class_list":["post-51","page","type-page","status-publish","hentry"],"yoast_head":"<!-- This site is optimized with the Yoast SEO plugin v22.2 - https:\/\/yoast.com\/wordpress\/plugins\/seo\/ -->\n<title>Public Economic Law - Advant Altana<\/title>\n<meta name=\"robots\" content=\"noindex, follow, max-snippet:-1, max-image-preview:large, max-video-preview:-1\" \/>\n<meta property=\"og:locale\" content=\"en_US\" \/>\n<meta property=\"og:type\" content=\"article\" \/>\n<meta property=\"og:title\" content=\"[:fr]Droit public \u00e9conomique[:en]Public Economic Law[:] - Advant Altana\" \/>\n<meta property=\"og:description\" content=\"ADVANT Altana&#8217;s Public Economic Law team provides assistance in all areas of public business law. It has vast experience in a number of regulated activity sectors, including telecommunications, public procurement, public service concessions, energy and large infrastructures: assistance (advice and litigation) when entering into and performing public procurement contracts (public procurement, public service concessions, occupation [&hellip;]\" \/>\n<meta property=\"og:url\" content=\"https:\/\/backup.altanalaw.com\/competences\/droit-public-economique\" \/>\n<meta property=\"og:site_name\" content=\"Advant Altana\" \/>\n<meta property=\"article:modified_time\" content=\"2021-09-15T10:58:10+00:00\" \/>\n<meta name=\"twitter:card\" content=\"summary_large_image\" \/>\n<meta name=\"twitter:label1\" content=\"Est. reading time\" \/>\n\t<meta name=\"twitter:data1\" content=\"2 minutes\" \/>\n<script type=\"application\/ld+json\" class=\"yoast-schema-graph\">{\"@context\":\"https:\/\/schema.org\",\"@graph\":[{\"@type\":\"WebPage\",\"@id\":\"https:\/\/backup.altanalaw.com\/competences\/droit-public-economique\",\"url\":\"https:\/\/backup.altanalaw.com\/competences\/droit-public-economique\",\"name\":\"[:fr]Droit public \u00e9conomique[:en]Public Economic Law[:] - Advant Altana\",\"isPartOf\":{\"@id\":\"https:\/\/backup.altanalaw.com\/#website\"},\"datePublished\":\"2013-09-23T12:18:50+00:00\",\"dateModified\":\"2021-09-15T10:58:10+00:00\",\"breadcrumb\":{\"@id\":\"https:\/\/backup.altanalaw.com\/competences\/droit-public-economique#breadcrumb\"},\"inLanguage\":\"en-US\",\"potentialAction\":[{\"@type\":\"ReadAction\",\"target\":[\"https:\/\/backup.altanalaw.com\/competences\/droit-public-economique\"]}]},{\"@type\":\"BreadcrumbList\",\"@id\":\"https:\/\/backup.altanalaw.com\/competences\/droit-public-economique#breadcrumb\",\"itemListElement\":[{\"@type\":\"ListItem\",\"position\":1,\"name\":\"Nos Comp\u00e9tences\",\"item\":\"https:\/\/backup.altanalaw.com\/competences\"},{\"@type\":\"ListItem\",\"position\":2,\"name\":\"Droit public \u00e9conomique\"}]},{\"@type\":\"WebSite\",\"@id\":\"https:\/\/backup.altanalaw.com\/#website\",\"url\":\"https:\/\/backup.altanalaw.com\/\",\"name\":\"Advant Altana\",\"description\":\"Soci\u00e9t\u00e9 d&#039;avocats \u00e0 la Cour de Paris\",\"potentialAction\":[{\"@type\":\"SearchAction\",\"target\":{\"@type\":\"EntryPoint\",\"urlTemplate\":\"https:\/\/backup.altanalaw.com\/?s={search_term_string}\"},\"query-input\":\"required name=search_term_string\"}],\"inLanguage\":\"en-US\"}]}<\/script>\n<!-- \/ Yoast SEO plugin. -->","yoast_head_json":{"title":"[:fr]Droit public \u00e9conomique[:en]Public Economic Law[:] - Advant Altana","robots":{"index":"noindex","follow":"follow","max-snippet":"max-snippet:-1","max-image-preview":"max-image-preview:large","max-video-preview":"max-video-preview:-1"},"og_locale":"en_US","og_type":"article","og_title":"[:fr]Droit public \u00e9conomique[:en]Public Economic Law[:] - Advant Altana","og_description":"ADVANT Altana&#8217;s Public Economic Law team provides assistance in all areas of public business law. It has vast experience in a number of regulated activity sectors, including telecommunications, public procurement, public service concessions, energy and large infrastructures: assistance (advice and litigation) when entering into and performing public procurement contracts (public procurement, public service concessions, occupation [&hellip;]","og_url":"https:\/\/backup.altanalaw.com\/competences\/droit-public-economique","og_site_name":"Advant Altana","article_modified_time":"2021-09-15T10:58:10+00:00","twitter_card":"summary_large_image","twitter_misc":{"Est. reading time":"2 minutes"},"schema":{"@context":"https:\/\/schema.org","@graph":[{"@type":"WebPage","@id":"https:\/\/backup.altanalaw.com\/competences\/droit-public-economique","url":"https:\/\/backup.altanalaw.com\/competences\/droit-public-economique","name":"[:fr]Droit public \u00e9conomique[:en]Public Economic Law[:] - Advant Altana","isPartOf":{"@id":"https:\/\/backup.altanalaw.com\/#website"},"datePublished":"2013-09-23T12:18:50+00:00","dateModified":"2021-09-15T10:58:10+00:00","breadcrumb":{"@id":"https:\/\/backup.altanalaw.com\/competences\/droit-public-economique#breadcrumb"},"inLanguage":"en-US","potentialAction":[{"@type":"ReadAction","target":["https:\/\/backup.altanalaw.com\/competences\/droit-public-economique"]}]},{"@type":"BreadcrumbList","@id":"https:\/\/backup.altanalaw.com\/competences\/droit-public-economique#breadcrumb","itemListElement":[{"@type":"ListItem","position":1,"name":"Nos Comp\u00e9tences","item":"https:\/\/backup.altanalaw.com\/competences"},{"@type":"ListItem","position":2,"name":"Droit public \u00e9conomique"}]},{"@type":"WebSite","@id":"https:\/\/backup.altanalaw.com\/#website","url":"https:\/\/backup.altanalaw.com\/","name":"Advant Altana","description":"Soci\u00e9t\u00e9 d&#039;avocats \u00e0 la Cour de Paris","potentialAction":[{"@type":"SearchAction","target":{"@type":"EntryPoint","urlTemplate":"https:\/\/backup.altanalaw.com\/?s={search_term_string}"},"query-input":"required name=search_term_string"}],"inLanguage":"en-US"}]}},"_links":{"self":[{"href":"https:\/\/backup.altanalaw.com\/en\/wp-json\/wp\/v2\/pages\/51"}],"collection":[{"href":"https:\/\/backup.altanalaw.com\/en\/wp-json\/wp\/v2\/pages"}],"about":[{"href":"https:\/\/backup.altanalaw.com\/en\/wp-json\/wp\/v2\/types\/page"}],"author":[{"embeddable":true,"href":"https:\/\/backup.altanalaw.com\/en\/wp-json\/wp\/v2\/users\/14"}],"replies":[{"embeddable":true,"href":"https:\/\/backup.altanalaw.com\/en\/wp-json\/wp\/v2\/comments?post=51"}],"version-history":[{"count":19,"href":"https:\/\/backup.altanalaw.com\/en\/wp-json\/wp\/v2\/pages\/51\/revisions"}],"predecessor-version":[{"id":8410,"href":"https:\/\/backup.altanalaw.com\/en\/wp-json\/wp\/v2\/pages\/51\/revisions\/8410"}],"up":[{"embeddable":true,"href":"https:\/\/backup.altanalaw.com\/en\/wp-json\/wp\/v2\/pages\/33"}],"wp:attachment":[{"href":"https:\/\/backup.altanalaw.com\/en\/wp-json\/wp\/v2\/media?parent=51"}],"curies":[{"name":"wp","href":"https:\/\/api.w.org\/{rel}","templated":true}]}}