{"id":49,"date":"2013-09-23T14:18:26","date_gmt":"2013-09-23T12:18:26","guid":{"rendered":"http:\/\/backup.altanalaw.com\/\/?page_id=49"},"modified":"2021-10-07T11:37:46","modified_gmt":"2021-10-07T10:37:46","slug":"arbitrage-mediation","status":"publish","type":"page","link":"https:\/\/backup.altanalaw.com\/en\/competences\/arbitrage-mediation","title":{"rendered":"Arbitration"},"content":{"rendered":"<p>ADVANT Altana\u2019s multidisciplinary International Arbitration and Mediation team acts :<\/p>\n<ul>\n<li>as counsel and as arbitrators (President, Co-arbitrator or Sole Arbitrator) in domestic and international arbitration proceedings<\/li>\n<li>on behalf of States, private companies or individuals in areas including: construction (including FIDIC contracts), distribution, patents, telecommunications, transport, raw materials, gas\/petrol, JV, sale\/purchase agreements, insurance, etc.<\/li>\n<\/ul>\n<p>The team has significant arbitration experience before various institutional bodies, including the ICC, LCIA, CCAT, CEPANI, CRCICA, AFA, AAA but also in ad hoc arbitrations.<\/p>\n<p>The team assists with matters involving a wide range of European, North African and Middle Eastern laws.<\/p>\n<p>The Arbitration and Mediation team is notably featured in Legal 500, D\u00e9cideurs [Leaders League], \u201cOption Droit et Affaires\u201d. Equally, Advant Altana\u2019s Arbitration and Mediation team is recognized in The Best Lawyers in France for work in Arbitration and Mediation.<\/p>\n<p>Moreover, ADVANT Altana\u2019s Arbitration and Mediation team is especially recognized to serve the construction and infrastructure industry\u2019s need for multinational excellence in construction legal services. ADVANT Altana\u2019s Construction team, led by Mr Christophe Lapp and Mr Fran\u00e7ois Muller, is indeed recognized in The Best Lawyers in France since 2010. In addition, ADVANT Altana created the Leading Construction Lawyers Alliance, together with the American lawfirm Peckar &amp; Abramson, the german lawfirm Breyer Rechtsanw\u00e4lte, and PS Consulting, a boutique located in Paris focusing on complex dispute resolution (<a href=\"https:\/\/backup.altanalaw.com\/en\/medias\/altana-breyer-rechtsanwalte-peckar-abramson-et-ps-consulting-creent-leading-construction-lawyers-international-alliance\">click here<\/a>).<\/p>\n<p>Besides, ADVANT Altana\u2019s Arbitration and Mediation team is renowned for its expertise in handling complex arbitration disputes involving States\u2019 contracts, including public procurements contracts.<\/p>","protected":false},"excerpt":{"rendered":"<p>ADVANT Altana\u2019s multidisciplinary International Arbitration and Mediation team acts : as counsel and as arbitrators (President, Co-arbitrator or Sole Arbitrator) in domestic and international arbitration proceedings on behalf of States, private companies or individuals in areas including: construction (including FIDIC contracts), distribution, patents, telecommunications, transport, raw materials, gas\/petrol, JV, sale\/purchase agreements, insurance, etc. The team [&hellip;]<\/p>\n","protected":false},"author":14,"featured_media":0,"parent":33,"menu_order":9,"comment_status":"closed","ping_status":"closed","template":"tpl-expertise.php","meta":{"footnotes":""},"class_list":["post-49","page","type-page","status-publish","hentry"],"yoast_head":"<!-- This site is optimized with the Yoast SEO plugin v22.2 - https:\/\/yoast.com\/wordpress\/plugins\/seo\/ -->\n<title>Arbitration  - Advant Altana<\/title>\n<meta name=\"robots\" content=\"noindex, follow, max-snippet:-1, max-image-preview:large, max-video-preview:-1\" \/>\n<meta property=\"og:locale\" content=\"en_US\" \/>\n<meta property=\"og:type\" content=\"article\" \/>\n<meta property=\"og:title\" content=\"[:fr]Arbitrage [:en]Arbitration [:] - Advant Altana\" \/>\n<meta property=\"og:description\" content=\"ADVANT Altana\u2019s multidisciplinary International Arbitration and Mediation team acts : as counsel and as arbitrators (President, Co-arbitrator or Sole Arbitrator) in domestic and international arbitration proceedings on behalf of States, private companies or individuals in areas including: construction (including FIDIC contracts), distribution, patents, telecommunications, transport, raw materials, gas\/petrol, JV, sale\/purchase agreements, insurance, etc. The team [&hellip;]\" \/>\n<meta property=\"og:url\" content=\"https:\/\/backup.altanalaw.com\/competences\/arbitrage-mediation\" \/>\n<meta property=\"og:site_name\" content=\"Advant Altana\" \/>\n<meta property=\"article:modified_time\" content=\"2021-10-07T10:37:46+00:00\" \/>\n<meta name=\"twitter:card\" content=\"summary_large_image\" \/>\n<meta name=\"twitter:label1\" content=\"Est. reading time\" \/>\n\t<meta name=\"twitter:data1\" content=\"3 minutes\" \/>\n<script type=\"application\/ld+json\" class=\"yoast-schema-graph\">{\"@context\":\"https:\/\/schema.org\",\"@graph\":[{\"@type\":\"WebPage\",\"@id\":\"https:\/\/backup.altanalaw.com\/competences\/arbitrage-mediation\",\"url\":\"https:\/\/backup.altanalaw.com\/competences\/arbitrage-mediation\",\"name\":\"[:fr]Arbitrage [:en]Arbitration [:] - Advant Altana\",\"isPartOf\":{\"@id\":\"https:\/\/backup.altanalaw.com\/#website\"},\"datePublished\":\"2013-09-23T12:18:26+00:00\",\"dateModified\":\"2021-10-07T10:37:46+00:00\",\"breadcrumb\":{\"@id\":\"https:\/\/backup.altanalaw.com\/competences\/arbitrage-mediation#breadcrumb\"},\"inLanguage\":\"en-US\",\"potentialAction\":[{\"@type\":\"ReadAction\",\"target\":[\"https:\/\/backup.altanalaw.com\/competences\/arbitrage-mediation\"]}]},{\"@type\":\"BreadcrumbList\",\"@id\":\"https:\/\/backup.altanalaw.com\/competences\/arbitrage-mediation#breadcrumb\",\"itemListElement\":[{\"@type\":\"ListItem\",\"position\":1,\"name\":\"Nos Comp\u00e9tences\",\"item\":\"https:\/\/backup.altanalaw.com\/competences\"},{\"@type\":\"ListItem\",\"position\":2,\"name\":\"Arbitrage\"}]},{\"@type\":\"WebSite\",\"@id\":\"https:\/\/backup.altanalaw.com\/#website\",\"url\":\"https:\/\/backup.altanalaw.com\/\",\"name\":\"Advant Altana\",\"description\":\"Soci\u00e9t\u00e9 d&#039;avocats \u00e0 la Cour de Paris\",\"potentialAction\":[{\"@type\":\"SearchAction\",\"target\":{\"@type\":\"EntryPoint\",\"urlTemplate\":\"https:\/\/backup.altanalaw.com\/?s={search_term_string}\"},\"query-input\":\"required name=search_term_string\"}],\"inLanguage\":\"en-US\"}]}<\/script>\n<!-- \/ Yoast SEO plugin. -->","yoast_head_json":{"title":"[:fr]Arbitrage [:en]Arbitration [:] - Advant Altana","robots":{"index":"noindex","follow":"follow","max-snippet":"max-snippet:-1","max-image-preview":"max-image-preview:large","max-video-preview":"max-video-preview:-1"},"og_locale":"en_US","og_type":"article","og_title":"[:fr]Arbitrage [:en]Arbitration [:] - Advant Altana","og_description":"ADVANT Altana\u2019s multidisciplinary International Arbitration and Mediation team acts : as counsel and as arbitrators (President, Co-arbitrator or Sole Arbitrator) in domestic and international arbitration proceedings on behalf of States, private companies or individuals in areas including: construction (including FIDIC contracts), distribution, patents, telecommunications, transport, raw materials, gas\/petrol, JV, sale\/purchase agreements, insurance, etc. The team [&hellip;]","og_url":"https:\/\/backup.altanalaw.com\/competences\/arbitrage-mediation","og_site_name":"Advant Altana","article_modified_time":"2021-10-07T10:37:46+00:00","twitter_card":"summary_large_image","twitter_misc":{"Est. reading time":"3 minutes"},"schema":{"@context":"https:\/\/schema.org","@graph":[{"@type":"WebPage","@id":"https:\/\/backup.altanalaw.com\/competences\/arbitrage-mediation","url":"https:\/\/backup.altanalaw.com\/competences\/arbitrage-mediation","name":"[:fr]Arbitrage [:en]Arbitration [:] - Advant Altana","isPartOf":{"@id":"https:\/\/backup.altanalaw.com\/#website"},"datePublished":"2013-09-23T12:18:26+00:00","dateModified":"2021-10-07T10:37:46+00:00","breadcrumb":{"@id":"https:\/\/backup.altanalaw.com\/competences\/arbitrage-mediation#breadcrumb"},"inLanguage":"en-US","potentialAction":[{"@type":"ReadAction","target":["https:\/\/backup.altanalaw.com\/competences\/arbitrage-mediation"]}]},{"@type":"BreadcrumbList","@id":"https:\/\/backup.altanalaw.com\/competences\/arbitrage-mediation#breadcrumb","itemListElement":[{"@type":"ListItem","position":1,"name":"Nos Comp\u00e9tences","item":"https:\/\/backup.altanalaw.com\/competences"},{"@type":"ListItem","position":2,"name":"Arbitrage"}]},{"@type":"WebSite","@id":"https:\/\/backup.altanalaw.com\/#website","url":"https:\/\/backup.altanalaw.com\/","name":"Advant Altana","description":"Soci\u00e9t\u00e9 d&#039;avocats \u00e0 la Cour de Paris","potentialAction":[{"@type":"SearchAction","target":{"@type":"EntryPoint","urlTemplate":"https:\/\/backup.altanalaw.com\/?s={search_term_string}"},"query-input":"required name=search_term_string"}],"inLanguage":"en-US"}]}},"_links":{"self":[{"href":"https:\/\/backup.altanalaw.com\/en\/wp-json\/wp\/v2\/pages\/49"}],"collection":[{"href":"https:\/\/backup.altanalaw.com\/en\/wp-json\/wp\/v2\/pages"}],"about":[{"href":"https:\/\/backup.altanalaw.com\/en\/wp-json\/wp\/v2\/types\/page"}],"author":[{"embeddable":true,"href":"https:\/\/backup.altanalaw.com\/en\/wp-json\/wp\/v2\/users\/14"}],"replies":[{"embeddable":true,"href":"https:\/\/backup.altanalaw.com\/en\/wp-json\/wp\/v2\/comments?post=49"}],"version-history":[{"count":20,"href":"https:\/\/backup.altanalaw.com\/en\/wp-json\/wp\/v2\/pages\/49\/revisions"}],"predecessor-version":[{"id":8485,"href":"https:\/\/backup.altanalaw.com\/en\/wp-json\/wp\/v2\/pages\/49\/revisions\/8485"}],"up":[{"embeddable":true,"href":"https:\/\/backup.altanalaw.com\/en\/wp-json\/wp\/v2\/pages\/33"}],"wp:attachment":[{"href":"https:\/\/backup.altanalaw.com\/en\/wp-json\/wp\/v2\/media?parent=49"}],"curies":[{"name":"wp","href":"https:\/\/api.w.org\/{rel}","templated":true}]}}