{"id":47,"date":"2013-09-23T14:18:04","date_gmt":"2013-09-23T12:18:04","guid":{"rendered":"http:\/\/backup.altanalaw.com\/\/?page_id=47"},"modified":"2023-02-22T12:26:56","modified_gmt":"2023-02-22T11:26:56","slug":"contentieux-affaires","status":"publish","type":"page","link":"https:\/\/backup.altanalaw.com\/en\/competences\/contentieux-affaires","title":{"rendered":"Business Litigation &#038; Contract Negotiation"},"content":{"rendered":"<p>ADVANT Altana is a leading player in litigation and dispute resolution, with 11 partners and 24\u00a0 counsels and associates, our team members are annually recognized among the best strategists of the Paris bar. We have extensive experience in major finance litigation, industrial risk management and complex technical conflicts in the regulated activity sectors, product liability and environmental litigation, as well as the insurance-banking, construction, renewable energies, entertainment, high-tech and life sciences sectors.<\/p>\n<p>We primarily advise and represent leading industrial groups (pharmaceutical, biotech, construction, agri-food, automobile, energy, high-tech, media, etc.), insurance, financial institutions and service providers in strategic litigations concerning commercial, corporate and economic law, particularly in crisis situations.\u00a0 In addition, our team has considerable experience managing class action proceedings (especially in the healthcare sector) and shareholder disputes.\u00a0 We also assist and represent clients in cyber risk and emerging risk litigations.<\/p>\n<p>The team is particularly active in strategy litigation and intervenes\/manages the cross-border disputes of its clients through cooperation with an international network of specialized correspondents with whom it regularly collaborates. This collaboration proves especially vital in cybercrime matters as it enables us to rapidly implement transnational recovery procedures.<\/p>\n<p style=\"text-align: justify;\">Our offer includes:<\/p>\n<ul style=\"text-align: justify;\">\n<li>proven experience before all courts and independent authorities (commercial, civil, criminal and administrative)<\/li>\n<li>assistance to industrial businesses, financial institutions and service companies in relation to litigation and pre-litigation<\/li>\n<li>guidance within the context of strategic litigation relating to company and commercial law in cooperation with crisis management PR firms<\/li>\n<li>assistance to large French and international groups with large-scale transactions<\/li>\n<li>expertise in industrial risk management and the resolution of complex technical disputes in regulated activity sectors, product liability and environmental litigation<\/li>\n<li>assistance with all stages of pre-litigation and litigation in criminal matters relating to business, finance and employment<\/li>\n<li>experience in dealing with group disputes (shareholders\/consumers)<\/li>\n<\/ul>\n<p style=\"text-align: justify;\">ADVANT Altana\u2019s Business Litigation team has developed expertise and knowledge of their clients&#8217; professions which enables them to develop litigation strategies. These include implementing emergency proce\u00adedings and\/or protective measures to resolve disputes as quickly as possible.<\/p>\n<p style=\"text-align: justify;\">Our Business Litigation team is featured in D\u00e9cideurs (Leaders League), Chambers Europe, Legal 500, Option Droit et Affaires, Who&#8217;s Who Legal.<\/p>\n<p><\/p>","protected":false},"excerpt":{"rendered":"<p>ADVANT Altana is a leading player in litigation and dispute resolution, with 11 partners and 24\u00a0 counsels and associates, our team members are annually recognized among the best strategists of the Paris bar. We have extensive experience in major finance litigation, industrial risk management and complex technical conflicts in the regulated activity sectors, product liability [&hellip;]<\/p>\n","protected":false},"author":14,"featured_media":0,"parent":33,"menu_order":11,"comment_status":"closed","ping_status":"closed","template":"tpl-expertise.php","meta":{"footnotes":""},"class_list":["post-47","page","type-page","status-publish","hentry"],"yoast_head":"<!-- This site is optimized with the Yoast SEO plugin v22.2 - https:\/\/yoast.com\/wordpress\/plugins\/seo\/ -->\n<title>Business Litigation &amp; Contract Negotiation - Advant Altana<\/title>\n<meta name=\"robots\" content=\"noindex, follow, max-snippet:-1, max-image-preview:large, max-video-preview:-1\" \/>\n<meta property=\"og:locale\" content=\"en_US\" \/>\n<meta property=\"og:type\" content=\"article\" \/>\n<meta property=\"og:title\" content=\"[:fr]Contentieux des affaires &amp; n\u00e9gociations contractuelles[:en]Business Litigation &amp; Contract Negotiation[:] - Advant Altana\" \/>\n<meta property=\"og:description\" content=\"ADVANT Altana is a leading player in litigation and dispute resolution, with 11 partners and 24\u00a0 counsels and associates, our team members are annually recognized among the best strategists of the Paris bar. We have extensive experience in major finance litigation, industrial risk management and complex technical conflicts in the regulated activity sectors, product liability [&hellip;]\" \/>\n<meta property=\"og:url\" content=\"https:\/\/backup.altanalaw.com\/competences\/contentieux-affaires\" \/>\n<meta property=\"og:site_name\" content=\"Advant Altana\" \/>\n<meta property=\"article:modified_time\" content=\"2023-02-22T11:26:56+00:00\" \/>\n<meta name=\"twitter:card\" content=\"summary_large_image\" \/>\n<meta name=\"twitter:label1\" content=\"Est. reading time\" \/>\n\t<meta name=\"twitter:data1\" content=\"3 minutes\" \/>\n<script type=\"application\/ld+json\" class=\"yoast-schema-graph\">{\"@context\":\"https:\/\/schema.org\",\"@graph\":[{\"@type\":\"WebPage\",\"@id\":\"https:\/\/backup.altanalaw.com\/competences\/contentieux-affaires\",\"url\":\"https:\/\/backup.altanalaw.com\/competences\/contentieux-affaires\",\"name\":\"[:fr]Contentieux des affaires & n\u00e9gociations contractuelles[:en]Business Litigation & Contract Negotiation[:] - Advant Altana\",\"isPartOf\":{\"@id\":\"https:\/\/backup.altanalaw.com\/#website\"},\"datePublished\":\"2013-09-23T12:18:04+00:00\",\"dateModified\":\"2023-02-22T11:26:56+00:00\",\"breadcrumb\":{\"@id\":\"https:\/\/backup.altanalaw.com\/competences\/contentieux-affaires#breadcrumb\"},\"inLanguage\":\"en-US\",\"potentialAction\":[{\"@type\":\"ReadAction\",\"target\":[\"https:\/\/backup.altanalaw.com\/competences\/contentieux-affaires\"]}]},{\"@type\":\"BreadcrumbList\",\"@id\":\"https:\/\/backup.altanalaw.com\/competences\/contentieux-affaires#breadcrumb\",\"itemListElement\":[{\"@type\":\"ListItem\",\"position\":1,\"name\":\"Nos Comp\u00e9tences\",\"item\":\"https:\/\/backup.altanalaw.com\/competences\"},{\"@type\":\"ListItem\",\"position\":2,\"name\":\"Contentieux des affaires &#038; n\u00e9gociations contractuelles\"}]},{\"@type\":\"WebSite\",\"@id\":\"https:\/\/backup.altanalaw.com\/#website\",\"url\":\"https:\/\/backup.altanalaw.com\/\",\"name\":\"Advant Altana\",\"description\":\"Soci\u00e9t\u00e9 d&#039;avocats \u00e0 la Cour de Paris\",\"potentialAction\":[{\"@type\":\"SearchAction\",\"target\":{\"@type\":\"EntryPoint\",\"urlTemplate\":\"https:\/\/backup.altanalaw.com\/?s={search_term_string}\"},\"query-input\":\"required name=search_term_string\"}],\"inLanguage\":\"en-US\"}]}<\/script>\n<!-- \/ Yoast SEO plugin. -->","yoast_head_json":{"title":"[:fr]Contentieux des affaires & n\u00e9gociations contractuelles[:en]Business Litigation & Contract Negotiation[:] - Advant Altana","robots":{"index":"noindex","follow":"follow","max-snippet":"max-snippet:-1","max-image-preview":"max-image-preview:large","max-video-preview":"max-video-preview:-1"},"og_locale":"en_US","og_type":"article","og_title":"[:fr]Contentieux des affaires & n\u00e9gociations contractuelles[:en]Business Litigation & Contract Negotiation[:] - Advant Altana","og_description":"ADVANT Altana is a leading player in litigation and dispute resolution, with 11 partners and 24\u00a0 counsels and associates, our team members are annually recognized among the best strategists of the Paris bar. We have extensive experience in major finance litigation, industrial risk management and complex technical conflicts in the regulated activity sectors, product liability [&hellip;]","og_url":"https:\/\/backup.altanalaw.com\/competences\/contentieux-affaires","og_site_name":"Advant Altana","article_modified_time":"2023-02-22T11:26:56+00:00","twitter_card":"summary_large_image","twitter_misc":{"Est. reading time":"3 minutes"},"schema":{"@context":"https:\/\/schema.org","@graph":[{"@type":"WebPage","@id":"https:\/\/backup.altanalaw.com\/competences\/contentieux-affaires","url":"https:\/\/backup.altanalaw.com\/competences\/contentieux-affaires","name":"[:fr]Contentieux des affaires & n\u00e9gociations contractuelles[:en]Business Litigation & Contract Negotiation[:] - Advant Altana","isPartOf":{"@id":"https:\/\/backup.altanalaw.com\/#website"},"datePublished":"2013-09-23T12:18:04+00:00","dateModified":"2023-02-22T11:26:56+00:00","breadcrumb":{"@id":"https:\/\/backup.altanalaw.com\/competences\/contentieux-affaires#breadcrumb"},"inLanguage":"en-US","potentialAction":[{"@type":"ReadAction","target":["https:\/\/backup.altanalaw.com\/competences\/contentieux-affaires"]}]},{"@type":"BreadcrumbList","@id":"https:\/\/backup.altanalaw.com\/competences\/contentieux-affaires#breadcrumb","itemListElement":[{"@type":"ListItem","position":1,"name":"Nos Comp\u00e9tences","item":"https:\/\/backup.altanalaw.com\/competences"},{"@type":"ListItem","position":2,"name":"Contentieux des affaires &#038; n\u00e9gociations contractuelles"}]},{"@type":"WebSite","@id":"https:\/\/backup.altanalaw.com\/#website","url":"https:\/\/backup.altanalaw.com\/","name":"Advant Altana","description":"Soci\u00e9t\u00e9 d&#039;avocats \u00e0 la Cour de Paris","potentialAction":[{"@type":"SearchAction","target":{"@type":"EntryPoint","urlTemplate":"https:\/\/backup.altanalaw.com\/?s={search_term_string}"},"query-input":"required name=search_term_string"}],"inLanguage":"en-US"}]}},"_links":{"self":[{"href":"https:\/\/backup.altanalaw.com\/en\/wp-json\/wp\/v2\/pages\/47"}],"collection":[{"href":"https:\/\/backup.altanalaw.com\/en\/wp-json\/wp\/v2\/pages"}],"about":[{"href":"https:\/\/backup.altanalaw.com\/en\/wp-json\/wp\/v2\/types\/page"}],"author":[{"embeddable":true,"href":"https:\/\/backup.altanalaw.com\/en\/wp-json\/wp\/v2\/users\/14"}],"replies":[{"embeddable":true,"href":"https:\/\/backup.altanalaw.com\/en\/wp-json\/wp\/v2\/comments?post=47"}],"version-history":[{"count":26,"href":"https:\/\/backup.altanalaw.com\/en\/wp-json\/wp\/v2\/pages\/47\/revisions"}],"predecessor-version":[{"id":9385,"href":"https:\/\/backup.altanalaw.com\/en\/wp-json\/wp\/v2\/pages\/47\/revisions\/9385"}],"up":[{"embeddable":true,"href":"https:\/\/backup.altanalaw.com\/en\/wp-json\/wp\/v2\/pages\/33"}],"wp:attachment":[{"href":"https:\/\/backup.altanalaw.com\/en\/wp-json\/wp\/v2\/media?parent=47"}],"curies":[{"name":"wp","href":"https:\/\/api.w.org\/{rel}","templated":true}]}}