{"id":45,"date":"2013-09-23T14:17:40","date_gmt":"2013-09-23T12:17:40","guid":{"rendered":"http:\/\/backup.altanalaw.com\/\/?page_id=45"},"modified":"2019-10-25T10:51:27","modified_gmt":"2019-10-25T09:51:27","slug":"restructuring","status":"publish","type":"page","link":"https:\/\/backup.altanalaw.com\/en\/competences\/restructuring","title":{"rendered":"Restructuring"},"content":{"rendered":"<p><\/p>\n<p style=\"text-align: justify;\">Our Corporate Restructuring team assists its clients in matters relating to the reorganisation and insolvency of businesses i.e.:<\/p>\n<ul style=\"text-align: justify;\">\n<li>restructuring companies, groups and investment funds<\/li>\n<li>dealing with under-performing shareholdings or LBO<\/li>\n<li>debt restructuring, implementation and enforcement of securities and guarantees<\/li>\n<li>prevention of difficulties (ad hoc mandates, conciliation, CIRI [ Inter-ministerial Committee for Industrial Restructuring])<\/li>\n<li>acquisition and disposal of assets, companies and\/or debts<\/li>\n<li>crisis litigation and pre-litigation<\/li>\n<li>assistance to investors, shareholders, creditors or any third parties faced with insolvency proceedings<\/li>\n<li>safeguard and receivership plans<\/li>\n<li>voluntary or compulsory liquidation of business<\/li>\n<\/ul>\n<p style=\"text-align: justify;\">The firm&#8217;s wide range of skills\u00ad is made available to our clients (for example in employment matters) adapted to crisis situations. Highly present in national transactions, the team also has significant experience in dealing with international and multi-jurisdictional cases and has specific knowledge of the different players\u00ad on the restructuring market.<\/p>\n<p style=\"text-align: justify;\">Our Corporate Restructuring team is regularly featured in Chambers Europe, D\u00e9cideurs [Leaders League], Legal 500, Option Droit &amp; Affaires and was distinguished with a Silver Trophy (restructuring) by the &#8220;Troph\u00e9es du Droit&#8221; 2017.<\/p>\n<p><\/p>","protected":false},"excerpt":{"rendered":"<p>Our Corporate Restructuring team assists its clients in matters relating to the reorganisation and insolvency of businesses i.e.: restructuring companies, groups and investment funds dealing with under-performing shareholdings or LBO debt restructuring, implementation and enforcement of securities and guarantees prevention of difficulties (ad hoc mandates, conciliation, CIRI [ Inter-ministerial Committee for Industrial Restructuring]) acquisition and [&hellip;]<\/p>\n","protected":false},"author":14,"featured_media":0,"parent":33,"menu_order":29,"comment_status":"closed","ping_status":"closed","template":"tpl-expertise.php","meta":{"footnotes":""},"class_list":["post-45","page","type-page","status-publish","hentry"],"yoast_head":"<!-- This site is optimized with the Yoast SEO plugin v22.2 - https:\/\/yoast.com\/wordpress\/plugins\/seo\/ -->\n<title>Restructuring - Advant Altana<\/title>\n<meta name=\"robots\" content=\"noindex, follow, max-snippet:-1, max-image-preview:large, max-video-preview:-1\" \/>\n<meta property=\"og:locale\" content=\"en_US\" \/>\n<meta property=\"og:type\" content=\"article\" \/>\n<meta property=\"og:title\" content=\"Restructuring - Advant Altana\" \/>\n<meta property=\"og:description\" content=\"Our Corporate Restructuring team assists its clients in matters relating to the reorganisation and insolvency of businesses i.e.: restructuring companies, groups and investment funds dealing with under-performing shareholdings or LBO debt restructuring, implementation and enforcement of securities and guarantees prevention of difficulties (ad hoc mandates, conciliation, CIRI [ Inter-ministerial Committee for Industrial Restructuring]) acquisition and [&hellip;]\" \/>\n<meta property=\"og:url\" content=\"https:\/\/backup.altanalaw.com\/competences\/restructuring\" \/>\n<meta property=\"og:site_name\" content=\"Advant Altana\" \/>\n<meta property=\"article:modified_time\" content=\"2019-10-25T09:51:27+00:00\" \/>\n<meta name=\"twitter:card\" content=\"summary_large_image\" \/>\n<meta name=\"twitter:label1\" content=\"Est. reading time\" \/>\n\t<meta name=\"twitter:data1\" content=\"2 minutes\" \/>\n<script type=\"application\/ld+json\" class=\"yoast-schema-graph\">{\"@context\":\"https:\/\/schema.org\",\"@graph\":[{\"@type\":\"WebPage\",\"@id\":\"https:\/\/backup.altanalaw.com\/competences\/restructuring\",\"url\":\"https:\/\/backup.altanalaw.com\/competences\/restructuring\",\"name\":\"Restructuring - Advant Altana\",\"isPartOf\":{\"@id\":\"https:\/\/backup.altanalaw.com\/#website\"},\"datePublished\":\"2013-09-23T12:17:40+00:00\",\"dateModified\":\"2019-10-25T09:51:27+00:00\",\"breadcrumb\":{\"@id\":\"https:\/\/backup.altanalaw.com\/competences\/restructuring#breadcrumb\"},\"inLanguage\":\"en-US\",\"potentialAction\":[{\"@type\":\"ReadAction\",\"target\":[\"https:\/\/backup.altanalaw.com\/competences\/restructuring\"]}]},{\"@type\":\"BreadcrumbList\",\"@id\":\"https:\/\/backup.altanalaw.com\/competences\/restructuring#breadcrumb\",\"itemListElement\":[{\"@type\":\"ListItem\",\"position\":1,\"name\":\"Nos Comp\u00e9tences\",\"item\":\"https:\/\/backup.altanalaw.com\/competences\"},{\"@type\":\"ListItem\",\"position\":2,\"name\":\"Restructuring\"}]},{\"@type\":\"WebSite\",\"@id\":\"https:\/\/backup.altanalaw.com\/#website\",\"url\":\"https:\/\/backup.altanalaw.com\/\",\"name\":\"Advant Altana\",\"description\":\"Soci\u00e9t\u00e9 d&#039;avocats \u00e0 la Cour de Paris\",\"potentialAction\":[{\"@type\":\"SearchAction\",\"target\":{\"@type\":\"EntryPoint\",\"urlTemplate\":\"https:\/\/backup.altanalaw.com\/?s={search_term_string}\"},\"query-input\":\"required name=search_term_string\"}],\"inLanguage\":\"en-US\"}]}<\/script>\n<!-- \/ Yoast SEO plugin. -->","yoast_head_json":{"title":"Restructuring - Advant Altana","robots":{"index":"noindex","follow":"follow","max-snippet":"max-snippet:-1","max-image-preview":"max-image-preview:large","max-video-preview":"max-video-preview:-1"},"og_locale":"en_US","og_type":"article","og_title":"Restructuring - Advant Altana","og_description":"Our Corporate Restructuring team assists its clients in matters relating to the reorganisation and insolvency of businesses i.e.: restructuring companies, groups and investment funds dealing with under-performing shareholdings or LBO debt restructuring, implementation and enforcement of securities and guarantees prevention of difficulties (ad hoc mandates, conciliation, CIRI [ Inter-ministerial Committee for Industrial Restructuring]) acquisition and [&hellip;]","og_url":"https:\/\/backup.altanalaw.com\/competences\/restructuring","og_site_name":"Advant Altana","article_modified_time":"2019-10-25T09:51:27+00:00","twitter_card":"summary_large_image","twitter_misc":{"Est. reading time":"2 minutes"},"schema":{"@context":"https:\/\/schema.org","@graph":[{"@type":"WebPage","@id":"https:\/\/backup.altanalaw.com\/competences\/restructuring","url":"https:\/\/backup.altanalaw.com\/competences\/restructuring","name":"Restructuring - Advant Altana","isPartOf":{"@id":"https:\/\/backup.altanalaw.com\/#website"},"datePublished":"2013-09-23T12:17:40+00:00","dateModified":"2019-10-25T09:51:27+00:00","breadcrumb":{"@id":"https:\/\/backup.altanalaw.com\/competences\/restructuring#breadcrumb"},"inLanguage":"en-US","potentialAction":[{"@type":"ReadAction","target":["https:\/\/backup.altanalaw.com\/competences\/restructuring"]}]},{"@type":"BreadcrumbList","@id":"https:\/\/backup.altanalaw.com\/competences\/restructuring#breadcrumb","itemListElement":[{"@type":"ListItem","position":1,"name":"Nos Comp\u00e9tences","item":"https:\/\/backup.altanalaw.com\/competences"},{"@type":"ListItem","position":2,"name":"Restructuring"}]},{"@type":"WebSite","@id":"https:\/\/backup.altanalaw.com\/#website","url":"https:\/\/backup.altanalaw.com\/","name":"Advant Altana","description":"Soci\u00e9t\u00e9 d&#039;avocats \u00e0 la Cour de Paris","potentialAction":[{"@type":"SearchAction","target":{"@type":"EntryPoint","urlTemplate":"https:\/\/backup.altanalaw.com\/?s={search_term_string}"},"query-input":"required name=search_term_string"}],"inLanguage":"en-US"}]}},"_links":{"self":[{"href":"https:\/\/backup.altanalaw.com\/en\/wp-json\/wp\/v2\/pages\/45"}],"collection":[{"href":"https:\/\/backup.altanalaw.com\/en\/wp-json\/wp\/v2\/pages"}],"about":[{"href":"https:\/\/backup.altanalaw.com\/en\/wp-json\/wp\/v2\/types\/page"}],"author":[{"embeddable":true,"href":"https:\/\/backup.altanalaw.com\/en\/wp-json\/wp\/v2\/users\/14"}],"replies":[{"embeddable":true,"href":"https:\/\/backup.altanalaw.com\/en\/wp-json\/wp\/v2\/comments?post=45"}],"version-history":[{"count":12,"href":"https:\/\/backup.altanalaw.com\/en\/wp-json\/wp\/v2\/pages\/45\/revisions"}],"predecessor-version":[{"id":7071,"href":"https:\/\/backup.altanalaw.com\/en\/wp-json\/wp\/v2\/pages\/45\/revisions\/7071"}],"up":[{"embeddable":true,"href":"https:\/\/backup.altanalaw.com\/en\/wp-json\/wp\/v2\/pages\/33"}],"wp:attachment":[{"href":"https:\/\/backup.altanalaw.com\/en\/wp-json\/wp\/v2\/media?parent=45"}],"curies":[{"name":"wp","href":"https:\/\/api.w.org\/{rel}","templated":true}]}}