{"id":43,"date":"2013-09-23T14:17:16","date_gmt":"2013-09-23T12:17:16","guid":{"rendered":"http:\/\/backup.altanalaw.com\/\/?page_id=43"},"modified":"2021-09-15T11:54:57","modified_gmt":"2021-09-15T10:54:57","slug":"droit-societes-fusions-acquisitions","status":"publish","type":"page","link":"https:\/\/backup.altanalaw.com\/en\/competences\/droit-societes-fusions-acquisitions","title":{"rendered":"Mergers and acquisitions"},"content":{"rendered":"<p><\/p>\n<p style=\"text-align: justify;\">ADVANT Altana&#8217;s M&amp;A team handles complex and innovative domestic as well as cross-border M&amp;A transactions.<\/p>\n<p style=\"text-align: justify;\">We deliver strategic, tactical and technical advice to French and international companies of all sizes, whether listed or private, in their investment, growth and restructuring strategies.<\/p>\n<p style=\"text-align: justify;\">Our areas of expertise cover a broad spectrum and include:<\/p>\n<ul>\n<li>Domestic and multi-jurisdictional M&amp;A,<\/li>\n<li>Take-over bids,<\/li>\n<li>\u00a0Joint-Ventures and strategic partnerships,<\/li>\n<li>Corporate reorganization,<\/li>\n<li>Spin-offs \/ Carve-outs,<\/li>\n<li>Corporate governance,<\/li>\n<li>Post-acquisition litigation.<\/li>\n<\/ul>\n<p style=\"text-align: justify;\">The M&amp;A team is featured in D\u00e9cideurs (\u201cExcellent\u201d in transactions from \u20ac75M to \u20ac500M) and Legal 500. In October 2019, it was awarded, for the seventh year in a row, a 4-star ranking for M&amp;A transactions up to \u20ac200M by Option Finance \/ Option Droit &amp; Affaires.<\/p>\n<p><\/p>","protected":false},"excerpt":{"rendered":"<p>ADVANT Altana&#8217;s M&amp;A team handles complex and innovative domestic as well as cross-border M&amp;A transactions. We deliver strategic, tactical and technical advice to French and international companies of all sizes, whether listed or private, in their investment, growth and restructuring strategies. Our areas of expertise cover a broad spectrum and include: Domestic and multi-jurisdictional M&amp;A, [&hellip;]<\/p>\n","protected":false},"author":14,"featured_media":0,"parent":33,"menu_order":23,"comment_status":"closed","ping_status":"closed","template":"tpl-expertise.php","meta":{"footnotes":""},"class_list":["post-43","page","type-page","status-publish","hentry"],"yoast_head":"<!-- This site is optimized with the Yoast SEO plugin v22.2 - https:\/\/yoast.com\/wordpress\/plugins\/seo\/ -->\n<title>Mergers and acquisitions - Advant Altana<\/title>\n<meta name=\"robots\" content=\"noindex, follow, max-snippet:-1, max-image-preview:large, max-video-preview:-1\" \/>\n<meta property=\"og:locale\" content=\"en_US\" \/>\n<meta property=\"og:type\" content=\"article\" \/>\n<meta property=\"og:title\" content=\"[:fr]Fusions-acquisitions[:en]Mergers and acquisitions[:] - Advant Altana\" \/>\n<meta property=\"og:description\" content=\"ADVANT Altana&#8217;s M&amp;A team handles complex and innovative domestic as well as cross-border M&amp;A transactions. We deliver strategic, tactical and technical advice to French and international companies of all sizes, whether listed or private, in their investment, growth and restructuring strategies. Our areas of expertise cover a broad spectrum and include: Domestic and multi-jurisdictional M&amp;A, [&hellip;]\" \/>\n<meta property=\"og:url\" content=\"https:\/\/backup.altanalaw.com\/competences\/droit-societes-fusions-acquisitions\" \/>\n<meta property=\"og:site_name\" content=\"Advant Altana\" \/>\n<meta property=\"article:modified_time\" content=\"2021-09-15T10:54:57+00:00\" \/>\n<meta name=\"twitter:card\" content=\"summary_large_image\" \/>\n<meta name=\"twitter:label1\" content=\"Est. reading time\" \/>\n\t<meta name=\"twitter:data1\" content=\"1 minute\" \/>\n<script type=\"application\/ld+json\" class=\"yoast-schema-graph\">{\"@context\":\"https:\/\/schema.org\",\"@graph\":[{\"@type\":\"WebPage\",\"@id\":\"https:\/\/backup.altanalaw.com\/competences\/droit-societes-fusions-acquisitions\",\"url\":\"https:\/\/backup.altanalaw.com\/competences\/droit-societes-fusions-acquisitions\",\"name\":\"[:fr]Fusions-acquisitions[:en]Mergers and acquisitions[:] - Advant Altana\",\"isPartOf\":{\"@id\":\"https:\/\/backup.altanalaw.com\/#website\"},\"datePublished\":\"2013-09-23T12:17:16+00:00\",\"dateModified\":\"2021-09-15T10:54:57+00:00\",\"breadcrumb\":{\"@id\":\"https:\/\/backup.altanalaw.com\/competences\/droit-societes-fusions-acquisitions#breadcrumb\"},\"inLanguage\":\"en-US\",\"potentialAction\":[{\"@type\":\"ReadAction\",\"target\":[\"https:\/\/backup.altanalaw.com\/competences\/droit-societes-fusions-acquisitions\"]}]},{\"@type\":\"BreadcrumbList\",\"@id\":\"https:\/\/backup.altanalaw.com\/competences\/droit-societes-fusions-acquisitions#breadcrumb\",\"itemListElement\":[{\"@type\":\"ListItem\",\"position\":1,\"name\":\"Nos Comp\u00e9tences\",\"item\":\"https:\/\/backup.altanalaw.com\/competences\"},{\"@type\":\"ListItem\",\"position\":2,\"name\":\"Fusions-acquisitions\"}]},{\"@type\":\"WebSite\",\"@id\":\"https:\/\/backup.altanalaw.com\/#website\",\"url\":\"https:\/\/backup.altanalaw.com\/\",\"name\":\"Advant Altana\",\"description\":\"Soci\u00e9t\u00e9 d&#039;avocats \u00e0 la Cour de Paris\",\"potentialAction\":[{\"@type\":\"SearchAction\",\"target\":{\"@type\":\"EntryPoint\",\"urlTemplate\":\"https:\/\/backup.altanalaw.com\/?s={search_term_string}\"},\"query-input\":\"required name=search_term_string\"}],\"inLanguage\":\"en-US\"}]}<\/script>\n<!-- \/ Yoast SEO plugin. -->","yoast_head_json":{"title":"[:fr]Fusions-acquisitions[:en]Mergers and acquisitions[:] - Advant Altana","robots":{"index":"noindex","follow":"follow","max-snippet":"max-snippet:-1","max-image-preview":"max-image-preview:large","max-video-preview":"max-video-preview:-1"},"og_locale":"en_US","og_type":"article","og_title":"[:fr]Fusions-acquisitions[:en]Mergers and acquisitions[:] - Advant Altana","og_description":"ADVANT Altana&#8217;s M&amp;A team handles complex and innovative domestic as well as cross-border M&amp;A transactions. We deliver strategic, tactical and technical advice to French and international companies of all sizes, whether listed or private, in their investment, growth and restructuring strategies. Our areas of expertise cover a broad spectrum and include: Domestic and multi-jurisdictional M&amp;A, [&hellip;]","og_url":"https:\/\/backup.altanalaw.com\/competences\/droit-societes-fusions-acquisitions","og_site_name":"Advant Altana","article_modified_time":"2021-09-15T10:54:57+00:00","twitter_card":"summary_large_image","twitter_misc":{"Est. reading time":"1 minute"},"schema":{"@context":"https:\/\/schema.org","@graph":[{"@type":"WebPage","@id":"https:\/\/backup.altanalaw.com\/competences\/droit-societes-fusions-acquisitions","url":"https:\/\/backup.altanalaw.com\/competences\/droit-societes-fusions-acquisitions","name":"[:fr]Fusions-acquisitions[:en]Mergers and acquisitions[:] - Advant Altana","isPartOf":{"@id":"https:\/\/backup.altanalaw.com\/#website"},"datePublished":"2013-09-23T12:17:16+00:00","dateModified":"2021-09-15T10:54:57+00:00","breadcrumb":{"@id":"https:\/\/backup.altanalaw.com\/competences\/droit-societes-fusions-acquisitions#breadcrumb"},"inLanguage":"en-US","potentialAction":[{"@type":"ReadAction","target":["https:\/\/backup.altanalaw.com\/competences\/droit-societes-fusions-acquisitions"]}]},{"@type":"BreadcrumbList","@id":"https:\/\/backup.altanalaw.com\/competences\/droit-societes-fusions-acquisitions#breadcrumb","itemListElement":[{"@type":"ListItem","position":1,"name":"Nos Comp\u00e9tences","item":"https:\/\/backup.altanalaw.com\/competences"},{"@type":"ListItem","position":2,"name":"Fusions-acquisitions"}]},{"@type":"WebSite","@id":"https:\/\/backup.altanalaw.com\/#website","url":"https:\/\/backup.altanalaw.com\/","name":"Advant Altana","description":"Soci\u00e9t\u00e9 d&#039;avocats \u00e0 la Cour de Paris","potentialAction":[{"@type":"SearchAction","target":{"@type":"EntryPoint","urlTemplate":"https:\/\/backup.altanalaw.com\/?s={search_term_string}"},"query-input":"required name=search_term_string"}],"inLanguage":"en-US"}]}},"_links":{"self":[{"href":"https:\/\/backup.altanalaw.com\/en\/wp-json\/wp\/v2\/pages\/43"}],"collection":[{"href":"https:\/\/backup.altanalaw.com\/en\/wp-json\/wp\/v2\/pages"}],"about":[{"href":"https:\/\/backup.altanalaw.com\/en\/wp-json\/wp\/v2\/types\/page"}],"author":[{"embeddable":true,"href":"https:\/\/backup.altanalaw.com\/en\/wp-json\/wp\/v2\/users\/14"}],"replies":[{"embeddable":true,"href":"https:\/\/backup.altanalaw.com\/en\/wp-json\/wp\/v2\/comments?post=43"}],"version-history":[{"count":18,"href":"https:\/\/backup.altanalaw.com\/en\/wp-json\/wp\/v2\/pages\/43\/revisions"}],"predecessor-version":[{"id":8405,"href":"https:\/\/backup.altanalaw.com\/en\/wp-json\/wp\/v2\/pages\/43\/revisions\/8405"}],"up":[{"embeddable":true,"href":"https:\/\/backup.altanalaw.com\/en\/wp-json\/wp\/v2\/pages\/33"}],"wp:attachment":[{"href":"https:\/\/backup.altanalaw.com\/en\/wp-json\/wp\/v2\/media?parent=43"}],"curies":[{"name":"wp","href":"https:\/\/api.w.org\/{rel}","templated":true}]}}