{"id":3482,"date":"2015-12-02T12:49:18","date_gmt":"2015-12-02T10:49:18","guid":{"rendered":"http:\/\/backup.altanalaw.com\/?page_id=3482"},"modified":"2021-09-15T11:58:40","modified_gmt":"2021-09-15T10:58:40","slug":"resolution-des-litiges-mediation-2","status":"publish","type":"page","link":"https:\/\/backup.altanalaw.com\/en\/competences\/resolution-des-litiges-mediation-2","title":{"rendered":"Dispute resolution &#038; mediation"},"content":{"rendered":"<p><\/p>\n<p style=\"text-align: justify;\">Drawing on over thirty years\u2019 experience in industrial dispute resolution, ADVANT Altana\u2019s teams master all dispute management methods:<\/p>\n<ul style=\"text-align: justify;\">\n<li>Judicial, commercial, administrative and criminal proc\u00e9dures,<\/li>\n<li>Procedures before administrative authorities,<\/li>\n<li>Multi-jurisdictional proc\u00e9dures,<\/li>\n<li>Arbitration,<\/li>\n<li>Standard and judicial mediation and conciliation,<\/li>\n<li>DRB and DAB.<\/li>\n<\/ul>\n<p style=\"text-align: justify;\">ADVANT Altana thus invests the full range of available solutions in the resolution of disputes and favors pragmatism, preferring a negotiated, rather than imposed, judicial system.<\/p>\n<p><\/p>","protected":false},"excerpt":{"rendered":"<p>Drawing on over thirty years\u2019 experience in industrial dispute resolution, ADVANT Altana\u2019s teams master all dispute management methods: Judicial, commercial, administrative and criminal proc\u00e9dures, Procedures before administrative authorities, Multi-jurisdictional proc\u00e9dures, Arbitration, Standard and judicial mediation and conciliation, DRB and DAB. ADVANT Altana thus invests the full range of available solutions in the resolution of disputes [&hellip;]<\/p>\n","protected":false},"author":14,"featured_media":0,"parent":33,"menu_order":27,"comment_status":"closed","ping_status":"closed","template":"tpl-expertise.php","meta":{"footnotes":""},"class_list":["post-3482","page","type-page","status-publish","hentry"],"yoast_head":"<!-- This site is optimized with the Yoast SEO plugin v22.2 - https:\/\/yoast.com\/wordpress\/plugins\/seo\/ -->\n<title>Dispute resolution &amp; mediation - Advant Altana<\/title>\n<meta name=\"robots\" content=\"noindex, follow, max-snippet:-1, max-image-preview:large, max-video-preview:-1\" \/>\n<meta property=\"og:locale\" content=\"en_US\" \/>\n<meta property=\"og:type\" content=\"article\" \/>\n<meta property=\"og:title\" content=\"[:fr]R\u00e9solution des litiges &amp; m\u00e9diation[:en]Dispute resolution &amp; mediation[:] - Advant Altana\" \/>\n<meta property=\"og:description\" content=\"Drawing on over thirty years\u2019 experience in industrial dispute resolution, ADVANT Altana\u2019s teams master all dispute management methods: Judicial, commercial, administrative and criminal proc\u00e9dures, Procedures before administrative authorities, Multi-jurisdictional proc\u00e9dures, Arbitration, Standard and judicial mediation and conciliation, DRB and DAB. ADVANT Altana thus invests the full range of available solutions in the resolution of disputes [&hellip;]\" \/>\n<meta property=\"og:url\" content=\"https:\/\/backup.altanalaw.com\/competences\/resolution-des-litiges-mediation-2\" \/>\n<meta property=\"og:site_name\" content=\"Advant Altana\" \/>\n<meta property=\"article:modified_time\" content=\"2021-09-15T10:58:40+00:00\" \/>\n<meta name=\"twitter:card\" content=\"summary_large_image\" \/>\n<meta name=\"twitter:label1\" content=\"Est. reading time\" \/>\n\t<meta name=\"twitter:data1\" content=\"1 minute\" \/>\n<script type=\"application\/ld+json\" class=\"yoast-schema-graph\">{\"@context\":\"https:\/\/schema.org\",\"@graph\":[{\"@type\":\"WebPage\",\"@id\":\"https:\/\/backup.altanalaw.com\/competences\/resolution-des-litiges-mediation-2\",\"url\":\"https:\/\/backup.altanalaw.com\/competences\/resolution-des-litiges-mediation-2\",\"name\":\"[:fr]R\u00e9solution des litiges & m\u00e9diation[:en]Dispute resolution & mediation[:] - Advant Altana\",\"isPartOf\":{\"@id\":\"https:\/\/backup.altanalaw.com\/#website\"},\"datePublished\":\"2015-12-02T10:49:18+00:00\",\"dateModified\":\"2021-09-15T10:58:40+00:00\",\"breadcrumb\":{\"@id\":\"https:\/\/backup.altanalaw.com\/competences\/resolution-des-litiges-mediation-2#breadcrumb\"},\"inLanguage\":\"en-US\",\"potentialAction\":[{\"@type\":\"ReadAction\",\"target\":[\"https:\/\/backup.altanalaw.com\/competences\/resolution-des-litiges-mediation-2\"]}]},{\"@type\":\"BreadcrumbList\",\"@id\":\"https:\/\/backup.altanalaw.com\/competences\/resolution-des-litiges-mediation-2#breadcrumb\",\"itemListElement\":[{\"@type\":\"ListItem\",\"position\":1,\"name\":\"Nos Comp\u00e9tences\",\"item\":\"https:\/\/backup.altanalaw.com\/competences\"},{\"@type\":\"ListItem\",\"position\":2,\"name\":\"R\u00e9solution des litiges &#038; m\u00e9diation\"}]},{\"@type\":\"WebSite\",\"@id\":\"https:\/\/backup.altanalaw.com\/#website\",\"url\":\"https:\/\/backup.altanalaw.com\/\",\"name\":\"Advant Altana\",\"description\":\"Soci\u00e9t\u00e9 d&#039;avocats \u00e0 la Cour de Paris\",\"potentialAction\":[{\"@type\":\"SearchAction\",\"target\":{\"@type\":\"EntryPoint\",\"urlTemplate\":\"https:\/\/backup.altanalaw.com\/?s={search_term_string}\"},\"query-input\":\"required name=search_term_string\"}],\"inLanguage\":\"en-US\"}]}<\/script>\n<!-- \/ Yoast SEO plugin. -->","yoast_head_json":{"title":"[:fr]R\u00e9solution des litiges & m\u00e9diation[:en]Dispute resolution & mediation[:] - Advant Altana","robots":{"index":"noindex","follow":"follow","max-snippet":"max-snippet:-1","max-image-preview":"max-image-preview:large","max-video-preview":"max-video-preview:-1"},"og_locale":"en_US","og_type":"article","og_title":"[:fr]R\u00e9solution des litiges & m\u00e9diation[:en]Dispute resolution & mediation[:] - Advant Altana","og_description":"Drawing on over thirty years\u2019 experience in industrial dispute resolution, ADVANT Altana\u2019s teams master all dispute management methods: Judicial, commercial, administrative and criminal proc\u00e9dures, Procedures before administrative authorities, Multi-jurisdictional proc\u00e9dures, Arbitration, Standard and judicial mediation and conciliation, DRB and DAB. ADVANT Altana thus invests the full range of available solutions in the resolution of disputes [&hellip;]","og_url":"https:\/\/backup.altanalaw.com\/competences\/resolution-des-litiges-mediation-2","og_site_name":"Advant Altana","article_modified_time":"2021-09-15T10:58:40+00:00","twitter_card":"summary_large_image","twitter_misc":{"Est. reading time":"1 minute"},"schema":{"@context":"https:\/\/schema.org","@graph":[{"@type":"WebPage","@id":"https:\/\/backup.altanalaw.com\/competences\/resolution-des-litiges-mediation-2","url":"https:\/\/backup.altanalaw.com\/competences\/resolution-des-litiges-mediation-2","name":"[:fr]R\u00e9solution des litiges & m\u00e9diation[:en]Dispute resolution & mediation[:] - Advant Altana","isPartOf":{"@id":"https:\/\/backup.altanalaw.com\/#website"},"datePublished":"2015-12-02T10:49:18+00:00","dateModified":"2021-09-15T10:58:40+00:00","breadcrumb":{"@id":"https:\/\/backup.altanalaw.com\/competences\/resolution-des-litiges-mediation-2#breadcrumb"},"inLanguage":"en-US","potentialAction":[{"@type":"ReadAction","target":["https:\/\/backup.altanalaw.com\/competences\/resolution-des-litiges-mediation-2"]}]},{"@type":"BreadcrumbList","@id":"https:\/\/backup.altanalaw.com\/competences\/resolution-des-litiges-mediation-2#breadcrumb","itemListElement":[{"@type":"ListItem","position":1,"name":"Nos Comp\u00e9tences","item":"https:\/\/backup.altanalaw.com\/competences"},{"@type":"ListItem","position":2,"name":"R\u00e9solution des litiges &#038; m\u00e9diation"}]},{"@type":"WebSite","@id":"https:\/\/backup.altanalaw.com\/#website","url":"https:\/\/backup.altanalaw.com\/","name":"Advant Altana","description":"Soci\u00e9t\u00e9 d&#039;avocats \u00e0 la Cour de Paris","potentialAction":[{"@type":"SearchAction","target":{"@type":"EntryPoint","urlTemplate":"https:\/\/backup.altanalaw.com\/?s={search_term_string}"},"query-input":"required name=search_term_string"}],"inLanguage":"en-US"}]}},"_links":{"self":[{"href":"https:\/\/backup.altanalaw.com\/en\/wp-json\/wp\/v2\/pages\/3482"}],"collection":[{"href":"https:\/\/backup.altanalaw.com\/en\/wp-json\/wp\/v2\/pages"}],"about":[{"href":"https:\/\/backup.altanalaw.com\/en\/wp-json\/wp\/v2\/types\/page"}],"author":[{"embeddable":true,"href":"https:\/\/backup.altanalaw.com\/en\/wp-json\/wp\/v2\/users\/14"}],"replies":[{"embeddable":true,"href":"https:\/\/backup.altanalaw.com\/en\/wp-json\/wp\/v2\/comments?post=3482"}],"version-history":[{"count":11,"href":"https:\/\/backup.altanalaw.com\/en\/wp-json\/wp\/v2\/pages\/3482\/revisions"}],"predecessor-version":[{"id":8411,"href":"https:\/\/backup.altanalaw.com\/en\/wp-json\/wp\/v2\/pages\/3482\/revisions\/8411"}],"up":[{"embeddable":true,"href":"https:\/\/backup.altanalaw.com\/en\/wp-json\/wp\/v2\/pages\/33"}],"wp:attachment":[{"href":"https:\/\/backup.altanalaw.com\/en\/wp-json\/wp\/v2\/media?parent=3482"}],"curies":[{"name":"wp","href":"https:\/\/api.w.org\/{rel}","templated":true}]}}