{"id":2566,"date":"2015-03-10T17:07:16","date_gmt":"2015-03-10T15:07:16","guid":{"rendered":"http:\/\/backup.altanalaw.com\/\/?page_id=2566"},"modified":"2021-09-15T11:55:29","modified_gmt":"2021-09-15T10:55:29","slug":"droit-de-lurbanisme","status":"publish","type":"page","link":"https:\/\/backup.altanalaw.com\/en\/competences\/droit-de-lurbanisme","title":{"rendered":"Urban Planning Law"},"content":{"rendered":"<p>ADVANT Altana&#8217;s team provides comprehensive support to its clients (developers, architects, etc.) in the implementation of various projects including:<\/p>\n<ul>\n<li>Analysis of regulatory feasibility,<\/li>\n<li>Assistance in the design and verification of the technical points necessary to define the project and aid in discussions with public authorities,<\/li>\n<li>Assistance in the preparation of applications for authorizations\/permits,<\/li>\n<li>And in the follow-up of any disputes before both administrative and judicial courts.<\/li>\n<\/ul>\n<p><\/p>","protected":false},"excerpt":{"rendered":"<p>ADVANT Altana&#8217;s team provides comprehensive support to its clients (developers, architects, etc.) in the implementation of various projects including: Analysis of regulatory feasibility, Assistance in the design and verification of the technical points necessary to define the project and aid in discussions with public authorities, Assistance in the preparation of applications for authorizations\/permits, And in [&hellip;]<\/p>\n","protected":false},"author":14,"featured_media":0,"parent":33,"menu_order":20,"comment_status":"closed","ping_status":"closed","template":"tpl-expertise.php","meta":{"footnotes":""},"class_list":["post-2566","page","type-page","status-publish","hentry"],"yoast_head":"<!-- This site is optimized with the Yoast SEO plugin v22.2 - https:\/\/yoast.com\/wordpress\/plugins\/seo\/ -->\n<title>Urban Planning Law - Advant Altana<\/title>\n<meta name=\"robots\" content=\"noindex, follow, max-snippet:-1, max-image-preview:large, max-video-preview:-1\" \/>\n<meta property=\"og:locale\" content=\"en_US\" \/>\n<meta property=\"og:type\" content=\"article\" \/>\n<meta property=\"og:title\" content=\"[:fr]Droit de l&#039;urbanisme[:en]Urban Planning Law[:] - Advant Altana\" \/>\n<meta property=\"og:description\" content=\"ADVANT Altana&#8217;s team provides comprehensive support to its clients (developers, architects, etc.) in the implementation of various projects including: Analysis of regulatory feasibility, Assistance in the design and verification of the technical points necessary to define the project and aid in discussions with public authorities, Assistance in the preparation of applications for authorizations\/permits, And in [&hellip;]\" \/>\n<meta property=\"og:url\" content=\"https:\/\/backup.altanalaw.com\/competences\/droit-de-lurbanisme\" \/>\n<meta property=\"og:site_name\" content=\"Advant Altana\" \/>\n<meta property=\"article:modified_time\" content=\"2021-09-15T10:55:29+00:00\" \/>\n<meta name=\"twitter:card\" content=\"summary_large_image\" \/>\n<meta name=\"twitter:label1\" content=\"Est. reading time\" \/>\n\t<meta name=\"twitter:data1\" content=\"1 minute\" \/>\n<script type=\"application\/ld+json\" class=\"yoast-schema-graph\">{\"@context\":\"https:\/\/schema.org\",\"@graph\":[{\"@type\":\"WebPage\",\"@id\":\"https:\/\/backup.altanalaw.com\/competences\/droit-de-lurbanisme\",\"url\":\"https:\/\/backup.altanalaw.com\/competences\/droit-de-lurbanisme\",\"name\":\"[:fr]Droit de l'urbanisme[:en]Urban Planning Law[:] - Advant Altana\",\"isPartOf\":{\"@id\":\"https:\/\/backup.altanalaw.com\/#website\"},\"datePublished\":\"2015-03-10T15:07:16+00:00\",\"dateModified\":\"2021-09-15T10:55:29+00:00\",\"breadcrumb\":{\"@id\":\"https:\/\/backup.altanalaw.com\/competences\/droit-de-lurbanisme#breadcrumb\"},\"inLanguage\":\"en-US\",\"potentialAction\":[{\"@type\":\"ReadAction\",\"target\":[\"https:\/\/backup.altanalaw.com\/competences\/droit-de-lurbanisme\"]}]},{\"@type\":\"BreadcrumbList\",\"@id\":\"https:\/\/backup.altanalaw.com\/competences\/droit-de-lurbanisme#breadcrumb\",\"itemListElement\":[{\"@type\":\"ListItem\",\"position\":1,\"name\":\"Nos Comp\u00e9tences\",\"item\":\"https:\/\/backup.altanalaw.com\/competences\"},{\"@type\":\"ListItem\",\"position\":2,\"name\":\"Droit de l&rsquo;urbanisme\"}]},{\"@type\":\"WebSite\",\"@id\":\"https:\/\/backup.altanalaw.com\/#website\",\"url\":\"https:\/\/backup.altanalaw.com\/\",\"name\":\"Advant Altana\",\"description\":\"Soci\u00e9t\u00e9 d&#039;avocats \u00e0 la Cour de Paris\",\"potentialAction\":[{\"@type\":\"SearchAction\",\"target\":{\"@type\":\"EntryPoint\",\"urlTemplate\":\"https:\/\/backup.altanalaw.com\/?s={search_term_string}\"},\"query-input\":\"required name=search_term_string\"}],\"inLanguage\":\"en-US\"}]}<\/script>\n<!-- \/ Yoast SEO plugin. -->","yoast_head_json":{"title":"[:fr]Droit de l'urbanisme[:en]Urban Planning Law[:] - Advant Altana","robots":{"index":"noindex","follow":"follow","max-snippet":"max-snippet:-1","max-image-preview":"max-image-preview:large","max-video-preview":"max-video-preview:-1"},"og_locale":"en_US","og_type":"article","og_title":"[:fr]Droit de l'urbanisme[:en]Urban Planning Law[:] - Advant Altana","og_description":"ADVANT Altana&#8217;s team provides comprehensive support to its clients (developers, architects, etc.) in the implementation of various projects including: Analysis of regulatory feasibility, Assistance in the design and verification of the technical points necessary to define the project and aid in discussions with public authorities, Assistance in the preparation of applications for authorizations\/permits, And in [&hellip;]","og_url":"https:\/\/backup.altanalaw.com\/competences\/droit-de-lurbanisme","og_site_name":"Advant Altana","article_modified_time":"2021-09-15T10:55:29+00:00","twitter_card":"summary_large_image","twitter_misc":{"Est. reading time":"1 minute"},"schema":{"@context":"https:\/\/schema.org","@graph":[{"@type":"WebPage","@id":"https:\/\/backup.altanalaw.com\/competences\/droit-de-lurbanisme","url":"https:\/\/backup.altanalaw.com\/competences\/droit-de-lurbanisme","name":"[:fr]Droit de l'urbanisme[:en]Urban Planning Law[:] - Advant Altana","isPartOf":{"@id":"https:\/\/backup.altanalaw.com\/#website"},"datePublished":"2015-03-10T15:07:16+00:00","dateModified":"2021-09-15T10:55:29+00:00","breadcrumb":{"@id":"https:\/\/backup.altanalaw.com\/competences\/droit-de-lurbanisme#breadcrumb"},"inLanguage":"en-US","potentialAction":[{"@type":"ReadAction","target":["https:\/\/backup.altanalaw.com\/competences\/droit-de-lurbanisme"]}]},{"@type":"BreadcrumbList","@id":"https:\/\/backup.altanalaw.com\/competences\/droit-de-lurbanisme#breadcrumb","itemListElement":[{"@type":"ListItem","position":1,"name":"Nos Comp\u00e9tences","item":"https:\/\/backup.altanalaw.com\/competences"},{"@type":"ListItem","position":2,"name":"Droit de l&rsquo;urbanisme"}]},{"@type":"WebSite","@id":"https:\/\/backup.altanalaw.com\/#website","url":"https:\/\/backup.altanalaw.com\/","name":"Advant Altana","description":"Soci\u00e9t\u00e9 d&#039;avocats \u00e0 la Cour de Paris","potentialAction":[{"@type":"SearchAction","target":{"@type":"EntryPoint","urlTemplate":"https:\/\/backup.altanalaw.com\/?s={search_term_string}"},"query-input":"required name=search_term_string"}],"inLanguage":"en-US"}]}},"_links":{"self":[{"href":"https:\/\/backup.altanalaw.com\/en\/wp-json\/wp\/v2\/pages\/2566"}],"collection":[{"href":"https:\/\/backup.altanalaw.com\/en\/wp-json\/wp\/v2\/pages"}],"about":[{"href":"https:\/\/backup.altanalaw.com\/en\/wp-json\/wp\/v2\/types\/page"}],"author":[{"embeddable":true,"href":"https:\/\/backup.altanalaw.com\/en\/wp-json\/wp\/v2\/users\/14"}],"replies":[{"embeddable":true,"href":"https:\/\/backup.altanalaw.com\/en\/wp-json\/wp\/v2\/comments?post=2566"}],"version-history":[{"count":15,"href":"https:\/\/backup.altanalaw.com\/en\/wp-json\/wp\/v2\/pages\/2566\/revisions"}],"predecessor-version":[{"id":8406,"href":"https:\/\/backup.altanalaw.com\/en\/wp-json\/wp\/v2\/pages\/2566\/revisions\/8406"}],"up":[{"embeddable":true,"href":"https:\/\/backup.altanalaw.com\/en\/wp-json\/wp\/v2\/pages\/33"}],"wp:attachment":[{"href":"https:\/\/backup.altanalaw.com\/en\/wp-json\/wp\/v2\/media?parent=2566"}],"curies":[{"name":"wp","href":"https:\/\/api.w.org\/{rel}","templated":true}]}}